{"id":2415,"date":"2024-03-08T14:55:32","date_gmt":"2024-03-08T13:55:32","guid":{"rendered":"https:\/\/test.esolutions.free2move.com\/na\/test-page\/"},"modified":"2024-03-11T17:53:45","modified_gmt":"2024-03-11T16:53:45","slug":"test-page","status":"publish","type":"page","link":"https:\/\/www.esolutions.free2move.com\/na\/fr_ca\/test-page\/","title":{"rendered":"Test page"},"content":{"rendered":"<div id=\"cs-content\" class=\"cs-content\"><\/div>\n","protected":false},"excerpt":{"rendered":"<p>Facturation aux entreprisesAutonomisez votre entreprise avec des solutions de recharge de VE fluides.Rejoindre notre communaut\u00e9Abonnez-vous \u00e0 notre newsletter Subscribe Suivez-nous surOur ProductsRecharge pour entreprisesRecharge \u00e0 DomicileRessources \u00e0 domicileCompany\u00c0 propos de nousGouvernance et \u00e9thiqueTravaille avec nousLes m\u00e9diasPROJET DROSSONE V2GContactez nousGo to shopInformativesPolitique en mati\u00e8re de cookiesPolitique de confidentialit\u00e9Mention l\u00e9galesQuality policy\u00a9 2024. Tous droits r\u00e9serv\u00e9s. Free2move eSolutions North America, LLC.1000 Chrysler Dr &#8230; <\/p>\n<div><a href=\"https:\/\/www.esolutions.free2move.com\/na\/fr_ca\/test-page\/\" class=\"more-link\">Read More<\/a><\/div>\n","protected":false},"author":2,"featured_media":0,"parent":0,"menu_order":0,"comment_status":"closed","ping_status":"closed","template":"","meta":{"footnotes":""},"class_list":["post-2415","page","type-page","status-publish","hentry","no-post-thumbnail"],"yoast_head":"<!-- This site is optimized with the Yoast SEO plugin v26.7 - https:\/\/yoast.com\/wordpress\/plugins\/seo\/ -->\n<title>Test page - eSolution North America<\/title>\n<meta name=\"robots\" content=\"index, follow, max-snippet:-1, max-image-preview:large, max-video-preview:-1\" \/>\n<link rel=\"canonical\" href=\"https:\/\/www.esolutions.free2move.com\/na\/en_us\/test-page\/\" \/>\n<meta property=\"og:locale\" content=\"fr_CA\" \/>\n<meta property=\"og:type\" content=\"article\" \/>\n<meta property=\"og:title\" content=\"Test page - eSolution North America\" \/>\n<meta property=\"og:description\" content=\"Facturation aux entreprisesAutonomisez votre entreprise avec des solutions de recharge de VE fluides.Rejoindre notre communaut\u00e9Abonnez-vous \u00e0 notre newsletter Subscribe Suivez-nous surOur ProductsRecharge pour entreprisesRecharge \u00e0 DomicileRessources \u00e0 domicileCompany\u00c0 propos de nousGouvernance et \u00e9thiqueTravaille avec nousLes m\u00e9diasPROJET DROSSONE V2GContactez nousGo to shopInformativesPolitique en mati\u00e8re de cookiesPolitique de confidentialit\u00e9Mention l\u00e9galesQuality policy\u00a9 2024. Tous droits r\u00e9serv\u00e9s. Free2move eSolutions North America, LLC.1000 Chrysler Dr ... Read More\" \/>\n<meta property=\"og:url\" content=\"https:\/\/www.esolutions.free2move.com\/na\/en_us\/test-page\/\" \/>\n<meta property=\"og:site_name\" content=\"eSolution North America\" \/>\n<meta property=\"article:modified_time\" content=\"2024-03-11T16:53:45+00:00\" \/>\n<meta name=\"twitter:card\" content=\"summary_large_image\" \/>\n<meta name=\"twitter:label1\" content=\"Estimation du temps de lecture\" \/>\n\t<meta name=\"twitter:data1\" content=\"2 minutes\" \/>\n<script type=\"application\/ld+json\" class=\"yoast-schema-graph\">{\"@context\":\"https:\/\/schema.org\",\"@graph\":[{\"@type\":\"WebPage\",\"@id\":\"https:\/\/www.esolutions.free2move.com\/na\/en_us\/test-page\/\",\"url\":\"https:\/\/www.esolutions.free2move.com\/na\/en_us\/test-page\/\",\"name\":\"Test page - eSolution North America\",\"isPartOf\":{\"@id\":\"https:\/\/www.esolutions.free2move.com\/na\/en_us\/#website\"},\"datePublished\":\"2024-03-08T13:55:32+00:00\",\"dateModified\":\"2024-03-11T16:53:45+00:00\",\"breadcrumb\":{\"@id\":\"https:\/\/www.esolutions.free2move.com\/na\/en_us\/test-page\/#breadcrumb\"},\"inLanguage\":\"fr-CA\",\"potentialAction\":[{\"@type\":\"ReadAction\",\"target\":[\"https:\/\/www.esolutions.free2move.com\/na\/en_us\/test-page\/\"]}]},{\"@type\":\"BreadcrumbList\",\"@id\":\"https:\/\/www.esolutions.free2move.com\/na\/en_us\/test-page\/#breadcrumb\",\"itemListElement\":[{\"@type\":\"ListItem\",\"position\":1,\"name\":\"Home\",\"item\":\"https:\/\/www.esolutions.free2move.com\/na\/en_us\/\"},{\"@type\":\"ListItem\",\"position\":2,\"name\":\"Test page\"}]},{\"@type\":\"WebSite\",\"@id\":\"https:\/\/www.esolutions.free2move.com\/na\/en_us\/#website\",\"url\":\"https:\/\/www.esolutions.free2move.com\/na\/en_us\/\",\"name\":\"eSolution North America\",\"description\":\"Charge ahead with confidence!\",\"potentialAction\":[{\"@type\":\"SearchAction\",\"target\":{\"@type\":\"EntryPoint\",\"urlTemplate\":\"https:\/\/www.esolutions.free2move.com\/na\/en_us\/?s={search_term_string}\"},\"query-input\":{\"@type\":\"PropertyValueSpecification\",\"valueRequired\":true,\"valueName\":\"search_term_string\"}}],\"inLanguage\":\"fr-CA\"}]}<\/script>\n<!-- \/ Yoast SEO plugin. -->","yoast_head_json":{"title":"Test page - eSolution North America","robots":{"index":"index","follow":"follow","max-snippet":"max-snippet:-1","max-image-preview":"max-image-preview:large","max-video-preview":"max-video-preview:-1"},"canonical":"https:\/\/www.esolutions.free2move.com\/na\/en_us\/test-page\/","og_locale":"fr_CA","og_type":"article","og_title":"Test page - eSolution North America","og_description":"Facturation aux entreprisesAutonomisez votre entreprise avec des solutions de recharge de VE fluides.Rejoindre notre communaut\u00e9Abonnez-vous \u00e0 notre newsletter Subscribe Suivez-nous surOur ProductsRecharge pour entreprisesRecharge \u00e0 DomicileRessources \u00e0 domicileCompany\u00c0 propos de nousGouvernance et \u00e9thiqueTravaille avec nousLes m\u00e9diasPROJET DROSSONE V2GContactez nousGo to shopInformativesPolitique en mati\u00e8re de cookiesPolitique de confidentialit\u00e9Mention l\u00e9galesQuality policy\u00a9 2024. Tous droits r\u00e9serv\u00e9s. Free2move eSolutions North America, LLC.1000 Chrysler Dr ... Read More","og_url":"https:\/\/www.esolutions.free2move.com\/na\/en_us\/test-page\/","og_site_name":"eSolution North America","article_modified_time":"2024-03-11T16:53:45+00:00","twitter_card":"summary_large_image","twitter_misc":{"Estimation du temps de lecture":"2 minutes"},"schema":{"@context":"https:\/\/schema.org","@graph":[{"@type":"WebPage","@id":"https:\/\/www.esolutions.free2move.com\/na\/en_us\/test-page\/","url":"https:\/\/www.esolutions.free2move.com\/na\/en_us\/test-page\/","name":"Test page - eSolution North America","isPartOf":{"@id":"https:\/\/www.esolutions.free2move.com\/na\/en_us\/#website"},"datePublished":"2024-03-08T13:55:32+00:00","dateModified":"2024-03-11T16:53:45+00:00","breadcrumb":{"@id":"https:\/\/www.esolutions.free2move.com\/na\/en_us\/test-page\/#breadcrumb"},"inLanguage":"fr-CA","potentialAction":[{"@type":"ReadAction","target":["https:\/\/www.esolutions.free2move.com\/na\/en_us\/test-page\/"]}]},{"@type":"BreadcrumbList","@id":"https:\/\/www.esolutions.free2move.com\/na\/en_us\/test-page\/#breadcrumb","itemListElement":[{"@type":"ListItem","position":1,"name":"Home","item":"https:\/\/www.esolutions.free2move.com\/na\/en_us\/"},{"@type":"ListItem","position":2,"name":"Test page"}]},{"@type":"WebSite","@id":"https:\/\/www.esolutions.free2move.com\/na\/en_us\/#website","url":"https:\/\/www.esolutions.free2move.com\/na\/en_us\/","name":"eSolution North America","description":"Charge ahead with confidence!","potentialAction":[{"@type":"SearchAction","target":{"@type":"EntryPoint","urlTemplate":"https:\/\/www.esolutions.free2move.com\/na\/en_us\/?s={search_term_string}"},"query-input":{"@type":"PropertyValueSpecification","valueRequired":true,"valueName":"search_term_string"}}],"inLanguage":"fr-CA"}]}},"_links":{"self":[{"href":"https:\/\/www.esolutions.free2move.com\/na\/fr_ca\/wp-json\/wp\/v2\/pages\/2415","targetHints":{"allow":["GET"]}}],"collection":[{"href":"https:\/\/www.esolutions.free2move.com\/na\/fr_ca\/wp-json\/wp\/v2\/pages"}],"about":[{"href":"https:\/\/www.esolutions.free2move.com\/na\/fr_ca\/wp-json\/wp\/v2\/types\/page"}],"author":[{"embeddable":true,"href":"https:\/\/www.esolutions.free2move.com\/na\/fr_ca\/wp-json\/wp\/v2\/users\/2"}],"replies":[{"embeddable":true,"href":"https:\/\/www.esolutions.free2move.com\/na\/fr_ca\/wp-json\/wp\/v2\/comments?post=2415"}],"version-history":[{"count":3,"href":"https:\/\/www.esolutions.free2move.com\/na\/fr_ca\/wp-json\/wp\/v2\/pages\/2415\/revisions"}],"predecessor-version":[{"id":2418,"href":"https:\/\/www.esolutions.free2move.com\/na\/fr_ca\/wp-json\/wp\/v2\/pages\/2415\/revisions\/2418"}],"wp:attachment":[{"href":"https:\/\/www.esolutions.free2move.com\/na\/fr_ca\/wp-json\/wp\/v2\/media?parent=2415"}],"curies":[{"name":"wp","href":"https:\/\/api.w.org\/{rel}","templated":true}]}}