{"id":1924,"date":"2024-02-15T10:40:15","date_gmt":"2024-02-15T15:40:15","guid":{"rendered":"https:\/\/test.esolutions.free2move.com\/na\/chargement-a-domicile\/"},"modified":"2024-06-11T16:12:43","modified_gmt":"2024-06-11T14:12:43","slug":"chargement-a-domicile","status":"publish","type":"page","link":"https:\/\/www.esolutions.free2move.com\/na\/fr_ca\/chargement-a-domicile\/","title":{"rendered":"Recharge \u00e0 Domicile"},"content":{"rendered":"<div id=\"cs-content\" class=\"cs-content\"><\/div>\n","protected":false},"excerpt":{"rendered":"<p>Accueil \/ Nos produits Recharge &agrave; DomicileLa recharge sans effort des v\u00e9hicules \u00e9lectriques commence par une borne de recharge \u00e0 domicile.Nous concevons, installons et g\u00e9rons des chargeurs domestiques innovants pour alimenter votre v\u00e9hicule \u00e9lectrique de mani\u00e8re pratique et efficace. &nbsp; Explorez nos produits pour trouver celui qui r\u00e9pondra le mieux \u00e0 vos besoins.Solutions de chargeeMobilit\u00e9InstallationPOUR LES PARTICULIERSSolutions de charge Nos &#8230; <\/p>\n<div><a href=\"https:\/\/www.esolutions.free2move.com\/na\/fr_ca\/chargement-a-domicile\/\" class=\"more-link\">Read More<\/a><\/div>\n","protected":false},"author":1,"featured_media":0,"parent":0,"menu_order":0,"comment_status":"closed","ping_status":"closed","template":"template-blank-4.php","meta":{"footnotes":""},"class_list":["post-1924","page","type-page","status-publish","hentry","no-post-thumbnail"],"yoast_head":"<!-- This site is optimized with the Yoast SEO plugin v26.7 - https:\/\/yoast.com\/wordpress\/plugins\/seo\/ -->\n<title>Recharge \u00e0 domicile | eSolution North America<\/title>\n<meta name=\"description\" content=\"D\u00e9couvrez nos bornes de recharge EV pour la maison. Installation facile et performance fiable. Commencez d\u00e8s aujourd&#039;hui!\" \/>\n<meta name=\"robots\" content=\"index, follow, max-snippet:-1, max-image-preview:large, max-video-preview:-1\" \/>\n<link rel=\"canonical\" href=\"https:\/\/www.esolutions.free2move.com\/na\/en_us\/home-charging\/\" \/>\n<meta property=\"og:locale\" content=\"fr_CA\" \/>\n<meta property=\"og:type\" content=\"article\" \/>\n<meta property=\"og:title\" content=\"Recharge \u00e0 domicile | eSolution North America\" \/>\n<meta property=\"og:description\" content=\"D\u00e9couvrez nos bornes de recharge EV pour la maison. Installation facile et performance fiable. Commencez d\u00e8s aujourd&#039;hui!\" \/>\n<meta property=\"og:url\" content=\"https:\/\/www.esolutions.free2move.com\/na\/en_us\/home-charging\/\" \/>\n<meta property=\"og:site_name\" content=\"eSolution North America\" \/>\n<meta property=\"article:modified_time\" content=\"2024-06-11T14:12:43+00:00\" \/>\n<meta name=\"twitter:card\" content=\"summary_large_image\" \/>\n<meta name=\"twitter:label1\" content=\"Estimation du temps de lecture\" \/>\n\t<meta name=\"twitter:data1\" content=\"3 minutes\" \/>\n<script type=\"application\/ld+json\" class=\"yoast-schema-graph\">{\"@context\":\"https:\/\/schema.org\",\"@graph\":[{\"@type\":\"WebPage\",\"@id\":\"https:\/\/www.esolutions.free2move.com\/na\/en_us\/home-charging\/\",\"url\":\"https:\/\/www.esolutions.free2move.com\/na\/en_us\/home-charging\/\",\"name\":\"Recharge \u00e0 domicile | eSolution North America\",\"isPartOf\":{\"@id\":\"https:\/\/www.esolutions.free2move.com\/na\/en_us\/#website\"},\"datePublished\":\"2024-02-15T15:40:15+00:00\",\"dateModified\":\"2024-06-11T14:12:43+00:00\",\"description\":\"D\u00e9couvrez nos bornes de recharge EV pour la maison. Installation facile et performance fiable. Commencez d\u00e8s aujourd'hui!\",\"breadcrumb\":{\"@id\":\"https:\/\/www.esolutions.free2move.com\/na\/en_us\/home-charging\/#breadcrumb\"},\"inLanguage\":\"fr-CA\",\"potentialAction\":[{\"@type\":\"ReadAction\",\"target\":[\"https:\/\/www.esolutions.free2move.com\/na\/en_us\/home-charging\/\"]}]},{\"@type\":\"BreadcrumbList\",\"@id\":\"https:\/\/www.esolutions.free2move.com\/na\/en_us\/home-charging\/#breadcrumb\",\"itemListElement\":[{\"@type\":\"ListItem\",\"position\":1,\"name\":\"Home\",\"item\":\"https:\/\/www.esolutions.free2move.com\/na\/en_us\/\"},{\"@type\":\"ListItem\",\"position\":2,\"name\":\"Recharge \u00e0 Domicile\"}]},{\"@type\":\"WebSite\",\"@id\":\"https:\/\/www.esolutions.free2move.com\/na\/en_us\/#website\",\"url\":\"https:\/\/www.esolutions.free2move.com\/na\/en_us\/\",\"name\":\"eSolution North America\",\"description\":\"Charge ahead with confidence!\",\"potentialAction\":[{\"@type\":\"SearchAction\",\"target\":{\"@type\":\"EntryPoint\",\"urlTemplate\":\"https:\/\/www.esolutions.free2move.com\/na\/en_us\/?s={search_term_string}\"},\"query-input\":{\"@type\":\"PropertyValueSpecification\",\"valueRequired\":true,\"valueName\":\"search_term_string\"}}],\"inLanguage\":\"fr-CA\"}]}<\/script>\n<!-- \/ Yoast SEO plugin. -->","yoast_head_json":{"title":"Recharge \u00e0 domicile | eSolution North America","description":"D\u00e9couvrez nos bornes de recharge EV pour la maison. Installation facile et performance fiable. Commencez d\u00e8s aujourd'hui!","robots":{"index":"index","follow":"follow","max-snippet":"max-snippet:-1","max-image-preview":"max-image-preview:large","max-video-preview":"max-video-preview:-1"},"canonical":"https:\/\/www.esolutions.free2move.com\/na\/en_us\/home-charging\/","og_locale":"fr_CA","og_type":"article","og_title":"Recharge \u00e0 domicile | eSolution North America","og_description":"D\u00e9couvrez nos bornes de recharge EV pour la maison. Installation facile et performance fiable. Commencez d\u00e8s aujourd'hui!","og_url":"https:\/\/www.esolutions.free2move.com\/na\/en_us\/home-charging\/","og_site_name":"eSolution North America","article_modified_time":"2024-06-11T14:12:43+00:00","twitter_card":"summary_large_image","twitter_misc":{"Estimation du temps de lecture":"3 minutes"},"schema":{"@context":"https:\/\/schema.org","@graph":[{"@type":"WebPage","@id":"https:\/\/www.esolutions.free2move.com\/na\/en_us\/home-charging\/","url":"https:\/\/www.esolutions.free2move.com\/na\/en_us\/home-charging\/","name":"Recharge \u00e0 domicile | eSolution North America","isPartOf":{"@id":"https:\/\/www.esolutions.free2move.com\/na\/en_us\/#website"},"datePublished":"2024-02-15T15:40:15+00:00","dateModified":"2024-06-11T14:12:43+00:00","description":"D\u00e9couvrez nos bornes de recharge EV pour la maison. Installation facile et performance fiable. Commencez d\u00e8s aujourd'hui!","breadcrumb":{"@id":"https:\/\/www.esolutions.free2move.com\/na\/en_us\/home-charging\/#breadcrumb"},"inLanguage":"fr-CA","potentialAction":[{"@type":"ReadAction","target":["https:\/\/www.esolutions.free2move.com\/na\/en_us\/home-charging\/"]}]},{"@type":"BreadcrumbList","@id":"https:\/\/www.esolutions.free2move.com\/na\/en_us\/home-charging\/#breadcrumb","itemListElement":[{"@type":"ListItem","position":1,"name":"Home","item":"https:\/\/www.esolutions.free2move.com\/na\/en_us\/"},{"@type":"ListItem","position":2,"name":"Recharge \u00e0 Domicile"}]},{"@type":"WebSite","@id":"https:\/\/www.esolutions.free2move.com\/na\/en_us\/#website","url":"https:\/\/www.esolutions.free2move.com\/na\/en_us\/","name":"eSolution North America","description":"Charge ahead with confidence!","potentialAction":[{"@type":"SearchAction","target":{"@type":"EntryPoint","urlTemplate":"https:\/\/www.esolutions.free2move.com\/na\/en_us\/?s={search_term_string}"},"query-input":{"@type":"PropertyValueSpecification","valueRequired":true,"valueName":"search_term_string"}}],"inLanguage":"fr-CA"}]}},"_links":{"self":[{"href":"https:\/\/www.esolutions.free2move.com\/na\/fr_ca\/wp-json\/wp\/v2\/pages\/1924","targetHints":{"allow":["GET"]}}],"collection":[{"href":"https:\/\/www.esolutions.free2move.com\/na\/fr_ca\/wp-json\/wp\/v2\/pages"}],"about":[{"href":"https:\/\/www.esolutions.free2move.com\/na\/fr_ca\/wp-json\/wp\/v2\/types\/page"}],"author":[{"embeddable":true,"href":"https:\/\/www.esolutions.free2move.com\/na\/fr_ca\/wp-json\/wp\/v2\/users\/1"}],"replies":[{"embeddable":true,"href":"https:\/\/www.esolutions.free2move.com\/na\/fr_ca\/wp-json\/wp\/v2\/comments?post=1924"}],"version-history":[{"count":24,"href":"https:\/\/www.esolutions.free2move.com\/na\/fr_ca\/wp-json\/wp\/v2\/pages\/1924\/revisions"}],"predecessor-version":[{"id":10068,"href":"https:\/\/www.esolutions.free2move.com\/na\/fr_ca\/wp-json\/wp\/v2\/pages\/1924\/revisions\/10068"}],"wp:attachment":[{"href":"https:\/\/www.esolutions.free2move.com\/na\/fr_ca\/wp-json\/wp\/v2\/media?parent=1924"}],"curies":[{"name":"wp","href":"https:\/\/api.w.org\/{rel}","templated":true}]}}