{"id":1920,"date":"2024-02-16T11:18:07","date_gmt":"2024-02-16T16:18:07","guid":{"rendered":"https:\/\/test.esolutions.free2move.com\/na\/gouvernance-et-ethique\/"},"modified":"2025-12-23T06:08:48","modified_gmt":"2025-12-23T11:08:48","slug":"gouvernance-et-ethique","status":"publish","type":"page","link":"https:\/\/www.esolutions.free2move.com\/na\/fr_ca\/gouvernance-et-ethique\/","title":{"rendered":"Gouvernance et \u00e9thique"},"content":{"rendered":"<div id=\"cs-content\" class=\"cs-content\"><\/div>\n","protected":false},"excerpt":{"rendered":"<p>Accueil \/ Entreprise Gouvernance et &eacute;thiqueApprenez-en davantage sur notre &nbsp;conseil d\u2019administration&nbsp;, qui supervise notre strat\u00e9gie d\u2019affaires et nos hautes normes \u00e9thiques bas\u00e9es sur l\u2019int\u00e9grit\u00e9, soit le mandat directeur de tous nos choix.Code d\u2019\u00e9thique Notre code d\u2019\u00e9thique est bas\u00e9 sur l\u2019int\u00e9grit\u00e9 comme mandat directeur de tous nos choix et nous pousse \u00e0 int\u00e9grer, \u00e0 personnaliser et \u00e0 am\u00e9liorer la conformit\u00e9, sans &#8230; <\/p>\n<div><a href=\"https:\/\/www.esolutions.free2move.com\/na\/fr_ca\/gouvernance-et-ethique\/\" class=\"more-link\">Read More<\/a><\/div>\n","protected":false},"author":1,"featured_media":0,"parent":0,"menu_order":0,"comment_status":"closed","ping_status":"closed","template":"template-blank-4.php","meta":{"footnotes":""},"class_list":["post-1920","page","type-page","status-publish","hentry","no-post-thumbnail"],"yoast_head":"<!-- This site is optimized with the Yoast SEO plugin v26.7 - https:\/\/yoast.com\/wordpress\/plugins\/seo\/ -->\n<title>Gouvernance &amp; \u00c9thique | eSolution North America<\/title>\n<meta name=\"description\" content=\"Notre Conseil supervise la strat\u00e9gie et maintient des normes \u00e9thiques \u00e9lev\u00e9es, guid\u00e9 par l&#039;int\u00e9grit\u00e9 dans toutes les d\u00e9cisions.\" \/>\n<meta name=\"robots\" content=\"index, follow, max-snippet:-1, max-image-preview:large, max-video-preview:-1\" \/>\n<link rel=\"canonical\" href=\"https:\/\/www.esolutions.free2move.com\/na\/fr_ca\/gouvernance-et-ethique\/\" \/>\n<meta property=\"og:locale\" content=\"fr_CA\" \/>\n<meta property=\"og:type\" content=\"article\" \/>\n<meta property=\"og:title\" content=\"Gouvernance &amp; \u00c9thique | eSolution North America\" \/>\n<meta property=\"og:description\" content=\"Notre Conseil supervise la strat\u00e9gie et maintient des normes \u00e9thiques \u00e9lev\u00e9es, guid\u00e9 par l&#039;int\u00e9grit\u00e9 dans toutes les d\u00e9cisions.\" \/>\n<meta property=\"og:url\" content=\"https:\/\/www.esolutions.free2move.com\/na\/fr_ca\/gouvernance-et-ethique\/\" \/>\n<meta property=\"og:site_name\" content=\"eSolution North America\" \/>\n<meta property=\"article:modified_time\" content=\"2025-12-23T11:08:48+00:00\" \/>\n<meta name=\"twitter:card\" content=\"summary_large_image\" \/>\n<meta name=\"twitter:label1\" content=\"Estimation du temps de lecture\" \/>\n\t<meta name=\"twitter:data1\" content=\"2 minutes\" \/>\n<script type=\"application\/ld+json\" class=\"yoast-schema-graph\">{\"@context\":\"https:\/\/schema.org\",\"@graph\":[{\"@type\":\"WebPage\",\"@id\":\"https:\/\/www.esolutions.free2move.com\/na\/fr_ca\/gouvernance-et-ethique\/\",\"url\":\"https:\/\/www.esolutions.free2move.com\/na\/fr_ca\/gouvernance-et-ethique\/\",\"name\":\"Gouvernance & \u00c9thique | eSolution North America\",\"isPartOf\":{\"@id\":\"https:\/\/www.esolutions.free2move.com\/na\/en_us\/#website\"},\"datePublished\":\"2024-02-16T16:18:07+00:00\",\"dateModified\":\"2025-12-23T11:08:48+00:00\",\"description\":\"Notre Conseil supervise la strat\u00e9gie et maintient des normes \u00e9thiques \u00e9lev\u00e9es, guid\u00e9 par l'int\u00e9grit\u00e9 dans toutes les d\u00e9cisions.\",\"breadcrumb\":{\"@id\":\"https:\/\/www.esolutions.free2move.com\/na\/fr_ca\/gouvernance-et-ethique\/#breadcrumb\"},\"inLanguage\":\"fr-CA\",\"potentialAction\":[{\"@type\":\"ReadAction\",\"target\":[\"https:\/\/www.esolutions.free2move.com\/na\/fr_ca\/gouvernance-et-ethique\/\"]}]},{\"@type\":\"BreadcrumbList\",\"@id\":\"https:\/\/www.esolutions.free2move.com\/na\/fr_ca\/gouvernance-et-ethique\/#breadcrumb\",\"itemListElement\":[{\"@type\":\"ListItem\",\"position\":1,\"name\":\"Home\",\"item\":\"https:\/\/www.esolutions.free2move.com\/na\/en_us\/\"},{\"@type\":\"ListItem\",\"position\":2,\"name\":\"Gouvernance et \u00e9thique\"}]},{\"@type\":\"WebSite\",\"@id\":\"https:\/\/www.esolutions.free2move.com\/na\/en_us\/#website\",\"url\":\"https:\/\/www.esolutions.free2move.com\/na\/en_us\/\",\"name\":\"eSolution North America\",\"description\":\"Charge ahead with confidence!\",\"potentialAction\":[{\"@type\":\"SearchAction\",\"target\":{\"@type\":\"EntryPoint\",\"urlTemplate\":\"https:\/\/www.esolutions.free2move.com\/na\/en_us\/?s={search_term_string}\"},\"query-input\":{\"@type\":\"PropertyValueSpecification\",\"valueRequired\":true,\"valueName\":\"search_term_string\"}}],\"inLanguage\":\"fr-CA\"}]}<\/script>\n<!-- \/ Yoast SEO plugin. -->","yoast_head_json":{"title":"Gouvernance & \u00c9thique | eSolution North America","description":"Notre Conseil supervise la strat\u00e9gie et maintient des normes \u00e9thiques \u00e9lev\u00e9es, guid\u00e9 par l'int\u00e9grit\u00e9 dans toutes les d\u00e9cisions.","robots":{"index":"index","follow":"follow","max-snippet":"max-snippet:-1","max-image-preview":"max-image-preview:large","max-video-preview":"max-video-preview:-1"},"canonical":"https:\/\/www.esolutions.free2move.com\/na\/fr_ca\/gouvernance-et-ethique\/","og_locale":"fr_CA","og_type":"article","og_title":"Gouvernance & \u00c9thique | eSolution North America","og_description":"Notre Conseil supervise la strat\u00e9gie et maintient des normes \u00e9thiques \u00e9lev\u00e9es, guid\u00e9 par l'int\u00e9grit\u00e9 dans toutes les d\u00e9cisions.","og_url":"https:\/\/www.esolutions.free2move.com\/na\/fr_ca\/gouvernance-et-ethique\/","og_site_name":"eSolution North America","article_modified_time":"2025-12-23T11:08:48+00:00","twitter_card":"summary_large_image","twitter_misc":{"Estimation du temps de lecture":"2 minutes"},"schema":{"@context":"https:\/\/schema.org","@graph":[{"@type":"WebPage","@id":"https:\/\/www.esolutions.free2move.com\/na\/fr_ca\/gouvernance-et-ethique\/","url":"https:\/\/www.esolutions.free2move.com\/na\/fr_ca\/gouvernance-et-ethique\/","name":"Gouvernance & \u00c9thique | eSolution North America","isPartOf":{"@id":"https:\/\/www.esolutions.free2move.com\/na\/en_us\/#website"},"datePublished":"2024-02-16T16:18:07+00:00","dateModified":"2025-12-23T11:08:48+00:00","description":"Notre Conseil supervise la strat\u00e9gie et maintient des normes \u00e9thiques \u00e9lev\u00e9es, guid\u00e9 par l'int\u00e9grit\u00e9 dans toutes les d\u00e9cisions.","breadcrumb":{"@id":"https:\/\/www.esolutions.free2move.com\/na\/fr_ca\/gouvernance-et-ethique\/#breadcrumb"},"inLanguage":"fr-CA","potentialAction":[{"@type":"ReadAction","target":["https:\/\/www.esolutions.free2move.com\/na\/fr_ca\/gouvernance-et-ethique\/"]}]},{"@type":"BreadcrumbList","@id":"https:\/\/www.esolutions.free2move.com\/na\/fr_ca\/gouvernance-et-ethique\/#breadcrumb","itemListElement":[{"@type":"ListItem","position":1,"name":"Home","item":"https:\/\/www.esolutions.free2move.com\/na\/en_us\/"},{"@type":"ListItem","position":2,"name":"Gouvernance et \u00e9thique"}]},{"@type":"WebSite","@id":"https:\/\/www.esolutions.free2move.com\/na\/en_us\/#website","url":"https:\/\/www.esolutions.free2move.com\/na\/en_us\/","name":"eSolution North America","description":"Charge ahead with confidence!","potentialAction":[{"@type":"SearchAction","target":{"@type":"EntryPoint","urlTemplate":"https:\/\/www.esolutions.free2move.com\/na\/en_us\/?s={search_term_string}"},"query-input":{"@type":"PropertyValueSpecification","valueRequired":true,"valueName":"search_term_string"}}],"inLanguage":"fr-CA"}]}},"_links":{"self":[{"href":"https:\/\/www.esolutions.free2move.com\/na\/fr_ca\/wp-json\/wp\/v2\/pages\/1920","targetHints":{"allow":["GET"]}}],"collection":[{"href":"https:\/\/www.esolutions.free2move.com\/na\/fr_ca\/wp-json\/wp\/v2\/pages"}],"about":[{"href":"https:\/\/www.esolutions.free2move.com\/na\/fr_ca\/wp-json\/wp\/v2\/types\/page"}],"author":[{"embeddable":true,"href":"https:\/\/www.esolutions.free2move.com\/na\/fr_ca\/wp-json\/wp\/v2\/users\/1"}],"replies":[{"embeddable":true,"href":"https:\/\/www.esolutions.free2move.com\/na\/fr_ca\/wp-json\/wp\/v2\/comments?post=1920"}],"version-history":[{"count":7,"href":"https:\/\/www.esolutions.free2move.com\/na\/fr_ca\/wp-json\/wp\/v2\/pages\/1920\/revisions"}],"predecessor-version":[{"id":10770,"href":"https:\/\/www.esolutions.free2move.com\/na\/fr_ca\/wp-json\/wp\/v2\/pages\/1920\/revisions\/10770"}],"wp:attachment":[{"href":"https:\/\/www.esolutions.free2move.com\/na\/fr_ca\/wp-json\/wp\/v2\/media?parent=1920"}],"curies":[{"name":"wp","href":"https:\/\/api.w.org\/{rel}","templated":true}]}}