{"id":1916,"date":"2024-02-28T17:40:29","date_gmt":"2024-02-28T16:40:29","guid":{"rendered":"https:\/\/test.esolutions.free2move.com\/na\/giovanni-ravina\/"},"modified":"2024-03-13T20:06:45","modified_gmt":"2024-03-13T19:06:45","slug":"giovanni-ravina","status":"publish","type":"page","link":"https:\/\/www.esolutions.free2move.com\/na\/fr_ca\/giovanni-ravina\/","title":{"rendered":"Giovanni Ravina"},"content":{"rendered":"<div id=\"cs-content\" class=\"cs-content\"><\/div>\n","protected":false},"excerpt":{"rendered":"<p>Accueil \/ EntrepriseGiovanni Ravina Directeur g\u00e9n\u00e9ral &nbsp; Giovanni Ravina s\u2019est joint \u00e0 Engie EPS en 2018 et est maintenant directeur de l\u2019innovation, responsable des op\u00e9rations li\u00e9es \u00e0 l\u2019hydrog\u00e8ne et \u00e0 la mobilit\u00e9 \u00e9lectrique. Il est \u00e9galement membre du conseil d\u2019administration de tiko Italia, mentor TechStars et membre du comit\u00e9 consultatif SocialFare. Avant de se joindre \u00e0 Engie EPS, Giovanni Ravina &#8230; <\/p>\n<div><a href=\"https:\/\/www.esolutions.free2move.com\/na\/fr_ca\/giovanni-ravina\/\" class=\"more-link\">Read More<\/a><\/div>\n","protected":false},"author":1,"featured_media":0,"parent":0,"menu_order":0,"comment_status":"closed","ping_status":"closed","template":"template-blank-4.php","meta":{"footnotes":""},"class_list":["post-1916","page","type-page","status-publish","hentry","no-post-thumbnail"],"yoast_head":"<!-- This site is optimized with the Yoast SEO plugin v26.7 - https:\/\/yoast.com\/wordpress\/plugins\/seo\/ -->\n<title>Giovanni Ravina - eSolution North America<\/title>\n<meta name=\"robots\" content=\"index, follow, max-snippet:-1, max-image-preview:large, max-video-preview:-1\" \/>\n<link rel=\"canonical\" href=\"https:\/\/www.esolutions.free2move.com\/na\/en_us\/giovanni-ravina\/\" \/>\n<meta property=\"og:locale\" content=\"fr_CA\" \/>\n<meta property=\"og:type\" content=\"article\" \/>\n<meta property=\"og:title\" content=\"Giovanni Ravina - eSolution North America\" \/>\n<meta property=\"og:description\" content=\"Accueil \/ EntrepriseGiovanni Ravina Directeur g\u00e9n\u00e9ral &nbsp; Giovanni Ravina s\u2019est joint \u00e0 Engie EPS en 2018 et est maintenant directeur de l\u2019innovation, responsable des op\u00e9rations li\u00e9es \u00e0 l\u2019hydrog\u00e8ne et \u00e0 la mobilit\u00e9 \u00e9lectrique. Il est \u00e9galement membre du conseil d\u2019administration de tiko Italia, mentor TechStars et membre du comit\u00e9 consultatif SocialFare. Avant de se joindre \u00e0 Engie EPS, Giovanni Ravina ... Read More\" \/>\n<meta property=\"og:url\" content=\"https:\/\/www.esolutions.free2move.com\/na\/en_us\/giovanni-ravina\/\" \/>\n<meta property=\"og:site_name\" content=\"eSolution North America\" \/>\n<meta property=\"article:modified_time\" content=\"2024-03-13T19:06:45+00:00\" \/>\n<meta name=\"twitter:card\" content=\"summary_large_image\" \/>\n<meta name=\"twitter:label1\" content=\"Estimation du temps de lecture\" \/>\n\t<meta name=\"twitter:data1\" content=\"2 minutes\" \/>\n<script type=\"application\/ld+json\" class=\"yoast-schema-graph\">{\"@context\":\"https:\/\/schema.org\",\"@graph\":[{\"@type\":\"WebPage\",\"@id\":\"https:\/\/www.esolutions.free2move.com\/na\/en_us\/giovanni-ravina\/\",\"url\":\"https:\/\/www.esolutions.free2move.com\/na\/en_us\/giovanni-ravina\/\",\"name\":\"Giovanni Ravina - eSolution North America\",\"isPartOf\":{\"@id\":\"https:\/\/www.esolutions.free2move.com\/na\/en_us\/#website\"},\"datePublished\":\"2024-02-28T16:40:29+00:00\",\"dateModified\":\"2024-03-13T19:06:45+00:00\",\"breadcrumb\":{\"@id\":\"https:\/\/www.esolutions.free2move.com\/na\/en_us\/giovanni-ravina\/#breadcrumb\"},\"inLanguage\":\"fr-CA\",\"potentialAction\":[{\"@type\":\"ReadAction\",\"target\":[\"https:\/\/www.esolutions.free2move.com\/na\/en_us\/giovanni-ravina\/\"]}]},{\"@type\":\"BreadcrumbList\",\"@id\":\"https:\/\/www.esolutions.free2move.com\/na\/en_us\/giovanni-ravina\/#breadcrumb\",\"itemListElement\":[{\"@type\":\"ListItem\",\"position\":1,\"name\":\"Home\",\"item\":\"https:\/\/www.esolutions.free2move.com\/na\/en_us\/\"},{\"@type\":\"ListItem\",\"position\":2,\"name\":\"Giovanni Ravina\"}]},{\"@type\":\"WebSite\",\"@id\":\"https:\/\/www.esolutions.free2move.com\/na\/en_us\/#website\",\"url\":\"https:\/\/www.esolutions.free2move.com\/na\/en_us\/\",\"name\":\"eSolution North America\",\"description\":\"Charge ahead with confidence!\",\"potentialAction\":[{\"@type\":\"SearchAction\",\"target\":{\"@type\":\"EntryPoint\",\"urlTemplate\":\"https:\/\/www.esolutions.free2move.com\/na\/en_us\/?s={search_term_string}\"},\"query-input\":{\"@type\":\"PropertyValueSpecification\",\"valueRequired\":true,\"valueName\":\"search_term_string\"}}],\"inLanguage\":\"fr-CA\"}]}<\/script>\n<!-- \/ Yoast SEO plugin. -->","yoast_head_json":{"title":"Giovanni Ravina - eSolution North America","robots":{"index":"index","follow":"follow","max-snippet":"max-snippet:-1","max-image-preview":"max-image-preview:large","max-video-preview":"max-video-preview:-1"},"canonical":"https:\/\/www.esolutions.free2move.com\/na\/en_us\/giovanni-ravina\/","og_locale":"fr_CA","og_type":"article","og_title":"Giovanni Ravina - eSolution North America","og_description":"Accueil \/ EntrepriseGiovanni Ravina Directeur g\u00e9n\u00e9ral &nbsp; Giovanni Ravina s\u2019est joint \u00e0 Engie EPS en 2018 et est maintenant directeur de l\u2019innovation, responsable des op\u00e9rations li\u00e9es \u00e0 l\u2019hydrog\u00e8ne et \u00e0 la mobilit\u00e9 \u00e9lectrique. Il est \u00e9galement membre du conseil d\u2019administration de tiko Italia, mentor TechStars et membre du comit\u00e9 consultatif SocialFare. Avant de se joindre \u00e0 Engie EPS, Giovanni Ravina ... Read More","og_url":"https:\/\/www.esolutions.free2move.com\/na\/en_us\/giovanni-ravina\/","og_site_name":"eSolution North America","article_modified_time":"2024-03-13T19:06:45+00:00","twitter_card":"summary_large_image","twitter_misc":{"Estimation du temps de lecture":"2 minutes"},"schema":{"@context":"https:\/\/schema.org","@graph":[{"@type":"WebPage","@id":"https:\/\/www.esolutions.free2move.com\/na\/en_us\/giovanni-ravina\/","url":"https:\/\/www.esolutions.free2move.com\/na\/en_us\/giovanni-ravina\/","name":"Giovanni Ravina - eSolution North America","isPartOf":{"@id":"https:\/\/www.esolutions.free2move.com\/na\/en_us\/#website"},"datePublished":"2024-02-28T16:40:29+00:00","dateModified":"2024-03-13T19:06:45+00:00","breadcrumb":{"@id":"https:\/\/www.esolutions.free2move.com\/na\/en_us\/giovanni-ravina\/#breadcrumb"},"inLanguage":"fr-CA","potentialAction":[{"@type":"ReadAction","target":["https:\/\/www.esolutions.free2move.com\/na\/en_us\/giovanni-ravina\/"]}]},{"@type":"BreadcrumbList","@id":"https:\/\/www.esolutions.free2move.com\/na\/en_us\/giovanni-ravina\/#breadcrumb","itemListElement":[{"@type":"ListItem","position":1,"name":"Home","item":"https:\/\/www.esolutions.free2move.com\/na\/en_us\/"},{"@type":"ListItem","position":2,"name":"Giovanni Ravina"}]},{"@type":"WebSite","@id":"https:\/\/www.esolutions.free2move.com\/na\/en_us\/#website","url":"https:\/\/www.esolutions.free2move.com\/na\/en_us\/","name":"eSolution North America","description":"Charge ahead with confidence!","potentialAction":[{"@type":"SearchAction","target":{"@type":"EntryPoint","urlTemplate":"https:\/\/www.esolutions.free2move.com\/na\/en_us\/?s={search_term_string}"},"query-input":{"@type":"PropertyValueSpecification","valueRequired":true,"valueName":"search_term_string"}}],"inLanguage":"fr-CA"}]}},"_links":{"self":[{"href":"https:\/\/www.esolutions.free2move.com\/na\/fr_ca\/wp-json\/wp\/v2\/pages\/1916","targetHints":{"allow":["GET"]}}],"collection":[{"href":"https:\/\/www.esolutions.free2move.com\/na\/fr_ca\/wp-json\/wp\/v2\/pages"}],"about":[{"href":"https:\/\/www.esolutions.free2move.com\/na\/fr_ca\/wp-json\/wp\/v2\/types\/page"}],"author":[{"embeddable":true,"href":"https:\/\/www.esolutions.free2move.com\/na\/fr_ca\/wp-json\/wp\/v2\/users\/1"}],"replies":[{"embeddable":true,"href":"https:\/\/www.esolutions.free2move.com\/na\/fr_ca\/wp-json\/wp\/v2\/comments?post=1916"}],"version-history":[{"count":5,"href":"https:\/\/www.esolutions.free2move.com\/na\/fr_ca\/wp-json\/wp\/v2\/pages\/1916\/revisions"}],"predecessor-version":[{"id":8696,"href":"https:\/\/www.esolutions.free2move.com\/na\/fr_ca\/wp-json\/wp\/v2\/pages\/1916\/revisions\/8696"}],"wp:attachment":[{"href":"https:\/\/www.esolutions.free2move.com\/na\/fr_ca\/wp-json\/wp\/v2\/media?parent=1916"}],"curies":[{"name":"wp","href":"https:\/\/api.w.org\/{rel}","templated":true}]}}