{"id":1908,"date":"2024-02-19T15:40:38","date_gmt":"2024-02-19T14:40:38","guid":{"rendered":"https:\/\/test.esolutions.free2move.com\/na\/projet-drossone-v2g\/"},"modified":"2024-03-14T13:05:17","modified_gmt":"2024-03-14T12:05:17","slug":"projet-drossone-v2g","status":"publish","type":"page","link":"https:\/\/www.esolutions.free2move.com\/na\/fr_ca\/projet-drossone-v2g\/","title":{"rendered":"PROJET DROSSONE V2G"},"content":{"rendered":"<div id=\"cs-content\" class=\"cs-content\"><\/div>\n","protected":false},"excerpt":{"rendered":"<p>Accueil \/ Entreprise PROJET DROSSONE V2GLe projet de stationnement v\u00e9hicule-r\u00e9seau DrossOne est un syst\u00e8me de v\u00e9hicule-r\u00e9seau (V2G) \u00e0 grande \u00e9chelle avec stockage d\u2019\u00e9nergie int\u00e9gr\u00e9 d\u00e9velopp\u00e9 avec l\u2019aide du Fonds pour l\u2019innovation de la Commission europ\u00e9enne Le projet DrossOne se trouve \u00e0 Mirafiori (Turin, Italie), et est d\u00e9velopp\u00e9 par Free2move eSolutions et Stellantis.Parking DrossOne V2GGA n \u00b0 101038849 &#8211; un projet &#8230; <\/p>\n<div><a href=\"https:\/\/www.esolutions.free2move.com\/na\/fr_ca\/projet-drossone-v2g\/\" class=\"more-link\">Read More<\/a><\/div>\n","protected":false},"author":1,"featured_media":0,"parent":0,"menu_order":0,"comment_status":"closed","ping_status":"closed","template":"template-blank-4.php","meta":{"footnotes":""},"class_list":["post-1908","page","type-page","status-publish","hentry","no-post-thumbnail"],"yoast_head":"<!-- This site is optimized with the Yoast SEO plugin v26.7 - https:\/\/yoast.com\/wordpress\/plugins\/seo\/ -->\n<title>PROJET DROSSONE V2G - eSolution North America<\/title>\n<meta name=\"robots\" content=\"index, follow, max-snippet:-1, max-image-preview:large, max-video-preview:-1\" \/>\n<link rel=\"canonical\" href=\"https:\/\/www.esolutions.free2move.com\/na\/en_us\/drossone-v2g-project\/\" \/>\n<meta property=\"og:locale\" content=\"fr_CA\" \/>\n<meta property=\"og:type\" content=\"article\" \/>\n<meta property=\"og:title\" content=\"PROJET DROSSONE V2G - eSolution North America\" \/>\n<meta property=\"og:description\" content=\"Accueil \/ Entreprise PROJET DROSSONE V2GLe projet de stationnement v\u00e9hicule-r\u00e9seau DrossOne est un syst\u00e8me de v\u00e9hicule-r\u00e9seau (V2G) \u00e0 grande \u00e9chelle avec stockage d\u2019\u00e9nergie int\u00e9gr\u00e9 d\u00e9velopp\u00e9 avec l\u2019aide du Fonds pour l\u2019innovation de la Commission europ\u00e9enne Le projet DrossOne se trouve \u00e0 Mirafiori (Turin, Italie), et est d\u00e9velopp\u00e9 par Free2move eSolutions et Stellantis.Parking DrossOne V2GGA n \u00b0 101038849 - un projet ... Read More\" \/>\n<meta property=\"og:url\" content=\"https:\/\/www.esolutions.free2move.com\/na\/en_us\/drossone-v2g-project\/\" \/>\n<meta property=\"og:site_name\" content=\"eSolution North America\" \/>\n<meta property=\"article:modified_time\" content=\"2024-03-14T12:05:17+00:00\" \/>\n<meta name=\"twitter:card\" content=\"summary_large_image\" \/>\n<meta name=\"twitter:label1\" content=\"Estimation du temps de lecture\" \/>\n\t<meta name=\"twitter:data1\" content=\"4 minutes\" \/>\n<script type=\"application\/ld+json\" class=\"yoast-schema-graph\">{\"@context\":\"https:\/\/schema.org\",\"@graph\":[{\"@type\":\"WebPage\",\"@id\":\"https:\/\/www.esolutions.free2move.com\/na\/en_us\/drossone-v2g-project\/\",\"url\":\"https:\/\/www.esolutions.free2move.com\/na\/en_us\/drossone-v2g-project\/\",\"name\":\"PROJET DROSSONE V2G - eSolution North America\",\"isPartOf\":{\"@id\":\"https:\/\/www.esolutions.free2move.com\/na\/en_us\/#website\"},\"datePublished\":\"2024-02-19T14:40:38+00:00\",\"dateModified\":\"2024-03-14T12:05:17+00:00\",\"breadcrumb\":{\"@id\":\"https:\/\/www.esolutions.free2move.com\/na\/en_us\/drossone-v2g-project\/#breadcrumb\"},\"inLanguage\":\"fr-CA\",\"potentialAction\":[{\"@type\":\"ReadAction\",\"target\":[\"https:\/\/www.esolutions.free2move.com\/na\/en_us\/drossone-v2g-project\/\"]}]},{\"@type\":\"BreadcrumbList\",\"@id\":\"https:\/\/www.esolutions.free2move.com\/na\/en_us\/drossone-v2g-project\/#breadcrumb\",\"itemListElement\":[{\"@type\":\"ListItem\",\"position\":1,\"name\":\"Home\",\"item\":\"https:\/\/www.esolutions.free2move.com\/na\/en_us\/\"},{\"@type\":\"ListItem\",\"position\":2,\"name\":\"PROJET DROSSONE V2G\"}]},{\"@type\":\"WebSite\",\"@id\":\"https:\/\/www.esolutions.free2move.com\/na\/en_us\/#website\",\"url\":\"https:\/\/www.esolutions.free2move.com\/na\/en_us\/\",\"name\":\"eSolution North America\",\"description\":\"Charge ahead with confidence!\",\"potentialAction\":[{\"@type\":\"SearchAction\",\"target\":{\"@type\":\"EntryPoint\",\"urlTemplate\":\"https:\/\/www.esolutions.free2move.com\/na\/en_us\/?s={search_term_string}\"},\"query-input\":{\"@type\":\"PropertyValueSpecification\",\"valueRequired\":true,\"valueName\":\"search_term_string\"}}],\"inLanguage\":\"fr-CA\"}]}<\/script>\n<!-- \/ Yoast SEO plugin. -->","yoast_head_json":{"title":"PROJET DROSSONE V2G - eSolution North America","robots":{"index":"index","follow":"follow","max-snippet":"max-snippet:-1","max-image-preview":"max-image-preview:large","max-video-preview":"max-video-preview:-1"},"canonical":"https:\/\/www.esolutions.free2move.com\/na\/en_us\/drossone-v2g-project\/","og_locale":"fr_CA","og_type":"article","og_title":"PROJET DROSSONE V2G - eSolution North America","og_description":"Accueil \/ Entreprise PROJET DROSSONE V2GLe projet de stationnement v\u00e9hicule-r\u00e9seau DrossOne est un syst\u00e8me de v\u00e9hicule-r\u00e9seau (V2G) \u00e0 grande \u00e9chelle avec stockage d\u2019\u00e9nergie int\u00e9gr\u00e9 d\u00e9velopp\u00e9 avec l\u2019aide du Fonds pour l\u2019innovation de la Commission europ\u00e9enne Le projet DrossOne se trouve \u00e0 Mirafiori (Turin, Italie), et est d\u00e9velopp\u00e9 par Free2move eSolutions et Stellantis.Parking DrossOne V2GGA n \u00b0 101038849 - un projet ... Read More","og_url":"https:\/\/www.esolutions.free2move.com\/na\/en_us\/drossone-v2g-project\/","og_site_name":"eSolution North America","article_modified_time":"2024-03-14T12:05:17+00:00","twitter_card":"summary_large_image","twitter_misc":{"Estimation du temps de lecture":"4 minutes"},"schema":{"@context":"https:\/\/schema.org","@graph":[{"@type":"WebPage","@id":"https:\/\/www.esolutions.free2move.com\/na\/en_us\/drossone-v2g-project\/","url":"https:\/\/www.esolutions.free2move.com\/na\/en_us\/drossone-v2g-project\/","name":"PROJET DROSSONE V2G - eSolution North America","isPartOf":{"@id":"https:\/\/www.esolutions.free2move.com\/na\/en_us\/#website"},"datePublished":"2024-02-19T14:40:38+00:00","dateModified":"2024-03-14T12:05:17+00:00","breadcrumb":{"@id":"https:\/\/www.esolutions.free2move.com\/na\/en_us\/drossone-v2g-project\/#breadcrumb"},"inLanguage":"fr-CA","potentialAction":[{"@type":"ReadAction","target":["https:\/\/www.esolutions.free2move.com\/na\/en_us\/drossone-v2g-project\/"]}]},{"@type":"BreadcrumbList","@id":"https:\/\/www.esolutions.free2move.com\/na\/en_us\/drossone-v2g-project\/#breadcrumb","itemListElement":[{"@type":"ListItem","position":1,"name":"Home","item":"https:\/\/www.esolutions.free2move.com\/na\/en_us\/"},{"@type":"ListItem","position":2,"name":"PROJET DROSSONE V2G"}]},{"@type":"WebSite","@id":"https:\/\/www.esolutions.free2move.com\/na\/en_us\/#website","url":"https:\/\/www.esolutions.free2move.com\/na\/en_us\/","name":"eSolution North America","description":"Charge ahead with confidence!","potentialAction":[{"@type":"SearchAction","target":{"@type":"EntryPoint","urlTemplate":"https:\/\/www.esolutions.free2move.com\/na\/en_us\/?s={search_term_string}"},"query-input":{"@type":"PropertyValueSpecification","valueRequired":true,"valueName":"search_term_string"}}],"inLanguage":"fr-CA"}]}},"_links":{"self":[{"href":"https:\/\/www.esolutions.free2move.com\/na\/fr_ca\/wp-json\/wp\/v2\/pages\/1908","targetHints":{"allow":["GET"]}}],"collection":[{"href":"https:\/\/www.esolutions.free2move.com\/na\/fr_ca\/wp-json\/wp\/v2\/pages"}],"about":[{"href":"https:\/\/www.esolutions.free2move.com\/na\/fr_ca\/wp-json\/wp\/v2\/types\/page"}],"author":[{"embeddable":true,"href":"https:\/\/www.esolutions.free2move.com\/na\/fr_ca\/wp-json\/wp\/v2\/users\/1"}],"replies":[{"embeddable":true,"href":"https:\/\/www.esolutions.free2move.com\/na\/fr_ca\/wp-json\/wp\/v2\/comments?post=1908"}],"version-history":[{"count":9,"href":"https:\/\/www.esolutions.free2move.com\/na\/fr_ca\/wp-json\/wp\/v2\/pages\/1908\/revisions"}],"predecessor-version":[{"id":10070,"href":"https:\/\/www.esolutions.free2move.com\/na\/fr_ca\/wp-json\/wp\/v2\/pages\/1908\/revisions\/10070"}],"wp:attachment":[{"href":"https:\/\/www.esolutions.free2move.com\/na\/fr_ca\/wp-json\/wp\/v2\/media?parent=1908"}],"curies":[{"name":"wp","href":"https:\/\/api.w.org\/{rel}","templated":true}]}}