{"id":1896,"date":"2024-02-19T10:50:05","date_gmt":"2024-02-19T15:50:05","guid":{"rendered":"https:\/\/test.esolutions.free2move.com\/na\/contactez-nous\/"},"modified":"2024-06-11T16:18:31","modified_gmt":"2024-06-11T14:18:31","slug":"contactez-nous","status":"publish","type":"page","link":"https:\/\/www.esolutions.free2move.com\/na\/fr_ca\/contactez-nous\/","title":{"rendered":"Contactez nous"},"content":{"rendered":"<div id=\"cs-content\" class=\"cs-content\"><\/div>\n","protected":false},"excerpt":{"rendered":"<p>Accueil Contactez nousVous souhaitez en savoir plus sur ce que les eSolutions Free2move peuvent offrir ?Entrer en contact!Nous \u00e9crire Dites-nous ce dont vous avez besoin et nous vous apporterons la solution \u00e0 votre probl\u00e8me ou la r\u00e9ponse \u00e0 vos questions. &#8211;None&#8211; United States Canada Mexico &#8211;None&#8211; +1 +52 &#8211;None&#8211; Anglais Espagnol Fran\u00e7ais I Accept the Privacy Policy: Appelez-nous Contactez-nous par &#8230; <\/p>\n<div><a href=\"https:\/\/www.esolutions.free2move.com\/na\/fr_ca\/contactez-nous\/\" class=\"more-link\">Read More<\/a><\/div>\n","protected":false},"author":1,"featured_media":0,"parent":0,"menu_order":0,"comment_status":"closed","ping_status":"closed","template":"template-blank-4.php","meta":{"footnotes":""},"class_list":["post-1896","page","type-page","status-publish","hentry","no-post-thumbnail"],"yoast_head":"<!-- This site is optimized with the Yoast SEO plugin v26.7 - https:\/\/yoast.com\/wordpress\/plugins\/seo\/ -->\n<title>Contactez-nous | eSolution North America<\/title>\n<meta name=\"description\" content=\"Contactez-nous d\u00e8s aujourd&#039;hui pour questions, support ou collaborations. Nous sommes l\u00e0 pour vous aider.\" \/>\n<meta name=\"robots\" content=\"index, follow, max-snippet:-1, max-image-preview:large, max-video-preview:-1\" \/>\n<link rel=\"canonical\" href=\"https:\/\/www.esolutions.free2move.com\/na\/en_us\/contact-us\/\" \/>\n<meta property=\"og:locale\" content=\"fr_CA\" \/>\n<meta property=\"og:type\" content=\"article\" \/>\n<meta property=\"og:title\" content=\"Contactez-nous | eSolution North America\" \/>\n<meta property=\"og:description\" content=\"Contactez-nous d\u00e8s aujourd&#039;hui pour questions, support ou collaborations. Nous sommes l\u00e0 pour vous aider.\" \/>\n<meta property=\"og:url\" content=\"https:\/\/www.esolutions.free2move.com\/na\/en_us\/contact-us\/\" \/>\n<meta property=\"og:site_name\" content=\"eSolution North America\" \/>\n<meta property=\"article:modified_time\" content=\"2024-06-11T14:18:31+00:00\" \/>\n<meta name=\"twitter:card\" content=\"summary_large_image\" \/>\n<meta name=\"twitter:label1\" content=\"Estimation du temps de lecture\" \/>\n\t<meta name=\"twitter:data1\" content=\"1 minute\" \/>\n<script type=\"application\/ld+json\" class=\"yoast-schema-graph\">{\"@context\":\"https:\/\/schema.org\",\"@graph\":[{\"@type\":\"WebPage\",\"@id\":\"https:\/\/www.esolutions.free2move.com\/na\/en_us\/contact-us\/\",\"url\":\"https:\/\/www.esolutions.free2move.com\/na\/en_us\/contact-us\/\",\"name\":\"Contactez-nous | eSolution North America\",\"isPartOf\":{\"@id\":\"https:\/\/www.esolutions.free2move.com\/na\/en_us\/#website\"},\"datePublished\":\"2024-02-19T15:50:05+00:00\",\"dateModified\":\"2024-06-11T14:18:31+00:00\",\"description\":\"Contactez-nous d\u00e8s aujourd'hui pour questions, support ou collaborations. Nous sommes l\u00e0 pour vous aider.\",\"breadcrumb\":{\"@id\":\"https:\/\/www.esolutions.free2move.com\/na\/en_us\/contact-us\/#breadcrumb\"},\"inLanguage\":\"fr-CA\",\"potentialAction\":[{\"@type\":\"ReadAction\",\"target\":[\"https:\/\/www.esolutions.free2move.com\/na\/en_us\/contact-us\/\"]}]},{\"@type\":\"BreadcrumbList\",\"@id\":\"https:\/\/www.esolutions.free2move.com\/na\/en_us\/contact-us\/#breadcrumb\",\"itemListElement\":[{\"@type\":\"ListItem\",\"position\":1,\"name\":\"Home\",\"item\":\"https:\/\/www.esolutions.free2move.com\/na\/en_us\/\"},{\"@type\":\"ListItem\",\"position\":2,\"name\":\"Contactez nous\"}]},{\"@type\":\"WebSite\",\"@id\":\"https:\/\/www.esolutions.free2move.com\/na\/en_us\/#website\",\"url\":\"https:\/\/www.esolutions.free2move.com\/na\/en_us\/\",\"name\":\"eSolution North America\",\"description\":\"Charge ahead with confidence!\",\"potentialAction\":[{\"@type\":\"SearchAction\",\"target\":{\"@type\":\"EntryPoint\",\"urlTemplate\":\"https:\/\/www.esolutions.free2move.com\/na\/en_us\/?s={search_term_string}\"},\"query-input\":{\"@type\":\"PropertyValueSpecification\",\"valueRequired\":true,\"valueName\":\"search_term_string\"}}],\"inLanguage\":\"fr-CA\"}]}<\/script>\n<!-- \/ Yoast SEO plugin. -->","yoast_head_json":{"title":"Contactez-nous | eSolution North America","description":"Contactez-nous d\u00e8s aujourd'hui pour questions, support ou collaborations. Nous sommes l\u00e0 pour vous aider.","robots":{"index":"index","follow":"follow","max-snippet":"max-snippet:-1","max-image-preview":"max-image-preview:large","max-video-preview":"max-video-preview:-1"},"canonical":"https:\/\/www.esolutions.free2move.com\/na\/en_us\/contact-us\/","og_locale":"fr_CA","og_type":"article","og_title":"Contactez-nous | eSolution North America","og_description":"Contactez-nous d\u00e8s aujourd'hui pour questions, support ou collaborations. Nous sommes l\u00e0 pour vous aider.","og_url":"https:\/\/www.esolutions.free2move.com\/na\/en_us\/contact-us\/","og_site_name":"eSolution North America","article_modified_time":"2024-06-11T14:18:31+00:00","twitter_card":"summary_large_image","twitter_misc":{"Estimation du temps de lecture":"1 minute"},"schema":{"@context":"https:\/\/schema.org","@graph":[{"@type":"WebPage","@id":"https:\/\/www.esolutions.free2move.com\/na\/en_us\/contact-us\/","url":"https:\/\/www.esolutions.free2move.com\/na\/en_us\/contact-us\/","name":"Contactez-nous | eSolution North America","isPartOf":{"@id":"https:\/\/www.esolutions.free2move.com\/na\/en_us\/#website"},"datePublished":"2024-02-19T15:50:05+00:00","dateModified":"2024-06-11T14:18:31+00:00","description":"Contactez-nous d\u00e8s aujourd'hui pour questions, support ou collaborations. Nous sommes l\u00e0 pour vous aider.","breadcrumb":{"@id":"https:\/\/www.esolutions.free2move.com\/na\/en_us\/contact-us\/#breadcrumb"},"inLanguage":"fr-CA","potentialAction":[{"@type":"ReadAction","target":["https:\/\/www.esolutions.free2move.com\/na\/en_us\/contact-us\/"]}]},{"@type":"BreadcrumbList","@id":"https:\/\/www.esolutions.free2move.com\/na\/en_us\/contact-us\/#breadcrumb","itemListElement":[{"@type":"ListItem","position":1,"name":"Home","item":"https:\/\/www.esolutions.free2move.com\/na\/en_us\/"},{"@type":"ListItem","position":2,"name":"Contactez nous"}]},{"@type":"WebSite","@id":"https:\/\/www.esolutions.free2move.com\/na\/en_us\/#website","url":"https:\/\/www.esolutions.free2move.com\/na\/en_us\/","name":"eSolution North America","description":"Charge ahead with confidence!","potentialAction":[{"@type":"SearchAction","target":{"@type":"EntryPoint","urlTemplate":"https:\/\/www.esolutions.free2move.com\/na\/en_us\/?s={search_term_string}"},"query-input":{"@type":"PropertyValueSpecification","valueRequired":true,"valueName":"search_term_string"}}],"inLanguage":"fr-CA"}]}},"_links":{"self":[{"href":"https:\/\/www.esolutions.free2move.com\/na\/fr_ca\/wp-json\/wp\/v2\/pages\/1896","targetHints":{"allow":["GET"]}}],"collection":[{"href":"https:\/\/www.esolutions.free2move.com\/na\/fr_ca\/wp-json\/wp\/v2\/pages"}],"about":[{"href":"https:\/\/www.esolutions.free2move.com\/na\/fr_ca\/wp-json\/wp\/v2\/types\/page"}],"author":[{"embeddable":true,"href":"https:\/\/www.esolutions.free2move.com\/na\/fr_ca\/wp-json\/wp\/v2\/users\/1"}],"replies":[{"embeddable":true,"href":"https:\/\/www.esolutions.free2move.com\/na\/fr_ca\/wp-json\/wp\/v2\/comments?post=1896"}],"version-history":[{"count":7,"href":"https:\/\/www.esolutions.free2move.com\/na\/fr_ca\/wp-json\/wp\/v2\/pages\/1896\/revisions"}],"predecessor-version":[{"id":8674,"href":"https:\/\/www.esolutions.free2move.com\/na\/fr_ca\/wp-json\/wp\/v2\/pages\/1896\/revisions\/8674"}],"wp:attachment":[{"href":"https:\/\/www.esolutions.free2move.com\/na\/fr_ca\/wp-json\/wp\/v2\/media?parent=1896"}],"curies":[{"name":"wp","href":"https:\/\/api.w.org\/{rel}","templated":true}]}}