{"id":1884,"date":"2024-02-21T14:36:11","date_gmt":"2024-02-21T13:36:11","guid":{"rendered":"https:\/\/test.esolutions.free2move.com\/na\/travailler-avec-nous\/"},"modified":"2024-06-11T16:17:42","modified_gmt":"2024-06-11T14:17:42","slug":"travailler-avec-nous","status":"publish","type":"page","link":"https:\/\/www.esolutions.free2move.com\/na\/fr_ca\/travailler-avec-nous\/","title":{"rendered":"Travaille avec nous"},"content":{"rendered":"<div id=\"cs-content\" class=\"cs-content\"><\/div>\n","protected":false},"excerpt":{"rendered":"<p>Accueil \/ Entreprise Travaille avec nousPropulsez l\u2019avenir de la mobilit\u00e9. Rejoignez les eSolutions Free2move ! &nbsp; \u00c0 la recherche de personnes passionn\u00e9es pour fa\u00e7onner l\u2019avenir de la mobilit\u00e9 \u00e9lectrique.Nos atouts Apprentissage continuNous sommes une entreprise internationale ancr\u00e9e en Italie, o\u00f9 se d\u00e9roulent toutes nos activit\u00e9s de recherche, de d\u00e9veloppement et de production.Excellence technologiqueGr\u00e2ce \u00e0 notre \u00e9quipe unique d&rsquo;ing\u00e9nieurs, nous pouvons &#8230; <\/p>\n<div><a href=\"https:\/\/www.esolutions.free2move.com\/na\/fr_ca\/travailler-avec-nous\/\" class=\"more-link\">Read More<\/a><\/div>\n","protected":false},"author":1,"featured_media":0,"parent":0,"menu_order":0,"comment_status":"closed","ping_status":"closed","template":"template-blank-4.php","meta":{"footnotes":""},"class_list":["post-1884","page","type-page","status-publish","hentry","no-post-thumbnail"],"yoast_head":"<!-- This site is optimized with the Yoast SEO plugin v26.7 - https:\/\/yoast.com\/wordpress\/plugins\/seo\/ -->\n<title>Travailler avec nous | eSolution North America<\/title>\n<meta name=\"description\" content=\"Rejoignez Free2move eSolutions et r\u00e9volutionnez la recharge EV. Explorez les opportunit\u00e9s de carri\u00e8re maintenant!\" \/>\n<meta name=\"robots\" content=\"index, follow, max-snippet:-1, max-image-preview:large, max-video-preview:-1\" \/>\n<link rel=\"canonical\" href=\"https:\/\/www.esolutions.free2move.com\/na\/en_us\/work-with-us\/\" \/>\n<meta property=\"og:locale\" content=\"fr_CA\" \/>\n<meta property=\"og:type\" content=\"article\" \/>\n<meta property=\"og:title\" content=\"Travailler avec nous | eSolution North America\" \/>\n<meta property=\"og:description\" content=\"Rejoignez Free2move eSolutions et r\u00e9volutionnez la recharge EV. Explorez les opportunit\u00e9s de carri\u00e8re maintenant!\" \/>\n<meta property=\"og:url\" content=\"https:\/\/www.esolutions.free2move.com\/na\/en_us\/work-with-us\/\" \/>\n<meta property=\"og:site_name\" content=\"eSolution North America\" \/>\n<meta property=\"article:modified_time\" content=\"2024-06-11T14:17:42+00:00\" \/>\n<meta name=\"twitter:card\" content=\"summary_large_image\" \/>\n<meta name=\"twitter:label1\" content=\"Estimation du temps de lecture\" \/>\n\t<meta name=\"twitter:data1\" content=\"2 minutes\" \/>\n<script type=\"application\/ld+json\" class=\"yoast-schema-graph\">{\"@context\":\"https:\/\/schema.org\",\"@graph\":[{\"@type\":\"WebPage\",\"@id\":\"https:\/\/www.esolutions.free2move.com\/na\/en_us\/work-with-us\/\",\"url\":\"https:\/\/www.esolutions.free2move.com\/na\/en_us\/work-with-us\/\",\"name\":\"Travailler avec nous | eSolution North America\",\"isPartOf\":{\"@id\":\"https:\/\/www.esolutions.free2move.com\/na\/en_us\/#website\"},\"datePublished\":\"2024-02-21T13:36:11+00:00\",\"dateModified\":\"2024-06-11T14:17:42+00:00\",\"description\":\"Rejoignez Free2move eSolutions et r\u00e9volutionnez la recharge EV. Explorez les opportunit\u00e9s de carri\u00e8re maintenant!\",\"breadcrumb\":{\"@id\":\"https:\/\/www.esolutions.free2move.com\/na\/en_us\/work-with-us\/#breadcrumb\"},\"inLanguage\":\"fr-CA\",\"potentialAction\":[{\"@type\":\"ReadAction\",\"target\":[\"https:\/\/www.esolutions.free2move.com\/na\/en_us\/work-with-us\/\"]}]},{\"@type\":\"BreadcrumbList\",\"@id\":\"https:\/\/www.esolutions.free2move.com\/na\/en_us\/work-with-us\/#breadcrumb\",\"itemListElement\":[{\"@type\":\"ListItem\",\"position\":1,\"name\":\"Home\",\"item\":\"https:\/\/www.esolutions.free2move.com\/na\/en_us\/\"},{\"@type\":\"ListItem\",\"position\":2,\"name\":\"Travaille avec nous\"}]},{\"@type\":\"WebSite\",\"@id\":\"https:\/\/www.esolutions.free2move.com\/na\/en_us\/#website\",\"url\":\"https:\/\/www.esolutions.free2move.com\/na\/en_us\/\",\"name\":\"eSolution North America\",\"description\":\"Charge ahead with confidence!\",\"potentialAction\":[{\"@type\":\"SearchAction\",\"target\":{\"@type\":\"EntryPoint\",\"urlTemplate\":\"https:\/\/www.esolutions.free2move.com\/na\/en_us\/?s={search_term_string}\"},\"query-input\":{\"@type\":\"PropertyValueSpecification\",\"valueRequired\":true,\"valueName\":\"search_term_string\"}}],\"inLanguage\":\"fr-CA\"}]}<\/script>\n<!-- \/ Yoast SEO plugin. -->","yoast_head_json":{"title":"Travailler avec nous | eSolution North America","description":"Rejoignez Free2move eSolutions et r\u00e9volutionnez la recharge EV. Explorez les opportunit\u00e9s de carri\u00e8re maintenant!","robots":{"index":"index","follow":"follow","max-snippet":"max-snippet:-1","max-image-preview":"max-image-preview:large","max-video-preview":"max-video-preview:-1"},"canonical":"https:\/\/www.esolutions.free2move.com\/na\/en_us\/work-with-us\/","og_locale":"fr_CA","og_type":"article","og_title":"Travailler avec nous | eSolution North America","og_description":"Rejoignez Free2move eSolutions et r\u00e9volutionnez la recharge EV. Explorez les opportunit\u00e9s de carri\u00e8re maintenant!","og_url":"https:\/\/www.esolutions.free2move.com\/na\/en_us\/work-with-us\/","og_site_name":"eSolution North America","article_modified_time":"2024-06-11T14:17:42+00:00","twitter_card":"summary_large_image","twitter_misc":{"Estimation du temps de lecture":"2 minutes"},"schema":{"@context":"https:\/\/schema.org","@graph":[{"@type":"WebPage","@id":"https:\/\/www.esolutions.free2move.com\/na\/en_us\/work-with-us\/","url":"https:\/\/www.esolutions.free2move.com\/na\/en_us\/work-with-us\/","name":"Travailler avec nous | eSolution North America","isPartOf":{"@id":"https:\/\/www.esolutions.free2move.com\/na\/en_us\/#website"},"datePublished":"2024-02-21T13:36:11+00:00","dateModified":"2024-06-11T14:17:42+00:00","description":"Rejoignez Free2move eSolutions et r\u00e9volutionnez la recharge EV. Explorez les opportunit\u00e9s de carri\u00e8re maintenant!","breadcrumb":{"@id":"https:\/\/www.esolutions.free2move.com\/na\/en_us\/work-with-us\/#breadcrumb"},"inLanguage":"fr-CA","potentialAction":[{"@type":"ReadAction","target":["https:\/\/www.esolutions.free2move.com\/na\/en_us\/work-with-us\/"]}]},{"@type":"BreadcrumbList","@id":"https:\/\/www.esolutions.free2move.com\/na\/en_us\/work-with-us\/#breadcrumb","itemListElement":[{"@type":"ListItem","position":1,"name":"Home","item":"https:\/\/www.esolutions.free2move.com\/na\/en_us\/"},{"@type":"ListItem","position":2,"name":"Travaille avec nous"}]},{"@type":"WebSite","@id":"https:\/\/www.esolutions.free2move.com\/na\/en_us\/#website","url":"https:\/\/www.esolutions.free2move.com\/na\/en_us\/","name":"eSolution North America","description":"Charge ahead with confidence!","potentialAction":[{"@type":"SearchAction","target":{"@type":"EntryPoint","urlTemplate":"https:\/\/www.esolutions.free2move.com\/na\/en_us\/?s={search_term_string}"},"query-input":{"@type":"PropertyValueSpecification","valueRequired":true,"valueName":"search_term_string"}}],"inLanguage":"fr-CA"}]}},"_links":{"self":[{"href":"https:\/\/www.esolutions.free2move.com\/na\/fr_ca\/wp-json\/wp\/v2\/pages\/1884","targetHints":{"allow":["GET"]}}],"collection":[{"href":"https:\/\/www.esolutions.free2move.com\/na\/fr_ca\/wp-json\/wp\/v2\/pages"}],"about":[{"href":"https:\/\/www.esolutions.free2move.com\/na\/fr_ca\/wp-json\/wp\/v2\/types\/page"}],"author":[{"embeddable":true,"href":"https:\/\/www.esolutions.free2move.com\/na\/fr_ca\/wp-json\/wp\/v2\/users\/1"}],"replies":[{"embeddable":true,"href":"https:\/\/www.esolutions.free2move.com\/na\/fr_ca\/wp-json\/wp\/v2\/comments?post=1884"}],"version-history":[{"count":17,"href":"https:\/\/www.esolutions.free2move.com\/na\/fr_ca\/wp-json\/wp\/v2\/pages\/1884\/revisions"}],"predecessor-version":[{"id":10131,"href":"https:\/\/www.esolutions.free2move.com\/na\/fr_ca\/wp-json\/wp\/v2\/pages\/1884\/revisions\/10131"}],"wp:attachment":[{"href":"https:\/\/www.esolutions.free2move.com\/na\/fr_ca\/wp-json\/wp\/v2\/media?parent=1884"}],"curies":[{"name":"wp","href":"https:\/\/api.w.org\/{rel}","templated":true}]}}