{"id":1877,"date":"2024-02-15T14:44:02","date_gmt":"2024-02-15T19:44:02","guid":{"rendered":"https:\/\/test.esolutions.free2move.com\/na\/resources\/"},"modified":"2024-06-11T16:14:50","modified_gmt":"2024-06-11T14:14:50","slug":"resources","status":"publish","type":"page","link":"https:\/\/www.esolutions.free2move.com\/na\/fr_ca\/resources\/","title":{"rendered":"Ressources \u00e0 domicile"},"content":{"rendered":"<div id=\"cs-content\" class=\"cs-content\"><\/div>\n","protected":false},"excerpt":{"rendered":"<p>Accueil Accueil RessourcesNous concevons des technologies innovantes pour faciliter la transition vers la mobilit\u00e9 \u00e9lectrique. Nous accordons la priorit\u00e9 \u00e0 votre s\u00e9curit\u00e9 et aux performances optimales de votre exp\u00e9rience de recharge. C&rsquo;est pourquoi nous avons cr\u00e9\u00e9 un r\u00e9seau d&rsquo;experts qui connaissent nos produits pour garantir que leur plein potentiel soit lib\u00e9r\u00e9. Pour vous offrir une exp\u00e9rience de recharge fluide, nous &#8230; <\/p>\n<div><a href=\"https:\/\/www.esolutions.free2move.com\/na\/fr_ca\/resources\/\" class=\"more-link\">Read More<\/a><\/div>\n","protected":false},"author":1,"featured_media":0,"parent":0,"menu_order":0,"comment_status":"closed","ping_status":"closed","template":"template-blank-4.php","meta":{"footnotes":""},"class_list":["post-1877","page","type-page","status-publish","hentry","no-post-thumbnail"],"yoast_head":"<!-- This site is optimized with the Yoast SEO plugin v26.7 - https:\/\/yoast.com\/wordpress\/plugins\/seo\/ -->\n<title>Ressources \u00e0 domicile | eSolution North America<\/title>\n<meta name=\"description\" content=\"D\u00e9couvrez incitations, garanties et support pour chargeurs de v\u00e9hicules \u00e9lectriques. Priorisez s\u00e9curit\u00e9 et performance.\" \/>\n<meta name=\"robots\" content=\"index, follow, max-snippet:-1, max-image-preview:large, max-video-preview:-1\" \/>\n<link rel=\"canonical\" href=\"https:\/\/www.esolutions.free2move.com\/na\/en_us\/home-resources\/\" \/>\n<meta property=\"og:locale\" content=\"fr_CA\" \/>\n<meta property=\"og:type\" content=\"article\" \/>\n<meta property=\"og:title\" content=\"Ressources \u00e0 domicile | eSolution North America\" \/>\n<meta property=\"og:description\" content=\"D\u00e9couvrez incitations, garanties et support pour chargeurs de v\u00e9hicules \u00e9lectriques. Priorisez s\u00e9curit\u00e9 et performance.\" \/>\n<meta property=\"og:url\" content=\"https:\/\/www.esolutions.free2move.com\/na\/en_us\/home-resources\/\" \/>\n<meta property=\"og:site_name\" content=\"eSolution North America\" \/>\n<meta property=\"article:modified_time\" content=\"2024-06-11T14:14:50+00:00\" \/>\n<meta name=\"twitter:card\" content=\"summary_large_image\" \/>\n<meta name=\"twitter:label1\" content=\"Estimation du temps de lecture\" \/>\n\t<meta name=\"twitter:data1\" content=\"4 minutes\" \/>\n<script type=\"application\/ld+json\" class=\"yoast-schema-graph\">{\"@context\":\"https:\/\/schema.org\",\"@graph\":[{\"@type\":\"WebPage\",\"@id\":\"https:\/\/www.esolutions.free2move.com\/na\/en_us\/home-resources\/\",\"url\":\"https:\/\/www.esolutions.free2move.com\/na\/en_us\/home-resources\/\",\"name\":\"Ressources \u00e0 domicile | eSolution North America\",\"isPartOf\":{\"@id\":\"https:\/\/www.esolutions.free2move.com\/na\/en_us\/#website\"},\"datePublished\":\"2024-02-15T19:44:02+00:00\",\"dateModified\":\"2024-06-11T14:14:50+00:00\",\"description\":\"D\u00e9couvrez incitations, garanties et support pour chargeurs de v\u00e9hicules \u00e9lectriques. Priorisez s\u00e9curit\u00e9 et performance.\",\"breadcrumb\":{\"@id\":\"https:\/\/www.esolutions.free2move.com\/na\/en_us\/home-resources\/#breadcrumb\"},\"inLanguage\":\"fr-CA\",\"potentialAction\":[{\"@type\":\"ReadAction\",\"target\":[\"https:\/\/www.esolutions.free2move.com\/na\/en_us\/home-resources\/\"]}]},{\"@type\":\"BreadcrumbList\",\"@id\":\"https:\/\/www.esolutions.free2move.com\/na\/en_us\/home-resources\/#breadcrumb\",\"itemListElement\":[{\"@type\":\"ListItem\",\"position\":1,\"name\":\"Home\",\"item\":\"https:\/\/www.esolutions.free2move.com\/na\/en_us\/\"},{\"@type\":\"ListItem\",\"position\":2,\"name\":\"Ressources \u00e0 domicile\"}]},{\"@type\":\"WebSite\",\"@id\":\"https:\/\/www.esolutions.free2move.com\/na\/en_us\/#website\",\"url\":\"https:\/\/www.esolutions.free2move.com\/na\/en_us\/\",\"name\":\"eSolution North America\",\"description\":\"Charge ahead with confidence!\",\"potentialAction\":[{\"@type\":\"SearchAction\",\"target\":{\"@type\":\"EntryPoint\",\"urlTemplate\":\"https:\/\/www.esolutions.free2move.com\/na\/en_us\/?s={search_term_string}\"},\"query-input\":{\"@type\":\"PropertyValueSpecification\",\"valueRequired\":true,\"valueName\":\"search_term_string\"}}],\"inLanguage\":\"fr-CA\"}]}<\/script>\n<!-- \/ Yoast SEO plugin. -->","yoast_head_json":{"title":"Ressources \u00e0 domicile | eSolution North America","description":"D\u00e9couvrez incitations, garanties et support pour chargeurs de v\u00e9hicules \u00e9lectriques. Priorisez s\u00e9curit\u00e9 et performance.","robots":{"index":"index","follow":"follow","max-snippet":"max-snippet:-1","max-image-preview":"max-image-preview:large","max-video-preview":"max-video-preview:-1"},"canonical":"https:\/\/www.esolutions.free2move.com\/na\/en_us\/home-resources\/","og_locale":"fr_CA","og_type":"article","og_title":"Ressources \u00e0 domicile | eSolution North America","og_description":"D\u00e9couvrez incitations, garanties et support pour chargeurs de v\u00e9hicules \u00e9lectriques. Priorisez s\u00e9curit\u00e9 et performance.","og_url":"https:\/\/www.esolutions.free2move.com\/na\/en_us\/home-resources\/","og_site_name":"eSolution North America","article_modified_time":"2024-06-11T14:14:50+00:00","twitter_card":"summary_large_image","twitter_misc":{"Estimation du temps de lecture":"4 minutes"},"schema":{"@context":"https:\/\/schema.org","@graph":[{"@type":"WebPage","@id":"https:\/\/www.esolutions.free2move.com\/na\/en_us\/home-resources\/","url":"https:\/\/www.esolutions.free2move.com\/na\/en_us\/home-resources\/","name":"Ressources \u00e0 domicile | eSolution North America","isPartOf":{"@id":"https:\/\/www.esolutions.free2move.com\/na\/en_us\/#website"},"datePublished":"2024-02-15T19:44:02+00:00","dateModified":"2024-06-11T14:14:50+00:00","description":"D\u00e9couvrez incitations, garanties et support pour chargeurs de v\u00e9hicules \u00e9lectriques. Priorisez s\u00e9curit\u00e9 et performance.","breadcrumb":{"@id":"https:\/\/www.esolutions.free2move.com\/na\/en_us\/home-resources\/#breadcrumb"},"inLanguage":"fr-CA","potentialAction":[{"@type":"ReadAction","target":["https:\/\/www.esolutions.free2move.com\/na\/en_us\/home-resources\/"]}]},{"@type":"BreadcrumbList","@id":"https:\/\/www.esolutions.free2move.com\/na\/en_us\/home-resources\/#breadcrumb","itemListElement":[{"@type":"ListItem","position":1,"name":"Home","item":"https:\/\/www.esolutions.free2move.com\/na\/en_us\/"},{"@type":"ListItem","position":2,"name":"Ressources \u00e0 domicile"}]},{"@type":"WebSite","@id":"https:\/\/www.esolutions.free2move.com\/na\/en_us\/#website","url":"https:\/\/www.esolutions.free2move.com\/na\/en_us\/","name":"eSolution North America","description":"Charge ahead with confidence!","potentialAction":[{"@type":"SearchAction","target":{"@type":"EntryPoint","urlTemplate":"https:\/\/www.esolutions.free2move.com\/na\/en_us\/?s={search_term_string}"},"query-input":{"@type":"PropertyValueSpecification","valueRequired":true,"valueName":"search_term_string"}}],"inLanguage":"fr-CA"}]}},"_links":{"self":[{"href":"https:\/\/www.esolutions.free2move.com\/na\/fr_ca\/wp-json\/wp\/v2\/pages\/1877","targetHints":{"allow":["GET"]}}],"collection":[{"href":"https:\/\/www.esolutions.free2move.com\/na\/fr_ca\/wp-json\/wp\/v2\/pages"}],"about":[{"href":"https:\/\/www.esolutions.free2move.com\/na\/fr_ca\/wp-json\/wp\/v2\/types\/page"}],"author":[{"embeddable":true,"href":"https:\/\/www.esolutions.free2move.com\/na\/fr_ca\/wp-json\/wp\/v2\/users\/1"}],"replies":[{"embeddable":true,"href":"https:\/\/www.esolutions.free2move.com\/na\/fr_ca\/wp-json\/wp\/v2\/comments?post=1877"}],"version-history":[{"count":19,"href":"https:\/\/www.esolutions.free2move.com\/na\/fr_ca\/wp-json\/wp\/v2\/pages\/1877\/revisions"}],"predecessor-version":[{"id":10180,"href":"https:\/\/www.esolutions.free2move.com\/na\/fr_ca\/wp-json\/wp\/v2\/pages\/1877\/revisions\/10180"}],"wp:attachment":[{"href":"https:\/\/www.esolutions.free2move.com\/na\/fr_ca\/wp-json\/wp\/v2\/media?parent=1877"}],"curies":[{"name":"wp","href":"https:\/\/api.w.org\/{rel}","templated":true}]}}