{"id":1813,"date":"2024-02-15T11:20:44","date_gmt":"2024-02-15T16:20:44","guid":{"rendered":"https:\/\/test.esolutions.free2move.com\/na\/facturation-aux-entreprises\/"},"modified":"2024-06-11T16:13:33","modified_gmt":"2024-06-11T14:13:33","slug":"facturation-aux-entreprises","status":"publish","type":"page","link":"https:\/\/www.esolutions.free2move.com\/na\/fr_ca\/facturation-aux-entreprises\/","title":{"rendered":"Recharge pour entreprises"},"content":{"rendered":"<div id=\"cs-content\" class=\"cs-content\"><\/div>\n","protected":false},"excerpt":{"rendered":"<p>Accueil \/ Nos produits Facturation aux entreprisesAutonomisez votre entreprise avec des solutions de recharge de VE fluides.Nous concevons, installons et g\u00e9rons des solutions de recharge de pointe pour entreprise, vous permettant d\u2019offrir des solutions de recharge pratiques \u00e0 vos employ\u00e9s, \u00e0 vos clients et aux v\u00e9hicules de votre parc. &nbsp; Explorez nos produits pour trouver celui qui r\u00e9pond parfaitement \u00e0 &#8230; <\/p>\n<div><a href=\"https:\/\/www.esolutions.free2move.com\/na\/fr_ca\/facturation-aux-entreprises\/\" class=\"more-link\">Read More<\/a><\/div>\n","protected":false},"author":1,"featured_media":0,"parent":0,"menu_order":0,"comment_status":"closed","ping_status":"closed","template":"template-blank-4.php","meta":{"footnotes":""},"class_list":["post-1813","page","type-page","status-publish","hentry","no-post-thumbnail"],"yoast_head":"<!-- This site is optimized with the Yoast SEO plugin v26.7 - https:\/\/yoast.com\/wordpress\/plugins\/seo\/ -->\n<title>Recharge pour entreprises | eSolution North America<\/title>\n<meta name=\"description\" content=\"D\u00e9couvrez nos solutions de recharge EV pour entreprises. Installation facile et performance fiable. Commencez d\u00e8s aujourd&#039;hui!\" \/>\n<meta name=\"robots\" content=\"index, follow, max-snippet:-1, max-image-preview:large, max-video-preview:-1\" \/>\n<link rel=\"canonical\" href=\"https:\/\/www.esolutions.free2move.com\/na\/en_us\/business-charging\/\" \/>\n<meta property=\"og:locale\" content=\"fr_CA\" \/>\n<meta property=\"og:type\" content=\"article\" \/>\n<meta property=\"og:title\" content=\"Recharge pour entreprises | eSolution North America\" \/>\n<meta property=\"og:description\" content=\"D\u00e9couvrez nos solutions de recharge EV pour entreprises. Installation facile et performance fiable. Commencez d\u00e8s aujourd&#039;hui!\" \/>\n<meta property=\"og:url\" content=\"https:\/\/www.esolutions.free2move.com\/na\/en_us\/business-charging\/\" \/>\n<meta property=\"og:site_name\" content=\"eSolution North America\" \/>\n<meta property=\"article:modified_time\" content=\"2024-06-11T14:13:33+00:00\" \/>\n<meta name=\"twitter:card\" content=\"summary_large_image\" \/>\n<meta name=\"twitter:label1\" content=\"Estimation du temps de lecture\" \/>\n\t<meta name=\"twitter:data1\" content=\"9 minutes\" \/>\n<script type=\"application\/ld+json\" class=\"yoast-schema-graph\">{\"@context\":\"https:\/\/schema.org\",\"@graph\":[{\"@type\":\"WebPage\",\"@id\":\"https:\/\/www.esolutions.free2move.com\/na\/en_us\/business-charging\/\",\"url\":\"https:\/\/www.esolutions.free2move.com\/na\/en_us\/business-charging\/\",\"name\":\"Recharge pour entreprises | eSolution North America\",\"isPartOf\":{\"@id\":\"https:\/\/www.esolutions.free2move.com\/na\/en_us\/#website\"},\"datePublished\":\"2024-02-15T16:20:44+00:00\",\"dateModified\":\"2024-06-11T14:13:33+00:00\",\"description\":\"D\u00e9couvrez nos solutions de recharge EV pour entreprises. Installation facile et performance fiable. Commencez d\u00e8s aujourd'hui!\",\"breadcrumb\":{\"@id\":\"https:\/\/www.esolutions.free2move.com\/na\/en_us\/business-charging\/#breadcrumb\"},\"inLanguage\":\"fr-CA\",\"potentialAction\":[{\"@type\":\"ReadAction\",\"target\":[\"https:\/\/www.esolutions.free2move.com\/na\/en_us\/business-charging\/\"]}]},{\"@type\":\"BreadcrumbList\",\"@id\":\"https:\/\/www.esolutions.free2move.com\/na\/en_us\/business-charging\/#breadcrumb\",\"itemListElement\":[{\"@type\":\"ListItem\",\"position\":1,\"name\":\"Home\",\"item\":\"https:\/\/www.esolutions.free2move.com\/na\/en_us\/\"},{\"@type\":\"ListItem\",\"position\":2,\"name\":\"Recharge pour entreprises\"}]},{\"@type\":\"WebSite\",\"@id\":\"https:\/\/www.esolutions.free2move.com\/na\/en_us\/#website\",\"url\":\"https:\/\/www.esolutions.free2move.com\/na\/en_us\/\",\"name\":\"eSolution North America\",\"description\":\"Charge ahead with confidence!\",\"potentialAction\":[{\"@type\":\"SearchAction\",\"target\":{\"@type\":\"EntryPoint\",\"urlTemplate\":\"https:\/\/www.esolutions.free2move.com\/na\/en_us\/?s={search_term_string}\"},\"query-input\":{\"@type\":\"PropertyValueSpecification\",\"valueRequired\":true,\"valueName\":\"search_term_string\"}}],\"inLanguage\":\"fr-CA\"}]}<\/script>\n<!-- \/ Yoast SEO plugin. -->","yoast_head_json":{"title":"Recharge pour entreprises | eSolution North America","description":"D\u00e9couvrez nos solutions de recharge EV pour entreprises. Installation facile et performance fiable. Commencez d\u00e8s aujourd'hui!","robots":{"index":"index","follow":"follow","max-snippet":"max-snippet:-1","max-image-preview":"max-image-preview:large","max-video-preview":"max-video-preview:-1"},"canonical":"https:\/\/www.esolutions.free2move.com\/na\/en_us\/business-charging\/","og_locale":"fr_CA","og_type":"article","og_title":"Recharge pour entreprises | eSolution North America","og_description":"D\u00e9couvrez nos solutions de recharge EV pour entreprises. Installation facile et performance fiable. Commencez d\u00e8s aujourd'hui!","og_url":"https:\/\/www.esolutions.free2move.com\/na\/en_us\/business-charging\/","og_site_name":"eSolution North America","article_modified_time":"2024-06-11T14:13:33+00:00","twitter_card":"summary_large_image","twitter_misc":{"Estimation du temps de lecture":"9 minutes"},"schema":{"@context":"https:\/\/schema.org","@graph":[{"@type":"WebPage","@id":"https:\/\/www.esolutions.free2move.com\/na\/en_us\/business-charging\/","url":"https:\/\/www.esolutions.free2move.com\/na\/en_us\/business-charging\/","name":"Recharge pour entreprises | eSolution North America","isPartOf":{"@id":"https:\/\/www.esolutions.free2move.com\/na\/en_us\/#website"},"datePublished":"2024-02-15T16:20:44+00:00","dateModified":"2024-06-11T14:13:33+00:00","description":"D\u00e9couvrez nos solutions de recharge EV pour entreprises. Installation facile et performance fiable. Commencez d\u00e8s aujourd'hui!","breadcrumb":{"@id":"https:\/\/www.esolutions.free2move.com\/na\/en_us\/business-charging\/#breadcrumb"},"inLanguage":"fr-CA","potentialAction":[{"@type":"ReadAction","target":["https:\/\/www.esolutions.free2move.com\/na\/en_us\/business-charging\/"]}]},{"@type":"BreadcrumbList","@id":"https:\/\/www.esolutions.free2move.com\/na\/en_us\/business-charging\/#breadcrumb","itemListElement":[{"@type":"ListItem","position":1,"name":"Home","item":"https:\/\/www.esolutions.free2move.com\/na\/en_us\/"},{"@type":"ListItem","position":2,"name":"Recharge pour entreprises"}]},{"@type":"WebSite","@id":"https:\/\/www.esolutions.free2move.com\/na\/en_us\/#website","url":"https:\/\/www.esolutions.free2move.com\/na\/en_us\/","name":"eSolution North America","description":"Charge ahead with confidence!","potentialAction":[{"@type":"SearchAction","target":{"@type":"EntryPoint","urlTemplate":"https:\/\/www.esolutions.free2move.com\/na\/en_us\/?s={search_term_string}"},"query-input":{"@type":"PropertyValueSpecification","valueRequired":true,"valueName":"search_term_string"}}],"inLanguage":"fr-CA"}]}},"_links":{"self":[{"href":"https:\/\/www.esolutions.free2move.com\/na\/fr_ca\/wp-json\/wp\/v2\/pages\/1813","targetHints":{"allow":["GET"]}}],"collection":[{"href":"https:\/\/www.esolutions.free2move.com\/na\/fr_ca\/wp-json\/wp\/v2\/pages"}],"about":[{"href":"https:\/\/www.esolutions.free2move.com\/na\/fr_ca\/wp-json\/wp\/v2\/types\/page"}],"author":[{"embeddable":true,"href":"https:\/\/www.esolutions.free2move.com\/na\/fr_ca\/wp-json\/wp\/v2\/users\/1"}],"replies":[{"embeddable":true,"href":"https:\/\/www.esolutions.free2move.com\/na\/fr_ca\/wp-json\/wp\/v2\/comments?post=1813"}],"version-history":[{"count":40,"href":"https:\/\/www.esolutions.free2move.com\/na\/fr_ca\/wp-json\/wp\/v2\/pages\/1813\/revisions"}],"predecessor-version":[{"id":10179,"href":"https:\/\/www.esolutions.free2move.com\/na\/fr_ca\/wp-json\/wp\/v2\/pages\/1813\/revisions\/10179"}],"wp:attachment":[{"href":"https:\/\/www.esolutions.free2move.com\/na\/fr_ca\/wp-json\/wp\/v2\/media?parent=1813"}],"curies":[{"name":"wp","href":"https:\/\/api.w.org\/{rel}","templated":true}]}}