{"id":10373,"date":"2024-08-01T14:04:11","date_gmt":"2024-08-01T18:04:11","guid":{"rendered":"https:\/\/www.esolutions.free2move.com\/na\/incitatifs-pour-les-chargeurs-de-vehicules-electriques\/"},"modified":"2024-09-23T15:28:21","modified_gmt":"2024-09-23T19:28:21","slug":"incitatifs-pour-les-chargeurs-de-vehicules-electriques","status":"publish","type":"page","link":"https:\/\/www.esolutions.free2move.com\/na\/fr_ca\/incitatifs-pour-les-chargeurs-de-vehicules-electriques\/","title":{"rendered":"Incitatifs pour les chargeurs de v\u00e9hicules \u00e9lectriques"},"content":{"rendered":"<div id=\"cs-content\" class=\"cs-content\"><\/div>\n","protected":false},"excerpt":{"rendered":"<p>Maison Des incitationsPour encourager la transition vers les v\u00e9hicules \u00e9lectriques, de nombreux \u00c9tats, villes, communaut\u00e9s et services publics offrent des incitations \u00e0 l&rsquo;achat et \u00e0 l&rsquo;installation de bornes de recharge pour v\u00e9hicules \u00e9lectriques.Outil d&rsquo;incitation D\u00e9couvrez comment les programmes de r\u00e9duction locaux, les remises et les cr\u00e9dits d&rsquo;imp\u00f4t rendent l&rsquo;installation de votre propre chargeur EV plus abordable. Utilisez notre outil d&rsquo;incitation &#8230; <\/p>\n<div><a href=\"https:\/\/www.esolutions.free2move.com\/na\/fr_ca\/incitatifs-pour-les-chargeurs-de-vehicules-electriques\/\" class=\"more-link\">Read More<\/a><\/div>\n","protected":false},"author":4,"featured_media":0,"parent":0,"menu_order":0,"comment_status":"closed","ping_status":"closed","template":"template-blank-4.php","meta":{"footnotes":""},"class_list":["post-10373","page","type-page","status-publish","hentry","no-post-thumbnail"],"yoast_head":"<!-- This site is optimized with the Yoast SEO plugin v26.7 - https:\/\/yoast.com\/wordpress\/plugins\/seo\/ -->\n<title>Incitatifs pour les chargeurs de v\u00e9hicules \u00e9lectriques - eSolution North America<\/title>\n<meta name=\"description\" content=\"\u00c9conomisez gros sur votre chargeur de VE gr\u00e2ce aux incitations disponibles, trouvez des rabais, des cr\u00e9dits d&#039;imp\u00f4t et bien plus encore pour rendre la conduite \u00e9lectrique abordable.\" \/>\n<meta name=\"robots\" content=\"index, follow, max-snippet:-1, max-image-preview:large, max-video-preview:-1\" \/>\n<link rel=\"canonical\" href=\"https:\/\/www.esolutions.free2move.com\/na\/fr_ca\/incitatifs-pour-les-chargeurs-de-vehicules-electriques\/\" \/>\n<meta property=\"og:locale\" content=\"fr_CA\" \/>\n<meta property=\"og:type\" content=\"article\" \/>\n<meta property=\"og:title\" content=\"Incitatifs pour les chargeurs de v\u00e9hicules \u00e9lectriques - eSolution North America\" \/>\n<meta property=\"og:description\" content=\"\u00c9conomisez gros sur votre chargeur de VE gr\u00e2ce aux incitations disponibles, trouvez des rabais, des cr\u00e9dits d&#039;imp\u00f4t et bien plus encore pour rendre la conduite \u00e9lectrique abordable.\" \/>\n<meta property=\"og:url\" content=\"https:\/\/www.esolutions.free2move.com\/na\/fr_ca\/incitatifs-pour-les-chargeurs-de-vehicules-electriques\/\" \/>\n<meta property=\"og:site_name\" content=\"eSolution North America\" \/>\n<meta property=\"article:modified_time\" content=\"2024-09-23T19:28:21+00:00\" \/>\n<meta name=\"twitter:card\" content=\"summary_large_image\" \/>\n<meta name=\"twitter:label1\" content=\"Estimation du temps de lecture\" \/>\n\t<meta name=\"twitter:data1\" content=\"2 minutes\" \/>\n<script type=\"application\/ld+json\" class=\"yoast-schema-graph\">{\"@context\":\"https:\/\/schema.org\",\"@graph\":[{\"@type\":\"WebPage\",\"@id\":\"https:\/\/www.esolutions.free2move.com\/na\/fr_ca\/incitatifs-pour-les-chargeurs-de-vehicules-electriques\/\",\"url\":\"https:\/\/www.esolutions.free2move.com\/na\/fr_ca\/incitatifs-pour-les-chargeurs-de-vehicules-electriques\/\",\"name\":\"Incitatifs pour les chargeurs de v\u00e9hicules \u00e9lectriques - eSolution North America\",\"isPartOf\":{\"@id\":\"https:\/\/www.esolutions.free2move.com\/na\/en_us\/#website\"},\"datePublished\":\"2024-08-01T18:04:11+00:00\",\"dateModified\":\"2024-09-23T19:28:21+00:00\",\"description\":\"\u00c9conomisez gros sur votre chargeur de VE gr\u00e2ce aux incitations disponibles, trouvez des rabais, des cr\u00e9dits d'imp\u00f4t et bien plus encore pour rendre la conduite \u00e9lectrique abordable.\",\"breadcrumb\":{\"@id\":\"https:\/\/www.esolutions.free2move.com\/na\/fr_ca\/incitatifs-pour-les-chargeurs-de-vehicules-electriques\/#breadcrumb\"},\"inLanguage\":\"fr-CA\",\"potentialAction\":[{\"@type\":\"ReadAction\",\"target\":[\"https:\/\/www.esolutions.free2move.com\/na\/fr_ca\/incitatifs-pour-les-chargeurs-de-vehicules-electriques\/\"]}]},{\"@type\":\"BreadcrumbList\",\"@id\":\"https:\/\/www.esolutions.free2move.com\/na\/fr_ca\/incitatifs-pour-les-chargeurs-de-vehicules-electriques\/#breadcrumb\",\"itemListElement\":[{\"@type\":\"ListItem\",\"position\":1,\"name\":\"Home\",\"item\":\"https:\/\/www.esolutions.free2move.com\/na\/en_us\/\"},{\"@type\":\"ListItem\",\"position\":2,\"name\":\"Incitatifs pour les chargeurs de v\u00e9hicules \u00e9lectriques\"}]},{\"@type\":\"WebSite\",\"@id\":\"https:\/\/www.esolutions.free2move.com\/na\/en_us\/#website\",\"url\":\"https:\/\/www.esolutions.free2move.com\/na\/en_us\/\",\"name\":\"eSolution North America\",\"description\":\"Charge ahead with confidence!\",\"potentialAction\":[{\"@type\":\"SearchAction\",\"target\":{\"@type\":\"EntryPoint\",\"urlTemplate\":\"https:\/\/www.esolutions.free2move.com\/na\/en_us\/?s={search_term_string}\"},\"query-input\":{\"@type\":\"PropertyValueSpecification\",\"valueRequired\":true,\"valueName\":\"search_term_string\"}}],\"inLanguage\":\"fr-CA\"}]}<\/script>\n<!-- \/ Yoast SEO plugin. -->","yoast_head_json":{"title":"Incitatifs pour les chargeurs de v\u00e9hicules \u00e9lectriques - eSolution North America","description":"\u00c9conomisez gros sur votre chargeur de VE gr\u00e2ce aux incitations disponibles, trouvez des rabais, des cr\u00e9dits d'imp\u00f4t et bien plus encore pour rendre la conduite \u00e9lectrique abordable.","robots":{"index":"index","follow":"follow","max-snippet":"max-snippet:-1","max-image-preview":"max-image-preview:large","max-video-preview":"max-video-preview:-1"},"canonical":"https:\/\/www.esolutions.free2move.com\/na\/fr_ca\/incitatifs-pour-les-chargeurs-de-vehicules-electriques\/","og_locale":"fr_CA","og_type":"article","og_title":"Incitatifs pour les chargeurs de v\u00e9hicules \u00e9lectriques - eSolution North America","og_description":"\u00c9conomisez gros sur votre chargeur de VE gr\u00e2ce aux incitations disponibles, trouvez des rabais, des cr\u00e9dits d'imp\u00f4t et bien plus encore pour rendre la conduite \u00e9lectrique abordable.","og_url":"https:\/\/www.esolutions.free2move.com\/na\/fr_ca\/incitatifs-pour-les-chargeurs-de-vehicules-electriques\/","og_site_name":"eSolution North America","article_modified_time":"2024-09-23T19:28:21+00:00","twitter_card":"summary_large_image","twitter_misc":{"Estimation du temps de lecture":"2 minutes"},"schema":{"@context":"https:\/\/schema.org","@graph":[{"@type":"WebPage","@id":"https:\/\/www.esolutions.free2move.com\/na\/fr_ca\/incitatifs-pour-les-chargeurs-de-vehicules-electriques\/","url":"https:\/\/www.esolutions.free2move.com\/na\/fr_ca\/incitatifs-pour-les-chargeurs-de-vehicules-electriques\/","name":"Incitatifs pour les chargeurs de v\u00e9hicules \u00e9lectriques - eSolution North America","isPartOf":{"@id":"https:\/\/www.esolutions.free2move.com\/na\/en_us\/#website"},"datePublished":"2024-08-01T18:04:11+00:00","dateModified":"2024-09-23T19:28:21+00:00","description":"\u00c9conomisez gros sur votre chargeur de VE gr\u00e2ce aux incitations disponibles, trouvez des rabais, des cr\u00e9dits d'imp\u00f4t et bien plus encore pour rendre la conduite \u00e9lectrique abordable.","breadcrumb":{"@id":"https:\/\/www.esolutions.free2move.com\/na\/fr_ca\/incitatifs-pour-les-chargeurs-de-vehicules-electriques\/#breadcrumb"},"inLanguage":"fr-CA","potentialAction":[{"@type":"ReadAction","target":["https:\/\/www.esolutions.free2move.com\/na\/fr_ca\/incitatifs-pour-les-chargeurs-de-vehicules-electriques\/"]}]},{"@type":"BreadcrumbList","@id":"https:\/\/www.esolutions.free2move.com\/na\/fr_ca\/incitatifs-pour-les-chargeurs-de-vehicules-electriques\/#breadcrumb","itemListElement":[{"@type":"ListItem","position":1,"name":"Home","item":"https:\/\/www.esolutions.free2move.com\/na\/en_us\/"},{"@type":"ListItem","position":2,"name":"Incitatifs pour les chargeurs de v\u00e9hicules \u00e9lectriques"}]},{"@type":"WebSite","@id":"https:\/\/www.esolutions.free2move.com\/na\/en_us\/#website","url":"https:\/\/www.esolutions.free2move.com\/na\/en_us\/","name":"eSolution North America","description":"Charge ahead with confidence!","potentialAction":[{"@type":"SearchAction","target":{"@type":"EntryPoint","urlTemplate":"https:\/\/www.esolutions.free2move.com\/na\/en_us\/?s={search_term_string}"},"query-input":{"@type":"PropertyValueSpecification","valueRequired":true,"valueName":"search_term_string"}}],"inLanguage":"fr-CA"}]}},"_links":{"self":[{"href":"https:\/\/www.esolutions.free2move.com\/na\/fr_ca\/wp-json\/wp\/v2\/pages\/10373","targetHints":{"allow":["GET"]}}],"collection":[{"href":"https:\/\/www.esolutions.free2move.com\/na\/fr_ca\/wp-json\/wp\/v2\/pages"}],"about":[{"href":"https:\/\/www.esolutions.free2move.com\/na\/fr_ca\/wp-json\/wp\/v2\/types\/page"}],"author":[{"embeddable":true,"href":"https:\/\/www.esolutions.free2move.com\/na\/fr_ca\/wp-json\/wp\/v2\/users\/4"}],"replies":[{"embeddable":true,"href":"https:\/\/www.esolutions.free2move.com\/na\/fr_ca\/wp-json\/wp\/v2\/comments?post=10373"}],"version-history":[{"count":1,"href":"https:\/\/www.esolutions.free2move.com\/na\/fr_ca\/wp-json\/wp\/v2\/pages\/10373\/revisions"}],"predecessor-version":[{"id":10374,"href":"https:\/\/www.esolutions.free2move.com\/na\/fr_ca\/wp-json\/wp\/v2\/pages\/10373\/revisions\/10374"}],"wp:attachment":[{"href":"https:\/\/www.esolutions.free2move.com\/na\/fr_ca\/wp-json\/wp\/v2\/media?parent=10373"}],"curies":[{"name":"wp","href":"https:\/\/api.w.org\/{rel}","templated":true}]}}