{"id":2156,"date":"2024-02-15T14:44:02","date_gmt":"2024-02-15T19:44:02","guid":{"rendered":"https:\/\/test.esolutions.free2move.com\/na\/inicio-recursos\/"},"modified":"2024-06-11T16:00:11","modified_gmt":"2024-06-11T14:00:11","slug":"inicio-recursos","status":"publish","type":"page","link":"https:\/\/www.esolutions.free2move.com\/na\/es_mx\/inicio-recursos\/","title":{"rendered":"Inicio Recursos"},"content":{"rendered":"<div id=\"cs-content\" class=\"cs-content\"><\/div>\n","protected":false},"excerpt":{"rendered":"<p>Home Inicio RecursosDise\u00f1amos tecnolog\u00edas innovadoras para liderar la transici\u00f3n a la movilidad el\u00e9ctrica. Priorizamos su seguridad y el rendimiento \u00f3ptimo de su experiencia de carga, por eso creamos una red de expertos que conocen nuestros productos para garantizar que se libere todo su potencial. Para ofrecerte una experiencia de carga perfecta te recomendaremos a los mejores profesionales de tu pa\u00eds. &#8230; <\/p>\n<div><a href=\"https:\/\/www.esolutions.free2move.com\/na\/es_mx\/inicio-recursos\/\" class=\"more-link\">Read More<\/a><\/div>\n","protected":false},"author":1,"featured_media":0,"parent":0,"menu_order":0,"comment_status":"closed","ping_status":"closed","template":"template-blank-4.php","meta":{"footnotes":""},"class_list":["post-2156","page","type-page","status-publish","hentry","no-post-thumbnail"],"yoast_head":"<!-- This site is optimized with the Yoast SEO plugin v26.7 - https:\/\/yoast.com\/wordpress\/plugins\/seo\/ -->\n<title>Recursos para el hogar | eSolution North America<\/title>\n<meta name=\"description\" content=\"Explora incentivos, garant\u00edas y soporte experto para cargadores de veh\u00edculos el\u00e9ctricos. Prioriza la seguridad y el rendimiento.\" \/>\n<meta name=\"robots\" content=\"index, follow, max-snippet:-1, max-image-preview:large, max-video-preview:-1\" \/>\n<link rel=\"canonical\" href=\"https:\/\/www.esolutions.free2move.com\/na\/en_us\/home-resources\/\" \/>\n<meta property=\"og:locale\" content=\"es_MX\" \/>\n<meta property=\"og:type\" content=\"article\" \/>\n<meta property=\"og:title\" content=\"Recursos para el hogar | eSolution North America\" \/>\n<meta property=\"og:description\" content=\"Explora incentivos, garant\u00edas y soporte experto para cargadores de veh\u00edculos el\u00e9ctricos. Prioriza la seguridad y el rendimiento.\" \/>\n<meta property=\"og:url\" content=\"https:\/\/www.esolutions.free2move.com\/na\/en_us\/home-resources\/\" \/>\n<meta property=\"og:site_name\" content=\"eSolution North America\" \/>\n<meta property=\"article:modified_time\" content=\"2024-06-11T14:00:11+00:00\" \/>\n<meta name=\"twitter:card\" content=\"summary_large_image\" \/>\n<meta name=\"twitter:label1\" content=\"Tiempo de lectura\" \/>\n\t<meta name=\"twitter:data1\" content=\"3 minutos\" \/>\n<script type=\"application\/ld+json\" class=\"yoast-schema-graph\">{\"@context\":\"https:\/\/schema.org\",\"@graph\":[{\"@type\":\"WebPage\",\"@id\":\"https:\/\/www.esolutions.free2move.com\/na\/en_us\/home-resources\/\",\"url\":\"https:\/\/www.esolutions.free2move.com\/na\/en_us\/home-resources\/\",\"name\":\"Recursos para el hogar | eSolution North America\",\"isPartOf\":{\"@id\":\"https:\/\/www.esolutions.free2move.com\/na\/en_us\/#website\"},\"datePublished\":\"2024-02-15T19:44:02+00:00\",\"dateModified\":\"2024-06-11T14:00:11+00:00\",\"description\":\"Explora incentivos, garant\u00edas y soporte experto para cargadores de veh\u00edculos el\u00e9ctricos. Prioriza la seguridad y el rendimiento.\",\"breadcrumb\":{\"@id\":\"https:\/\/www.esolutions.free2move.com\/na\/en_us\/home-resources\/#breadcrumb\"},\"inLanguage\":\"es\",\"potentialAction\":[{\"@type\":\"ReadAction\",\"target\":[\"https:\/\/www.esolutions.free2move.com\/na\/en_us\/home-resources\/\"]}]},{\"@type\":\"BreadcrumbList\",\"@id\":\"https:\/\/www.esolutions.free2move.com\/na\/en_us\/home-resources\/#breadcrumb\",\"itemListElement\":[{\"@type\":\"ListItem\",\"position\":1,\"name\":\"Home\",\"item\":\"https:\/\/www.esolutions.free2move.com\/na\/en_us\/\"},{\"@type\":\"ListItem\",\"position\":2,\"name\":\"Inicio Recursos\"}]},{\"@type\":\"WebSite\",\"@id\":\"https:\/\/www.esolutions.free2move.com\/na\/en_us\/#website\",\"url\":\"https:\/\/www.esolutions.free2move.com\/na\/en_us\/\",\"name\":\"eSolution North America\",\"description\":\"Charge ahead with confidence!\",\"potentialAction\":[{\"@type\":\"SearchAction\",\"target\":{\"@type\":\"EntryPoint\",\"urlTemplate\":\"https:\/\/www.esolutions.free2move.com\/na\/en_us\/?s={search_term_string}\"},\"query-input\":{\"@type\":\"PropertyValueSpecification\",\"valueRequired\":true,\"valueName\":\"search_term_string\"}}],\"inLanguage\":\"es\"}]}<\/script>\n<!-- \/ Yoast SEO plugin. -->","yoast_head_json":{"title":"Recursos para el hogar | eSolution North America","description":"Explora incentivos, garant\u00edas y soporte experto para cargadores de veh\u00edculos el\u00e9ctricos. Prioriza la seguridad y el rendimiento.","robots":{"index":"index","follow":"follow","max-snippet":"max-snippet:-1","max-image-preview":"max-image-preview:large","max-video-preview":"max-video-preview:-1"},"canonical":"https:\/\/www.esolutions.free2move.com\/na\/en_us\/home-resources\/","og_locale":"es_MX","og_type":"article","og_title":"Recursos para el hogar | eSolution North America","og_description":"Explora incentivos, garant\u00edas y soporte experto para cargadores de veh\u00edculos el\u00e9ctricos. Prioriza la seguridad y el rendimiento.","og_url":"https:\/\/www.esolutions.free2move.com\/na\/en_us\/home-resources\/","og_site_name":"eSolution North America","article_modified_time":"2024-06-11T14:00:11+00:00","twitter_card":"summary_large_image","twitter_misc":{"Tiempo de lectura":"3 minutos"},"schema":{"@context":"https:\/\/schema.org","@graph":[{"@type":"WebPage","@id":"https:\/\/www.esolutions.free2move.com\/na\/en_us\/home-resources\/","url":"https:\/\/www.esolutions.free2move.com\/na\/en_us\/home-resources\/","name":"Recursos para el hogar | eSolution North America","isPartOf":{"@id":"https:\/\/www.esolutions.free2move.com\/na\/en_us\/#website"},"datePublished":"2024-02-15T19:44:02+00:00","dateModified":"2024-06-11T14:00:11+00:00","description":"Explora incentivos, garant\u00edas y soporte experto para cargadores de veh\u00edculos el\u00e9ctricos. Prioriza la seguridad y el rendimiento.","breadcrumb":{"@id":"https:\/\/www.esolutions.free2move.com\/na\/en_us\/home-resources\/#breadcrumb"},"inLanguage":"es","potentialAction":[{"@type":"ReadAction","target":["https:\/\/www.esolutions.free2move.com\/na\/en_us\/home-resources\/"]}]},{"@type":"BreadcrumbList","@id":"https:\/\/www.esolutions.free2move.com\/na\/en_us\/home-resources\/#breadcrumb","itemListElement":[{"@type":"ListItem","position":1,"name":"Home","item":"https:\/\/www.esolutions.free2move.com\/na\/en_us\/"},{"@type":"ListItem","position":2,"name":"Inicio Recursos"}]},{"@type":"WebSite","@id":"https:\/\/www.esolutions.free2move.com\/na\/en_us\/#website","url":"https:\/\/www.esolutions.free2move.com\/na\/en_us\/","name":"eSolution North America","description":"Charge ahead with confidence!","potentialAction":[{"@type":"SearchAction","target":{"@type":"EntryPoint","urlTemplate":"https:\/\/www.esolutions.free2move.com\/na\/en_us\/?s={search_term_string}"},"query-input":{"@type":"PropertyValueSpecification","valueRequired":true,"valueName":"search_term_string"}}],"inLanguage":"es"}]}},"_links":{"self":[{"href":"https:\/\/www.esolutions.free2move.com\/na\/es_mx\/wp-json\/wp\/v2\/pages\/2156","targetHints":{"allow":["GET"]}}],"collection":[{"href":"https:\/\/www.esolutions.free2move.com\/na\/es_mx\/wp-json\/wp\/v2\/pages"}],"about":[{"href":"https:\/\/www.esolutions.free2move.com\/na\/es_mx\/wp-json\/wp\/v2\/types\/page"}],"author":[{"embeddable":true,"href":"https:\/\/www.esolutions.free2move.com\/na\/es_mx\/wp-json\/wp\/v2\/users\/1"}],"replies":[{"embeddable":true,"href":"https:\/\/www.esolutions.free2move.com\/na\/es_mx\/wp-json\/wp\/v2\/comments?post=2156"}],"version-history":[{"count":9,"href":"https:\/\/www.esolutions.free2move.com\/na\/es_mx\/wp-json\/wp\/v2\/pages\/2156\/revisions"}],"predecessor-version":[{"id":10074,"href":"https:\/\/www.esolutions.free2move.com\/na\/es_mx\/wp-json\/wp\/v2\/pages\/2156\/revisions\/10074"}],"wp:attachment":[{"href":"https:\/\/www.esolutions.free2move.com\/na\/es_mx\/wp-json\/wp\/v2\/media?parent=2156"}],"curies":[{"name":"wp","href":"https:\/\/api.w.org\/{rel}","templated":true}]}}