{"id":2152,"date":"2024-02-15T10:40:15","date_gmt":"2024-02-15T15:40:15","guid":{"rendered":"https:\/\/test.esolutions.free2move.com\/na\/carga-en-el-hogar\/"},"modified":"2024-06-11T15:57:48","modified_gmt":"2024-06-11T13:57:48","slug":"carga-en-el-hogar","status":"publish","type":"page","link":"https:\/\/www.esolutions.free2move.com\/na\/es_mx\/carga-en-el-hogar\/","title":{"rendered":"Recargar en casa"},"content":{"rendered":"<div id=\"cs-content\" class=\"cs-content\"><\/div>\n","protected":false},"excerpt":{"rendered":"<p>Inicio \/ Nuestros productos Carga empresarialLa carga de veh\u00edculos el\u00e9ctricos sin esfuerzo comienza con una estaci\u00f3n de carga en casa.Dise\u00f1amos, instalamos y administramos cargadores innovadores de veh\u00edculos el\u00e9ctricos en su hogar para que pueda cargar su veh\u00edculo el\u00e9ctrico de forma conveniente y eficiente. &nbsp; Explore estos otros productos para encontrar el ajuste perfecto para sus necesidades.Soluciones de cargamovilidad el\u00e9ctricaInstalaci\u00f3nPARA CLIENTES &#8230; <\/p>\n<div><a href=\"https:\/\/www.esolutions.free2move.com\/na\/es_mx\/carga-en-el-hogar\/\" class=\"more-link\">Read More<\/a><\/div>\n","protected":false},"author":1,"featured_media":0,"parent":0,"menu_order":0,"comment_status":"closed","ping_status":"closed","template":"template-blank-4.php","meta":{"footnotes":""},"class_list":["post-2152","page","type-page","status-publish","hentry","no-post-thumbnail"],"yoast_head":"<!-- This site is optimized with the Yoast SEO plugin v26.7 - https:\/\/yoast.com\/wordpress\/plugins\/seo\/ -->\n<title>Recargar en casa | eSolution North America<\/title>\n<meta name=\"description\" content=\"Descubre nuestros innovadores cargadores EV para el hogar. Instalaci\u00f3n f\u00e1cil y rendimiento fiable. \u00a1Empieza hoy mismo!\" \/>\n<meta name=\"robots\" content=\"index, follow, max-snippet:-1, max-image-preview:large, max-video-preview:-1\" \/>\n<link rel=\"canonical\" href=\"https:\/\/www.esolutions.free2move.com\/na\/en_us\/home-charging\/\" \/>\n<meta property=\"og:locale\" content=\"es_MX\" \/>\n<meta property=\"og:type\" content=\"article\" \/>\n<meta property=\"og:title\" content=\"Recargar en casa | eSolution North America\" \/>\n<meta property=\"og:description\" content=\"Descubre nuestros innovadores cargadores EV para el hogar. Instalaci\u00f3n f\u00e1cil y rendimiento fiable. \u00a1Empieza hoy mismo!\" \/>\n<meta property=\"og:url\" content=\"https:\/\/www.esolutions.free2move.com\/na\/en_us\/home-charging\/\" \/>\n<meta property=\"og:site_name\" content=\"eSolution North America\" \/>\n<meta property=\"article:modified_time\" content=\"2024-06-11T13:57:48+00:00\" \/>\n<meta name=\"twitter:card\" content=\"summary_large_image\" \/>\n<meta name=\"twitter:label1\" content=\"Tiempo de lectura\" \/>\n\t<meta name=\"twitter:data1\" content=\"3 minutos\" \/>\n<script type=\"application\/ld+json\" class=\"yoast-schema-graph\">{\"@context\":\"https:\/\/schema.org\",\"@graph\":[{\"@type\":\"WebPage\",\"@id\":\"https:\/\/www.esolutions.free2move.com\/na\/en_us\/home-charging\/\",\"url\":\"https:\/\/www.esolutions.free2move.com\/na\/en_us\/home-charging\/\",\"name\":\"Recargar en casa | eSolution North America\",\"isPartOf\":{\"@id\":\"https:\/\/www.esolutions.free2move.com\/na\/en_us\/#website\"},\"datePublished\":\"2024-02-15T15:40:15+00:00\",\"dateModified\":\"2024-06-11T13:57:48+00:00\",\"description\":\"Descubre nuestros innovadores cargadores EV para el hogar. Instalaci\u00f3n f\u00e1cil y rendimiento fiable. \u00a1Empieza hoy mismo!\",\"breadcrumb\":{\"@id\":\"https:\/\/www.esolutions.free2move.com\/na\/en_us\/home-charging\/#breadcrumb\"},\"inLanguage\":\"es\",\"potentialAction\":[{\"@type\":\"ReadAction\",\"target\":[\"https:\/\/www.esolutions.free2move.com\/na\/en_us\/home-charging\/\"]}]},{\"@type\":\"BreadcrumbList\",\"@id\":\"https:\/\/www.esolutions.free2move.com\/na\/en_us\/home-charging\/#breadcrumb\",\"itemListElement\":[{\"@type\":\"ListItem\",\"position\":1,\"name\":\"Home\",\"item\":\"https:\/\/www.esolutions.free2move.com\/na\/en_us\/\"},{\"@type\":\"ListItem\",\"position\":2,\"name\":\"Recargar en casa\"}]},{\"@type\":\"WebSite\",\"@id\":\"https:\/\/www.esolutions.free2move.com\/na\/en_us\/#website\",\"url\":\"https:\/\/www.esolutions.free2move.com\/na\/en_us\/\",\"name\":\"eSolution North America\",\"description\":\"Charge ahead with confidence!\",\"potentialAction\":[{\"@type\":\"SearchAction\",\"target\":{\"@type\":\"EntryPoint\",\"urlTemplate\":\"https:\/\/www.esolutions.free2move.com\/na\/en_us\/?s={search_term_string}\"},\"query-input\":{\"@type\":\"PropertyValueSpecification\",\"valueRequired\":true,\"valueName\":\"search_term_string\"}}],\"inLanguage\":\"es\"}]}<\/script>\n<!-- \/ Yoast SEO plugin. -->","yoast_head_json":{"title":"Recargar en casa | eSolution North America","description":"Descubre nuestros innovadores cargadores EV para el hogar. Instalaci\u00f3n f\u00e1cil y rendimiento fiable. \u00a1Empieza hoy mismo!","robots":{"index":"index","follow":"follow","max-snippet":"max-snippet:-1","max-image-preview":"max-image-preview:large","max-video-preview":"max-video-preview:-1"},"canonical":"https:\/\/www.esolutions.free2move.com\/na\/en_us\/home-charging\/","og_locale":"es_MX","og_type":"article","og_title":"Recargar en casa | eSolution North America","og_description":"Descubre nuestros innovadores cargadores EV para el hogar. Instalaci\u00f3n f\u00e1cil y rendimiento fiable. \u00a1Empieza hoy mismo!","og_url":"https:\/\/www.esolutions.free2move.com\/na\/en_us\/home-charging\/","og_site_name":"eSolution North America","article_modified_time":"2024-06-11T13:57:48+00:00","twitter_card":"summary_large_image","twitter_misc":{"Tiempo de lectura":"3 minutos"},"schema":{"@context":"https:\/\/schema.org","@graph":[{"@type":"WebPage","@id":"https:\/\/www.esolutions.free2move.com\/na\/en_us\/home-charging\/","url":"https:\/\/www.esolutions.free2move.com\/na\/en_us\/home-charging\/","name":"Recargar en casa | eSolution North America","isPartOf":{"@id":"https:\/\/www.esolutions.free2move.com\/na\/en_us\/#website"},"datePublished":"2024-02-15T15:40:15+00:00","dateModified":"2024-06-11T13:57:48+00:00","description":"Descubre nuestros innovadores cargadores EV para el hogar. Instalaci\u00f3n f\u00e1cil y rendimiento fiable. \u00a1Empieza hoy mismo!","breadcrumb":{"@id":"https:\/\/www.esolutions.free2move.com\/na\/en_us\/home-charging\/#breadcrumb"},"inLanguage":"es","potentialAction":[{"@type":"ReadAction","target":["https:\/\/www.esolutions.free2move.com\/na\/en_us\/home-charging\/"]}]},{"@type":"BreadcrumbList","@id":"https:\/\/www.esolutions.free2move.com\/na\/en_us\/home-charging\/#breadcrumb","itemListElement":[{"@type":"ListItem","position":1,"name":"Home","item":"https:\/\/www.esolutions.free2move.com\/na\/en_us\/"},{"@type":"ListItem","position":2,"name":"Recargar en casa"}]},{"@type":"WebSite","@id":"https:\/\/www.esolutions.free2move.com\/na\/en_us\/#website","url":"https:\/\/www.esolutions.free2move.com\/na\/en_us\/","name":"eSolution North America","description":"Charge ahead with confidence!","potentialAction":[{"@type":"SearchAction","target":{"@type":"EntryPoint","urlTemplate":"https:\/\/www.esolutions.free2move.com\/na\/en_us\/?s={search_term_string}"},"query-input":{"@type":"PropertyValueSpecification","valueRequired":true,"valueName":"search_term_string"}}],"inLanguage":"es"}]}},"_links":{"self":[{"href":"https:\/\/www.esolutions.free2move.com\/na\/es_mx\/wp-json\/wp\/v2\/pages\/2152","targetHints":{"allow":["GET"]}}],"collection":[{"href":"https:\/\/www.esolutions.free2move.com\/na\/es_mx\/wp-json\/wp\/v2\/pages"}],"about":[{"href":"https:\/\/www.esolutions.free2move.com\/na\/es_mx\/wp-json\/wp\/v2\/types\/page"}],"author":[{"embeddable":true,"href":"https:\/\/www.esolutions.free2move.com\/na\/es_mx\/wp-json\/wp\/v2\/users\/1"}],"replies":[{"embeddable":true,"href":"https:\/\/www.esolutions.free2move.com\/na\/es_mx\/wp-json\/wp\/v2\/comments?post=2152"}],"version-history":[{"count":18,"href":"https:\/\/www.esolutions.free2move.com\/na\/es_mx\/wp-json\/wp\/v2\/pages\/2152\/revisions"}],"predecessor-version":[{"id":10175,"href":"https:\/\/www.esolutions.free2move.com\/na\/es_mx\/wp-json\/wp\/v2\/pages\/2152\/revisions\/10175"}],"wp:attachment":[{"href":"https:\/\/www.esolutions.free2move.com\/na\/es_mx\/wp-json\/wp\/v2\/media?parent=2152"}],"curies":[{"name":"wp","href":"https:\/\/api.w.org\/{rel}","templated":true}]}}