{"id":2144,"date":"2024-02-16T11:18:07","date_gmt":"2024-02-16T16:18:07","guid":{"rendered":"https:\/\/test.esolutions.free2move.com\/na\/gobernanza-y-etica\/"},"modified":"2025-12-23T06:09:12","modified_gmt":"2025-12-23T11:09:12","slug":"gobernanza-y-etica","status":"publish","type":"page","link":"https:\/\/www.esolutions.free2move.com\/na\/es_mx\/gobernanza-y-etica\/","title":{"rendered":"Gobernanza y \u00e9tica"},"content":{"rendered":"<div id=\"cs-content\" class=\"cs-content\"><\/div>\n","protected":false},"excerpt":{"rendered":"<p>Inicio \/ Empresa Gobernanza y &eacute;ticaObtenga m\u00e1s informaci\u00f3n sobre nuestra Junta de &nbsp;Directores&nbsp; altamente comprometida a supervisar nuestra estrategia de negocios y nuestras altas normas \u00e9ticas, manteniendo la integridad como el principio gu\u00eda de todas nuestras decisiones.C\u00f3digo de \u00e9tica Nuestras labores son guiadas por los principios de buen desempe\u00f1o, justicia e integridad. Hacemos nuestras operaciones con integridad para la sostenibilidad &#8230; <\/p>\n<div><a href=\"https:\/\/www.esolutions.free2move.com\/na\/es_mx\/gobernanza-y-etica\/\" class=\"more-link\">Read More<\/a><\/div>\n","protected":false},"author":1,"featured_media":0,"parent":0,"menu_order":0,"comment_status":"closed","ping_status":"closed","template":"template-blank-4.php","meta":{"footnotes":""},"class_list":["post-2144","page","type-page","status-publish","hentry","no-post-thumbnail"],"yoast_head":"<!-- This site is optimized with the Yoast SEO plugin v26.7 - https:\/\/yoast.com\/wordpress\/plugins\/seo\/ -->\n<title>Gobernanza y \u00e9tica | eSolution North America<\/title>\n<meta name=\"description\" content=\"Explora nuestro Consejo, que supervisa la estrategia y mantiene altos est\u00e1ndares \u00e9ticos guiados por la integridad en todas las decisiones.\" \/>\n<meta name=\"robots\" content=\"index, follow, max-snippet:-1, max-image-preview:large, max-video-preview:-1\" \/>\n<link rel=\"canonical\" href=\"https:\/\/www.esolutions.free2move.com\/na\/es_mx\/gobernanza-y-etica\/\" \/>\n<meta property=\"og:locale\" content=\"es_MX\" \/>\n<meta property=\"og:type\" content=\"article\" \/>\n<meta property=\"og:title\" content=\"Gobernanza y \u00e9tica | eSolution North America\" \/>\n<meta property=\"og:description\" content=\"Explora nuestro Consejo, que supervisa la estrategia y mantiene altos est\u00e1ndares \u00e9ticos guiados por la integridad en todas las decisiones.\" \/>\n<meta property=\"og:url\" content=\"https:\/\/www.esolutions.free2move.com\/na\/es_mx\/gobernanza-y-etica\/\" \/>\n<meta property=\"og:site_name\" content=\"eSolution North America\" \/>\n<meta property=\"article:modified_time\" content=\"2025-12-23T11:09:12+00:00\" \/>\n<meta name=\"twitter:card\" content=\"summary_large_image\" \/>\n<meta name=\"twitter:label1\" content=\"Tiempo de lectura\" \/>\n\t<meta name=\"twitter:data1\" content=\"2 minutos\" \/>\n<script type=\"application\/ld+json\" class=\"yoast-schema-graph\">{\"@context\":\"https:\/\/schema.org\",\"@graph\":[{\"@type\":\"WebPage\",\"@id\":\"https:\/\/www.esolutions.free2move.com\/na\/es_mx\/gobernanza-y-etica\/\",\"url\":\"https:\/\/www.esolutions.free2move.com\/na\/es_mx\/gobernanza-y-etica\/\",\"name\":\"Gobernanza y \u00e9tica | eSolution North America\",\"isPartOf\":{\"@id\":\"https:\/\/www.esolutions.free2move.com\/na\/en_us\/#website\"},\"datePublished\":\"2024-02-16T16:18:07+00:00\",\"dateModified\":\"2025-12-23T11:09:12+00:00\",\"description\":\"Explora nuestro Consejo, que supervisa la estrategia y mantiene altos est\u00e1ndares \u00e9ticos guiados por la integridad en todas las decisiones.\",\"breadcrumb\":{\"@id\":\"https:\/\/www.esolutions.free2move.com\/na\/es_mx\/gobernanza-y-etica\/#breadcrumb\"},\"inLanguage\":\"es\",\"potentialAction\":[{\"@type\":\"ReadAction\",\"target\":[\"https:\/\/www.esolutions.free2move.com\/na\/es_mx\/gobernanza-y-etica\/\"]}]},{\"@type\":\"BreadcrumbList\",\"@id\":\"https:\/\/www.esolutions.free2move.com\/na\/es_mx\/gobernanza-y-etica\/#breadcrumb\",\"itemListElement\":[{\"@type\":\"ListItem\",\"position\":1,\"name\":\"Home\",\"item\":\"https:\/\/www.esolutions.free2move.com\/na\/en_us\/\"},{\"@type\":\"ListItem\",\"position\":2,\"name\":\"Gobernanza y \u00e9tica\"}]},{\"@type\":\"WebSite\",\"@id\":\"https:\/\/www.esolutions.free2move.com\/na\/en_us\/#website\",\"url\":\"https:\/\/www.esolutions.free2move.com\/na\/en_us\/\",\"name\":\"eSolution North America\",\"description\":\"Charge ahead with confidence!\",\"potentialAction\":[{\"@type\":\"SearchAction\",\"target\":{\"@type\":\"EntryPoint\",\"urlTemplate\":\"https:\/\/www.esolutions.free2move.com\/na\/en_us\/?s={search_term_string}\"},\"query-input\":{\"@type\":\"PropertyValueSpecification\",\"valueRequired\":true,\"valueName\":\"search_term_string\"}}],\"inLanguage\":\"es\"}]}<\/script>\n<!-- \/ Yoast SEO plugin. -->","yoast_head_json":{"title":"Gobernanza y \u00e9tica | eSolution North America","description":"Explora nuestro Consejo, que supervisa la estrategia y mantiene altos est\u00e1ndares \u00e9ticos guiados por la integridad en todas las decisiones.","robots":{"index":"index","follow":"follow","max-snippet":"max-snippet:-1","max-image-preview":"max-image-preview:large","max-video-preview":"max-video-preview:-1"},"canonical":"https:\/\/www.esolutions.free2move.com\/na\/es_mx\/gobernanza-y-etica\/","og_locale":"es_MX","og_type":"article","og_title":"Gobernanza y \u00e9tica | eSolution North America","og_description":"Explora nuestro Consejo, que supervisa la estrategia y mantiene altos est\u00e1ndares \u00e9ticos guiados por la integridad en todas las decisiones.","og_url":"https:\/\/www.esolutions.free2move.com\/na\/es_mx\/gobernanza-y-etica\/","og_site_name":"eSolution North America","article_modified_time":"2025-12-23T11:09:12+00:00","twitter_card":"summary_large_image","twitter_misc":{"Tiempo de lectura":"2 minutos"},"schema":{"@context":"https:\/\/schema.org","@graph":[{"@type":"WebPage","@id":"https:\/\/www.esolutions.free2move.com\/na\/es_mx\/gobernanza-y-etica\/","url":"https:\/\/www.esolutions.free2move.com\/na\/es_mx\/gobernanza-y-etica\/","name":"Gobernanza y \u00e9tica | eSolution North America","isPartOf":{"@id":"https:\/\/www.esolutions.free2move.com\/na\/en_us\/#website"},"datePublished":"2024-02-16T16:18:07+00:00","dateModified":"2025-12-23T11:09:12+00:00","description":"Explora nuestro Consejo, que supervisa la estrategia y mantiene altos est\u00e1ndares \u00e9ticos guiados por la integridad en todas las decisiones.","breadcrumb":{"@id":"https:\/\/www.esolutions.free2move.com\/na\/es_mx\/gobernanza-y-etica\/#breadcrumb"},"inLanguage":"es","potentialAction":[{"@type":"ReadAction","target":["https:\/\/www.esolutions.free2move.com\/na\/es_mx\/gobernanza-y-etica\/"]}]},{"@type":"BreadcrumbList","@id":"https:\/\/www.esolutions.free2move.com\/na\/es_mx\/gobernanza-y-etica\/#breadcrumb","itemListElement":[{"@type":"ListItem","position":1,"name":"Home","item":"https:\/\/www.esolutions.free2move.com\/na\/en_us\/"},{"@type":"ListItem","position":2,"name":"Gobernanza y \u00e9tica"}]},{"@type":"WebSite","@id":"https:\/\/www.esolutions.free2move.com\/na\/en_us\/#website","url":"https:\/\/www.esolutions.free2move.com\/na\/en_us\/","name":"eSolution North America","description":"Charge ahead with confidence!","potentialAction":[{"@type":"SearchAction","target":{"@type":"EntryPoint","urlTemplate":"https:\/\/www.esolutions.free2move.com\/na\/en_us\/?s={search_term_string}"},"query-input":{"@type":"PropertyValueSpecification","valueRequired":true,"valueName":"search_term_string"}}],"inLanguage":"es"}]}},"_links":{"self":[{"href":"https:\/\/www.esolutions.free2move.com\/na\/es_mx\/wp-json\/wp\/v2\/pages\/2144","targetHints":{"allow":["GET"]}}],"collection":[{"href":"https:\/\/www.esolutions.free2move.com\/na\/es_mx\/wp-json\/wp\/v2\/pages"}],"about":[{"href":"https:\/\/www.esolutions.free2move.com\/na\/es_mx\/wp-json\/wp\/v2\/types\/page"}],"author":[{"embeddable":true,"href":"https:\/\/www.esolutions.free2move.com\/na\/es_mx\/wp-json\/wp\/v2\/users\/1"}],"replies":[{"embeddable":true,"href":"https:\/\/www.esolutions.free2move.com\/na\/es_mx\/wp-json\/wp\/v2\/comments?post=2144"}],"version-history":[{"count":8,"href":"https:\/\/www.esolutions.free2move.com\/na\/es_mx\/wp-json\/wp\/v2\/pages\/2144\/revisions"}],"predecessor-version":[{"id":10771,"href":"https:\/\/www.esolutions.free2move.com\/na\/es_mx\/wp-json\/wp\/v2\/pages\/2144\/revisions\/10771"}],"wp:attachment":[{"href":"https:\/\/www.esolutions.free2move.com\/na\/es_mx\/wp-json\/wp\/v2\/media?parent=2144"}],"curies":[{"name":"wp","href":"https:\/\/api.w.org\/{rel}","templated":true}]}}