{"id":2136,"date":"2024-02-19T15:40:38","date_gmt":"2024-02-19T14:40:38","guid":{"rendered":"https:\/\/test.esolutions.free2move.com\/na\/proyecto-drossone-v2g\/"},"modified":"2024-03-14T13:15:42","modified_gmt":"2024-03-14T12:15:42","slug":"proyecto-drossone-v2g","status":"publish","type":"page","link":"https:\/\/www.esolutions.free2move.com\/na\/es_mx\/proyecto-drossone-v2g\/","title":{"rendered":"PROYECTO DROSSONE V2G"},"content":{"rendered":"<div id=\"cs-content\" class=\"cs-content\"><\/div>\n","protected":false},"excerpt":{"rendered":"<p>Inicio \/ Empresa PROYECTO DROSSONE V2GEl Proyecto de Estacionamientos DrossOne V2G es un sistema de veh\u00edculos a la red el\u00e9ctrica (V2G) de gran escala con almacenamiento de energ\u00eda integrado desarrollado con apoyo del Fondo de Innovaci\u00f3n de la Comisi\u00f3n Europea. El Proyecto DrossOne Project se encuentra en Mirafiori, Tur\u00edn, Italia y es desarrollado por Free2move eSolutions y Stellantis.DrossOne V2G EstacionamientoGA &#8230; <\/p>\n<div><a href=\"https:\/\/www.esolutions.free2move.com\/na\/es_mx\/proyecto-drossone-v2g\/\" class=\"more-link\">Read More<\/a><\/div>\n","protected":false},"author":1,"featured_media":0,"parent":0,"menu_order":0,"comment_status":"closed","ping_status":"closed","template":"template-blank-4.php","meta":{"footnotes":""},"class_list":["post-2136","page","type-page","status-publish","hentry","no-post-thumbnail"],"yoast_head":"<!-- This site is optimized with the Yoast SEO plugin v26.7 - https:\/\/yoast.com\/wordpress\/plugins\/seo\/ -->\n<title>PROYECTO DROSSONE V2G - eSolution North America<\/title>\n<meta name=\"robots\" content=\"index, follow, max-snippet:-1, max-image-preview:large, max-video-preview:-1\" \/>\n<link rel=\"canonical\" href=\"https:\/\/www.esolutions.free2move.com\/na\/en_us\/drossone-v2g-project\/\" \/>\n<meta property=\"og:locale\" content=\"es_MX\" \/>\n<meta property=\"og:type\" content=\"article\" \/>\n<meta property=\"og:title\" content=\"PROYECTO DROSSONE V2G - eSolution North America\" \/>\n<meta property=\"og:description\" content=\"Inicio \/ Empresa PROYECTO DROSSONE V2GEl Proyecto de Estacionamientos DrossOne V2G es un sistema de veh\u00edculos a la red el\u00e9ctrica (V2G) de gran escala con almacenamiento de energ\u00eda integrado desarrollado con apoyo del Fondo de Innovaci\u00f3n de la Comisi\u00f3n Europea. El Proyecto DrossOne Project se encuentra en Mirafiori, Tur\u00edn, Italia y es desarrollado por Free2move eSolutions y Stellantis.DrossOne V2G EstacionamientoGA ... Read More\" \/>\n<meta property=\"og:url\" content=\"https:\/\/www.esolutions.free2move.com\/na\/en_us\/drossone-v2g-project\/\" \/>\n<meta property=\"og:site_name\" content=\"eSolution North America\" \/>\n<meta property=\"article:modified_time\" content=\"2024-03-14T12:15:42+00:00\" \/>\n<meta name=\"twitter:card\" content=\"summary_large_image\" \/>\n<meta name=\"twitter:label1\" content=\"Tiempo de lectura\" \/>\n\t<meta name=\"twitter:data1\" content=\"4 minutos\" \/>\n<script type=\"application\/ld+json\" class=\"yoast-schema-graph\">{\"@context\":\"https:\/\/schema.org\",\"@graph\":[{\"@type\":\"WebPage\",\"@id\":\"https:\/\/www.esolutions.free2move.com\/na\/en_us\/drossone-v2g-project\/\",\"url\":\"https:\/\/www.esolutions.free2move.com\/na\/en_us\/drossone-v2g-project\/\",\"name\":\"PROYECTO DROSSONE V2G - eSolution North America\",\"isPartOf\":{\"@id\":\"https:\/\/www.esolutions.free2move.com\/na\/en_us\/#website\"},\"datePublished\":\"2024-02-19T14:40:38+00:00\",\"dateModified\":\"2024-03-14T12:15:42+00:00\",\"breadcrumb\":{\"@id\":\"https:\/\/www.esolutions.free2move.com\/na\/en_us\/drossone-v2g-project\/#breadcrumb\"},\"inLanguage\":\"es\",\"potentialAction\":[{\"@type\":\"ReadAction\",\"target\":[\"https:\/\/www.esolutions.free2move.com\/na\/en_us\/drossone-v2g-project\/\"]}]},{\"@type\":\"BreadcrumbList\",\"@id\":\"https:\/\/www.esolutions.free2move.com\/na\/en_us\/drossone-v2g-project\/#breadcrumb\",\"itemListElement\":[{\"@type\":\"ListItem\",\"position\":1,\"name\":\"Home\",\"item\":\"https:\/\/www.esolutions.free2move.com\/na\/en_us\/\"},{\"@type\":\"ListItem\",\"position\":2,\"name\":\"PROYECTO DROSSONE V2G\"}]},{\"@type\":\"WebSite\",\"@id\":\"https:\/\/www.esolutions.free2move.com\/na\/en_us\/#website\",\"url\":\"https:\/\/www.esolutions.free2move.com\/na\/en_us\/\",\"name\":\"eSolution North America\",\"description\":\"Charge ahead with confidence!\",\"potentialAction\":[{\"@type\":\"SearchAction\",\"target\":{\"@type\":\"EntryPoint\",\"urlTemplate\":\"https:\/\/www.esolutions.free2move.com\/na\/en_us\/?s={search_term_string}\"},\"query-input\":{\"@type\":\"PropertyValueSpecification\",\"valueRequired\":true,\"valueName\":\"search_term_string\"}}],\"inLanguage\":\"es\"}]}<\/script>\n<!-- \/ Yoast SEO plugin. -->","yoast_head_json":{"title":"PROYECTO DROSSONE V2G - eSolution North America","robots":{"index":"index","follow":"follow","max-snippet":"max-snippet:-1","max-image-preview":"max-image-preview:large","max-video-preview":"max-video-preview:-1"},"canonical":"https:\/\/www.esolutions.free2move.com\/na\/en_us\/drossone-v2g-project\/","og_locale":"es_MX","og_type":"article","og_title":"PROYECTO DROSSONE V2G - eSolution North America","og_description":"Inicio \/ Empresa PROYECTO DROSSONE V2GEl Proyecto de Estacionamientos DrossOne V2G es un sistema de veh\u00edculos a la red el\u00e9ctrica (V2G) de gran escala con almacenamiento de energ\u00eda integrado desarrollado con apoyo del Fondo de Innovaci\u00f3n de la Comisi\u00f3n Europea. El Proyecto DrossOne Project se encuentra en Mirafiori, Tur\u00edn, Italia y es desarrollado por Free2move eSolutions y Stellantis.DrossOne V2G EstacionamientoGA ... Read More","og_url":"https:\/\/www.esolutions.free2move.com\/na\/en_us\/drossone-v2g-project\/","og_site_name":"eSolution North America","article_modified_time":"2024-03-14T12:15:42+00:00","twitter_card":"summary_large_image","twitter_misc":{"Tiempo de lectura":"4 minutos"},"schema":{"@context":"https:\/\/schema.org","@graph":[{"@type":"WebPage","@id":"https:\/\/www.esolutions.free2move.com\/na\/en_us\/drossone-v2g-project\/","url":"https:\/\/www.esolutions.free2move.com\/na\/en_us\/drossone-v2g-project\/","name":"PROYECTO DROSSONE V2G - eSolution North America","isPartOf":{"@id":"https:\/\/www.esolutions.free2move.com\/na\/en_us\/#website"},"datePublished":"2024-02-19T14:40:38+00:00","dateModified":"2024-03-14T12:15:42+00:00","breadcrumb":{"@id":"https:\/\/www.esolutions.free2move.com\/na\/en_us\/drossone-v2g-project\/#breadcrumb"},"inLanguage":"es","potentialAction":[{"@type":"ReadAction","target":["https:\/\/www.esolutions.free2move.com\/na\/en_us\/drossone-v2g-project\/"]}]},{"@type":"BreadcrumbList","@id":"https:\/\/www.esolutions.free2move.com\/na\/en_us\/drossone-v2g-project\/#breadcrumb","itemListElement":[{"@type":"ListItem","position":1,"name":"Home","item":"https:\/\/www.esolutions.free2move.com\/na\/en_us\/"},{"@type":"ListItem","position":2,"name":"PROYECTO DROSSONE V2G"}]},{"@type":"WebSite","@id":"https:\/\/www.esolutions.free2move.com\/na\/en_us\/#website","url":"https:\/\/www.esolutions.free2move.com\/na\/en_us\/","name":"eSolution North America","description":"Charge ahead with confidence!","potentialAction":[{"@type":"SearchAction","target":{"@type":"EntryPoint","urlTemplate":"https:\/\/www.esolutions.free2move.com\/na\/en_us\/?s={search_term_string}"},"query-input":{"@type":"PropertyValueSpecification","valueRequired":true,"valueName":"search_term_string"}}],"inLanguage":"es"}]}},"_links":{"self":[{"href":"https:\/\/www.esolutions.free2move.com\/na\/es_mx\/wp-json\/wp\/v2\/pages\/2136","targetHints":{"allow":["GET"]}}],"collection":[{"href":"https:\/\/www.esolutions.free2move.com\/na\/es_mx\/wp-json\/wp\/v2\/pages"}],"about":[{"href":"https:\/\/www.esolutions.free2move.com\/na\/es_mx\/wp-json\/wp\/v2\/types\/page"}],"author":[{"embeddable":true,"href":"https:\/\/www.esolutions.free2move.com\/na\/es_mx\/wp-json\/wp\/v2\/users\/1"}],"replies":[{"embeddable":true,"href":"https:\/\/www.esolutions.free2move.com\/na\/es_mx\/wp-json\/wp\/v2\/comments?post=2136"}],"version-history":[{"count":10,"href":"https:\/\/www.esolutions.free2move.com\/na\/es_mx\/wp-json\/wp\/v2\/pages\/2136\/revisions"}],"predecessor-version":[{"id":8640,"href":"https:\/\/www.esolutions.free2move.com\/na\/es_mx\/wp-json\/wp\/v2\/pages\/2136\/revisions\/8640"}],"wp:attachment":[{"href":"https:\/\/www.esolutions.free2move.com\/na\/es_mx\/wp-json\/wp\/v2\/media?parent=2136"}],"curies":[{"name":"wp","href":"https:\/\/api.w.org\/{rel}","templated":true}]}}