{"id":2120,"date":"2024-03-01T09:19:48","date_gmt":"2024-03-01T14:19:48","guid":{"rendered":"https:\/\/test.esolutions.free2move.com\/na\/empresa\/"},"modified":"2024-06-11T16:01:26","modified_gmt":"2024-06-11T14:01:26","slug":"empresa","status":"publish","type":"page","link":"https:\/\/www.esolutions.free2move.com\/na\/es_mx\/empresa\/","title":{"rendered":"Empresa"},"content":{"rendered":"<div id=\"cs-content\" class=\"cs-content\"><\/div>\n","protected":false},"excerpt":{"rendered":"<p>Home Free2move eSolutionsApasionados por el cambio &nbsp;Estamos dedicados a dise\u00f1ar y fabricar estaciones de carga inteligentes y servicios digitales para facilitar la vida de los conductores de veh\u00edculos el\u00e9ctricos. Apoyamos la transici\u00f3n a la movilidad el\u00e9ctrica sostenible ofreciendo soluciones f\u00e1ciles de usar que hacen que este cambio sea intuitivo y sin dificultades. Todo lo que debe saberGracias a nuestra estrategia &#8230; <\/p>\n<div><a href=\"https:\/\/www.esolutions.free2move.com\/na\/es_mx\/empresa\/\" class=\"more-link\">Read More<\/a><\/div>\n","protected":false},"author":1,"featured_media":0,"parent":0,"menu_order":0,"comment_status":"closed","ping_status":"closed","template":"template-blank-4.php","meta":{"footnotes":""},"class_list":["post-2120","page","type-page","status-publish","hentry","no-post-thumbnail"],"yoast_head":"<!-- This site is optimized with the Yoast SEO plugin v26.7 - https:\/\/yoast.com\/wordpress\/plugins\/seo\/ -->\n<title>Nuestra empresa | eSolution North America<\/title>\n<meta name=\"description\" content=\"Dise\u00f1amos tecnolog\u00edas innovadoras para liderar la transici\u00f3n a la movilidad el\u00e9ctrica con soluciones de carga que facilitan este cambio.\" \/>\n<meta name=\"robots\" content=\"index, follow, max-snippet:-1, max-image-preview:large, max-video-preview:-1\" \/>\n<link rel=\"canonical\" href=\"https:\/\/www.esolutions.free2move.com\/na\/en_us\/company\/\" \/>\n<meta property=\"og:locale\" content=\"es_MX\" \/>\n<meta property=\"og:type\" content=\"article\" \/>\n<meta property=\"og:title\" content=\"Nuestra empresa | eSolution North America\" \/>\n<meta property=\"og:description\" content=\"Dise\u00f1amos tecnolog\u00edas innovadoras para liderar la transici\u00f3n a la movilidad el\u00e9ctrica con soluciones de carga que facilitan este cambio.\" \/>\n<meta property=\"og:url\" content=\"https:\/\/www.esolutions.free2move.com\/na\/en_us\/company\/\" \/>\n<meta property=\"og:site_name\" content=\"eSolution North America\" \/>\n<meta property=\"article:modified_time\" content=\"2024-06-11T14:01:26+00:00\" \/>\n<meta name=\"twitter:card\" content=\"summary_large_image\" \/>\n<meta name=\"twitter:label1\" content=\"Tiempo de lectura\" \/>\n\t<meta name=\"twitter:data1\" content=\"2 minutos\" \/>\n<script type=\"application\/ld+json\" class=\"yoast-schema-graph\">{\"@context\":\"https:\/\/schema.org\",\"@graph\":[{\"@type\":\"WebPage\",\"@id\":\"https:\/\/www.esolutions.free2move.com\/na\/en_us\/company\/\",\"url\":\"https:\/\/www.esolutions.free2move.com\/na\/en_us\/company\/\",\"name\":\"Nuestra empresa | eSolution North America\",\"isPartOf\":{\"@id\":\"https:\/\/www.esolutions.free2move.com\/na\/en_us\/#website\"},\"datePublished\":\"2024-03-01T14:19:48+00:00\",\"dateModified\":\"2024-06-11T14:01:26+00:00\",\"description\":\"Dise\u00f1amos tecnolog\u00edas innovadoras para liderar la transici\u00f3n a la movilidad el\u00e9ctrica con soluciones de carga que facilitan este cambio.\",\"breadcrumb\":{\"@id\":\"https:\/\/www.esolutions.free2move.com\/na\/en_us\/company\/#breadcrumb\"},\"inLanguage\":\"es\",\"potentialAction\":[{\"@type\":\"ReadAction\",\"target\":[\"https:\/\/www.esolutions.free2move.com\/na\/en_us\/company\/\"]}]},{\"@type\":\"BreadcrumbList\",\"@id\":\"https:\/\/www.esolutions.free2move.com\/na\/en_us\/company\/#breadcrumb\",\"itemListElement\":[{\"@type\":\"ListItem\",\"position\":1,\"name\":\"Home\",\"item\":\"https:\/\/www.esolutions.free2move.com\/na\/en_us\/\"},{\"@type\":\"ListItem\",\"position\":2,\"name\":\"Empresa\"}]},{\"@type\":\"WebSite\",\"@id\":\"https:\/\/www.esolutions.free2move.com\/na\/en_us\/#website\",\"url\":\"https:\/\/www.esolutions.free2move.com\/na\/en_us\/\",\"name\":\"eSolution North America\",\"description\":\"Charge ahead with confidence!\",\"potentialAction\":[{\"@type\":\"SearchAction\",\"target\":{\"@type\":\"EntryPoint\",\"urlTemplate\":\"https:\/\/www.esolutions.free2move.com\/na\/en_us\/?s={search_term_string}\"},\"query-input\":{\"@type\":\"PropertyValueSpecification\",\"valueRequired\":true,\"valueName\":\"search_term_string\"}}],\"inLanguage\":\"es\"}]}<\/script>\n<!-- \/ Yoast SEO plugin. -->","yoast_head_json":{"title":"Nuestra empresa | eSolution North America","description":"Dise\u00f1amos tecnolog\u00edas innovadoras para liderar la transici\u00f3n a la movilidad el\u00e9ctrica con soluciones de carga que facilitan este cambio.","robots":{"index":"index","follow":"follow","max-snippet":"max-snippet:-1","max-image-preview":"max-image-preview:large","max-video-preview":"max-video-preview:-1"},"canonical":"https:\/\/www.esolutions.free2move.com\/na\/en_us\/company\/","og_locale":"es_MX","og_type":"article","og_title":"Nuestra empresa | eSolution North America","og_description":"Dise\u00f1amos tecnolog\u00edas innovadoras para liderar la transici\u00f3n a la movilidad el\u00e9ctrica con soluciones de carga que facilitan este cambio.","og_url":"https:\/\/www.esolutions.free2move.com\/na\/en_us\/company\/","og_site_name":"eSolution North America","article_modified_time":"2024-06-11T14:01:26+00:00","twitter_card":"summary_large_image","twitter_misc":{"Tiempo de lectura":"2 minutos"},"schema":{"@context":"https:\/\/schema.org","@graph":[{"@type":"WebPage","@id":"https:\/\/www.esolutions.free2move.com\/na\/en_us\/company\/","url":"https:\/\/www.esolutions.free2move.com\/na\/en_us\/company\/","name":"Nuestra empresa | eSolution North America","isPartOf":{"@id":"https:\/\/www.esolutions.free2move.com\/na\/en_us\/#website"},"datePublished":"2024-03-01T14:19:48+00:00","dateModified":"2024-06-11T14:01:26+00:00","description":"Dise\u00f1amos tecnolog\u00edas innovadoras para liderar la transici\u00f3n a la movilidad el\u00e9ctrica con soluciones de carga que facilitan este cambio.","breadcrumb":{"@id":"https:\/\/www.esolutions.free2move.com\/na\/en_us\/company\/#breadcrumb"},"inLanguage":"es","potentialAction":[{"@type":"ReadAction","target":["https:\/\/www.esolutions.free2move.com\/na\/en_us\/company\/"]}]},{"@type":"BreadcrumbList","@id":"https:\/\/www.esolutions.free2move.com\/na\/en_us\/company\/#breadcrumb","itemListElement":[{"@type":"ListItem","position":1,"name":"Home","item":"https:\/\/www.esolutions.free2move.com\/na\/en_us\/"},{"@type":"ListItem","position":2,"name":"Empresa"}]},{"@type":"WebSite","@id":"https:\/\/www.esolutions.free2move.com\/na\/en_us\/#website","url":"https:\/\/www.esolutions.free2move.com\/na\/en_us\/","name":"eSolution North America","description":"Charge ahead with confidence!","potentialAction":[{"@type":"SearchAction","target":{"@type":"EntryPoint","urlTemplate":"https:\/\/www.esolutions.free2move.com\/na\/en_us\/?s={search_term_string}"},"query-input":{"@type":"PropertyValueSpecification","valueRequired":true,"valueName":"search_term_string"}}],"inLanguage":"es"}]}},"_links":{"self":[{"href":"https:\/\/www.esolutions.free2move.com\/na\/es_mx\/wp-json\/wp\/v2\/pages\/2120","targetHints":{"allow":["GET"]}}],"collection":[{"href":"https:\/\/www.esolutions.free2move.com\/na\/es_mx\/wp-json\/wp\/v2\/pages"}],"about":[{"href":"https:\/\/www.esolutions.free2move.com\/na\/es_mx\/wp-json\/wp\/v2\/types\/page"}],"author":[{"embeddable":true,"href":"https:\/\/www.esolutions.free2move.com\/na\/es_mx\/wp-json\/wp\/v2\/users\/1"}],"replies":[{"embeddable":true,"href":"https:\/\/www.esolutions.free2move.com\/na\/es_mx\/wp-json\/wp\/v2\/comments?post=2120"}],"version-history":[{"count":8,"href":"https:\/\/www.esolutions.free2move.com\/na\/es_mx\/wp-json\/wp\/v2\/pages\/2120\/revisions"}],"predecessor-version":[{"id":2808,"href":"https:\/\/www.esolutions.free2move.com\/na\/es_mx\/wp-json\/wp\/v2\/pages\/2120\/revisions\/2808"}],"wp:attachment":[{"href":"https:\/\/www.esolutions.free2move.com\/na\/es_mx\/wp-json\/wp\/v2\/media?parent=2120"}],"curies":[{"name":"wp","href":"https:\/\/api.w.org\/{rel}","templated":true}]}}