{"id":2112,"date":"2024-02-15T13:19:00","date_gmt":"2024-02-15T18:19:00","guid":{"rendered":"https:\/\/test.esolutions.free2move.com\/na\/recursos-empresariales\/"},"modified":"2024-06-11T16:00:57","modified_gmt":"2024-06-11T14:00:57","slug":"recursos-empresariales","status":"publish","type":"page","link":"https:\/\/www.esolutions.free2move.com\/na\/es_mx\/recursos-empresariales\/","title":{"rendered":"Recursos empresariales"},"content":{"rendered":"<div id=\"cs-content\" class=\"cs-content\"><\/div>\n","protected":false},"excerpt":{"rendered":"<p>Home Recursos empresarialesSeleccione el producto180kW Nivel 3180kW Nivel 3instalaci\u00f3nHoja de datosManual de instalaci\u00f3nVolver arriba80A AC Nivel 280A AC Nivel 2instalaci\u00f3nHoja de datosManual de instalaci\u00f3nVolver arriba48A AC Nivel 248A AC Nivel 2instalaci\u00f3nHoja de datosManual de instalaci\u00f3nVolver arribaM\u00f3vil de CC de 30 kW&nbsp;M\u00f3vil de CC de 30 kW&nbsp;instalaci\u00f3nHoja de datosVolver arribaeProWallboxusuariofolletoManual del usuarioVolver arribaeProWallboxinstalaci\u00f3nHoja de datosManual de instalaci\u00f3nVolver arribainstalaci\u00f3nHoja de datosOtrosGu\u00edaGu\u00eda de &#8230; <\/p>\n<div><a href=\"https:\/\/www.esolutions.free2move.com\/na\/es_mx\/recursos-empresariales\/\" class=\"more-link\">Read More<\/a><\/div>\n","protected":false},"author":1,"featured_media":0,"parent":0,"menu_order":0,"comment_status":"closed","ping_status":"closed","template":"template-blank-4.php","meta":{"footnotes":""},"class_list":["post-2112","page","type-page","status-publish","hentry","no-post-thumbnail"],"yoast_head":"<!-- This site is optimized with the Yoast SEO plugin v26.7 - https:\/\/yoast.com\/wordpress\/plugins\/seo\/ -->\n<title>Recursos para empresas | eSolution North America<\/title>\n<meta name=\"description\" content=\"Explora nuestra completa biblioteca de documentos y folletos de productos. Todo en un solo lugar.\" \/>\n<meta name=\"robots\" content=\"index, follow, max-snippet:-1, max-image-preview:large, max-video-preview:-1\" \/>\n<link rel=\"canonical\" href=\"https:\/\/www.esolutions.free2move.com\/na\/en_us\/business-resources\/\" \/>\n<meta property=\"og:locale\" content=\"es_MX\" \/>\n<meta property=\"og:type\" content=\"article\" \/>\n<meta property=\"og:title\" content=\"Recursos para empresas | eSolution North America\" \/>\n<meta property=\"og:description\" content=\"Explora nuestra completa biblioteca de documentos y folletos de productos. Todo en un solo lugar.\" \/>\n<meta property=\"og:url\" content=\"https:\/\/www.esolutions.free2move.com\/na\/en_us\/business-resources\/\" \/>\n<meta property=\"og:site_name\" content=\"eSolution North America\" \/>\n<meta property=\"article:modified_time\" content=\"2024-06-11T14:00:57+00:00\" \/>\n<meta name=\"twitter:card\" content=\"summary_large_image\" \/>\n<meta name=\"twitter:label1\" content=\"Tiempo de lectura\" \/>\n\t<meta name=\"twitter:data1\" content=\"2 minutos\" \/>\n<script type=\"application\/ld+json\" class=\"yoast-schema-graph\">{\"@context\":\"https:\/\/schema.org\",\"@graph\":[{\"@type\":\"WebPage\",\"@id\":\"https:\/\/www.esolutions.free2move.com\/na\/en_us\/business-resources\/\",\"url\":\"https:\/\/www.esolutions.free2move.com\/na\/en_us\/business-resources\/\",\"name\":\"Recursos para empresas | eSolution North America\",\"isPartOf\":{\"@id\":\"https:\/\/www.esolutions.free2move.com\/na\/en_us\/#website\"},\"datePublished\":\"2024-02-15T18:19:00+00:00\",\"dateModified\":\"2024-06-11T14:00:57+00:00\",\"description\":\"Explora nuestra completa biblioteca de documentos y folletos de productos. Todo en un solo lugar.\",\"breadcrumb\":{\"@id\":\"https:\/\/www.esolutions.free2move.com\/na\/en_us\/business-resources\/#breadcrumb\"},\"inLanguage\":\"es\",\"potentialAction\":[{\"@type\":\"ReadAction\",\"target\":[\"https:\/\/www.esolutions.free2move.com\/na\/en_us\/business-resources\/\"]}]},{\"@type\":\"BreadcrumbList\",\"@id\":\"https:\/\/www.esolutions.free2move.com\/na\/en_us\/business-resources\/#breadcrumb\",\"itemListElement\":[{\"@type\":\"ListItem\",\"position\":1,\"name\":\"Home\",\"item\":\"https:\/\/www.esolutions.free2move.com\/na\/en_us\/\"},{\"@type\":\"ListItem\",\"position\":2,\"name\":\"Recursos empresariales\"}]},{\"@type\":\"WebSite\",\"@id\":\"https:\/\/www.esolutions.free2move.com\/na\/en_us\/#website\",\"url\":\"https:\/\/www.esolutions.free2move.com\/na\/en_us\/\",\"name\":\"eSolution North America\",\"description\":\"Charge ahead with confidence!\",\"potentialAction\":[{\"@type\":\"SearchAction\",\"target\":{\"@type\":\"EntryPoint\",\"urlTemplate\":\"https:\/\/www.esolutions.free2move.com\/na\/en_us\/?s={search_term_string}\"},\"query-input\":{\"@type\":\"PropertyValueSpecification\",\"valueRequired\":true,\"valueName\":\"search_term_string\"}}],\"inLanguage\":\"es\"}]}<\/script>\n<!-- \/ Yoast SEO plugin. -->","yoast_head_json":{"title":"Recursos para empresas | eSolution North America","description":"Explora nuestra completa biblioteca de documentos y folletos de productos. Todo en un solo lugar.","robots":{"index":"index","follow":"follow","max-snippet":"max-snippet:-1","max-image-preview":"max-image-preview:large","max-video-preview":"max-video-preview:-1"},"canonical":"https:\/\/www.esolutions.free2move.com\/na\/en_us\/business-resources\/","og_locale":"es_MX","og_type":"article","og_title":"Recursos para empresas | eSolution North America","og_description":"Explora nuestra completa biblioteca de documentos y folletos de productos. Todo en un solo lugar.","og_url":"https:\/\/www.esolutions.free2move.com\/na\/en_us\/business-resources\/","og_site_name":"eSolution North America","article_modified_time":"2024-06-11T14:00:57+00:00","twitter_card":"summary_large_image","twitter_misc":{"Tiempo de lectura":"2 minutos"},"schema":{"@context":"https:\/\/schema.org","@graph":[{"@type":"WebPage","@id":"https:\/\/www.esolutions.free2move.com\/na\/en_us\/business-resources\/","url":"https:\/\/www.esolutions.free2move.com\/na\/en_us\/business-resources\/","name":"Recursos para empresas | eSolution North America","isPartOf":{"@id":"https:\/\/www.esolutions.free2move.com\/na\/en_us\/#website"},"datePublished":"2024-02-15T18:19:00+00:00","dateModified":"2024-06-11T14:00:57+00:00","description":"Explora nuestra completa biblioteca de documentos y folletos de productos. Todo en un solo lugar.","breadcrumb":{"@id":"https:\/\/www.esolutions.free2move.com\/na\/en_us\/business-resources\/#breadcrumb"},"inLanguage":"es","potentialAction":[{"@type":"ReadAction","target":["https:\/\/www.esolutions.free2move.com\/na\/en_us\/business-resources\/"]}]},{"@type":"BreadcrumbList","@id":"https:\/\/www.esolutions.free2move.com\/na\/en_us\/business-resources\/#breadcrumb","itemListElement":[{"@type":"ListItem","position":1,"name":"Home","item":"https:\/\/www.esolutions.free2move.com\/na\/en_us\/"},{"@type":"ListItem","position":2,"name":"Recursos empresariales"}]},{"@type":"WebSite","@id":"https:\/\/www.esolutions.free2move.com\/na\/en_us\/#website","url":"https:\/\/www.esolutions.free2move.com\/na\/en_us\/","name":"eSolution North America","description":"Charge ahead with confidence!","potentialAction":[{"@type":"SearchAction","target":{"@type":"EntryPoint","urlTemplate":"https:\/\/www.esolutions.free2move.com\/na\/en_us\/?s={search_term_string}"},"query-input":{"@type":"PropertyValueSpecification","valueRequired":true,"valueName":"search_term_string"}}],"inLanguage":"es"}]}},"_links":{"self":[{"href":"https:\/\/www.esolutions.free2move.com\/na\/es_mx\/wp-json\/wp\/v2\/pages\/2112","targetHints":{"allow":["GET"]}}],"collection":[{"href":"https:\/\/www.esolutions.free2move.com\/na\/es_mx\/wp-json\/wp\/v2\/pages"}],"about":[{"href":"https:\/\/www.esolutions.free2move.com\/na\/es_mx\/wp-json\/wp\/v2\/types\/page"}],"author":[{"embeddable":true,"href":"https:\/\/www.esolutions.free2move.com\/na\/es_mx\/wp-json\/wp\/v2\/users\/1"}],"replies":[{"embeddable":true,"href":"https:\/\/www.esolutions.free2move.com\/na\/es_mx\/wp-json\/wp\/v2\/comments?post=2112"}],"version-history":[{"count":4,"href":"https:\/\/www.esolutions.free2move.com\/na\/es_mx\/wp-json\/wp\/v2\/pages\/2112\/revisions"}],"predecessor-version":[{"id":8632,"href":"https:\/\/www.esolutions.free2move.com\/na\/es_mx\/wp-json\/wp\/v2\/pages\/2112\/revisions\/8632"}],"wp:attachment":[{"href":"https:\/\/www.esolutions.free2move.com\/na\/es_mx\/wp-json\/wp\/v2\/media?parent=2112"}],"curies":[{"name":"wp","href":"https:\/\/api.w.org\/{rel}","templated":true}]}}