{"id":10376,"date":"2024-08-01T14:04:11","date_gmt":"2024-08-01T18:04:11","guid":{"rendered":"https:\/\/www.esolutions.free2move.com\/na\/incentivos-para-cargadores-de-vehiculos-electricos\/"},"modified":"2024-09-23T15:28:59","modified_gmt":"2024-09-23T19:28:59","slug":"incentivos-para-cargadores-de-vehiculos-electricos","status":"publish","type":"page","link":"https:\/\/www.esolutions.free2move.com\/na\/es_mx\/incentivos-para-cargadores-de-vehiculos-electricos\/","title":{"rendered":"Incentivos para cargadores de veh\u00edculos el\u00e9ctricos"},"content":{"rendered":"<div id=\"cs-content\" class=\"cs-content\"><\/div>\n","protected":false},"excerpt":{"rendered":"<p>Hogar IncentivosPara fomentar la transici\u00f3n a veh\u00edculos el\u00e9ctricos, muchos estados, ciudades, comunidades y servicios p\u00fablicos ofrecen incentivos para la compra e instalaci\u00f3n de estaciones de carga para veh\u00edculos el\u00e9ctricos.Herramienta de incentivos Descubra c\u00f3mo los programas de descuentos, reembolsos, y cr\u00e9ditos fiscales locales hacen que la instalaci\u00f3n de su propio cargador de veh\u00edculos el\u00e9ctricos sea m\u00e1s asequible. Utilice nuestra herramienta de &#8230; <\/p>\n<div><a href=\"https:\/\/www.esolutions.free2move.com\/na\/es_mx\/incentivos-para-cargadores-de-vehiculos-electricos\/\" class=\"more-link\">Read More<\/a><\/div>\n","protected":false},"author":4,"featured_media":0,"parent":0,"menu_order":0,"comment_status":"closed","ping_status":"closed","template":"template-blank-4.php","meta":{"footnotes":""},"class_list":["post-10376","page","type-page","status-publish","hentry","no-post-thumbnail"],"yoast_head":"<!-- This site is optimized with the Yoast SEO plugin v26.7 - https:\/\/yoast.com\/wordpress\/plugins\/seo\/ -->\n<title>Incentivos para cargadores de veh\u00edculos el\u00e9ctricos - eSolution North America<\/title>\n<meta name=\"description\" content=\"Ahorre mucho en su cargador de veh\u00edculos el\u00e9ctricos con los incentivos disponibles, encuentre reembolsos, cr\u00e9ditos fiscales y m\u00e1s para que la conducci\u00f3n el\u00e9ctrica sea asequible.\" \/>\n<meta name=\"robots\" content=\"index, follow, max-snippet:-1, max-image-preview:large, max-video-preview:-1\" \/>\n<link rel=\"canonical\" href=\"https:\/\/www.esolutions.free2move.com\/na\/es_mx\/incentivos-para-cargadores-de-vehiculos-electricos\/\" \/>\n<meta property=\"og:locale\" content=\"es_MX\" \/>\n<meta property=\"og:type\" content=\"article\" \/>\n<meta property=\"og:title\" content=\"Incentivos para cargadores de veh\u00edculos el\u00e9ctricos - eSolution North America\" \/>\n<meta property=\"og:description\" content=\"Ahorre mucho en su cargador de veh\u00edculos el\u00e9ctricos con los incentivos disponibles, encuentre reembolsos, cr\u00e9ditos fiscales y m\u00e1s para que la conducci\u00f3n el\u00e9ctrica sea asequible.\" \/>\n<meta property=\"og:url\" content=\"https:\/\/www.esolutions.free2move.com\/na\/es_mx\/incentivos-para-cargadores-de-vehiculos-electricos\/\" \/>\n<meta property=\"og:site_name\" content=\"eSolution North America\" \/>\n<meta property=\"article:modified_time\" content=\"2024-09-23T19:28:59+00:00\" \/>\n<meta name=\"twitter:card\" content=\"summary_large_image\" \/>\n<meta name=\"twitter:label1\" content=\"Tiempo de lectura\" \/>\n\t<meta name=\"twitter:data1\" content=\"2 minutos\" \/>\n<script type=\"application\/ld+json\" class=\"yoast-schema-graph\">{\"@context\":\"https:\/\/schema.org\",\"@graph\":[{\"@type\":\"WebPage\",\"@id\":\"https:\/\/www.esolutions.free2move.com\/na\/es_mx\/incentivos-para-cargadores-de-vehiculos-electricos\/\",\"url\":\"https:\/\/www.esolutions.free2move.com\/na\/es_mx\/incentivos-para-cargadores-de-vehiculos-electricos\/\",\"name\":\"Incentivos para cargadores de veh\u00edculos el\u00e9ctricos - eSolution North America\",\"isPartOf\":{\"@id\":\"https:\/\/www.esolutions.free2move.com\/na\/en_us\/#website\"},\"datePublished\":\"2024-08-01T18:04:11+00:00\",\"dateModified\":\"2024-09-23T19:28:59+00:00\",\"description\":\"Ahorre mucho en su cargador de veh\u00edculos el\u00e9ctricos con los incentivos disponibles, encuentre reembolsos, cr\u00e9ditos fiscales y m\u00e1s para que la conducci\u00f3n el\u00e9ctrica sea asequible.\",\"breadcrumb\":{\"@id\":\"https:\/\/www.esolutions.free2move.com\/na\/es_mx\/incentivos-para-cargadores-de-vehiculos-electricos\/#breadcrumb\"},\"inLanguage\":\"es\",\"potentialAction\":[{\"@type\":\"ReadAction\",\"target\":[\"https:\/\/www.esolutions.free2move.com\/na\/es_mx\/incentivos-para-cargadores-de-vehiculos-electricos\/\"]}]},{\"@type\":\"BreadcrumbList\",\"@id\":\"https:\/\/www.esolutions.free2move.com\/na\/es_mx\/incentivos-para-cargadores-de-vehiculos-electricos\/#breadcrumb\",\"itemListElement\":[{\"@type\":\"ListItem\",\"position\":1,\"name\":\"Home\",\"item\":\"https:\/\/www.esolutions.free2move.com\/na\/en_us\/\"},{\"@type\":\"ListItem\",\"position\":2,\"name\":\"Incentivos para cargadores de veh\u00edculos el\u00e9ctricos\"}]},{\"@type\":\"WebSite\",\"@id\":\"https:\/\/www.esolutions.free2move.com\/na\/en_us\/#website\",\"url\":\"https:\/\/www.esolutions.free2move.com\/na\/en_us\/\",\"name\":\"eSolution North America\",\"description\":\"Charge ahead with confidence!\",\"potentialAction\":[{\"@type\":\"SearchAction\",\"target\":{\"@type\":\"EntryPoint\",\"urlTemplate\":\"https:\/\/www.esolutions.free2move.com\/na\/en_us\/?s={search_term_string}\"},\"query-input\":{\"@type\":\"PropertyValueSpecification\",\"valueRequired\":true,\"valueName\":\"search_term_string\"}}],\"inLanguage\":\"es\"}]}<\/script>\n<!-- \/ Yoast SEO plugin. -->","yoast_head_json":{"title":"Incentivos para cargadores de veh\u00edculos el\u00e9ctricos - eSolution North America","description":"Ahorre mucho en su cargador de veh\u00edculos el\u00e9ctricos con los incentivos disponibles, encuentre reembolsos, cr\u00e9ditos fiscales y m\u00e1s para que la conducci\u00f3n el\u00e9ctrica sea asequible.","robots":{"index":"index","follow":"follow","max-snippet":"max-snippet:-1","max-image-preview":"max-image-preview:large","max-video-preview":"max-video-preview:-1"},"canonical":"https:\/\/www.esolutions.free2move.com\/na\/es_mx\/incentivos-para-cargadores-de-vehiculos-electricos\/","og_locale":"es_MX","og_type":"article","og_title":"Incentivos para cargadores de veh\u00edculos el\u00e9ctricos - eSolution North America","og_description":"Ahorre mucho en su cargador de veh\u00edculos el\u00e9ctricos con los incentivos disponibles, encuentre reembolsos, cr\u00e9ditos fiscales y m\u00e1s para que la conducci\u00f3n el\u00e9ctrica sea asequible.","og_url":"https:\/\/www.esolutions.free2move.com\/na\/es_mx\/incentivos-para-cargadores-de-vehiculos-electricos\/","og_site_name":"eSolution North America","article_modified_time":"2024-09-23T19:28:59+00:00","twitter_card":"summary_large_image","twitter_misc":{"Tiempo de lectura":"2 minutos"},"schema":{"@context":"https:\/\/schema.org","@graph":[{"@type":"WebPage","@id":"https:\/\/www.esolutions.free2move.com\/na\/es_mx\/incentivos-para-cargadores-de-vehiculos-electricos\/","url":"https:\/\/www.esolutions.free2move.com\/na\/es_mx\/incentivos-para-cargadores-de-vehiculos-electricos\/","name":"Incentivos para cargadores de veh\u00edculos el\u00e9ctricos - eSolution North America","isPartOf":{"@id":"https:\/\/www.esolutions.free2move.com\/na\/en_us\/#website"},"datePublished":"2024-08-01T18:04:11+00:00","dateModified":"2024-09-23T19:28:59+00:00","description":"Ahorre mucho en su cargador de veh\u00edculos el\u00e9ctricos con los incentivos disponibles, encuentre reembolsos, cr\u00e9ditos fiscales y m\u00e1s para que la conducci\u00f3n el\u00e9ctrica sea asequible.","breadcrumb":{"@id":"https:\/\/www.esolutions.free2move.com\/na\/es_mx\/incentivos-para-cargadores-de-vehiculos-electricos\/#breadcrumb"},"inLanguage":"es","potentialAction":[{"@type":"ReadAction","target":["https:\/\/www.esolutions.free2move.com\/na\/es_mx\/incentivos-para-cargadores-de-vehiculos-electricos\/"]}]},{"@type":"BreadcrumbList","@id":"https:\/\/www.esolutions.free2move.com\/na\/es_mx\/incentivos-para-cargadores-de-vehiculos-electricos\/#breadcrumb","itemListElement":[{"@type":"ListItem","position":1,"name":"Home","item":"https:\/\/www.esolutions.free2move.com\/na\/en_us\/"},{"@type":"ListItem","position":2,"name":"Incentivos para cargadores de veh\u00edculos el\u00e9ctricos"}]},{"@type":"WebSite","@id":"https:\/\/www.esolutions.free2move.com\/na\/en_us\/#website","url":"https:\/\/www.esolutions.free2move.com\/na\/en_us\/","name":"eSolution North America","description":"Charge ahead with confidence!","potentialAction":[{"@type":"SearchAction","target":{"@type":"EntryPoint","urlTemplate":"https:\/\/www.esolutions.free2move.com\/na\/en_us\/?s={search_term_string}"},"query-input":{"@type":"PropertyValueSpecification","valueRequired":true,"valueName":"search_term_string"}}],"inLanguage":"es"}]}},"_links":{"self":[{"href":"https:\/\/www.esolutions.free2move.com\/na\/es_mx\/wp-json\/wp\/v2\/pages\/10376","targetHints":{"allow":["GET"]}}],"collection":[{"href":"https:\/\/www.esolutions.free2move.com\/na\/es_mx\/wp-json\/wp\/v2\/pages"}],"about":[{"href":"https:\/\/www.esolutions.free2move.com\/na\/es_mx\/wp-json\/wp\/v2\/types\/page"}],"author":[{"embeddable":true,"href":"https:\/\/www.esolutions.free2move.com\/na\/es_mx\/wp-json\/wp\/v2\/users\/4"}],"replies":[{"embeddable":true,"href":"https:\/\/www.esolutions.free2move.com\/na\/es_mx\/wp-json\/wp\/v2\/comments?post=10376"}],"version-history":[{"count":1,"href":"https:\/\/www.esolutions.free2move.com\/na\/es_mx\/wp-json\/wp\/v2\/pages\/10376\/revisions"}],"predecessor-version":[{"id":10377,"href":"https:\/\/www.esolutions.free2move.com\/na\/es_mx\/wp-json\/wp\/v2\/pages\/10376\/revisions\/10377"}],"wp:attachment":[{"href":"https:\/\/www.esolutions.free2move.com\/na\/es_mx\/wp-json\/wp\/v2\/media?parent=10376"}],"curies":[{"name":"wp","href":"https:\/\/api.w.org\/{rel}","templated":true}]}}