{"id":50392,"date":"2024-03-18T10:25:25","date_gmt":"2024-03-18T10:25:25","guid":{"rendered":"https:\/\/test.esolutions.free2move.com\/eu\/recarga-domestica-de-automovel-eletrico\/"},"modified":"2024-06-12T10:42:39","modified_gmt":"2024-06-12T10:42:39","slug":"recarga-domestica-de-automovel-eletrico","status":"publish","type":"page","link":"https:\/\/www.esolutions.free2move.com\/eu\/pt_pt\/recarga-domestica-de-automovel-eletrico\/","title":{"rendered":"Carregamento dom\u00e9stico"},"content":{"rendered":"<div id=\"cs-content\" class=\"cs-content\"><\/div>\n","protected":false},"excerpt":{"rendered":"<p>Home Carregamento dom\u00e9sticoRevolucione a sua experi\u00eancia de carregamento dom\u00e9sticoConcebemos, instalamos e gerimos carregadores EV dom\u00e9sticos inovadores para alimentar o seu ve\u00edculo el\u00e9trico de forma conveniente e eficiente. Estamos aqui para abrir uma porta de entrada para uma experi\u00eancia de carregamento revolucion\u00e1ria para ve\u00edculos el\u00e9ctricos. Explore os nossos produtos para encontrar a solu\u00e7\u00e3o perfeita para as suas necessidades.Solu\u00e7\u00f5es de carregamentoAcess\u00f3rioseMobilidadeInstala\u00e7\u00e3oPARA A &#8230; <\/p>\n<div><a href=\"https:\/\/www.esolutions.free2move.com\/eu\/pt_pt\/recarga-domestica-de-automovel-eletrico\/\" class=\"more-link\">Read More<\/a><\/div>\n","protected":false},"author":1,"featured_media":0,"parent":0,"menu_order":0,"comment_status":"closed","ping_status":"closed","template":"template-blank-4.php","meta":{"_acf_changed":false,"inline_featured_image":false,"footnotes":""},"class_list":["post-50392","page","type-page","status-publish","hentry","no-post-thumbnail"],"acf":[],"yoast_head":"<!-- This site is optimized with the Yoast SEO plugin v26.7 - https:\/\/yoast.com\/wordpress\/plugins\/seo\/ -->\n<title>Carregamento dom\u00e9stico | Free2move eSolutions<\/title>\n<meta name=\"description\" content=\"Descobre os nossos inovadores carregadores de ve\u00edculos el\u00e9ctricos dom\u00e9sticos. Instala\u00e7\u00e3o sem esfor\u00e7o, funcionalidades inteligentes e desempenho fi\u00e1vel. Come\u00e7a hoje mesmo!\" \/>\n<meta name=\"robots\" content=\"index, follow, max-snippet:-1, max-image-preview:large, max-video-preview:-1\" \/>\n<link rel=\"canonical\" href=\"https:\/\/www.esolutions.free2move.com\/eu\/pt_pt\/recarga-domestica-de-automovel-eletrico\/\" \/>\n<meta property=\"og:locale\" content=\"pt_PT\" \/>\n<meta property=\"og:type\" content=\"article\" \/>\n<meta property=\"og:title\" content=\"Carregamento dom\u00e9stico | Free2move eSolutions\" \/>\n<meta property=\"og:description\" content=\"Descobre os nossos inovadores carregadores de ve\u00edculos el\u00e9ctricos dom\u00e9sticos. Instala\u00e7\u00e3o sem esfor\u00e7o, funcionalidades inteligentes e desempenho fi\u00e1vel. Come\u00e7a hoje mesmo!\" \/>\n<meta property=\"og:url\" content=\"https:\/\/www.esolutions.free2move.com\/eu\/pt_pt\/recarga-domestica-de-automovel-eletrico\/\" \/>\n<meta property=\"og:site_name\" content=\"eSolution europe\" \/>\n<meta property=\"article:modified_time\" content=\"2024-06-12T10:42:39+00:00\" \/>\n<meta name=\"twitter:card\" content=\"summary_large_image\" \/>\n<meta name=\"twitter:label1\" content=\"Est. reading time\" \/>\n\t<meta name=\"twitter:data1\" content=\"16 minutes\" \/>\n<script type=\"application\/ld+json\" class=\"yoast-schema-graph\">{\"@context\":\"https:\/\/schema.org\",\"@graph\":[{\"@type\":\"WebPage\",\"@id\":\"https:\/\/www.esolutions.free2move.com\/eu\/pt_pt\/recarga-domestica-de-automovel-eletrico\/\",\"url\":\"https:\/\/www.esolutions.free2move.com\/eu\/pt_pt\/recarga-domestica-de-automovel-eletrico\/\",\"name\":\"Carregamento dom\u00e9stico | Free2move eSolutions\",\"isPartOf\":{\"@id\":\"https:\/\/www.esolutions.free2move.com\/eu\/en_def\/#website\"},\"datePublished\":\"2024-03-18T10:25:25+00:00\",\"dateModified\":\"2024-06-12T10:42:39+00:00\",\"description\":\"Descobre os nossos inovadores carregadores de ve\u00edculos el\u00e9ctricos dom\u00e9sticos. Instala\u00e7\u00e3o sem esfor\u00e7o, funcionalidades inteligentes e desempenho fi\u00e1vel. Come\u00e7a hoje mesmo!\",\"breadcrumb\":{\"@id\":\"https:\/\/www.esolutions.free2move.com\/eu\/pt_pt\/recarga-domestica-de-automovel-eletrico\/#breadcrumb\"},\"inLanguage\":\"pt-pt\",\"potentialAction\":[{\"@type\":\"ReadAction\",\"target\":[\"https:\/\/www.esolutions.free2move.com\/eu\/pt_pt\/recarga-domestica-de-automovel-eletrico\/\"]}]},{\"@type\":\"BreadcrumbList\",\"@id\":\"https:\/\/www.esolutions.free2move.com\/eu\/pt_pt\/recarga-domestica-de-automovel-eletrico\/#breadcrumb\",\"itemListElement\":[{\"@type\":\"ListItem\",\"position\":1,\"name\":\"Home\",\"item\":\"https:\/\/www.esolutions.free2move.com\/eu\/pt_pt\/\"},{\"@type\":\"ListItem\",\"position\":2,\"name\":\"Carregamento dom\u00e9stico\"}]},{\"@type\":\"WebSite\",\"@id\":\"https:\/\/www.esolutions.free2move.com\/eu\/en_def\/#website\",\"url\":\"https:\/\/www.esolutions.free2move.com\/eu\/en_def\/\",\"name\":\"eSolutions europe\",\"description\":\"\",\"publisher\":{\"@id\":\"https:\/\/www.esolutions.free2move.com\/eu\/en_def\/#organization\"},\"potentialAction\":[{\"@type\":\"SearchAction\",\"target\":{\"@type\":\"EntryPoint\",\"urlTemplate\":\"https:\/\/www.esolutions.free2move.com\/eu\/en_def\/?s={search_term_string}\"},\"query-input\":{\"@type\":\"PropertyValueSpecification\",\"valueRequired\":true,\"valueName\":\"search_term_string\"}}],\"inLanguage\":\"pt-pt\"},{\"@type\":\"Organization\",\"@id\":\"https:\/\/www.esolutions.free2move.com\/eu\/en_def\/#organization\",\"name\":\"eSolutions europe\",\"url\":\"https:\/\/www.esolutions.free2move.com\/eu\/en_def\/\",\"logo\":{\"@type\":\"ImageObject\",\"inLanguage\":\"pt-pt\",\"@id\":\"https:\/\/www.esolutions.free2move.com\/eu\/en_def\/#\/schema\/logo\/image\/\",\"url\":\"https:\/\/www.esolutions.free2move.com\/eu\/wp-content\/uploads\/2024\/03\/logo-f2m-horizontal-1-1-1.png\",\"contentUrl\":\"https:\/\/www.esolutions.free2move.com\/eu\/wp-content\/uploads\/2024\/03\/logo-f2m-horizontal-1-1-1.png\",\"width\":865,\"height\":218,\"caption\":\"eSolutions europe\"},\"image\":{\"@id\":\"https:\/\/www.esolutions.free2move.com\/eu\/en_def\/#\/schema\/logo\/image\/\"}}]}<\/script>\n<!-- \/ Yoast SEO plugin. -->","yoast_head_json":{"title":"Carregamento dom\u00e9stico | Free2move eSolutions","description":"Descobre os nossos inovadores carregadores de ve\u00edculos el\u00e9ctricos dom\u00e9sticos. Instala\u00e7\u00e3o sem esfor\u00e7o, funcionalidades inteligentes e desempenho fi\u00e1vel. Come\u00e7a hoje mesmo!","robots":{"index":"index","follow":"follow","max-snippet":"max-snippet:-1","max-image-preview":"max-image-preview:large","max-video-preview":"max-video-preview:-1"},"canonical":"https:\/\/www.esolutions.free2move.com\/eu\/pt_pt\/recarga-domestica-de-automovel-eletrico\/","og_locale":"pt_PT","og_type":"article","og_title":"Carregamento dom\u00e9stico | Free2move eSolutions","og_description":"Descobre os nossos inovadores carregadores de ve\u00edculos el\u00e9ctricos dom\u00e9sticos. Instala\u00e7\u00e3o sem esfor\u00e7o, funcionalidades inteligentes e desempenho fi\u00e1vel. Come\u00e7a hoje mesmo!","og_url":"https:\/\/www.esolutions.free2move.com\/eu\/pt_pt\/recarga-domestica-de-automovel-eletrico\/","og_site_name":"eSolution europe","article_modified_time":"2024-06-12T10:42:39+00:00","twitter_card":"summary_large_image","twitter_misc":{"Est. reading time":"16 minutes"},"schema":{"@context":"https:\/\/schema.org","@graph":[{"@type":"WebPage","@id":"https:\/\/www.esolutions.free2move.com\/eu\/pt_pt\/recarga-domestica-de-automovel-eletrico\/","url":"https:\/\/www.esolutions.free2move.com\/eu\/pt_pt\/recarga-domestica-de-automovel-eletrico\/","name":"Carregamento dom\u00e9stico | Free2move eSolutions","isPartOf":{"@id":"https:\/\/www.esolutions.free2move.com\/eu\/en_def\/#website"},"datePublished":"2024-03-18T10:25:25+00:00","dateModified":"2024-06-12T10:42:39+00:00","description":"Descobre os nossos inovadores carregadores de ve\u00edculos el\u00e9ctricos dom\u00e9sticos. Instala\u00e7\u00e3o sem esfor\u00e7o, funcionalidades inteligentes e desempenho fi\u00e1vel. Come\u00e7a hoje mesmo!","breadcrumb":{"@id":"https:\/\/www.esolutions.free2move.com\/eu\/pt_pt\/recarga-domestica-de-automovel-eletrico\/#breadcrumb"},"inLanguage":"pt-pt","potentialAction":[{"@type":"ReadAction","target":["https:\/\/www.esolutions.free2move.com\/eu\/pt_pt\/recarga-domestica-de-automovel-eletrico\/"]}]},{"@type":"BreadcrumbList","@id":"https:\/\/www.esolutions.free2move.com\/eu\/pt_pt\/recarga-domestica-de-automovel-eletrico\/#breadcrumb","itemListElement":[{"@type":"ListItem","position":1,"name":"Home","item":"https:\/\/www.esolutions.free2move.com\/eu\/pt_pt\/"},{"@type":"ListItem","position":2,"name":"Carregamento dom\u00e9stico"}]},{"@type":"WebSite","@id":"https:\/\/www.esolutions.free2move.com\/eu\/en_def\/#website","url":"https:\/\/www.esolutions.free2move.com\/eu\/en_def\/","name":"eSolutions europe","description":"","publisher":{"@id":"https:\/\/www.esolutions.free2move.com\/eu\/en_def\/#organization"},"potentialAction":[{"@type":"SearchAction","target":{"@type":"EntryPoint","urlTemplate":"https:\/\/www.esolutions.free2move.com\/eu\/en_def\/?s={search_term_string}"},"query-input":{"@type":"PropertyValueSpecification","valueRequired":true,"valueName":"search_term_string"}}],"inLanguage":"pt-pt"},{"@type":"Organization","@id":"https:\/\/www.esolutions.free2move.com\/eu\/en_def\/#organization","name":"eSolutions europe","url":"https:\/\/www.esolutions.free2move.com\/eu\/en_def\/","logo":{"@type":"ImageObject","inLanguage":"pt-pt","@id":"https:\/\/www.esolutions.free2move.com\/eu\/en_def\/#\/schema\/logo\/image\/","url":"https:\/\/www.esolutions.free2move.com\/eu\/wp-content\/uploads\/2024\/03\/logo-f2m-horizontal-1-1-1.png","contentUrl":"https:\/\/www.esolutions.free2move.com\/eu\/wp-content\/uploads\/2024\/03\/logo-f2m-horizontal-1-1-1.png","width":865,"height":218,"caption":"eSolutions europe"},"image":{"@id":"https:\/\/www.esolutions.free2move.com\/eu\/en_def\/#\/schema\/logo\/image\/"}}]}},"_links":{"self":[{"href":"https:\/\/www.esolutions.free2move.com\/eu\/pt_pt\/wp-json\/wp\/v2\/pages\/50392","targetHints":{"allow":["GET"]}}],"collection":[{"href":"https:\/\/www.esolutions.free2move.com\/eu\/pt_pt\/wp-json\/wp\/v2\/pages"}],"about":[{"href":"https:\/\/www.esolutions.free2move.com\/eu\/pt_pt\/wp-json\/wp\/v2\/types\/page"}],"author":[{"embeddable":true,"href":"https:\/\/www.esolutions.free2move.com\/eu\/pt_pt\/wp-json\/wp\/v2\/users\/1"}],"replies":[{"embeddable":true,"href":"https:\/\/www.esolutions.free2move.com\/eu\/pt_pt\/wp-json\/wp\/v2\/comments?post=50392"}],"version-history":[{"count":0,"href":"https:\/\/www.esolutions.free2move.com\/eu\/pt_pt\/wp-json\/wp\/v2\/pages\/50392\/revisions"}],"wp:attachment":[{"href":"https:\/\/www.esolutions.free2move.com\/eu\/pt_pt\/wp-json\/wp\/v2\/media?parent=50392"}],"curies":[{"name":"wp","href":"https:\/\/api.w.org\/{rel}","templated":true}]}}