{"id":50386,"date":"2024-03-18T13:33:25","date_gmt":"2024-03-18T13:33:25","guid":{"rendered":"https:\/\/test.esolutions.free2move.com\/eu\/governacao-e-etica\/"},"modified":"2026-03-16T15:41:19","modified_gmt":"2026-03-16T15:41:19","slug":"governacao-e-etica","status":"publish","type":"page","link":"https:\/\/www.esolutions.free2move.com\/eu\/pt_pt\/governacao-e-etica\/","title":{"rendered":"Governa\u00e7\u00e3o e \u00e9tica"},"content":{"rendered":"<div id=\"cs-content\" class=\"cs-content\"><\/div>\n","protected":false},"excerpt":{"rendered":"<p>Home Governa\u00e7\u00e3o e \u00e9ticaC\u00f3digo de \u00c9tica O nosso c\u00f3digo de \u00e9tica baseia-se na integridade como mandato orientador de todas as nossas escolhas, o que nos levou a integrar, personalizar e refor\u00e7ar a conformidade, sem qualquer encargo especial para a estrutura.DescarregarFree2Move eSolutions S.p.A &#8220;Modelo de Organiza\u00e7\u00e3o, Gest\u00e3o e Controlo nos termos do Decreto Legislativo 231\/2001&#8221; O decreto foi publicado em 8 &#8230; <\/p>\n<div><a href=\"https:\/\/www.esolutions.free2move.com\/eu\/pt_pt\/governacao-e-etica\/\" class=\"more-link\">Read More<\/a><\/div>\n","protected":false},"author":1,"featured_media":0,"parent":0,"menu_order":0,"comment_status":"closed","ping_status":"closed","template":"template-blank-4.php","meta":{"_acf_changed":false,"inline_featured_image":false,"footnotes":""},"class_list":["post-50386","page","type-page","status-publish","hentry","no-post-thumbnail"],"acf":[],"yoast_head":"<!-- This site is optimized with the Yoast SEO plugin v26.7 - https:\/\/yoast.com\/wordpress\/plugins\/seo\/ -->\n<title>Governa\u00e7\u00e3o e \u00e9tica | Free2move eSolutions<\/title>\n<meta name=\"description\" content=\"Explore nosso Conselho comprometido, supervisionando a estrat\u00e9gia e mantendo altos padr\u00f5es \u00e9ticos guiados pela integridade em todas as decis\u00f5es.\" \/>\n<meta name=\"robots\" content=\"index, follow, max-snippet:-1, max-image-preview:large, max-video-preview:-1\" \/>\n<link rel=\"canonical\" href=\"https:\/\/www.esolutions.free2move.com\/eu\/pt_pt\/governacao-e-etica\/\" \/>\n<meta property=\"og:locale\" content=\"pt_PT\" \/>\n<meta property=\"og:type\" content=\"article\" \/>\n<meta property=\"og:title\" content=\"Governa\u00e7\u00e3o e \u00e9tica | Free2move eSolutions\" \/>\n<meta property=\"og:description\" content=\"Explore nosso Conselho comprometido, supervisionando a estrat\u00e9gia e mantendo altos padr\u00f5es \u00e9ticos guiados pela integridade em todas as decis\u00f5es.\" \/>\n<meta property=\"og:url\" content=\"https:\/\/www.esolutions.free2move.com\/eu\/pt_pt\/governacao-e-etica\/\" \/>\n<meta property=\"og:site_name\" content=\"eSolution europe\" \/>\n<meta property=\"article:modified_time\" content=\"2026-03-16T15:41:19+00:00\" \/>\n<meta name=\"twitter:card\" content=\"summary_large_image\" \/>\n<meta name=\"twitter:label1\" content=\"Est. reading time\" \/>\n\t<meta name=\"twitter:data1\" content=\"6 minutes\" \/>\n<script type=\"application\/ld+json\" class=\"yoast-schema-graph\">{\"@context\":\"https:\/\/schema.org\",\"@graph\":[{\"@type\":\"WebPage\",\"@id\":\"https:\/\/www.esolutions.free2move.com\/eu\/pt_pt\/governacao-e-etica\/\",\"url\":\"https:\/\/www.esolutions.free2move.com\/eu\/pt_pt\/governacao-e-etica\/\",\"name\":\"Governa\u00e7\u00e3o e \u00e9tica | Free2move eSolutions\",\"isPartOf\":{\"@id\":\"https:\/\/www.esolutions.free2move.com\/eu\/en_def\/#website\"},\"datePublished\":\"2024-03-18T13:33:25+00:00\",\"dateModified\":\"2026-03-16T15:41:19+00:00\",\"description\":\"Explore nosso Conselho comprometido, supervisionando a estrat\u00e9gia e mantendo altos padr\u00f5es \u00e9ticos guiados pela integridade em todas as decis\u00f5es.\",\"breadcrumb\":{\"@id\":\"https:\/\/www.esolutions.free2move.com\/eu\/pt_pt\/governacao-e-etica\/#breadcrumb\"},\"inLanguage\":\"pt-pt\",\"potentialAction\":[{\"@type\":\"ReadAction\",\"target\":[\"https:\/\/www.esolutions.free2move.com\/eu\/pt_pt\/governacao-e-etica\/\"]}]},{\"@type\":\"BreadcrumbList\",\"@id\":\"https:\/\/www.esolutions.free2move.com\/eu\/pt_pt\/governacao-e-etica\/#breadcrumb\",\"itemListElement\":[{\"@type\":\"ListItem\",\"position\":1,\"name\":\"Home\",\"item\":\"https:\/\/www.esolutions.free2move.com\/eu\/pt_pt\/\"},{\"@type\":\"ListItem\",\"position\":2,\"name\":\"Governa\u00e7\u00e3o e \u00e9tica\"}]},{\"@type\":\"WebSite\",\"@id\":\"https:\/\/www.esolutions.free2move.com\/eu\/en_def\/#website\",\"url\":\"https:\/\/www.esolutions.free2move.com\/eu\/en_def\/\",\"name\":\"eSolutions europe\",\"description\":\"\",\"publisher\":{\"@id\":\"https:\/\/www.esolutions.free2move.com\/eu\/en_def\/#organization\"},\"potentialAction\":[{\"@type\":\"SearchAction\",\"target\":{\"@type\":\"EntryPoint\",\"urlTemplate\":\"https:\/\/www.esolutions.free2move.com\/eu\/en_def\/?s={search_term_string}\"},\"query-input\":{\"@type\":\"PropertyValueSpecification\",\"valueRequired\":true,\"valueName\":\"search_term_string\"}}],\"inLanguage\":\"pt-pt\"},{\"@type\":\"Organization\",\"@id\":\"https:\/\/www.esolutions.free2move.com\/eu\/en_def\/#organization\",\"name\":\"eSolutions europe\",\"url\":\"https:\/\/www.esolutions.free2move.com\/eu\/en_def\/\",\"logo\":{\"@type\":\"ImageObject\",\"inLanguage\":\"pt-pt\",\"@id\":\"https:\/\/www.esolutions.free2move.com\/eu\/en_def\/#\/schema\/logo\/image\/\",\"url\":\"https:\/\/www.esolutions.free2move.com\/eu\/wp-content\/uploads\/2024\/03\/logo-f2m-horizontal-1-1-1.png\",\"contentUrl\":\"https:\/\/www.esolutions.free2move.com\/eu\/wp-content\/uploads\/2024\/03\/logo-f2m-horizontal-1-1-1.png\",\"width\":865,\"height\":218,\"caption\":\"eSolutions europe\"},\"image\":{\"@id\":\"https:\/\/www.esolutions.free2move.com\/eu\/en_def\/#\/schema\/logo\/image\/\"}}]}<\/script>\n<!-- \/ Yoast SEO plugin. -->","yoast_head_json":{"title":"Governa\u00e7\u00e3o e \u00e9tica | Free2move eSolutions","description":"Explore nosso Conselho comprometido, supervisionando a estrat\u00e9gia e mantendo altos padr\u00f5es \u00e9ticos guiados pela integridade em todas as decis\u00f5es.","robots":{"index":"index","follow":"follow","max-snippet":"max-snippet:-1","max-image-preview":"max-image-preview:large","max-video-preview":"max-video-preview:-1"},"canonical":"https:\/\/www.esolutions.free2move.com\/eu\/pt_pt\/governacao-e-etica\/","og_locale":"pt_PT","og_type":"article","og_title":"Governa\u00e7\u00e3o e \u00e9tica | Free2move eSolutions","og_description":"Explore nosso Conselho comprometido, supervisionando a estrat\u00e9gia e mantendo altos padr\u00f5es \u00e9ticos guiados pela integridade em todas as decis\u00f5es.","og_url":"https:\/\/www.esolutions.free2move.com\/eu\/pt_pt\/governacao-e-etica\/","og_site_name":"eSolution europe","article_modified_time":"2026-03-16T15:41:19+00:00","twitter_card":"summary_large_image","twitter_misc":{"Est. reading time":"6 minutes"},"schema":{"@context":"https:\/\/schema.org","@graph":[{"@type":"WebPage","@id":"https:\/\/www.esolutions.free2move.com\/eu\/pt_pt\/governacao-e-etica\/","url":"https:\/\/www.esolutions.free2move.com\/eu\/pt_pt\/governacao-e-etica\/","name":"Governa\u00e7\u00e3o e \u00e9tica | Free2move eSolutions","isPartOf":{"@id":"https:\/\/www.esolutions.free2move.com\/eu\/en_def\/#website"},"datePublished":"2024-03-18T13:33:25+00:00","dateModified":"2026-03-16T15:41:19+00:00","description":"Explore nosso Conselho comprometido, supervisionando a estrat\u00e9gia e mantendo altos padr\u00f5es \u00e9ticos guiados pela integridade em todas as decis\u00f5es.","breadcrumb":{"@id":"https:\/\/www.esolutions.free2move.com\/eu\/pt_pt\/governacao-e-etica\/#breadcrumb"},"inLanguage":"pt-pt","potentialAction":[{"@type":"ReadAction","target":["https:\/\/www.esolutions.free2move.com\/eu\/pt_pt\/governacao-e-etica\/"]}]},{"@type":"BreadcrumbList","@id":"https:\/\/www.esolutions.free2move.com\/eu\/pt_pt\/governacao-e-etica\/#breadcrumb","itemListElement":[{"@type":"ListItem","position":1,"name":"Home","item":"https:\/\/www.esolutions.free2move.com\/eu\/pt_pt\/"},{"@type":"ListItem","position":2,"name":"Governa\u00e7\u00e3o e \u00e9tica"}]},{"@type":"WebSite","@id":"https:\/\/www.esolutions.free2move.com\/eu\/en_def\/#website","url":"https:\/\/www.esolutions.free2move.com\/eu\/en_def\/","name":"eSolutions europe","description":"","publisher":{"@id":"https:\/\/www.esolutions.free2move.com\/eu\/en_def\/#organization"},"potentialAction":[{"@type":"SearchAction","target":{"@type":"EntryPoint","urlTemplate":"https:\/\/www.esolutions.free2move.com\/eu\/en_def\/?s={search_term_string}"},"query-input":{"@type":"PropertyValueSpecification","valueRequired":true,"valueName":"search_term_string"}}],"inLanguage":"pt-pt"},{"@type":"Organization","@id":"https:\/\/www.esolutions.free2move.com\/eu\/en_def\/#organization","name":"eSolutions europe","url":"https:\/\/www.esolutions.free2move.com\/eu\/en_def\/","logo":{"@type":"ImageObject","inLanguage":"pt-pt","@id":"https:\/\/www.esolutions.free2move.com\/eu\/en_def\/#\/schema\/logo\/image\/","url":"https:\/\/www.esolutions.free2move.com\/eu\/wp-content\/uploads\/2024\/03\/logo-f2m-horizontal-1-1-1.png","contentUrl":"https:\/\/www.esolutions.free2move.com\/eu\/wp-content\/uploads\/2024\/03\/logo-f2m-horizontal-1-1-1.png","width":865,"height":218,"caption":"eSolutions europe"},"image":{"@id":"https:\/\/www.esolutions.free2move.com\/eu\/en_def\/#\/schema\/logo\/image\/"}}]}},"_links":{"self":[{"href":"https:\/\/www.esolutions.free2move.com\/eu\/pt_pt\/wp-json\/wp\/v2\/pages\/50386","targetHints":{"allow":["GET"]}}],"collection":[{"href":"https:\/\/www.esolutions.free2move.com\/eu\/pt_pt\/wp-json\/wp\/v2\/pages"}],"about":[{"href":"https:\/\/www.esolutions.free2move.com\/eu\/pt_pt\/wp-json\/wp\/v2\/types\/page"}],"author":[{"embeddable":true,"href":"https:\/\/www.esolutions.free2move.com\/eu\/pt_pt\/wp-json\/wp\/v2\/users\/1"}],"replies":[{"embeddable":true,"href":"https:\/\/www.esolutions.free2move.com\/eu\/pt_pt\/wp-json\/wp\/v2\/comments?post=50386"}],"version-history":[{"count":3,"href":"https:\/\/www.esolutions.free2move.com\/eu\/pt_pt\/wp-json\/wp\/v2\/pages\/50386\/revisions"}],"predecessor-version":[{"id":64536,"href":"https:\/\/www.esolutions.free2move.com\/eu\/pt_pt\/wp-json\/wp\/v2\/pages\/50386\/revisions\/64536"}],"wp:attachment":[{"href":"https:\/\/www.esolutions.free2move.com\/eu\/pt_pt\/wp-json\/wp\/v2\/media?parent=50386"}],"curies":[{"name":"wp","href":"https:\/\/api.w.org\/{rel}","templated":true}]}}