{"id":50382,"date":"2024-03-18T14:43:47","date_gmt":"2024-03-18T14:43:47","guid":{"rendered":"https:\/\/test.esolutions.free2move.com\/eu\/carlalberto-guglielminotti\/"},"modified":"2024-12-04T18:52:51","modified_gmt":"2024-12-04T18:52:51","slug":"carlalberto-guglielminotti","status":"publish","type":"page","link":"https:\/\/www.esolutions.free2move.com\/eu\/pt_pt\/governacao-e-etica\/carlalberto-guglielminotti\/","title":{"rendered":"Stefano Terranova"},"content":{"rendered":"<div id=\"cs-content\" class=\"cs-content\"><\/div>\n","protected":false},"excerpt":{"rendered":"<p>HomeStefano Terranova Presidente Executivo &nbsp; Stefano Terranova is the Chief Executive Officer of Atlante, a leading electric mobility player in Southern Europe. Appointed in October 2021, Stefano transformed what was at that time just a concept into a fully operational company across four major countries. Since then, he has overseen the formation of Atlante from scratch, developing the organizational structure &#8230; <\/p>\n<div><a href=\"https:\/\/www.esolutions.free2move.com\/eu\/pt_pt\/governacao-e-etica\/carlalberto-guglielminotti\/\" class=\"more-link\">Read More<\/a><\/div>\n","protected":false},"author":1,"featured_media":0,"parent":50386,"menu_order":0,"comment_status":"closed","ping_status":"closed","template":"template-blank-4.php","meta":{"_acf_changed":false,"inline_featured_image":false,"footnotes":""},"class_list":["post-50382","page","type-page","status-publish","hentry","no-post-thumbnail"],"acf":[],"yoast_head":"<!-- This site is optimized with the Yoast SEO plugin v26.7 - https:\/\/yoast.com\/wordpress\/plugins\/seo\/ -->\n<title>Stefano Terranova - eSolution europe<\/title>\n<meta name=\"robots\" content=\"index, follow, max-snippet:-1, max-image-preview:large, max-video-preview:-1\" \/>\n<link rel=\"canonical\" href=\"https:\/\/www.esolutions.free2move.com\/eu\/pt_pt\/governacao-e-etica\/carlalberto-guglielminotti\/\" \/>\n<meta property=\"og:locale\" content=\"pt_PT\" \/>\n<meta property=\"og:type\" content=\"article\" \/>\n<meta property=\"og:title\" content=\"Stefano Terranova - eSolution europe\" \/>\n<meta property=\"og:description\" content=\"HomeStefano Terranova Presidente Executivo &nbsp; Stefano Terranova is the Chief Executive Officer of Atlante, a leading electric mobility player in Southern Europe. Appointed in October 2021, Stefano transformed what was at that time just a concept into a fully operational company across four major countries. Since then, he has overseen the formation of Atlante from scratch, developing the organizational structure ... Read More\" \/>\n<meta property=\"og:url\" content=\"https:\/\/www.esolutions.free2move.com\/eu\/pt_pt\/governacao-e-etica\/carlalberto-guglielminotti\/\" \/>\n<meta property=\"og:site_name\" content=\"eSolution europe\" \/>\n<meta property=\"article:modified_time\" content=\"2024-12-04T18:52:51+00:00\" \/>\n<meta name=\"twitter:card\" content=\"summary_large_image\" \/>\n<meta name=\"twitter:label1\" content=\"Est. reading time\" \/>\n\t<meta name=\"twitter:data1\" content=\"2 minutes\" \/>\n<script type=\"application\/ld+json\" class=\"yoast-schema-graph\">{\"@context\":\"https:\/\/schema.org\",\"@graph\":[{\"@type\":\"WebPage\",\"@id\":\"https:\/\/www.esolutions.free2move.com\/eu\/pt_pt\/governacao-e-etica\/carlalberto-guglielminotti\/\",\"url\":\"https:\/\/www.esolutions.free2move.com\/eu\/pt_pt\/governacao-e-etica\/carlalberto-guglielminotti\/\",\"name\":\"Stefano Terranova - eSolution europe\",\"isPartOf\":{\"@id\":\"https:\/\/www.esolutions.free2move.com\/eu\/en_def\/#website\"},\"datePublished\":\"2024-03-18T14:43:47+00:00\",\"dateModified\":\"2024-12-04T18:52:51+00:00\",\"breadcrumb\":{\"@id\":\"https:\/\/www.esolutions.free2move.com\/eu\/pt_pt\/governacao-e-etica\/carlalberto-guglielminotti\/#breadcrumb\"},\"inLanguage\":\"pt-pt\",\"potentialAction\":[{\"@type\":\"ReadAction\",\"target\":[\"https:\/\/www.esolutions.free2move.com\/eu\/pt_pt\/governacao-e-etica\/carlalberto-guglielminotti\/\"]}]},{\"@type\":\"BreadcrumbList\",\"@id\":\"https:\/\/www.esolutions.free2move.com\/eu\/pt_pt\/governacao-e-etica\/carlalberto-guglielminotti\/#breadcrumb\",\"itemListElement\":[{\"@type\":\"ListItem\",\"position\":1,\"name\":\"Home\",\"item\":\"https:\/\/www.esolutions.free2move.com\/eu\/pt_pt\/\"},{\"@type\":\"ListItem\",\"position\":2,\"name\":\"Governa\u00e7\u00e3o e \u00e9tica\",\"item\":\"https:\/\/www.esolutions.free2move.com\/eu\/pt_pt\/governacao-e-etica\/\"},{\"@type\":\"ListItem\",\"position\":3,\"name\":\"Stefano Terranova\"}]},{\"@type\":\"WebSite\",\"@id\":\"https:\/\/www.esolutions.free2move.com\/eu\/en_def\/#website\",\"url\":\"https:\/\/www.esolutions.free2move.com\/eu\/en_def\/\",\"name\":\"eSolutions europe\",\"description\":\"\",\"publisher\":{\"@id\":\"https:\/\/www.esolutions.free2move.com\/eu\/en_def\/#organization\"},\"potentialAction\":[{\"@type\":\"SearchAction\",\"target\":{\"@type\":\"EntryPoint\",\"urlTemplate\":\"https:\/\/www.esolutions.free2move.com\/eu\/en_def\/?s={search_term_string}\"},\"query-input\":{\"@type\":\"PropertyValueSpecification\",\"valueRequired\":true,\"valueName\":\"search_term_string\"}}],\"inLanguage\":\"pt-pt\"},{\"@type\":\"Organization\",\"@id\":\"https:\/\/www.esolutions.free2move.com\/eu\/en_def\/#organization\",\"name\":\"eSolutions europe\",\"url\":\"https:\/\/www.esolutions.free2move.com\/eu\/en_def\/\",\"logo\":{\"@type\":\"ImageObject\",\"inLanguage\":\"pt-pt\",\"@id\":\"https:\/\/www.esolutions.free2move.com\/eu\/en_def\/#\/schema\/logo\/image\/\",\"url\":\"https:\/\/www.esolutions.free2move.com\/eu\/wp-content\/uploads\/2024\/03\/logo-f2m-horizontal-1-1-1.png\",\"contentUrl\":\"https:\/\/www.esolutions.free2move.com\/eu\/wp-content\/uploads\/2024\/03\/logo-f2m-horizontal-1-1-1.png\",\"width\":865,\"height\":218,\"caption\":\"eSolutions europe\"},\"image\":{\"@id\":\"https:\/\/www.esolutions.free2move.com\/eu\/en_def\/#\/schema\/logo\/image\/\"}}]}<\/script>\n<!-- \/ Yoast SEO plugin. -->","yoast_head_json":{"title":"Stefano Terranova - eSolution europe","robots":{"index":"index","follow":"follow","max-snippet":"max-snippet:-1","max-image-preview":"max-image-preview:large","max-video-preview":"max-video-preview:-1"},"canonical":"https:\/\/www.esolutions.free2move.com\/eu\/pt_pt\/governacao-e-etica\/carlalberto-guglielminotti\/","og_locale":"pt_PT","og_type":"article","og_title":"Stefano Terranova - eSolution europe","og_description":"HomeStefano Terranova Presidente Executivo &nbsp; Stefano Terranova is the Chief Executive Officer of Atlante, a leading electric mobility player in Southern Europe. Appointed in October 2021, Stefano transformed what was at that time just a concept into a fully operational company across four major countries. Since then, he has overseen the formation of Atlante from scratch, developing the organizational structure ... Read More","og_url":"https:\/\/www.esolutions.free2move.com\/eu\/pt_pt\/governacao-e-etica\/carlalberto-guglielminotti\/","og_site_name":"eSolution europe","article_modified_time":"2024-12-04T18:52:51+00:00","twitter_card":"summary_large_image","twitter_misc":{"Est. reading time":"2 minutes"},"schema":{"@context":"https:\/\/schema.org","@graph":[{"@type":"WebPage","@id":"https:\/\/www.esolutions.free2move.com\/eu\/pt_pt\/governacao-e-etica\/carlalberto-guglielminotti\/","url":"https:\/\/www.esolutions.free2move.com\/eu\/pt_pt\/governacao-e-etica\/carlalberto-guglielminotti\/","name":"Stefano Terranova - eSolution europe","isPartOf":{"@id":"https:\/\/www.esolutions.free2move.com\/eu\/en_def\/#website"},"datePublished":"2024-03-18T14:43:47+00:00","dateModified":"2024-12-04T18:52:51+00:00","breadcrumb":{"@id":"https:\/\/www.esolutions.free2move.com\/eu\/pt_pt\/governacao-e-etica\/carlalberto-guglielminotti\/#breadcrumb"},"inLanguage":"pt-pt","potentialAction":[{"@type":"ReadAction","target":["https:\/\/www.esolutions.free2move.com\/eu\/pt_pt\/governacao-e-etica\/carlalberto-guglielminotti\/"]}]},{"@type":"BreadcrumbList","@id":"https:\/\/www.esolutions.free2move.com\/eu\/pt_pt\/governacao-e-etica\/carlalberto-guglielminotti\/#breadcrumb","itemListElement":[{"@type":"ListItem","position":1,"name":"Home","item":"https:\/\/www.esolutions.free2move.com\/eu\/pt_pt\/"},{"@type":"ListItem","position":2,"name":"Governa\u00e7\u00e3o e \u00e9tica","item":"https:\/\/www.esolutions.free2move.com\/eu\/pt_pt\/governacao-e-etica\/"},{"@type":"ListItem","position":3,"name":"Stefano Terranova"}]},{"@type":"WebSite","@id":"https:\/\/www.esolutions.free2move.com\/eu\/en_def\/#website","url":"https:\/\/www.esolutions.free2move.com\/eu\/en_def\/","name":"eSolutions europe","description":"","publisher":{"@id":"https:\/\/www.esolutions.free2move.com\/eu\/en_def\/#organization"},"potentialAction":[{"@type":"SearchAction","target":{"@type":"EntryPoint","urlTemplate":"https:\/\/www.esolutions.free2move.com\/eu\/en_def\/?s={search_term_string}"},"query-input":{"@type":"PropertyValueSpecification","valueRequired":true,"valueName":"search_term_string"}}],"inLanguage":"pt-pt"},{"@type":"Organization","@id":"https:\/\/www.esolutions.free2move.com\/eu\/en_def\/#organization","name":"eSolutions europe","url":"https:\/\/www.esolutions.free2move.com\/eu\/en_def\/","logo":{"@type":"ImageObject","inLanguage":"pt-pt","@id":"https:\/\/www.esolutions.free2move.com\/eu\/en_def\/#\/schema\/logo\/image\/","url":"https:\/\/www.esolutions.free2move.com\/eu\/wp-content\/uploads\/2024\/03\/logo-f2m-horizontal-1-1-1.png","contentUrl":"https:\/\/www.esolutions.free2move.com\/eu\/wp-content\/uploads\/2024\/03\/logo-f2m-horizontal-1-1-1.png","width":865,"height":218,"caption":"eSolutions europe"},"image":{"@id":"https:\/\/www.esolutions.free2move.com\/eu\/en_def\/#\/schema\/logo\/image\/"}}]}},"_links":{"self":[{"href":"https:\/\/www.esolutions.free2move.com\/eu\/pt_pt\/wp-json\/wp\/v2\/pages\/50382","targetHints":{"allow":["GET"]}}],"collection":[{"href":"https:\/\/www.esolutions.free2move.com\/eu\/pt_pt\/wp-json\/wp\/v2\/pages"}],"about":[{"href":"https:\/\/www.esolutions.free2move.com\/eu\/pt_pt\/wp-json\/wp\/v2\/types\/page"}],"author":[{"embeddable":true,"href":"https:\/\/www.esolutions.free2move.com\/eu\/pt_pt\/wp-json\/wp\/v2\/users\/1"}],"replies":[{"embeddable":true,"href":"https:\/\/www.esolutions.free2move.com\/eu\/pt_pt\/wp-json\/wp\/v2\/comments?post=50382"}],"version-history":[{"count":0,"href":"https:\/\/www.esolutions.free2move.com\/eu\/pt_pt\/wp-json\/wp\/v2\/pages\/50382\/revisions"}],"up":[{"embeddable":true,"href":"https:\/\/www.esolutions.free2move.com\/eu\/pt_pt\/wp-json\/wp\/v2\/pages\/50386"}],"wp:attachment":[{"href":"https:\/\/www.esolutions.free2move.com\/eu\/pt_pt\/wp-json\/wp\/v2\/media?parent=50382"}],"curies":[{"name":"wp","href":"https:\/\/api.w.org\/{rel}","templated":true}]}}