{"id":50377,"date":"2024-03-18T16:11:37","date_gmt":"2024-03-18T16:11:37","guid":{"rendered":"https:\/\/test.esolutions.free2move.com\/eu\/carregamento-de-carros-electricos-para-empresas\/"},"modified":"2024-06-12T10:47:13","modified_gmt":"2024-06-12T10:47:13","slug":"carregamento-de-carros-electricos-para-empresas","status":"publish","type":"page","link":"https:\/\/www.esolutions.free2move.com\/eu\/pt_pt\/carregamento-de-carros-electricos-para-empresas\/","title":{"rendered":"Carregamento das empresas"},"content":{"rendered":"<div id=\"cs-content\" class=\"cs-content\"><\/div>\n","protected":false},"excerpt":{"rendered":"<p>Home Carregamento das empresasCapacite a sua empresa com solu\u00e7\u00f5es de carregamento de ve\u00edculos el\u00e9ctricos sem falhas.Concebemos, instalamos e gerimos solu\u00e7\u00f5es de carregamento empresariais de ponta, permitindo-lhe oferecer op\u00e7\u00f5es de carregamento convenientes aos seus funcion\u00e1rios, clientes e ve\u00edculos da frota.Explore a nossa gama de produtos para encontrar a solu\u00e7\u00e3o perfeita para as necessidades da sua empresa.Solu\u00e7\u00f5es de carregamentoAcess\u00f3rioseMobilidadeCPMSInstala\u00e7\u00e3oPARA A TUA EMPRESASolu\u00e7\u00f5es &#8230; <\/p>\n<div><a href=\"https:\/\/www.esolutions.free2move.com\/eu\/pt_pt\/carregamento-de-carros-electricos-para-empresas\/\" class=\"more-link\">Read More<\/a><\/div>\n","protected":false},"author":1,"featured_media":0,"parent":0,"menu_order":0,"comment_status":"closed","ping_status":"closed","template":"template-blank-4.php","meta":{"_acf_changed":false,"inline_featured_image":false,"footnotes":""},"class_list":["post-50377","page","type-page","status-publish","hentry","no-post-thumbnail"],"acf":[],"yoast_head":"<!-- This site is optimized with the Yoast SEO plugin v26.7 - https:\/\/yoast.com\/wordpress\/plugins\/seo\/ -->\n<title>Carregamento das empresas | Free2move eSolution<\/title>\n<meta name=\"description\" content=\"Explora a nossa gama de solu\u00e7\u00f5es de carregamento de VE comerciais para empresas. Instala\u00e7\u00e3o sem esfor\u00e7o, funcionalidades inteligentes e desempenho fi\u00e1vel. Come\u00e7a hoje mesmo!\" \/>\n<meta name=\"robots\" content=\"index, follow, max-snippet:-1, max-image-preview:large, max-video-preview:-1\" \/>\n<link rel=\"canonical\" href=\"https:\/\/www.esolutions.free2move.com\/eu\/pt_pt\/carregamento-de-carros-electricos-para-empresas\/\" \/>\n<meta property=\"og:locale\" content=\"pt_PT\" \/>\n<meta property=\"og:type\" content=\"article\" \/>\n<meta property=\"og:title\" content=\"Carregamento das empresas | Free2move eSolution\" \/>\n<meta property=\"og:description\" content=\"Explora a nossa gama de solu\u00e7\u00f5es de carregamento de VE comerciais para empresas. Instala\u00e7\u00e3o sem esfor\u00e7o, funcionalidades inteligentes e desempenho fi\u00e1vel. Come\u00e7a hoje mesmo!\" \/>\n<meta property=\"og:url\" content=\"https:\/\/www.esolutions.free2move.com\/eu\/pt_pt\/carregamento-de-carros-electricos-para-empresas\/\" \/>\n<meta property=\"og:site_name\" content=\"eSolution europe\" \/>\n<meta property=\"article:modified_time\" content=\"2024-06-12T10:47:13+00:00\" \/>\n<meta name=\"twitter:card\" content=\"summary_large_image\" \/>\n<meta name=\"twitter:label1\" content=\"Est. reading time\" \/>\n\t<meta name=\"twitter:data1\" content=\"23 minutes\" \/>\n<script type=\"application\/ld+json\" class=\"yoast-schema-graph\">{\"@context\":\"https:\/\/schema.org\",\"@graph\":[{\"@type\":\"WebPage\",\"@id\":\"https:\/\/www.esolutions.free2move.com\/eu\/pt_pt\/carregamento-de-carros-electricos-para-empresas\/\",\"url\":\"https:\/\/www.esolutions.free2move.com\/eu\/pt_pt\/carregamento-de-carros-electricos-para-empresas\/\",\"name\":\"Carregamento das empresas | Free2move eSolution\",\"isPartOf\":{\"@id\":\"https:\/\/www.esolutions.free2move.com\/eu\/en_def\/#website\"},\"datePublished\":\"2024-03-18T16:11:37+00:00\",\"dateModified\":\"2024-06-12T10:47:13+00:00\",\"description\":\"Explora a nossa gama de solu\u00e7\u00f5es de carregamento de VE comerciais para empresas. Instala\u00e7\u00e3o sem esfor\u00e7o, funcionalidades inteligentes e desempenho fi\u00e1vel. Come\u00e7a hoje mesmo!\",\"breadcrumb\":{\"@id\":\"https:\/\/www.esolutions.free2move.com\/eu\/pt_pt\/carregamento-de-carros-electricos-para-empresas\/#breadcrumb\"},\"inLanguage\":\"pt-pt\",\"potentialAction\":[{\"@type\":\"ReadAction\",\"target\":[\"https:\/\/www.esolutions.free2move.com\/eu\/pt_pt\/carregamento-de-carros-electricos-para-empresas\/\"]}]},{\"@type\":\"BreadcrumbList\",\"@id\":\"https:\/\/www.esolutions.free2move.com\/eu\/pt_pt\/carregamento-de-carros-electricos-para-empresas\/#breadcrumb\",\"itemListElement\":[{\"@type\":\"ListItem\",\"position\":1,\"name\":\"Home\",\"item\":\"https:\/\/www.esolutions.free2move.com\/eu\/pt_pt\/\"},{\"@type\":\"ListItem\",\"position\":2,\"name\":\"Carregamento das empresas\"}]},{\"@type\":\"WebSite\",\"@id\":\"https:\/\/www.esolutions.free2move.com\/eu\/en_def\/#website\",\"url\":\"https:\/\/www.esolutions.free2move.com\/eu\/en_def\/\",\"name\":\"eSolutions europe\",\"description\":\"\",\"publisher\":{\"@id\":\"https:\/\/www.esolutions.free2move.com\/eu\/en_def\/#organization\"},\"potentialAction\":[{\"@type\":\"SearchAction\",\"target\":{\"@type\":\"EntryPoint\",\"urlTemplate\":\"https:\/\/www.esolutions.free2move.com\/eu\/en_def\/?s={search_term_string}\"},\"query-input\":{\"@type\":\"PropertyValueSpecification\",\"valueRequired\":true,\"valueName\":\"search_term_string\"}}],\"inLanguage\":\"pt-pt\"},{\"@type\":\"Organization\",\"@id\":\"https:\/\/www.esolutions.free2move.com\/eu\/en_def\/#organization\",\"name\":\"eSolutions europe\",\"url\":\"https:\/\/www.esolutions.free2move.com\/eu\/en_def\/\",\"logo\":{\"@type\":\"ImageObject\",\"inLanguage\":\"pt-pt\",\"@id\":\"https:\/\/www.esolutions.free2move.com\/eu\/en_def\/#\/schema\/logo\/image\/\",\"url\":\"https:\/\/www.esolutions.free2move.com\/eu\/wp-content\/uploads\/2024\/03\/logo-f2m-horizontal-1-1-1.png\",\"contentUrl\":\"https:\/\/www.esolutions.free2move.com\/eu\/wp-content\/uploads\/2024\/03\/logo-f2m-horizontal-1-1-1.png\",\"width\":865,\"height\":218,\"caption\":\"eSolutions europe\"},\"image\":{\"@id\":\"https:\/\/www.esolutions.free2move.com\/eu\/en_def\/#\/schema\/logo\/image\/\"}}]}<\/script>\n<!-- \/ Yoast SEO plugin. -->","yoast_head_json":{"title":"Carregamento das empresas | Free2move eSolution","description":"Explora a nossa gama de solu\u00e7\u00f5es de carregamento de VE comerciais para empresas. Instala\u00e7\u00e3o sem esfor\u00e7o, funcionalidades inteligentes e desempenho fi\u00e1vel. Come\u00e7a hoje mesmo!","robots":{"index":"index","follow":"follow","max-snippet":"max-snippet:-1","max-image-preview":"max-image-preview:large","max-video-preview":"max-video-preview:-1"},"canonical":"https:\/\/www.esolutions.free2move.com\/eu\/pt_pt\/carregamento-de-carros-electricos-para-empresas\/","og_locale":"pt_PT","og_type":"article","og_title":"Carregamento das empresas | Free2move eSolution","og_description":"Explora a nossa gama de solu\u00e7\u00f5es de carregamento de VE comerciais para empresas. Instala\u00e7\u00e3o sem esfor\u00e7o, funcionalidades inteligentes e desempenho fi\u00e1vel. Come\u00e7a hoje mesmo!","og_url":"https:\/\/www.esolutions.free2move.com\/eu\/pt_pt\/carregamento-de-carros-electricos-para-empresas\/","og_site_name":"eSolution europe","article_modified_time":"2024-06-12T10:47:13+00:00","twitter_card":"summary_large_image","twitter_misc":{"Est. reading time":"23 minutes"},"schema":{"@context":"https:\/\/schema.org","@graph":[{"@type":"WebPage","@id":"https:\/\/www.esolutions.free2move.com\/eu\/pt_pt\/carregamento-de-carros-electricos-para-empresas\/","url":"https:\/\/www.esolutions.free2move.com\/eu\/pt_pt\/carregamento-de-carros-electricos-para-empresas\/","name":"Carregamento das empresas | Free2move eSolution","isPartOf":{"@id":"https:\/\/www.esolutions.free2move.com\/eu\/en_def\/#website"},"datePublished":"2024-03-18T16:11:37+00:00","dateModified":"2024-06-12T10:47:13+00:00","description":"Explora a nossa gama de solu\u00e7\u00f5es de carregamento de VE comerciais para empresas. Instala\u00e7\u00e3o sem esfor\u00e7o, funcionalidades inteligentes e desempenho fi\u00e1vel. Come\u00e7a hoje mesmo!","breadcrumb":{"@id":"https:\/\/www.esolutions.free2move.com\/eu\/pt_pt\/carregamento-de-carros-electricos-para-empresas\/#breadcrumb"},"inLanguage":"pt-pt","potentialAction":[{"@type":"ReadAction","target":["https:\/\/www.esolutions.free2move.com\/eu\/pt_pt\/carregamento-de-carros-electricos-para-empresas\/"]}]},{"@type":"BreadcrumbList","@id":"https:\/\/www.esolutions.free2move.com\/eu\/pt_pt\/carregamento-de-carros-electricos-para-empresas\/#breadcrumb","itemListElement":[{"@type":"ListItem","position":1,"name":"Home","item":"https:\/\/www.esolutions.free2move.com\/eu\/pt_pt\/"},{"@type":"ListItem","position":2,"name":"Carregamento das empresas"}]},{"@type":"WebSite","@id":"https:\/\/www.esolutions.free2move.com\/eu\/en_def\/#website","url":"https:\/\/www.esolutions.free2move.com\/eu\/en_def\/","name":"eSolutions europe","description":"","publisher":{"@id":"https:\/\/www.esolutions.free2move.com\/eu\/en_def\/#organization"},"potentialAction":[{"@type":"SearchAction","target":{"@type":"EntryPoint","urlTemplate":"https:\/\/www.esolutions.free2move.com\/eu\/en_def\/?s={search_term_string}"},"query-input":{"@type":"PropertyValueSpecification","valueRequired":true,"valueName":"search_term_string"}}],"inLanguage":"pt-pt"},{"@type":"Organization","@id":"https:\/\/www.esolutions.free2move.com\/eu\/en_def\/#organization","name":"eSolutions europe","url":"https:\/\/www.esolutions.free2move.com\/eu\/en_def\/","logo":{"@type":"ImageObject","inLanguage":"pt-pt","@id":"https:\/\/www.esolutions.free2move.com\/eu\/en_def\/#\/schema\/logo\/image\/","url":"https:\/\/www.esolutions.free2move.com\/eu\/wp-content\/uploads\/2024\/03\/logo-f2m-horizontal-1-1-1.png","contentUrl":"https:\/\/www.esolutions.free2move.com\/eu\/wp-content\/uploads\/2024\/03\/logo-f2m-horizontal-1-1-1.png","width":865,"height":218,"caption":"eSolutions europe"},"image":{"@id":"https:\/\/www.esolutions.free2move.com\/eu\/en_def\/#\/schema\/logo\/image\/"}}]}},"_links":{"self":[{"href":"https:\/\/www.esolutions.free2move.com\/eu\/pt_pt\/wp-json\/wp\/v2\/pages\/50377","targetHints":{"allow":["GET"]}}],"collection":[{"href":"https:\/\/www.esolutions.free2move.com\/eu\/pt_pt\/wp-json\/wp\/v2\/pages"}],"about":[{"href":"https:\/\/www.esolutions.free2move.com\/eu\/pt_pt\/wp-json\/wp\/v2\/types\/page"}],"author":[{"embeddable":true,"href":"https:\/\/www.esolutions.free2move.com\/eu\/pt_pt\/wp-json\/wp\/v2\/users\/1"}],"replies":[{"embeddable":true,"href":"https:\/\/www.esolutions.free2move.com\/eu\/pt_pt\/wp-json\/wp\/v2\/comments?post=50377"}],"version-history":[{"count":0,"href":"https:\/\/www.esolutions.free2move.com\/eu\/pt_pt\/wp-json\/wp\/v2\/pages\/50377\/revisions"}],"wp:attachment":[{"href":"https:\/\/www.esolutions.free2move.com\/eu\/pt_pt\/wp-json\/wp\/v2\/media?parent=50377"}],"curies":[{"name":"wp","href":"https:\/\/api.w.org\/{rel}","templated":true}]}}