{"id":50374,"date":"2024-03-18T17:33:34","date_gmt":"2024-03-18T17:33:34","guid":{"rendered":"https:\/\/test.esolutions.free2move.com\/eu\/eprowallbox\/"},"modified":"2024-03-18T17:33:34","modified_gmt":"2024-03-18T17:33:34","slug":"eprowallbox","status":"publish","type":"page","link":"https:\/\/www.esolutions.free2move.com\/eu\/pt_pt\/carregamento-de-carros-electricos-para-empresas\/eprowallbox\/","title":{"rendered":"eProWallbox"},"content":{"rendered":"<div id=\"cs-content\" class=\"cs-content\"><\/div>\n","protected":false},"excerpt":{"rendered":"<p>Home eProWallbox MoveeProWallbox Move: Carregamento eficiente e fi\u00e1velActualize o seu carregamento de ve\u00edculos el\u00e9ctricos com a eProWallbox Move: eficiente, inteligente e adapt\u00e1vel \u00e0s necessidades dom\u00e9sticas ou da frota, oferecendo at\u00e9 22 kW de pot\u00eancia. Sincronize sem esfor\u00e7o com a aplica\u00e7\u00e3o eSolutions Charging para uma monitoriza\u00e7\u00e3o e gest\u00e3o perfeitas das sess\u00f5es de carregamento. Experimente o futuro do carregamento inteligente com confian\u00e7a.PARA &#8230; <\/p>\n<div><a href=\"https:\/\/www.esolutions.free2move.com\/eu\/pt_pt\/carregamento-de-carros-electricos-para-empresas\/eprowallbox\/\" class=\"more-link\">Read More<\/a><\/div>\n","protected":false},"author":1,"featured_media":0,"parent":50377,"menu_order":0,"comment_status":"closed","ping_status":"closed","template":"template-blank-4.php","meta":{"_acf_changed":false,"inline_featured_image":false,"footnotes":""},"class_list":["post-50374","page","type-page","status-publish","hentry","no-post-thumbnail"],"acf":[],"yoast_head":"<!-- This site is optimized with the Yoast SEO plugin v26.7 - https:\/\/yoast.com\/wordpress\/plugins\/seo\/ -->\n<title>eProWallbox | Free2move eSolution<\/title>\n<meta name=\"description\" content=\"Acesse especifica\u00e7\u00f5es t\u00e9cnicas, guias de instala\u00e7\u00e3o e folhetos de nosso eprowallbox em nossa biblioteca abrangente.\" \/>\n<meta name=\"robots\" content=\"index, follow, max-snippet:-1, max-image-preview:large, max-video-preview:-1\" \/>\n<link rel=\"canonical\" href=\"https:\/\/www.esolutions.free2move.com\/eu\/pt_pt\/carregamento-de-carros-electricos-para-empresas\/eprowallbox\/\" \/>\n<meta property=\"og:locale\" content=\"pt_PT\" \/>\n<meta property=\"og:type\" content=\"article\" \/>\n<meta property=\"og:title\" content=\"eProWallbox | Free2move eSolution\" \/>\n<meta property=\"og:description\" content=\"Acesse especifica\u00e7\u00f5es t\u00e9cnicas, guias de instala\u00e7\u00e3o e folhetos de nosso eprowallbox em nossa biblioteca abrangente.\" \/>\n<meta property=\"og:url\" content=\"https:\/\/www.esolutions.free2move.com\/eu\/pt_pt\/carregamento-de-carros-electricos-para-empresas\/eprowallbox\/\" \/>\n<meta property=\"og:site_name\" content=\"eSolution europe\" \/>\n<meta name=\"twitter:card\" content=\"summary_large_image\" \/>\n<meta name=\"twitter:label1\" content=\"Est. reading time\" \/>\n\t<meta name=\"twitter:data1\" content=\"9 minutes\" \/>\n<script type=\"application\/ld+json\" class=\"yoast-schema-graph\">{\"@context\":\"https:\/\/schema.org\",\"@graph\":[{\"@type\":\"WebPage\",\"@id\":\"https:\/\/www.esolutions.free2move.com\/eu\/pt_pt\/carregamento-de-carros-electricos-para-empresas\/eprowallbox\/\",\"url\":\"https:\/\/www.esolutions.free2move.com\/eu\/pt_pt\/carregamento-de-carros-electricos-para-empresas\/eprowallbox\/\",\"name\":\"eProWallbox | Free2move eSolution\",\"isPartOf\":{\"@id\":\"https:\/\/www.esolutions.free2move.com\/eu\/en_def\/#website\"},\"datePublished\":\"2024-03-18T17:33:34+00:00\",\"description\":\"Acesse especifica\u00e7\u00f5es t\u00e9cnicas, guias de instala\u00e7\u00e3o e folhetos de nosso eprowallbox em nossa biblioteca abrangente.\",\"breadcrumb\":{\"@id\":\"https:\/\/www.esolutions.free2move.com\/eu\/pt_pt\/carregamento-de-carros-electricos-para-empresas\/eprowallbox\/#breadcrumb\"},\"inLanguage\":\"pt-pt\",\"potentialAction\":[{\"@type\":\"ReadAction\",\"target\":[\"https:\/\/www.esolutions.free2move.com\/eu\/pt_pt\/carregamento-de-carros-electricos-para-empresas\/eprowallbox\/\"]}]},{\"@type\":\"BreadcrumbList\",\"@id\":\"https:\/\/www.esolutions.free2move.com\/eu\/pt_pt\/carregamento-de-carros-electricos-para-empresas\/eprowallbox\/#breadcrumb\",\"itemListElement\":[{\"@type\":\"ListItem\",\"position\":1,\"name\":\"Home\",\"item\":\"https:\/\/www.esolutions.free2move.com\/eu\/pt_pt\/\"},{\"@type\":\"ListItem\",\"position\":2,\"name\":\"Carregamento das empresas\",\"item\":\"https:\/\/www.esolutions.free2move.com\/eu\/pt_pt\/carregamento-de-carros-electricos-para-empresas\/\"},{\"@type\":\"ListItem\",\"position\":3,\"name\":\"eProWallbox\"}]},{\"@type\":\"WebSite\",\"@id\":\"https:\/\/www.esolutions.free2move.com\/eu\/en_def\/#website\",\"url\":\"https:\/\/www.esolutions.free2move.com\/eu\/en_def\/\",\"name\":\"eSolutions europe\",\"description\":\"\",\"publisher\":{\"@id\":\"https:\/\/www.esolutions.free2move.com\/eu\/en_def\/#organization\"},\"potentialAction\":[{\"@type\":\"SearchAction\",\"target\":{\"@type\":\"EntryPoint\",\"urlTemplate\":\"https:\/\/www.esolutions.free2move.com\/eu\/en_def\/?s={search_term_string}\"},\"query-input\":{\"@type\":\"PropertyValueSpecification\",\"valueRequired\":true,\"valueName\":\"search_term_string\"}}],\"inLanguage\":\"pt-pt\"},{\"@type\":\"Organization\",\"@id\":\"https:\/\/www.esolutions.free2move.com\/eu\/en_def\/#organization\",\"name\":\"eSolutions europe\",\"url\":\"https:\/\/www.esolutions.free2move.com\/eu\/en_def\/\",\"logo\":{\"@type\":\"ImageObject\",\"inLanguage\":\"pt-pt\",\"@id\":\"https:\/\/www.esolutions.free2move.com\/eu\/en_def\/#\/schema\/logo\/image\/\",\"url\":\"https:\/\/www.esolutions.free2move.com\/eu\/wp-content\/uploads\/2024\/03\/logo-f2m-horizontal-1-1-1.png\",\"contentUrl\":\"https:\/\/www.esolutions.free2move.com\/eu\/wp-content\/uploads\/2024\/03\/logo-f2m-horizontal-1-1-1.png\",\"width\":865,\"height\":218,\"caption\":\"eSolutions europe\"},\"image\":{\"@id\":\"https:\/\/www.esolutions.free2move.com\/eu\/en_def\/#\/schema\/logo\/image\/\"}}]}<\/script>\n<!-- \/ Yoast SEO plugin. -->","yoast_head_json":{"title":"eProWallbox | Free2move eSolution","description":"Acesse especifica\u00e7\u00f5es t\u00e9cnicas, guias de instala\u00e7\u00e3o e folhetos de nosso eprowallbox em nossa biblioteca abrangente.","robots":{"index":"index","follow":"follow","max-snippet":"max-snippet:-1","max-image-preview":"max-image-preview:large","max-video-preview":"max-video-preview:-1"},"canonical":"https:\/\/www.esolutions.free2move.com\/eu\/pt_pt\/carregamento-de-carros-electricos-para-empresas\/eprowallbox\/","og_locale":"pt_PT","og_type":"article","og_title":"eProWallbox | Free2move eSolution","og_description":"Acesse especifica\u00e7\u00f5es t\u00e9cnicas, guias de instala\u00e7\u00e3o e folhetos de nosso eprowallbox em nossa biblioteca abrangente.","og_url":"https:\/\/www.esolutions.free2move.com\/eu\/pt_pt\/carregamento-de-carros-electricos-para-empresas\/eprowallbox\/","og_site_name":"eSolution europe","twitter_card":"summary_large_image","twitter_misc":{"Est. reading time":"9 minutes"},"schema":{"@context":"https:\/\/schema.org","@graph":[{"@type":"WebPage","@id":"https:\/\/www.esolutions.free2move.com\/eu\/pt_pt\/carregamento-de-carros-electricos-para-empresas\/eprowallbox\/","url":"https:\/\/www.esolutions.free2move.com\/eu\/pt_pt\/carregamento-de-carros-electricos-para-empresas\/eprowallbox\/","name":"eProWallbox | Free2move eSolution","isPartOf":{"@id":"https:\/\/www.esolutions.free2move.com\/eu\/en_def\/#website"},"datePublished":"2024-03-18T17:33:34+00:00","description":"Acesse especifica\u00e7\u00f5es t\u00e9cnicas, guias de instala\u00e7\u00e3o e folhetos de nosso eprowallbox em nossa biblioteca abrangente.","breadcrumb":{"@id":"https:\/\/www.esolutions.free2move.com\/eu\/pt_pt\/carregamento-de-carros-electricos-para-empresas\/eprowallbox\/#breadcrumb"},"inLanguage":"pt-pt","potentialAction":[{"@type":"ReadAction","target":["https:\/\/www.esolutions.free2move.com\/eu\/pt_pt\/carregamento-de-carros-electricos-para-empresas\/eprowallbox\/"]}]},{"@type":"BreadcrumbList","@id":"https:\/\/www.esolutions.free2move.com\/eu\/pt_pt\/carregamento-de-carros-electricos-para-empresas\/eprowallbox\/#breadcrumb","itemListElement":[{"@type":"ListItem","position":1,"name":"Home","item":"https:\/\/www.esolutions.free2move.com\/eu\/pt_pt\/"},{"@type":"ListItem","position":2,"name":"Carregamento das empresas","item":"https:\/\/www.esolutions.free2move.com\/eu\/pt_pt\/carregamento-de-carros-electricos-para-empresas\/"},{"@type":"ListItem","position":3,"name":"eProWallbox"}]},{"@type":"WebSite","@id":"https:\/\/www.esolutions.free2move.com\/eu\/en_def\/#website","url":"https:\/\/www.esolutions.free2move.com\/eu\/en_def\/","name":"eSolutions europe","description":"","publisher":{"@id":"https:\/\/www.esolutions.free2move.com\/eu\/en_def\/#organization"},"potentialAction":[{"@type":"SearchAction","target":{"@type":"EntryPoint","urlTemplate":"https:\/\/www.esolutions.free2move.com\/eu\/en_def\/?s={search_term_string}"},"query-input":{"@type":"PropertyValueSpecification","valueRequired":true,"valueName":"search_term_string"}}],"inLanguage":"pt-pt"},{"@type":"Organization","@id":"https:\/\/www.esolutions.free2move.com\/eu\/en_def\/#organization","name":"eSolutions europe","url":"https:\/\/www.esolutions.free2move.com\/eu\/en_def\/","logo":{"@type":"ImageObject","inLanguage":"pt-pt","@id":"https:\/\/www.esolutions.free2move.com\/eu\/en_def\/#\/schema\/logo\/image\/","url":"https:\/\/www.esolutions.free2move.com\/eu\/wp-content\/uploads\/2024\/03\/logo-f2m-horizontal-1-1-1.png","contentUrl":"https:\/\/www.esolutions.free2move.com\/eu\/wp-content\/uploads\/2024\/03\/logo-f2m-horizontal-1-1-1.png","width":865,"height":218,"caption":"eSolutions europe"},"image":{"@id":"https:\/\/www.esolutions.free2move.com\/eu\/en_def\/#\/schema\/logo\/image\/"}}]}},"_links":{"self":[{"href":"https:\/\/www.esolutions.free2move.com\/eu\/pt_pt\/wp-json\/wp\/v2\/pages\/50374","targetHints":{"allow":["GET"]}}],"collection":[{"href":"https:\/\/www.esolutions.free2move.com\/eu\/pt_pt\/wp-json\/wp\/v2\/pages"}],"about":[{"href":"https:\/\/www.esolutions.free2move.com\/eu\/pt_pt\/wp-json\/wp\/v2\/types\/page"}],"author":[{"embeddable":true,"href":"https:\/\/www.esolutions.free2move.com\/eu\/pt_pt\/wp-json\/wp\/v2\/users\/1"}],"replies":[{"embeddable":true,"href":"https:\/\/www.esolutions.free2move.com\/eu\/pt_pt\/wp-json\/wp\/v2\/comments?post=50374"}],"version-history":[{"count":0,"href":"https:\/\/www.esolutions.free2move.com\/eu\/pt_pt\/wp-json\/wp\/v2\/pages\/50374\/revisions"}],"up":[{"embeddable":true,"href":"https:\/\/www.esolutions.free2move.com\/eu\/pt_pt\/wp-json\/wp\/v2\/pages\/50377"}],"wp:attachment":[{"href":"https:\/\/www.esolutions.free2move.com\/eu\/pt_pt\/wp-json\/wp\/v2\/media?parent=50374"}],"curies":[{"name":"wp","href":"https:\/\/api.w.org\/{rel}","templated":true}]}}