{"id":50372,"date":"2024-03-19T07:59:44","date_gmt":"2024-03-19T07:59:44","guid":{"rendered":"https:\/\/test.esolutions.free2move.com\/eu\/plataforma-de-informacao\/"},"modified":"2026-03-20T14:38:39","modified_gmt":"2026-03-20T14:38:39","slug":"plataforma-de-informacao","status":"publish","type":"page","link":"https:\/\/www.esolutions.free2move.com\/eu\/pt_pt\/plataforma-de-informacao\/","title":{"rendered":"Plataforma de informa\u00e7\u00e3o"},"content":{"rendered":"<div id=\"cs-content\" class=\"cs-content\"><\/div>\n","protected":false},"excerpt":{"rendered":"<p>Home Biblioteca de documentos e recursosSeleccione o produto para encontrar todas as informa\u00e7\u00f5es relevanteseasyWallboxeasyWallboxUtilizadorManual do utilizadorFicha de dadosVoltar ao in\u00edcioeasyWallboxInstaladorManual de instala\u00e7\u00e3oLeaflet Ground CableVoltar ao in\u00edcioeasyWallboxV\u00eddeoComo instalar o easyWallbox na paredeVoltar ao in\u00edcioeasyWallboxDocumenta\u00e7\u00e3oeasyWallbox _ 61851-1 Certificado de ConformidadeeasyWallbox _ 61851-21-2 Certificado de conformidadeeasyWallbox _ Declara\u00e7\u00e3o de Conformidade UEEU Reach StatementeasyWallbox _ Garantia de conformidadeeasyWallbox _ Declara\u00e7\u00e3o IK10easyWallbox _ Certificado de &#8230; <\/p>\n<div><a href=\"https:\/\/www.esolutions.free2move.com\/eu\/pt_pt\/plataforma-de-informacao\/\" class=\"more-link\">Read More<\/a><\/div>\n","protected":false},"author":1,"featured_media":0,"parent":0,"menu_order":0,"comment_status":"closed","ping_status":"closed","template":"template-blank-4.php","meta":{"_acf_changed":false,"inline_featured_image":false,"footnotes":""},"class_list":["post-50372","page","type-page","status-publish","hentry","no-post-thumbnail"],"acf":[],"yoast_head":"<!-- This site is optimized with the Yoast SEO plugin v26.7 - https:\/\/yoast.com\/wordpress\/plugins\/seo\/ -->\n<title>Plataforma de informa\u00e7\u00e3o | Free2move eSolutions<\/title>\n<meta name=\"description\" content=\"Explore incentivos, garantias de produtos e suporte especializado para instala\u00e7\u00e3o de carregadores de ve\u00edculos el\u00e9tricos. Priorize a seguran\u00e7a e o desempenho com nossos servi\u00e7os abrangentes.\" \/>\n<meta name=\"robots\" content=\"index, follow, max-snippet:-1, max-image-preview:large, max-video-preview:-1\" \/>\n<link rel=\"canonical\" href=\"https:\/\/www.esolutions.free2move.com\/eu\/pt_pt\/plataforma-de-informacao\/\" \/>\n<meta property=\"og:locale\" content=\"pt_PT\" \/>\n<meta property=\"og:type\" content=\"article\" \/>\n<meta property=\"og:title\" content=\"Plataforma de informa\u00e7\u00e3o | Free2move eSolutions\" \/>\n<meta property=\"og:description\" content=\"Explore incentivos, garantias de produtos e suporte especializado para instala\u00e7\u00e3o de carregadores de ve\u00edculos el\u00e9tricos. Priorize a seguran\u00e7a e o desempenho com nossos servi\u00e7os abrangentes.\" \/>\n<meta property=\"og:url\" content=\"https:\/\/www.esolutions.free2move.com\/eu\/pt_pt\/plataforma-de-informacao\/\" \/>\n<meta property=\"og:site_name\" content=\"eSolution europe\" \/>\n<meta property=\"article:modified_time\" content=\"2026-03-20T14:38:39+00:00\" \/>\n<meta name=\"twitter:card\" content=\"summary_large_image\" \/>\n<meta name=\"twitter:label1\" content=\"Est. reading time\" \/>\n\t<meta name=\"twitter:data1\" content=\"20 minutes\" \/>\n<script type=\"application\/ld+json\" class=\"yoast-schema-graph\">{\"@context\":\"https:\/\/schema.org\",\"@graph\":[{\"@type\":\"WebPage\",\"@id\":\"https:\/\/www.esolutions.free2move.com\/eu\/pt_pt\/plataforma-de-informacao\/\",\"url\":\"https:\/\/www.esolutions.free2move.com\/eu\/pt_pt\/plataforma-de-informacao\/\",\"name\":\"Plataforma de informa\u00e7\u00e3o | Free2move eSolutions\",\"isPartOf\":{\"@id\":\"https:\/\/www.esolutions.free2move.com\/eu\/en_def\/#website\"},\"datePublished\":\"2024-03-19T07:59:44+00:00\",\"dateModified\":\"2026-03-20T14:38:39+00:00\",\"description\":\"Explore incentivos, garantias de produtos e suporte especializado para instala\u00e7\u00e3o de carregadores de ve\u00edculos el\u00e9tricos. Priorize a seguran\u00e7a e o desempenho com nossos servi\u00e7os abrangentes.\",\"breadcrumb\":{\"@id\":\"https:\/\/www.esolutions.free2move.com\/eu\/pt_pt\/plataforma-de-informacao\/#breadcrumb\"},\"inLanguage\":\"pt-pt\",\"potentialAction\":[{\"@type\":\"ReadAction\",\"target\":[\"https:\/\/www.esolutions.free2move.com\/eu\/pt_pt\/plataforma-de-informacao\/\"]}]},{\"@type\":\"BreadcrumbList\",\"@id\":\"https:\/\/www.esolutions.free2move.com\/eu\/pt_pt\/plataforma-de-informacao\/#breadcrumb\",\"itemListElement\":[{\"@type\":\"ListItem\",\"position\":1,\"name\":\"Home\",\"item\":\"https:\/\/www.esolutions.free2move.com\/eu\/pt_pt\/\"},{\"@type\":\"ListItem\",\"position\":2,\"name\":\"Plataforma de informa\u00e7\u00e3o\"}]},{\"@type\":\"WebSite\",\"@id\":\"https:\/\/www.esolutions.free2move.com\/eu\/en_def\/#website\",\"url\":\"https:\/\/www.esolutions.free2move.com\/eu\/en_def\/\",\"name\":\"eSolutions europe\",\"description\":\"\",\"publisher\":{\"@id\":\"https:\/\/www.esolutions.free2move.com\/eu\/en_def\/#organization\"},\"potentialAction\":[{\"@type\":\"SearchAction\",\"target\":{\"@type\":\"EntryPoint\",\"urlTemplate\":\"https:\/\/www.esolutions.free2move.com\/eu\/en_def\/?s={search_term_string}\"},\"query-input\":{\"@type\":\"PropertyValueSpecification\",\"valueRequired\":true,\"valueName\":\"search_term_string\"}}],\"inLanguage\":\"pt-pt\"},{\"@type\":\"Organization\",\"@id\":\"https:\/\/www.esolutions.free2move.com\/eu\/en_def\/#organization\",\"name\":\"eSolutions europe\",\"url\":\"https:\/\/www.esolutions.free2move.com\/eu\/en_def\/\",\"logo\":{\"@type\":\"ImageObject\",\"inLanguage\":\"pt-pt\",\"@id\":\"https:\/\/www.esolutions.free2move.com\/eu\/en_def\/#\/schema\/logo\/image\/\",\"url\":\"https:\/\/www.esolutions.free2move.com\/eu\/wp-content\/uploads\/2024\/03\/logo-f2m-horizontal-1-1-1.png\",\"contentUrl\":\"https:\/\/www.esolutions.free2move.com\/eu\/wp-content\/uploads\/2024\/03\/logo-f2m-horizontal-1-1-1.png\",\"width\":865,\"height\":218,\"caption\":\"eSolutions europe\"},\"image\":{\"@id\":\"https:\/\/www.esolutions.free2move.com\/eu\/en_def\/#\/schema\/logo\/image\/\"}}]}<\/script>\n<!-- \/ Yoast SEO plugin. -->","yoast_head_json":{"title":"Plataforma de informa\u00e7\u00e3o | Free2move eSolutions","description":"Explore incentivos, garantias de produtos e suporte especializado para instala\u00e7\u00e3o de carregadores de ve\u00edculos el\u00e9tricos. Priorize a seguran\u00e7a e o desempenho com nossos servi\u00e7os abrangentes.","robots":{"index":"index","follow":"follow","max-snippet":"max-snippet:-1","max-image-preview":"max-image-preview:large","max-video-preview":"max-video-preview:-1"},"canonical":"https:\/\/www.esolutions.free2move.com\/eu\/pt_pt\/plataforma-de-informacao\/","og_locale":"pt_PT","og_type":"article","og_title":"Plataforma de informa\u00e7\u00e3o | Free2move eSolutions","og_description":"Explore incentivos, garantias de produtos e suporte especializado para instala\u00e7\u00e3o de carregadores de ve\u00edculos el\u00e9tricos. Priorize a seguran\u00e7a e o desempenho com nossos servi\u00e7os abrangentes.","og_url":"https:\/\/www.esolutions.free2move.com\/eu\/pt_pt\/plataforma-de-informacao\/","og_site_name":"eSolution europe","article_modified_time":"2026-03-20T14:38:39+00:00","twitter_card":"summary_large_image","twitter_misc":{"Est. reading time":"20 minutes"},"schema":{"@context":"https:\/\/schema.org","@graph":[{"@type":"WebPage","@id":"https:\/\/www.esolutions.free2move.com\/eu\/pt_pt\/plataforma-de-informacao\/","url":"https:\/\/www.esolutions.free2move.com\/eu\/pt_pt\/plataforma-de-informacao\/","name":"Plataforma de informa\u00e7\u00e3o | Free2move eSolutions","isPartOf":{"@id":"https:\/\/www.esolutions.free2move.com\/eu\/en_def\/#website"},"datePublished":"2024-03-19T07:59:44+00:00","dateModified":"2026-03-20T14:38:39+00:00","description":"Explore incentivos, garantias de produtos e suporte especializado para instala\u00e7\u00e3o de carregadores de ve\u00edculos el\u00e9tricos. Priorize a seguran\u00e7a e o desempenho com nossos servi\u00e7os abrangentes.","breadcrumb":{"@id":"https:\/\/www.esolutions.free2move.com\/eu\/pt_pt\/plataforma-de-informacao\/#breadcrumb"},"inLanguage":"pt-pt","potentialAction":[{"@type":"ReadAction","target":["https:\/\/www.esolutions.free2move.com\/eu\/pt_pt\/plataforma-de-informacao\/"]}]},{"@type":"BreadcrumbList","@id":"https:\/\/www.esolutions.free2move.com\/eu\/pt_pt\/plataforma-de-informacao\/#breadcrumb","itemListElement":[{"@type":"ListItem","position":1,"name":"Home","item":"https:\/\/www.esolutions.free2move.com\/eu\/pt_pt\/"},{"@type":"ListItem","position":2,"name":"Plataforma de informa\u00e7\u00e3o"}]},{"@type":"WebSite","@id":"https:\/\/www.esolutions.free2move.com\/eu\/en_def\/#website","url":"https:\/\/www.esolutions.free2move.com\/eu\/en_def\/","name":"eSolutions europe","description":"","publisher":{"@id":"https:\/\/www.esolutions.free2move.com\/eu\/en_def\/#organization"},"potentialAction":[{"@type":"SearchAction","target":{"@type":"EntryPoint","urlTemplate":"https:\/\/www.esolutions.free2move.com\/eu\/en_def\/?s={search_term_string}"},"query-input":{"@type":"PropertyValueSpecification","valueRequired":true,"valueName":"search_term_string"}}],"inLanguage":"pt-pt"},{"@type":"Organization","@id":"https:\/\/www.esolutions.free2move.com\/eu\/en_def\/#organization","name":"eSolutions europe","url":"https:\/\/www.esolutions.free2move.com\/eu\/en_def\/","logo":{"@type":"ImageObject","inLanguage":"pt-pt","@id":"https:\/\/www.esolutions.free2move.com\/eu\/en_def\/#\/schema\/logo\/image\/","url":"https:\/\/www.esolutions.free2move.com\/eu\/wp-content\/uploads\/2024\/03\/logo-f2m-horizontal-1-1-1.png","contentUrl":"https:\/\/www.esolutions.free2move.com\/eu\/wp-content\/uploads\/2024\/03\/logo-f2m-horizontal-1-1-1.png","width":865,"height":218,"caption":"eSolutions europe"},"image":{"@id":"https:\/\/www.esolutions.free2move.com\/eu\/en_def\/#\/schema\/logo\/image\/"}}]}},"_links":{"self":[{"href":"https:\/\/www.esolutions.free2move.com\/eu\/pt_pt\/wp-json\/wp\/v2\/pages\/50372","targetHints":{"allow":["GET"]}}],"collection":[{"href":"https:\/\/www.esolutions.free2move.com\/eu\/pt_pt\/wp-json\/wp\/v2\/pages"}],"about":[{"href":"https:\/\/www.esolutions.free2move.com\/eu\/pt_pt\/wp-json\/wp\/v2\/types\/page"}],"author":[{"embeddable":true,"href":"https:\/\/www.esolutions.free2move.com\/eu\/pt_pt\/wp-json\/wp\/v2\/users\/1"}],"replies":[{"embeddable":true,"href":"https:\/\/www.esolutions.free2move.com\/eu\/pt_pt\/wp-json\/wp\/v2\/comments?post=50372"}],"version-history":[{"count":9,"href":"https:\/\/www.esolutions.free2move.com\/eu\/pt_pt\/wp-json\/wp\/v2\/pages\/50372\/revisions"}],"predecessor-version":[{"id":64935,"href":"https:\/\/www.esolutions.free2move.com\/eu\/pt_pt\/wp-json\/wp\/v2\/pages\/50372\/revisions\/64935"}],"wp:attachment":[{"href":"https:\/\/www.esolutions.free2move.com\/eu\/pt_pt\/wp-json\/wp\/v2\/media?parent=50372"}],"curies":[{"name":"wp","href":"https:\/\/api.w.org\/{rel}","templated":true}]}}