{"id":50487,"date":"2024-03-19T10:38:13","date_gmt":"2024-03-19T10:38:13","guid":{"rendered":"https:\/\/test.esolutions.free2move.com\/eu\/openbaar-opladen-van-elektrische-auto\/"},"modified":"2024-03-19T10:38:13","modified_gmt":"2024-03-19T10:38:13","slug":"openbaar-opladen-van-elektrische-auto","status":"publish","type":"page","link":"https:\/\/www.esolutions.free2move.com\/eu\/nl_nl\/openbaar-opladen-van-elektrische-auto\/","title":{"rendered":"Onderweg"},"content":{"rendered":"<div id=\"cs-content\" class=\"cs-content\"><\/div>\n","protected":false},"excerpt":{"rendered":"<p>Home OnderwegVrijheid van opladen: Free2move eSolutions is er om elektrische bestuurders te ondersteunen bij hun dagelijkse woon-werkverkeer en reisbehoeften.Daarom hebben we innovatieve eMobiliteitsdiensten gecre\u00eberd waarmee u onderweg naadloos en gemakkelijk kunt opladen. Wij zijn hier om de barri\u00e8res voor de adoptie van elektrische voertuigen weg te nemen en betrouwbare en effici\u00ebnte oplaadoplossingen te bieden, waar uw reis u ook heen &#8230; <\/p>\n<div><a href=\"https:\/\/www.esolutions.free2move.com\/eu\/nl_nl\/openbaar-opladen-van-elektrische-auto\/\" class=\"more-link\">Read More<\/a><\/div>\n","protected":false},"author":2,"featured_media":0,"parent":0,"menu_order":0,"comment_status":"closed","ping_status":"closed","template":"template-blank-4.php","meta":{"_acf_changed":false,"inline_featured_image":false,"footnotes":""},"class_list":["post-50487","page","type-page","status-publish","hentry","no-post-thumbnail"],"acf":[],"yoast_head":"<!-- This site is optimized with the Yoast SEO plugin v26.7 - https:\/\/yoast.com\/wordpress\/plugins\/seo\/ -->\n<title>Onderweg | Free2move eSolutions<\/title>\n<meta name=\"description\" content=\"Vrijheid van opladen: Free2move eSolutions is er om elektrische bestuurders te ondersteunen bij hun dagelijkse woon-werkverkeer en reisbehoeften.\" \/>\n<meta name=\"robots\" content=\"index, follow, max-snippet:-1, max-image-preview:large, max-video-preview:-1\" \/>\n<link rel=\"canonical\" href=\"https:\/\/www.esolutions.free2move.com\/eu\/nl_nl\/openbaar-opladen-van-elektrische-auto\/\" \/>\n<meta property=\"og:locale\" content=\"nl_NL\" \/>\n<meta property=\"og:type\" content=\"article\" \/>\n<meta property=\"og:title\" content=\"Onderweg | Free2move eSolutions\" \/>\n<meta property=\"og:description\" content=\"Vrijheid van opladen: Free2move eSolutions is er om elektrische bestuurders te ondersteunen bij hun dagelijkse woon-werkverkeer en reisbehoeften.\" \/>\n<meta property=\"og:url\" content=\"https:\/\/www.esolutions.free2move.com\/eu\/nl_nl\/openbaar-opladen-van-elektrische-auto\/\" \/>\n<meta property=\"og:site_name\" content=\"eSolution europe\" \/>\n<meta name=\"twitter:card\" content=\"summary_large_image\" \/>\n<meta name=\"twitter:label1\" content=\"Est. reading time\" \/>\n\t<meta name=\"twitter:data1\" content=\"10 minutes\" \/>\n<script type=\"application\/ld+json\" class=\"yoast-schema-graph\">{\"@context\":\"https:\/\/schema.org\",\"@graph\":[{\"@type\":\"WebPage\",\"@id\":\"https:\/\/www.esolutions.free2move.com\/eu\/nl_nl\/openbaar-opladen-van-elektrische-auto\/\",\"url\":\"https:\/\/www.esolutions.free2move.com\/eu\/nl_nl\/openbaar-opladen-van-elektrische-auto\/\",\"name\":\"Onderweg | Free2move eSolutions\",\"isPartOf\":{\"@id\":\"https:\/\/www.esolutions.free2move.com\/eu\/en_def\/#website\"},\"datePublished\":\"2024-03-19T10:38:13+00:00\",\"description\":\"Vrijheid van opladen: Free2move eSolutions is er om elektrische bestuurders te ondersteunen bij hun dagelijkse woon-werkverkeer en reisbehoeften.\",\"breadcrumb\":{\"@id\":\"https:\/\/www.esolutions.free2move.com\/eu\/nl_nl\/openbaar-opladen-van-elektrische-auto\/#breadcrumb\"},\"inLanguage\":\"nl-nl\",\"potentialAction\":[{\"@type\":\"ReadAction\",\"target\":[\"https:\/\/www.esolutions.free2move.com\/eu\/nl_nl\/openbaar-opladen-van-elektrische-auto\/\"]}]},{\"@type\":\"BreadcrumbList\",\"@id\":\"https:\/\/www.esolutions.free2move.com\/eu\/nl_nl\/openbaar-opladen-van-elektrische-auto\/#breadcrumb\",\"itemListElement\":[{\"@type\":\"ListItem\",\"position\":1,\"name\":\"Home\",\"item\":\"https:\/\/www.esolutions.free2move.com\/eu\/nl_nl\/\"},{\"@type\":\"ListItem\",\"position\":2,\"name\":\"Onderweg\"}]},{\"@type\":\"WebSite\",\"@id\":\"https:\/\/www.esolutions.free2move.com\/eu\/en_def\/#website\",\"url\":\"https:\/\/www.esolutions.free2move.com\/eu\/en_def\/\",\"name\":\"eSolutions europe\",\"description\":\"\",\"publisher\":{\"@id\":\"https:\/\/www.esolutions.free2move.com\/eu\/en_def\/#organization\"},\"potentialAction\":[{\"@type\":\"SearchAction\",\"target\":{\"@type\":\"EntryPoint\",\"urlTemplate\":\"https:\/\/www.esolutions.free2move.com\/eu\/en_def\/?s={search_term_string}\"},\"query-input\":{\"@type\":\"PropertyValueSpecification\",\"valueRequired\":true,\"valueName\":\"search_term_string\"}}],\"inLanguage\":\"nl-nl\"},{\"@type\":\"Organization\",\"@id\":\"https:\/\/www.esolutions.free2move.com\/eu\/en_def\/#organization\",\"name\":\"eSolutions europe\",\"url\":\"https:\/\/www.esolutions.free2move.com\/eu\/en_def\/\",\"logo\":{\"@type\":\"ImageObject\",\"inLanguage\":\"nl-nl\",\"@id\":\"https:\/\/www.esolutions.free2move.com\/eu\/en_def\/#\/schema\/logo\/image\/\",\"url\":\"https:\/\/www.esolutions.free2move.com\/eu\/wp-content\/uploads\/2024\/03\/logo-f2m-horizontal-1-1-1.png\",\"contentUrl\":\"https:\/\/www.esolutions.free2move.com\/eu\/wp-content\/uploads\/2024\/03\/logo-f2m-horizontal-1-1-1.png\",\"width\":865,\"height\":218,\"caption\":\"eSolutions europe\"},\"image\":{\"@id\":\"https:\/\/www.esolutions.free2move.com\/eu\/en_def\/#\/schema\/logo\/image\/\"}}]}<\/script>\n<!-- \/ Yoast SEO plugin. -->","yoast_head_json":{"title":"Onderweg | Free2move eSolutions","description":"Vrijheid van opladen: Free2move eSolutions is er om elektrische bestuurders te ondersteunen bij hun dagelijkse woon-werkverkeer en reisbehoeften.","robots":{"index":"index","follow":"follow","max-snippet":"max-snippet:-1","max-image-preview":"max-image-preview:large","max-video-preview":"max-video-preview:-1"},"canonical":"https:\/\/www.esolutions.free2move.com\/eu\/nl_nl\/openbaar-opladen-van-elektrische-auto\/","og_locale":"nl_NL","og_type":"article","og_title":"Onderweg | Free2move eSolutions","og_description":"Vrijheid van opladen: Free2move eSolutions is er om elektrische bestuurders te ondersteunen bij hun dagelijkse woon-werkverkeer en reisbehoeften.","og_url":"https:\/\/www.esolutions.free2move.com\/eu\/nl_nl\/openbaar-opladen-van-elektrische-auto\/","og_site_name":"eSolution europe","twitter_card":"summary_large_image","twitter_misc":{"Est. reading time":"10 minutes"},"schema":{"@context":"https:\/\/schema.org","@graph":[{"@type":"WebPage","@id":"https:\/\/www.esolutions.free2move.com\/eu\/nl_nl\/openbaar-opladen-van-elektrische-auto\/","url":"https:\/\/www.esolutions.free2move.com\/eu\/nl_nl\/openbaar-opladen-van-elektrische-auto\/","name":"Onderweg | Free2move eSolutions","isPartOf":{"@id":"https:\/\/www.esolutions.free2move.com\/eu\/en_def\/#website"},"datePublished":"2024-03-19T10:38:13+00:00","description":"Vrijheid van opladen: Free2move eSolutions is er om elektrische bestuurders te ondersteunen bij hun dagelijkse woon-werkverkeer en reisbehoeften.","breadcrumb":{"@id":"https:\/\/www.esolutions.free2move.com\/eu\/nl_nl\/openbaar-opladen-van-elektrische-auto\/#breadcrumb"},"inLanguage":"nl-nl","potentialAction":[{"@type":"ReadAction","target":["https:\/\/www.esolutions.free2move.com\/eu\/nl_nl\/openbaar-opladen-van-elektrische-auto\/"]}]},{"@type":"BreadcrumbList","@id":"https:\/\/www.esolutions.free2move.com\/eu\/nl_nl\/openbaar-opladen-van-elektrische-auto\/#breadcrumb","itemListElement":[{"@type":"ListItem","position":1,"name":"Home","item":"https:\/\/www.esolutions.free2move.com\/eu\/nl_nl\/"},{"@type":"ListItem","position":2,"name":"Onderweg"}]},{"@type":"WebSite","@id":"https:\/\/www.esolutions.free2move.com\/eu\/en_def\/#website","url":"https:\/\/www.esolutions.free2move.com\/eu\/en_def\/","name":"eSolutions europe","description":"","publisher":{"@id":"https:\/\/www.esolutions.free2move.com\/eu\/en_def\/#organization"},"potentialAction":[{"@type":"SearchAction","target":{"@type":"EntryPoint","urlTemplate":"https:\/\/www.esolutions.free2move.com\/eu\/en_def\/?s={search_term_string}"},"query-input":{"@type":"PropertyValueSpecification","valueRequired":true,"valueName":"search_term_string"}}],"inLanguage":"nl-nl"},{"@type":"Organization","@id":"https:\/\/www.esolutions.free2move.com\/eu\/en_def\/#organization","name":"eSolutions europe","url":"https:\/\/www.esolutions.free2move.com\/eu\/en_def\/","logo":{"@type":"ImageObject","inLanguage":"nl-nl","@id":"https:\/\/www.esolutions.free2move.com\/eu\/en_def\/#\/schema\/logo\/image\/","url":"https:\/\/www.esolutions.free2move.com\/eu\/wp-content\/uploads\/2024\/03\/logo-f2m-horizontal-1-1-1.png","contentUrl":"https:\/\/www.esolutions.free2move.com\/eu\/wp-content\/uploads\/2024\/03\/logo-f2m-horizontal-1-1-1.png","width":865,"height":218,"caption":"eSolutions europe"},"image":{"@id":"https:\/\/www.esolutions.free2move.com\/eu\/en_def\/#\/schema\/logo\/image\/"}}]}},"_links":{"self":[{"href":"https:\/\/www.esolutions.free2move.com\/eu\/nl_nl\/wp-json\/wp\/v2\/pages\/50487","targetHints":{"allow":["GET"]}}],"collection":[{"href":"https:\/\/www.esolutions.free2move.com\/eu\/nl_nl\/wp-json\/wp\/v2\/pages"}],"about":[{"href":"https:\/\/www.esolutions.free2move.com\/eu\/nl_nl\/wp-json\/wp\/v2\/types\/page"}],"author":[{"embeddable":true,"href":"https:\/\/www.esolutions.free2move.com\/eu\/nl_nl\/wp-json\/wp\/v2\/users\/2"}],"replies":[{"embeddable":true,"href":"https:\/\/www.esolutions.free2move.com\/eu\/nl_nl\/wp-json\/wp\/v2\/comments?post=50487"}],"version-history":[{"count":0,"href":"https:\/\/www.esolutions.free2move.com\/eu\/nl_nl\/wp-json\/wp\/v2\/pages\/50487\/revisions"}],"wp:attachment":[{"href":"https:\/\/www.esolutions.free2move.com\/eu\/nl_nl\/wp-json\/wp\/v2\/media?parent=50487"}],"curies":[{"name":"wp","href":"https:\/\/api.w.org\/{rel}","templated":true}]}}