{"id":60706,"date":"2025-01-09T14:54:35","date_gmt":"2025-01-09T14:54:35","guid":{"rendered":"https:\/\/www.esolutions.free2move.com\/eu\/governance-ed-etica\/thierry-koskas\/"},"modified":"2025-01-10T10:34:13","modified_gmt":"2025-01-10T10:34:13","slug":"thierry-koskas","status":"publish","type":"page","link":"https:\/\/www.esolutions.free2move.com\/eu\/it_it\/governance-ed-etica\/thierry-koskas\/","title":{"rendered":"Thierry Koskas"},"content":{"rendered":"<div id=\"cs-content\" class=\"cs-content\"><\/div>\n","protected":false},"excerpt":{"rendered":"<p>HomeThierry Koskas Direttore &nbsp; Thierry Koskas \u00e8 stato nominato CEO del marchio Citro\u00ebn nel marzo 2023 ed \u00e8 membro del Top Executive Team di Stellantis dal gennaio 2021.In precedenza, \u00e8 stato Chief Sales &amp; Marketing Officer, posizione che ha ricoperto dal gennaio 2021 al maggio 2024.Thierry ha iniziato la sua carriera nel 1990 come funzionario presso l&#8217;ufficio del governo della &#8230; <\/p>\n<div><a href=\"https:\/\/www.esolutions.free2move.com\/eu\/it_it\/governance-ed-etica\/thierry-koskas\/\" class=\"more-link\">Read More<\/a><\/div>\n","protected":false},"author":3,"featured_media":0,"parent":50748,"menu_order":0,"comment_status":"closed","ping_status":"closed","template":"template-blank-4.php","meta":{"_acf_changed":false,"inline_featured_image":false,"footnotes":""},"class_list":["post-60706","page","type-page","status-publish","hentry","no-post-thumbnail"],"acf":[],"yoast_head":"<!-- This site is optimized with the Yoast SEO plugin v26.7 - https:\/\/yoast.com\/wordpress\/plugins\/seo\/ -->\n<title>Thierry Koskas - eSolution europe<\/title>\n<meta name=\"robots\" content=\"index, follow, max-snippet:-1, max-image-preview:large, max-video-preview:-1\" \/>\n<link rel=\"canonical\" href=\"https:\/\/www.esolutions.free2move.com\/eu\/it_it\/governance-ed-etica\/thierry-koskas\/\" \/>\n<meta property=\"og:locale\" content=\"it_IT\" \/>\n<meta property=\"og:type\" content=\"article\" \/>\n<meta property=\"og:title\" content=\"Thierry Koskas - eSolution europe\" \/>\n<meta property=\"og:description\" content=\"HomeThierry Koskas Direttore &nbsp; Thierry Koskas \u00e8 stato nominato CEO del marchio Citro\u00ebn nel marzo 2023 ed \u00e8 membro del Top Executive Team di Stellantis dal gennaio 2021.In precedenza, \u00e8 stato Chief Sales &amp; Marketing Officer, posizione che ha ricoperto dal gennaio 2021 al maggio 2024.Thierry ha iniziato la sua carriera nel 1990 come funzionario presso l&#039;ufficio del governo della ... Read More\" \/>\n<meta property=\"og:url\" content=\"https:\/\/www.esolutions.free2move.com\/eu\/it_it\/governance-ed-etica\/thierry-koskas\/\" \/>\n<meta property=\"og:site_name\" content=\"eSolution europe\" \/>\n<meta property=\"article:modified_time\" content=\"2025-01-10T10:34:13+00:00\" \/>\n<meta name=\"twitter:card\" content=\"summary_large_image\" \/>\n<meta name=\"twitter:label1\" content=\"Est. reading time\" \/>\n\t<meta name=\"twitter:data1\" content=\"2 minutes\" \/>\n<script type=\"application\/ld+json\" class=\"yoast-schema-graph\">{\"@context\":\"https:\/\/schema.org\",\"@graph\":[{\"@type\":\"WebPage\",\"@id\":\"https:\/\/www.esolutions.free2move.com\/eu\/it_it\/governance-ed-etica\/thierry-koskas\/\",\"url\":\"https:\/\/www.esolutions.free2move.com\/eu\/it_it\/governance-ed-etica\/thierry-koskas\/\",\"name\":\"Thierry Koskas - eSolution europe\",\"isPartOf\":{\"@id\":\"https:\/\/www.esolutions.free2move.com\/eu\/en_def\/#website\"},\"datePublished\":\"2025-01-09T14:54:35+00:00\",\"dateModified\":\"2025-01-10T10:34:13+00:00\",\"breadcrumb\":{\"@id\":\"https:\/\/www.esolutions.free2move.com\/eu\/it_it\/governance-ed-etica\/thierry-koskas\/#breadcrumb\"},\"inLanguage\":\"it-it\",\"potentialAction\":[{\"@type\":\"ReadAction\",\"target\":[\"https:\/\/www.esolutions.free2move.com\/eu\/it_it\/governance-ed-etica\/thierry-koskas\/\"]}]},{\"@type\":\"BreadcrumbList\",\"@id\":\"https:\/\/www.esolutions.free2move.com\/eu\/it_it\/governance-ed-etica\/thierry-koskas\/#breadcrumb\",\"itemListElement\":[{\"@type\":\"ListItem\",\"position\":1,\"name\":\"Home\",\"item\":\"https:\/\/www.esolutions.free2move.com\/eu\/it_it\/\"},{\"@type\":\"ListItem\",\"position\":2,\"name\":\"Governance ed etica\",\"item\":\"https:\/\/www.esolutions.free2move.com\/eu\/it_it\/governance-ed-etica\/\"},{\"@type\":\"ListItem\",\"position\":3,\"name\":\"Thierry Koskas\"}]},{\"@type\":\"WebSite\",\"@id\":\"https:\/\/www.esolutions.free2move.com\/eu\/en_def\/#website\",\"url\":\"https:\/\/www.esolutions.free2move.com\/eu\/en_def\/\",\"name\":\"eSolutions europe\",\"description\":\"\",\"publisher\":{\"@id\":\"https:\/\/www.esolutions.free2move.com\/eu\/en_def\/#organization\"},\"potentialAction\":[{\"@type\":\"SearchAction\",\"target\":{\"@type\":\"EntryPoint\",\"urlTemplate\":\"https:\/\/www.esolutions.free2move.com\/eu\/en_def\/?s={search_term_string}\"},\"query-input\":{\"@type\":\"PropertyValueSpecification\",\"valueRequired\":true,\"valueName\":\"search_term_string\"}}],\"inLanguage\":\"it-it\"},{\"@type\":\"Organization\",\"@id\":\"https:\/\/www.esolutions.free2move.com\/eu\/en_def\/#organization\",\"name\":\"eSolutions europe\",\"url\":\"https:\/\/www.esolutions.free2move.com\/eu\/en_def\/\",\"logo\":{\"@type\":\"ImageObject\",\"inLanguage\":\"it-it\",\"@id\":\"https:\/\/www.esolutions.free2move.com\/eu\/en_def\/#\/schema\/logo\/image\/\",\"url\":\"https:\/\/www.esolutions.free2move.com\/eu\/wp-content\/uploads\/2024\/03\/logo-f2m-horizontal-1-1-1.png\",\"contentUrl\":\"https:\/\/www.esolutions.free2move.com\/eu\/wp-content\/uploads\/2024\/03\/logo-f2m-horizontal-1-1-1.png\",\"width\":865,\"height\":218,\"caption\":\"eSolutions europe\"},\"image\":{\"@id\":\"https:\/\/www.esolutions.free2move.com\/eu\/en_def\/#\/schema\/logo\/image\/\"}}]}<\/script>\n<!-- \/ Yoast SEO plugin. -->","yoast_head_json":{"title":"Thierry Koskas - eSolution europe","robots":{"index":"index","follow":"follow","max-snippet":"max-snippet:-1","max-image-preview":"max-image-preview:large","max-video-preview":"max-video-preview:-1"},"canonical":"https:\/\/www.esolutions.free2move.com\/eu\/it_it\/governance-ed-etica\/thierry-koskas\/","og_locale":"it_IT","og_type":"article","og_title":"Thierry Koskas - eSolution europe","og_description":"HomeThierry Koskas Direttore &nbsp; Thierry Koskas \u00e8 stato nominato CEO del marchio Citro\u00ebn nel marzo 2023 ed \u00e8 membro del Top Executive Team di Stellantis dal gennaio 2021.In precedenza, \u00e8 stato Chief Sales &amp; Marketing Officer, posizione che ha ricoperto dal gennaio 2021 al maggio 2024.Thierry ha iniziato la sua carriera nel 1990 come funzionario presso l'ufficio del governo della ... Read More","og_url":"https:\/\/www.esolutions.free2move.com\/eu\/it_it\/governance-ed-etica\/thierry-koskas\/","og_site_name":"eSolution europe","article_modified_time":"2025-01-10T10:34:13+00:00","twitter_card":"summary_large_image","twitter_misc":{"Est. reading time":"2 minutes"},"schema":{"@context":"https:\/\/schema.org","@graph":[{"@type":"WebPage","@id":"https:\/\/www.esolutions.free2move.com\/eu\/it_it\/governance-ed-etica\/thierry-koskas\/","url":"https:\/\/www.esolutions.free2move.com\/eu\/it_it\/governance-ed-etica\/thierry-koskas\/","name":"Thierry Koskas - eSolution europe","isPartOf":{"@id":"https:\/\/www.esolutions.free2move.com\/eu\/en_def\/#website"},"datePublished":"2025-01-09T14:54:35+00:00","dateModified":"2025-01-10T10:34:13+00:00","breadcrumb":{"@id":"https:\/\/www.esolutions.free2move.com\/eu\/it_it\/governance-ed-etica\/thierry-koskas\/#breadcrumb"},"inLanguage":"it-it","potentialAction":[{"@type":"ReadAction","target":["https:\/\/www.esolutions.free2move.com\/eu\/it_it\/governance-ed-etica\/thierry-koskas\/"]}]},{"@type":"BreadcrumbList","@id":"https:\/\/www.esolutions.free2move.com\/eu\/it_it\/governance-ed-etica\/thierry-koskas\/#breadcrumb","itemListElement":[{"@type":"ListItem","position":1,"name":"Home","item":"https:\/\/www.esolutions.free2move.com\/eu\/it_it\/"},{"@type":"ListItem","position":2,"name":"Governance ed etica","item":"https:\/\/www.esolutions.free2move.com\/eu\/it_it\/governance-ed-etica\/"},{"@type":"ListItem","position":3,"name":"Thierry Koskas"}]},{"@type":"WebSite","@id":"https:\/\/www.esolutions.free2move.com\/eu\/en_def\/#website","url":"https:\/\/www.esolutions.free2move.com\/eu\/en_def\/","name":"eSolutions europe","description":"","publisher":{"@id":"https:\/\/www.esolutions.free2move.com\/eu\/en_def\/#organization"},"potentialAction":[{"@type":"SearchAction","target":{"@type":"EntryPoint","urlTemplate":"https:\/\/www.esolutions.free2move.com\/eu\/en_def\/?s={search_term_string}"},"query-input":{"@type":"PropertyValueSpecification","valueRequired":true,"valueName":"search_term_string"}}],"inLanguage":"it-it"},{"@type":"Organization","@id":"https:\/\/www.esolutions.free2move.com\/eu\/en_def\/#organization","name":"eSolutions europe","url":"https:\/\/www.esolutions.free2move.com\/eu\/en_def\/","logo":{"@type":"ImageObject","inLanguage":"it-it","@id":"https:\/\/www.esolutions.free2move.com\/eu\/en_def\/#\/schema\/logo\/image\/","url":"https:\/\/www.esolutions.free2move.com\/eu\/wp-content\/uploads\/2024\/03\/logo-f2m-horizontal-1-1-1.png","contentUrl":"https:\/\/www.esolutions.free2move.com\/eu\/wp-content\/uploads\/2024\/03\/logo-f2m-horizontal-1-1-1.png","width":865,"height":218,"caption":"eSolutions europe"},"image":{"@id":"https:\/\/www.esolutions.free2move.com\/eu\/en_def\/#\/schema\/logo\/image\/"}}]}},"_links":{"self":[{"href":"https:\/\/www.esolutions.free2move.com\/eu\/it_it\/wp-json\/wp\/v2\/pages\/60706","targetHints":{"allow":["GET"]}}],"collection":[{"href":"https:\/\/www.esolutions.free2move.com\/eu\/it_it\/wp-json\/wp\/v2\/pages"}],"about":[{"href":"https:\/\/www.esolutions.free2move.com\/eu\/it_it\/wp-json\/wp\/v2\/types\/page"}],"author":[{"embeddable":true,"href":"https:\/\/www.esolutions.free2move.com\/eu\/it_it\/wp-json\/wp\/v2\/users\/3"}],"replies":[{"embeddable":true,"href":"https:\/\/www.esolutions.free2move.com\/eu\/it_it\/wp-json\/wp\/v2\/comments?post=60706"}],"version-history":[{"count":0,"href":"https:\/\/www.esolutions.free2move.com\/eu\/it_it\/wp-json\/wp\/v2\/pages\/60706\/revisions"}],"up":[{"embeddable":true,"href":"https:\/\/www.esolutions.free2move.com\/eu\/it_it\/wp-json\/wp\/v2\/pages\/50748"}],"wp:attachment":[{"href":"https:\/\/www.esolutions.free2move.com\/eu\/it_it\/wp-json\/wp\/v2\/media?parent=60706"}],"curies":[{"name":"wp","href":"https:\/\/api.w.org\/{rel}","templated":true}]}}