{"id":50742,"date":"2024-03-18T14:46:46","date_gmt":"2024-03-18T14:46:46","guid":{"rendered":"https:\/\/test.esolutions.free2move.com\/eu\/luigi-michi\/"},"modified":"2024-03-18T14:46:46","modified_gmt":"2024-03-18T14:46:46","slug":"luigi-michi","status":"publish","type":"page","link":"https:\/\/www.esolutions.free2move.com\/eu\/it_it\/governance-ed-etica\/luigi-michi\/","title":{"rendered":"Luigi Michi"},"content":{"rendered":"<div id=\"cs-content\" class=\"cs-content\"><\/div>\n","protected":false},"excerpt":{"rendered":"<p>HomeLuigi Michi Direttore &nbsp; Luigi Michi, nato in Italia nel 1958, si \u00e8 laureato cum laudae in Ingegneria elettrica. Recentemente \u00e8 stato nominato Senior Advisor di &#8220;Key to energy&#8221;, una societ\u00e0 di consulenza energetica esperta e preparata, che si occupa di un&#8217;ampia gamma di argomenti relativi all&#8217;elettricit\u00e0 e al gas nel settore energetico. Con una significativa esperienza ultratrentennale nel settore &#8230; <\/p>\n<div><a href=\"https:\/\/www.esolutions.free2move.com\/eu\/it_it\/governance-ed-etica\/luigi-michi\/\" class=\"more-link\">Read More<\/a><\/div>\n","protected":false},"author":1,"featured_media":0,"parent":50748,"menu_order":0,"comment_status":"closed","ping_status":"closed","template":"template-blank-4.php","meta":{"_acf_changed":false,"inline_featured_image":false,"footnotes":""},"class_list":["post-50742","page","type-page","status-publish","hentry","no-post-thumbnail"],"acf":[],"yoast_head":"<!-- This site is optimized with the Yoast SEO plugin v26.7 - https:\/\/yoast.com\/wordpress\/plugins\/seo\/ -->\n<title>Luigi Michi - eSolution europe<\/title>\n<meta name=\"robots\" content=\"index, follow, max-snippet:-1, max-image-preview:large, max-video-preview:-1\" \/>\n<link rel=\"canonical\" href=\"https:\/\/www.esolutions.free2move.com\/eu\/it_it\/governance-ed-etica\/luigi-michi\/\" \/>\n<meta property=\"og:locale\" content=\"it_IT\" \/>\n<meta property=\"og:type\" content=\"article\" \/>\n<meta property=\"og:title\" content=\"Luigi Michi - eSolution europe\" \/>\n<meta property=\"og:description\" content=\"HomeLuigi Michi Direttore &nbsp; Luigi Michi, nato in Italia nel 1958, si \u00e8 laureato cum laudae in Ingegneria elettrica. Recentemente \u00e8 stato nominato Senior Advisor di &quot;Key to energy&quot;, una societ\u00e0 di consulenza energetica esperta e preparata, che si occupa di un&#039;ampia gamma di argomenti relativi all&#039;elettricit\u00e0 e al gas nel settore energetico. Con una significativa esperienza ultratrentennale nel settore ... Read More\" \/>\n<meta property=\"og:url\" content=\"https:\/\/www.esolutions.free2move.com\/eu\/it_it\/governance-ed-etica\/luigi-michi\/\" \/>\n<meta property=\"og:site_name\" content=\"eSolution europe\" \/>\n<meta name=\"twitter:card\" content=\"summary_large_image\" \/>\n<meta name=\"twitter:label1\" content=\"Est. reading time\" \/>\n\t<meta name=\"twitter:data1\" content=\"2 minutes\" \/>\n<script type=\"application\/ld+json\" class=\"yoast-schema-graph\">{\"@context\":\"https:\/\/schema.org\",\"@graph\":[{\"@type\":\"WebPage\",\"@id\":\"https:\/\/www.esolutions.free2move.com\/eu\/it_it\/governance-ed-etica\/luigi-michi\/\",\"url\":\"https:\/\/www.esolutions.free2move.com\/eu\/it_it\/governance-ed-etica\/luigi-michi\/\",\"name\":\"Luigi Michi - eSolution europe\",\"isPartOf\":{\"@id\":\"https:\/\/www.esolutions.free2move.com\/eu\/en_def\/#website\"},\"datePublished\":\"2024-03-18T14:46:46+00:00\",\"breadcrumb\":{\"@id\":\"https:\/\/www.esolutions.free2move.com\/eu\/it_it\/governance-ed-etica\/luigi-michi\/#breadcrumb\"},\"inLanguage\":\"it-it\",\"potentialAction\":[{\"@type\":\"ReadAction\",\"target\":[\"https:\/\/www.esolutions.free2move.com\/eu\/it_it\/governance-ed-etica\/luigi-michi\/\"]}]},{\"@type\":\"BreadcrumbList\",\"@id\":\"https:\/\/www.esolutions.free2move.com\/eu\/it_it\/governance-ed-etica\/luigi-michi\/#breadcrumb\",\"itemListElement\":[{\"@type\":\"ListItem\",\"position\":1,\"name\":\"Home\",\"item\":\"https:\/\/www.esolutions.free2move.com\/eu\/it_it\/\"},{\"@type\":\"ListItem\",\"position\":2,\"name\":\"Governance ed etica\",\"item\":\"https:\/\/www.esolutions.free2move.com\/eu\/it_it\/governance-ed-etica\/\"},{\"@type\":\"ListItem\",\"position\":3,\"name\":\"Luigi Michi\"}]},{\"@type\":\"WebSite\",\"@id\":\"https:\/\/www.esolutions.free2move.com\/eu\/en_def\/#website\",\"url\":\"https:\/\/www.esolutions.free2move.com\/eu\/en_def\/\",\"name\":\"eSolutions europe\",\"description\":\"\",\"publisher\":{\"@id\":\"https:\/\/www.esolutions.free2move.com\/eu\/en_def\/#organization\"},\"potentialAction\":[{\"@type\":\"SearchAction\",\"target\":{\"@type\":\"EntryPoint\",\"urlTemplate\":\"https:\/\/www.esolutions.free2move.com\/eu\/en_def\/?s={search_term_string}\"},\"query-input\":{\"@type\":\"PropertyValueSpecification\",\"valueRequired\":true,\"valueName\":\"search_term_string\"}}],\"inLanguage\":\"it-it\"},{\"@type\":\"Organization\",\"@id\":\"https:\/\/www.esolutions.free2move.com\/eu\/en_def\/#organization\",\"name\":\"eSolutions europe\",\"url\":\"https:\/\/www.esolutions.free2move.com\/eu\/en_def\/\",\"logo\":{\"@type\":\"ImageObject\",\"inLanguage\":\"it-it\",\"@id\":\"https:\/\/www.esolutions.free2move.com\/eu\/en_def\/#\/schema\/logo\/image\/\",\"url\":\"https:\/\/www.esolutions.free2move.com\/eu\/wp-content\/uploads\/2024\/03\/logo-f2m-horizontal-1-1-1.png\",\"contentUrl\":\"https:\/\/www.esolutions.free2move.com\/eu\/wp-content\/uploads\/2024\/03\/logo-f2m-horizontal-1-1-1.png\",\"width\":865,\"height\":218,\"caption\":\"eSolutions europe\"},\"image\":{\"@id\":\"https:\/\/www.esolutions.free2move.com\/eu\/en_def\/#\/schema\/logo\/image\/\"}}]}<\/script>\n<!-- \/ Yoast SEO plugin. -->","yoast_head_json":{"title":"Luigi Michi - eSolution europe","robots":{"index":"index","follow":"follow","max-snippet":"max-snippet:-1","max-image-preview":"max-image-preview:large","max-video-preview":"max-video-preview:-1"},"canonical":"https:\/\/www.esolutions.free2move.com\/eu\/it_it\/governance-ed-etica\/luigi-michi\/","og_locale":"it_IT","og_type":"article","og_title":"Luigi Michi - eSolution europe","og_description":"HomeLuigi Michi Direttore &nbsp; Luigi Michi, nato in Italia nel 1958, si \u00e8 laureato cum laudae in Ingegneria elettrica. Recentemente \u00e8 stato nominato Senior Advisor di \"Key to energy\", una societ\u00e0 di consulenza energetica esperta e preparata, che si occupa di un'ampia gamma di argomenti relativi all'elettricit\u00e0 e al gas nel settore energetico. Con una significativa esperienza ultratrentennale nel settore ... Read More","og_url":"https:\/\/www.esolutions.free2move.com\/eu\/it_it\/governance-ed-etica\/luigi-michi\/","og_site_name":"eSolution europe","twitter_card":"summary_large_image","twitter_misc":{"Est. reading time":"2 minutes"},"schema":{"@context":"https:\/\/schema.org","@graph":[{"@type":"WebPage","@id":"https:\/\/www.esolutions.free2move.com\/eu\/it_it\/governance-ed-etica\/luigi-michi\/","url":"https:\/\/www.esolutions.free2move.com\/eu\/it_it\/governance-ed-etica\/luigi-michi\/","name":"Luigi Michi - eSolution europe","isPartOf":{"@id":"https:\/\/www.esolutions.free2move.com\/eu\/en_def\/#website"},"datePublished":"2024-03-18T14:46:46+00:00","breadcrumb":{"@id":"https:\/\/www.esolutions.free2move.com\/eu\/it_it\/governance-ed-etica\/luigi-michi\/#breadcrumb"},"inLanguage":"it-it","potentialAction":[{"@type":"ReadAction","target":["https:\/\/www.esolutions.free2move.com\/eu\/it_it\/governance-ed-etica\/luigi-michi\/"]}]},{"@type":"BreadcrumbList","@id":"https:\/\/www.esolutions.free2move.com\/eu\/it_it\/governance-ed-etica\/luigi-michi\/#breadcrumb","itemListElement":[{"@type":"ListItem","position":1,"name":"Home","item":"https:\/\/www.esolutions.free2move.com\/eu\/it_it\/"},{"@type":"ListItem","position":2,"name":"Governance ed etica","item":"https:\/\/www.esolutions.free2move.com\/eu\/it_it\/governance-ed-etica\/"},{"@type":"ListItem","position":3,"name":"Luigi Michi"}]},{"@type":"WebSite","@id":"https:\/\/www.esolutions.free2move.com\/eu\/en_def\/#website","url":"https:\/\/www.esolutions.free2move.com\/eu\/en_def\/","name":"eSolutions europe","description":"","publisher":{"@id":"https:\/\/www.esolutions.free2move.com\/eu\/en_def\/#organization"},"potentialAction":[{"@type":"SearchAction","target":{"@type":"EntryPoint","urlTemplate":"https:\/\/www.esolutions.free2move.com\/eu\/en_def\/?s={search_term_string}"},"query-input":{"@type":"PropertyValueSpecification","valueRequired":true,"valueName":"search_term_string"}}],"inLanguage":"it-it"},{"@type":"Organization","@id":"https:\/\/www.esolutions.free2move.com\/eu\/en_def\/#organization","name":"eSolutions europe","url":"https:\/\/www.esolutions.free2move.com\/eu\/en_def\/","logo":{"@type":"ImageObject","inLanguage":"it-it","@id":"https:\/\/www.esolutions.free2move.com\/eu\/en_def\/#\/schema\/logo\/image\/","url":"https:\/\/www.esolutions.free2move.com\/eu\/wp-content\/uploads\/2024\/03\/logo-f2m-horizontal-1-1-1.png","contentUrl":"https:\/\/www.esolutions.free2move.com\/eu\/wp-content\/uploads\/2024\/03\/logo-f2m-horizontal-1-1-1.png","width":865,"height":218,"caption":"eSolutions europe"},"image":{"@id":"https:\/\/www.esolutions.free2move.com\/eu\/en_def\/#\/schema\/logo\/image\/"}}]}},"_links":{"self":[{"href":"https:\/\/www.esolutions.free2move.com\/eu\/it_it\/wp-json\/wp\/v2\/pages\/50742","targetHints":{"allow":["GET"]}}],"collection":[{"href":"https:\/\/www.esolutions.free2move.com\/eu\/it_it\/wp-json\/wp\/v2\/pages"}],"about":[{"href":"https:\/\/www.esolutions.free2move.com\/eu\/it_it\/wp-json\/wp\/v2\/types\/page"}],"author":[{"embeddable":true,"href":"https:\/\/www.esolutions.free2move.com\/eu\/it_it\/wp-json\/wp\/v2\/users\/1"}],"replies":[{"embeddable":true,"href":"https:\/\/www.esolutions.free2move.com\/eu\/it_it\/wp-json\/wp\/v2\/comments?post=50742"}],"version-history":[{"count":0,"href":"https:\/\/www.esolutions.free2move.com\/eu\/it_it\/wp-json\/wp\/v2\/pages\/50742\/revisions"}],"up":[{"embeddable":true,"href":"https:\/\/www.esolutions.free2move.com\/eu\/it_it\/wp-json\/wp\/v2\/pages\/50748"}],"wp:attachment":[{"href":"https:\/\/www.esolutions.free2move.com\/eu\/it_it\/wp-json\/wp\/v2\/media?parent=50742"}],"curies":[{"name":"wp","href":"https:\/\/api.w.org\/{rel}","templated":true}]}}