{"id":50734,"date":"2024-03-19T07:59:44","date_gmt":"2024-03-19T07:59:44","guid":{"rendered":"https:\/\/test.esolutions.free2move.com\/eu\/hub-informativo\/"},"modified":"2026-03-19T16:16:50","modified_gmt":"2026-03-19T16:16:50","slug":"hub-informativo","status":"publish","type":"page","link":"https:\/\/www.esolutions.free2move.com\/eu\/it_it\/hub-informativo\/","title":{"rendered":"Hub informativo"},"content":{"rendered":"<div id=\"cs-content\" class=\"cs-content\"><\/div>\n","protected":false},"excerpt":{"rendered":"<p>Home Biblioteca di documenti e risorseSelezionare il prodotto per trovare tutte le informazioni pertinentieasyWallboxeasyWallboxUtenteManuale d&#8217;usoScheda tecnicaTorna all&#8217;inizioeasyWallboxInstallatoreManuale di installazioneLeaflet Ground CableTorna all&#8217;inizioeasyWallboxVideoCome installare easyWallbox a pareteTorna all&#8217;inizioeasyWallboxDocumentazioneeasyWallbox _ 61851-1 Certificato di conformit\u00e0easyWallbox _ 61851-21-2 Certificato di conformit\u00e0easyWallbox _ Dichiarazione di conformit\u00e0 UEEU REACH StatementeasyWallbox _ Garanzia di conformit\u00e0easyWallbox _ Dichiarazione IK10easyWallbox _ Certificato di conformit\u00e0 VDE-AR-N 4100Torna all&#8217;inizioeProWallbox FamilyeProWallbox FamilyUtenteGuida &#8230; <\/p>\n<div><a href=\"https:\/\/www.esolutions.free2move.com\/eu\/it_it\/hub-informativo\/\" class=\"more-link\">Read More<\/a><\/div>\n","protected":false},"author":1,"featured_media":0,"parent":0,"menu_order":0,"comment_status":"closed","ping_status":"closed","template":"template-blank-4.php","meta":{"_acf_changed":false,"inline_featured_image":false,"footnotes":""},"class_list":["post-50734","page","type-page","status-publish","hentry","no-post-thumbnail"],"acf":[],"yoast_head":"<!-- This site is optimized with the Yoast SEO plugin v26.7 - https:\/\/yoast.com\/wordpress\/plugins\/seo\/ -->\n<title>Hub informativo | Free2move eSolutions<\/title>\n<meta name=\"description\" content=\"Esplora incentivi, garanzie sui prodotti e supporto esperto per l&#039;installazione di caricabatterie per veicoli elettrici Dai priorit\u00e0 alla sicurezza e alle prestazioni con i nostri servizi completi.\" \/>\n<meta name=\"robots\" content=\"index, follow, max-snippet:-1, max-image-preview:large, max-video-preview:-1\" \/>\n<link rel=\"canonical\" href=\"https:\/\/www.esolutions.free2move.com\/eu\/it_it\/hub-informativo\/\" \/>\n<meta property=\"og:locale\" content=\"it_IT\" \/>\n<meta property=\"og:type\" content=\"article\" \/>\n<meta property=\"og:title\" content=\"Hub informativo | Free2move eSolutions\" \/>\n<meta property=\"og:description\" content=\"Esplora incentivi, garanzie sui prodotti e supporto esperto per l&#039;installazione di caricabatterie per veicoli elettrici Dai priorit\u00e0 alla sicurezza e alle prestazioni con i nostri servizi completi.\" \/>\n<meta property=\"og:url\" content=\"https:\/\/www.esolutions.free2move.com\/eu\/it_it\/hub-informativo\/\" \/>\n<meta property=\"og:site_name\" content=\"eSolution europe\" \/>\n<meta property=\"article:modified_time\" content=\"2026-03-19T16:16:50+00:00\" \/>\n<meta name=\"twitter:card\" content=\"summary_large_image\" \/>\n<meta name=\"twitter:label1\" content=\"Est. reading time\" \/>\n\t<meta name=\"twitter:data1\" content=\"20 minutes\" \/>\n<script type=\"application\/ld+json\" class=\"yoast-schema-graph\">{\"@context\":\"https:\/\/schema.org\",\"@graph\":[{\"@type\":\"WebPage\",\"@id\":\"https:\/\/www.esolutions.free2move.com\/eu\/it_it\/hub-informativo\/\",\"url\":\"https:\/\/www.esolutions.free2move.com\/eu\/it_it\/hub-informativo\/\",\"name\":\"Hub informativo | Free2move eSolutions\",\"isPartOf\":{\"@id\":\"https:\/\/www.esolutions.free2move.com\/eu\/en_def\/#website\"},\"datePublished\":\"2024-03-19T07:59:44+00:00\",\"dateModified\":\"2026-03-19T16:16:50+00:00\",\"description\":\"Esplora incentivi, garanzie sui prodotti e supporto esperto per l'installazione di caricabatterie per veicoli elettrici Dai priorit\u00e0 alla sicurezza e alle prestazioni con i nostri servizi completi.\",\"breadcrumb\":{\"@id\":\"https:\/\/www.esolutions.free2move.com\/eu\/it_it\/hub-informativo\/#breadcrumb\"},\"inLanguage\":\"it-it\",\"potentialAction\":[{\"@type\":\"ReadAction\",\"target\":[\"https:\/\/www.esolutions.free2move.com\/eu\/it_it\/hub-informativo\/\"]}]},{\"@type\":\"BreadcrumbList\",\"@id\":\"https:\/\/www.esolutions.free2move.com\/eu\/it_it\/hub-informativo\/#breadcrumb\",\"itemListElement\":[{\"@type\":\"ListItem\",\"position\":1,\"name\":\"Home\",\"item\":\"https:\/\/www.esolutions.free2move.com\/eu\/it_it\/\"},{\"@type\":\"ListItem\",\"position\":2,\"name\":\"Hub informativo\"}]},{\"@type\":\"WebSite\",\"@id\":\"https:\/\/www.esolutions.free2move.com\/eu\/en_def\/#website\",\"url\":\"https:\/\/www.esolutions.free2move.com\/eu\/en_def\/\",\"name\":\"eSolutions europe\",\"description\":\"\",\"publisher\":{\"@id\":\"https:\/\/www.esolutions.free2move.com\/eu\/en_def\/#organization\"},\"potentialAction\":[{\"@type\":\"SearchAction\",\"target\":{\"@type\":\"EntryPoint\",\"urlTemplate\":\"https:\/\/www.esolutions.free2move.com\/eu\/en_def\/?s={search_term_string}\"},\"query-input\":{\"@type\":\"PropertyValueSpecification\",\"valueRequired\":true,\"valueName\":\"search_term_string\"}}],\"inLanguage\":\"it-it\"},{\"@type\":\"Organization\",\"@id\":\"https:\/\/www.esolutions.free2move.com\/eu\/en_def\/#organization\",\"name\":\"eSolutions europe\",\"url\":\"https:\/\/www.esolutions.free2move.com\/eu\/en_def\/\",\"logo\":{\"@type\":\"ImageObject\",\"inLanguage\":\"it-it\",\"@id\":\"https:\/\/www.esolutions.free2move.com\/eu\/en_def\/#\/schema\/logo\/image\/\",\"url\":\"https:\/\/www.esolutions.free2move.com\/eu\/wp-content\/uploads\/2024\/03\/logo-f2m-horizontal-1-1-1.png\",\"contentUrl\":\"https:\/\/www.esolutions.free2move.com\/eu\/wp-content\/uploads\/2024\/03\/logo-f2m-horizontal-1-1-1.png\",\"width\":865,\"height\":218,\"caption\":\"eSolutions europe\"},\"image\":{\"@id\":\"https:\/\/www.esolutions.free2move.com\/eu\/en_def\/#\/schema\/logo\/image\/\"}}]}<\/script>\n<!-- \/ Yoast SEO plugin. -->","yoast_head_json":{"title":"Hub informativo | Free2move eSolutions","description":"Esplora incentivi, garanzie sui prodotti e supporto esperto per l'installazione di caricabatterie per veicoli elettrici Dai priorit\u00e0 alla sicurezza e alle prestazioni con i nostri servizi completi.","robots":{"index":"index","follow":"follow","max-snippet":"max-snippet:-1","max-image-preview":"max-image-preview:large","max-video-preview":"max-video-preview:-1"},"canonical":"https:\/\/www.esolutions.free2move.com\/eu\/it_it\/hub-informativo\/","og_locale":"it_IT","og_type":"article","og_title":"Hub informativo | Free2move eSolutions","og_description":"Esplora incentivi, garanzie sui prodotti e supporto esperto per l'installazione di caricabatterie per veicoli elettrici Dai priorit\u00e0 alla sicurezza e alle prestazioni con i nostri servizi completi.","og_url":"https:\/\/www.esolutions.free2move.com\/eu\/it_it\/hub-informativo\/","og_site_name":"eSolution europe","article_modified_time":"2026-03-19T16:16:50+00:00","twitter_card":"summary_large_image","twitter_misc":{"Est. reading time":"20 minutes"},"schema":{"@context":"https:\/\/schema.org","@graph":[{"@type":"WebPage","@id":"https:\/\/www.esolutions.free2move.com\/eu\/it_it\/hub-informativo\/","url":"https:\/\/www.esolutions.free2move.com\/eu\/it_it\/hub-informativo\/","name":"Hub informativo | Free2move eSolutions","isPartOf":{"@id":"https:\/\/www.esolutions.free2move.com\/eu\/en_def\/#website"},"datePublished":"2024-03-19T07:59:44+00:00","dateModified":"2026-03-19T16:16:50+00:00","description":"Esplora incentivi, garanzie sui prodotti e supporto esperto per l'installazione di caricabatterie per veicoli elettrici Dai priorit\u00e0 alla sicurezza e alle prestazioni con i nostri servizi completi.","breadcrumb":{"@id":"https:\/\/www.esolutions.free2move.com\/eu\/it_it\/hub-informativo\/#breadcrumb"},"inLanguage":"it-it","potentialAction":[{"@type":"ReadAction","target":["https:\/\/www.esolutions.free2move.com\/eu\/it_it\/hub-informativo\/"]}]},{"@type":"BreadcrumbList","@id":"https:\/\/www.esolutions.free2move.com\/eu\/it_it\/hub-informativo\/#breadcrumb","itemListElement":[{"@type":"ListItem","position":1,"name":"Home","item":"https:\/\/www.esolutions.free2move.com\/eu\/it_it\/"},{"@type":"ListItem","position":2,"name":"Hub informativo"}]},{"@type":"WebSite","@id":"https:\/\/www.esolutions.free2move.com\/eu\/en_def\/#website","url":"https:\/\/www.esolutions.free2move.com\/eu\/en_def\/","name":"eSolutions europe","description":"","publisher":{"@id":"https:\/\/www.esolutions.free2move.com\/eu\/en_def\/#organization"},"potentialAction":[{"@type":"SearchAction","target":{"@type":"EntryPoint","urlTemplate":"https:\/\/www.esolutions.free2move.com\/eu\/en_def\/?s={search_term_string}"},"query-input":{"@type":"PropertyValueSpecification","valueRequired":true,"valueName":"search_term_string"}}],"inLanguage":"it-it"},{"@type":"Organization","@id":"https:\/\/www.esolutions.free2move.com\/eu\/en_def\/#organization","name":"eSolutions europe","url":"https:\/\/www.esolutions.free2move.com\/eu\/en_def\/","logo":{"@type":"ImageObject","inLanguage":"it-it","@id":"https:\/\/www.esolutions.free2move.com\/eu\/en_def\/#\/schema\/logo\/image\/","url":"https:\/\/www.esolutions.free2move.com\/eu\/wp-content\/uploads\/2024\/03\/logo-f2m-horizontal-1-1-1.png","contentUrl":"https:\/\/www.esolutions.free2move.com\/eu\/wp-content\/uploads\/2024\/03\/logo-f2m-horizontal-1-1-1.png","width":865,"height":218,"caption":"eSolutions europe"},"image":{"@id":"https:\/\/www.esolutions.free2move.com\/eu\/en_def\/#\/schema\/logo\/image\/"}}]}},"_links":{"self":[{"href":"https:\/\/www.esolutions.free2move.com\/eu\/it_it\/wp-json\/wp\/v2\/pages\/50734","targetHints":{"allow":["GET"]}}],"collection":[{"href":"https:\/\/www.esolutions.free2move.com\/eu\/it_it\/wp-json\/wp\/v2\/pages"}],"about":[{"href":"https:\/\/www.esolutions.free2move.com\/eu\/it_it\/wp-json\/wp\/v2\/types\/page"}],"author":[{"embeddable":true,"href":"https:\/\/www.esolutions.free2move.com\/eu\/it_it\/wp-json\/wp\/v2\/users\/1"}],"replies":[{"embeddable":true,"href":"https:\/\/www.esolutions.free2move.com\/eu\/it_it\/wp-json\/wp\/v2\/comments?post=50734"}],"version-history":[{"count":13,"href":"https:\/\/www.esolutions.free2move.com\/eu\/it_it\/wp-json\/wp\/v2\/pages\/50734\/revisions"}],"predecessor-version":[{"id":64892,"href":"https:\/\/www.esolutions.free2move.com\/eu\/it_it\/wp-json\/wp\/v2\/pages\/50734\/revisions\/64892"}],"wp:attachment":[{"href":"https:\/\/www.esolutions.free2move.com\/eu\/it_it\/wp-json\/wp\/v2\/media?parent=50734"}],"curies":[{"name":"wp","href":"https:\/\/api.w.org\/{rel}","templated":true}]}}