{"id":23113,"date":"2024-03-19T10:38:13","date_gmt":"2024-03-19T10:38:13","guid":{"rendered":"https:\/\/test.esolutions.free2move.com\/eu\/ricarica-pubblica-auto-elettrica\/"},"modified":"2024-04-30T10:44:29","modified_gmt":"2024-04-30T10:44:29","slug":"ricarica-pubblica-auto-elettrica","status":"publish","type":"page","link":"https:\/\/www.esolutions.free2move.com\/eu\/it_ch\/ricarica-pubblica-auto-elettrica\/","title":{"rendered":"In movimento"},"content":{"rendered":"<div id=\"cs-content\" class=\"cs-content\"><\/div>\n","protected":false},"excerpt":{"rendered":"<p>Home In movimentoLibert\u00e0 di ricarica: Free2move eSolutions \u00e8 qui per supportare gli automobilisti elettrici nelle loro esigenze di spostamento e viaggio quotidiano.Ecco perch\u00e9 abbiamo creato servizi innovativi di eMobility che ti consentono di ricaricare mentre sei in movimento, in modo semplice e conveniente. Siamo qui per abbattere le barriere all\u2019adozione dei veicoli elettrici, fornendo soluzioni di ricarica affidabili ed efficienti &#8230; <\/p>\n<div><a href=\"https:\/\/www.esolutions.free2move.com\/eu\/it_ch\/ricarica-pubblica-auto-elettrica\/\" class=\"more-link\">Read More<\/a><\/div>\n","protected":false},"author":2,"featured_media":0,"parent":0,"menu_order":0,"comment_status":"closed","ping_status":"closed","template":"template-blank-4.php","meta":{"_acf_changed":false,"inline_featured_image":false,"footnotes":""},"class_list":["post-23113","page","type-page","status-publish","hentry","no-post-thumbnail"],"acf":[],"yoast_head":"<!-- This site is optimized with the Yoast SEO plugin v26.7 - https:\/\/yoast.com\/wordpress\/plugins\/seo\/ -->\n<title>In movimento | Free2move eSolutions<\/title>\n<meta name=\"description\" content=\"Libert\u00e0 di ricarica: Free2move eSolutions \u00e8 qui per supportare gli automobilisti elettrici nelle loro esigenze di spostamento e viaggio quotidiano.\" \/>\n<meta name=\"robots\" content=\"index, follow, max-snippet:-1, max-image-preview:large, max-video-preview:-1\" \/>\n<link rel=\"canonical\" href=\"https:\/\/www.esolutions.free2move.com\/eu\/it_ch\/ricarica-pubblica-auto-elettrica\/\" \/>\n<meta property=\"og:locale\" content=\"it_IT\" \/>\n<meta property=\"og:type\" content=\"article\" \/>\n<meta property=\"og:title\" content=\"In movimento | Free2move eSolutions\" \/>\n<meta property=\"og:description\" content=\"Libert\u00e0 di ricarica: Free2move eSolutions \u00e8 qui per supportare gli automobilisti elettrici nelle loro esigenze di spostamento e viaggio quotidiano.\" \/>\n<meta property=\"og:url\" content=\"https:\/\/www.esolutions.free2move.com\/eu\/it_ch\/ricarica-pubblica-auto-elettrica\/\" \/>\n<meta property=\"og:site_name\" content=\"eSolution europe\" \/>\n<meta property=\"article:modified_time\" content=\"2024-04-30T10:44:29+00:00\" \/>\n<meta name=\"twitter:card\" content=\"summary_large_image\" \/>\n<meta name=\"twitter:label1\" content=\"Est. reading time\" \/>\n\t<meta name=\"twitter:data1\" content=\"11 minutes\" \/>\n<script type=\"application\/ld+json\" class=\"yoast-schema-graph\">{\"@context\":\"https:\/\/schema.org\",\"@graph\":[{\"@type\":\"WebPage\",\"@id\":\"https:\/\/www.esolutions.free2move.com\/eu\/it_ch\/ricarica-pubblica-auto-elettrica\/\",\"url\":\"https:\/\/www.esolutions.free2move.com\/eu\/it_ch\/ricarica-pubblica-auto-elettrica\/\",\"name\":\"In movimento | Free2move eSolutions\",\"isPartOf\":{\"@id\":\"https:\/\/www.esolutions.free2move.com\/eu\/en_def\/#website\"},\"datePublished\":\"2024-03-19T10:38:13+00:00\",\"dateModified\":\"2024-04-30T10:44:29+00:00\",\"description\":\"Libert\u00e0 di ricarica: Free2move eSolutions \u00e8 qui per supportare gli automobilisti elettrici nelle loro esigenze di spostamento e viaggio quotidiano.\",\"breadcrumb\":{\"@id\":\"https:\/\/www.esolutions.free2move.com\/eu\/it_ch\/ricarica-pubblica-auto-elettrica\/#breadcrumb\"},\"inLanguage\":\"it-ch\",\"potentialAction\":[{\"@type\":\"ReadAction\",\"target\":[\"https:\/\/www.esolutions.free2move.com\/eu\/it_ch\/ricarica-pubblica-auto-elettrica\/\"]}]},{\"@type\":\"BreadcrumbList\",\"@id\":\"https:\/\/www.esolutions.free2move.com\/eu\/it_ch\/ricarica-pubblica-auto-elettrica\/#breadcrumb\",\"itemListElement\":[{\"@type\":\"ListItem\",\"position\":1,\"name\":\"Home\",\"item\":\"https:\/\/www.esolutions.free2move.com\/eu\/it_ch\/\"},{\"@type\":\"ListItem\",\"position\":2,\"name\":\"In movimento\"}]},{\"@type\":\"WebSite\",\"@id\":\"https:\/\/www.esolutions.free2move.com\/eu\/en_def\/#website\",\"url\":\"https:\/\/www.esolutions.free2move.com\/eu\/en_def\/\",\"name\":\"eSolutions europe\",\"description\":\"\",\"publisher\":{\"@id\":\"https:\/\/www.esolutions.free2move.com\/eu\/en_def\/#organization\"},\"potentialAction\":[{\"@type\":\"SearchAction\",\"target\":{\"@type\":\"EntryPoint\",\"urlTemplate\":\"https:\/\/www.esolutions.free2move.com\/eu\/en_def\/?s={search_term_string}\"},\"query-input\":{\"@type\":\"PropertyValueSpecification\",\"valueRequired\":true,\"valueName\":\"search_term_string\"}}],\"inLanguage\":\"it-ch\"},{\"@type\":\"Organization\",\"@id\":\"https:\/\/www.esolutions.free2move.com\/eu\/en_def\/#organization\",\"name\":\"eSolutions europe\",\"url\":\"https:\/\/www.esolutions.free2move.com\/eu\/en_def\/\",\"logo\":{\"@type\":\"ImageObject\",\"inLanguage\":\"it-ch\",\"@id\":\"https:\/\/www.esolutions.free2move.com\/eu\/en_def\/#\/schema\/logo\/image\/\",\"url\":\"https:\/\/www.esolutions.free2move.com\/eu\/wp-content\/uploads\/2024\/03\/logo-f2m-horizontal-1-1-1.png\",\"contentUrl\":\"https:\/\/www.esolutions.free2move.com\/eu\/wp-content\/uploads\/2024\/03\/logo-f2m-horizontal-1-1-1.png\",\"width\":865,\"height\":218,\"caption\":\"eSolutions europe\"},\"image\":{\"@id\":\"https:\/\/www.esolutions.free2move.com\/eu\/en_def\/#\/schema\/logo\/image\/\"}}]}<\/script>\n<!-- \/ Yoast SEO plugin. -->","yoast_head_json":{"title":"In movimento | Free2move eSolutions","description":"Libert\u00e0 di ricarica: Free2move eSolutions \u00e8 qui per supportare gli automobilisti elettrici nelle loro esigenze di spostamento e viaggio quotidiano.","robots":{"index":"index","follow":"follow","max-snippet":"max-snippet:-1","max-image-preview":"max-image-preview:large","max-video-preview":"max-video-preview:-1"},"canonical":"https:\/\/www.esolutions.free2move.com\/eu\/it_ch\/ricarica-pubblica-auto-elettrica\/","og_locale":"it_IT","og_type":"article","og_title":"In movimento | Free2move eSolutions","og_description":"Libert\u00e0 di ricarica: Free2move eSolutions \u00e8 qui per supportare gli automobilisti elettrici nelle loro esigenze di spostamento e viaggio quotidiano.","og_url":"https:\/\/www.esolutions.free2move.com\/eu\/it_ch\/ricarica-pubblica-auto-elettrica\/","og_site_name":"eSolution europe","article_modified_time":"2024-04-30T10:44:29+00:00","twitter_card":"summary_large_image","twitter_misc":{"Est. reading time":"11 minutes"},"schema":{"@context":"https:\/\/schema.org","@graph":[{"@type":"WebPage","@id":"https:\/\/www.esolutions.free2move.com\/eu\/it_ch\/ricarica-pubblica-auto-elettrica\/","url":"https:\/\/www.esolutions.free2move.com\/eu\/it_ch\/ricarica-pubblica-auto-elettrica\/","name":"In movimento | Free2move eSolutions","isPartOf":{"@id":"https:\/\/www.esolutions.free2move.com\/eu\/en_def\/#website"},"datePublished":"2024-03-19T10:38:13+00:00","dateModified":"2024-04-30T10:44:29+00:00","description":"Libert\u00e0 di ricarica: Free2move eSolutions \u00e8 qui per supportare gli automobilisti elettrici nelle loro esigenze di spostamento e viaggio quotidiano.","breadcrumb":{"@id":"https:\/\/www.esolutions.free2move.com\/eu\/it_ch\/ricarica-pubblica-auto-elettrica\/#breadcrumb"},"inLanguage":"it-ch","potentialAction":[{"@type":"ReadAction","target":["https:\/\/www.esolutions.free2move.com\/eu\/it_ch\/ricarica-pubblica-auto-elettrica\/"]}]},{"@type":"BreadcrumbList","@id":"https:\/\/www.esolutions.free2move.com\/eu\/it_ch\/ricarica-pubblica-auto-elettrica\/#breadcrumb","itemListElement":[{"@type":"ListItem","position":1,"name":"Home","item":"https:\/\/www.esolutions.free2move.com\/eu\/it_ch\/"},{"@type":"ListItem","position":2,"name":"In movimento"}]},{"@type":"WebSite","@id":"https:\/\/www.esolutions.free2move.com\/eu\/en_def\/#website","url":"https:\/\/www.esolutions.free2move.com\/eu\/en_def\/","name":"eSolutions europe","description":"","publisher":{"@id":"https:\/\/www.esolutions.free2move.com\/eu\/en_def\/#organization"},"potentialAction":[{"@type":"SearchAction","target":{"@type":"EntryPoint","urlTemplate":"https:\/\/www.esolutions.free2move.com\/eu\/en_def\/?s={search_term_string}"},"query-input":{"@type":"PropertyValueSpecification","valueRequired":true,"valueName":"search_term_string"}}],"inLanguage":"it-ch"},{"@type":"Organization","@id":"https:\/\/www.esolutions.free2move.com\/eu\/en_def\/#organization","name":"eSolutions europe","url":"https:\/\/www.esolutions.free2move.com\/eu\/en_def\/","logo":{"@type":"ImageObject","inLanguage":"it-ch","@id":"https:\/\/www.esolutions.free2move.com\/eu\/en_def\/#\/schema\/logo\/image\/","url":"https:\/\/www.esolutions.free2move.com\/eu\/wp-content\/uploads\/2024\/03\/logo-f2m-horizontal-1-1-1.png","contentUrl":"https:\/\/www.esolutions.free2move.com\/eu\/wp-content\/uploads\/2024\/03\/logo-f2m-horizontal-1-1-1.png","width":865,"height":218,"caption":"eSolutions europe"},"image":{"@id":"https:\/\/www.esolutions.free2move.com\/eu\/en_def\/#\/schema\/logo\/image\/"}}]}},"_links":{"self":[{"href":"https:\/\/www.esolutions.free2move.com\/eu\/it_ch\/wp-json\/wp\/v2\/pages\/23113","targetHints":{"allow":["GET"]}}],"collection":[{"href":"https:\/\/www.esolutions.free2move.com\/eu\/it_ch\/wp-json\/wp\/v2\/pages"}],"about":[{"href":"https:\/\/www.esolutions.free2move.com\/eu\/it_ch\/wp-json\/wp\/v2\/types\/page"}],"author":[{"embeddable":true,"href":"https:\/\/www.esolutions.free2move.com\/eu\/it_ch\/wp-json\/wp\/v2\/users\/2"}],"replies":[{"embeddable":true,"href":"https:\/\/www.esolutions.free2move.com\/eu\/it_ch\/wp-json\/wp\/v2\/comments?post=23113"}],"version-history":[{"count":0,"href":"https:\/\/www.esolutions.free2move.com\/eu\/it_ch\/wp-json\/wp\/v2\/pages\/23113\/revisions"}],"wp:attachment":[{"href":"https:\/\/www.esolutions.free2move.com\/eu\/it_ch\/wp-json\/wp\/v2\/media?parent=23113"}],"curies":[{"name":"wp","href":"https:\/\/api.w.org\/{rel}","templated":true}]}}