{"id":22895,"date":"2024-03-18T10:10:23","date_gmt":"2024-03-18T10:10:23","guid":{"rendered":"https:\/\/test.esolutions.free2move.com\/eu\/accueil\/"},"modified":"2024-06-12T14:24:25","modified_gmt":"2024-06-12T14:24:25","slug":"accueil","status":"publish","type":"page","link":"https:\/\/www.esolutions.free2move.com\/eu\/fr_lu\/","title":{"rendered":"Accueil"},"content":{"rendered":"<div id=\"cs-content\" class=\"cs-content\"><\/div>\n","protected":false},"excerpt":{"rendered":"<p>Charge ahead with Free2move eSolutions Simplifying the switch to electric. We are a global tech company dedicated to produce the next-generation charging stations and digital solutions to lead the way to an electryfying future. eProWallbox Smart and connected peace of mind charging eSolutions Charging Freedom of charging anywhere, anytime Points forts des produitseProWallboxChargement \u00e0 domicile et en entrepriseChargement intelligent et &#8230; <\/p>\n<div><a href=\"https:\/\/www.esolutions.free2move.com\/eu\/fr_lu\/\" class=\"more-link\">Read More<\/a><\/div>\n","protected":false},"author":1,"featured_media":0,"parent":0,"menu_order":0,"comment_status":"closed","ping_status":"closed","template":"template-blank-4.php","meta":{"_acf_changed":false,"inline_featured_image":false,"footnotes":""},"class_list":["post-22895","page","type-page","status-publish","hentry","no-post-thumbnail"],"acf":[],"yoast_head":"<!-- This site is optimized with the Yoast SEO plugin v26.7 - https:\/\/yoast.com\/wordpress\/plugins\/seo\/ -->\n<title>Free2move eSolutions: solutions recharge v\u00e9hicules \u00e9lectriques<\/title>\n<meta name=\"description\" content=\"Simplifiez la transition vers l&#039;\u00e9lectrique: d\u00e9couvrez des bornes et infrastructures de recharge pour voitures \u00e9lectriques, pour les entreprises et particuliers\" \/>\n<meta name=\"robots\" content=\"index, follow, max-snippet:-1, max-image-preview:large, max-video-preview:-1\" \/>\n<link rel=\"canonical\" href=\"https:\/\/www.esolutions.free2move.com\/eu\/fr_lu\/\" \/>\n<meta property=\"og:locale\" content=\"fr_FR\" \/>\n<meta property=\"og:type\" content=\"article\" \/>\n<meta property=\"og:title\" content=\"Free2move eSolutions: solutions recharge v\u00e9hicules \u00e9lectriques\" \/>\n<meta property=\"og:description\" content=\"Simplifiez la transition vers l&#039;\u00e9lectrique: d\u00e9couvrez des bornes et infrastructures de recharge pour voitures \u00e9lectriques, pour les entreprises et particuliers\" \/>\n<meta property=\"og:url\" content=\"https:\/\/www.esolutions.free2move.com\/eu\/fr_lu\/\" \/>\n<meta property=\"og:site_name\" content=\"eSolution europe\" \/>\n<meta property=\"article:modified_time\" content=\"2024-06-12T14:24:25+00:00\" \/>\n<meta name=\"twitter:card\" content=\"summary_large_image\" \/>\n<meta name=\"twitter:label1\" content=\"Est. reading time\" \/>\n\t<meta name=\"twitter:data1\" content=\"3 minutes\" \/>\n<script type=\"application\/ld+json\" class=\"yoast-schema-graph\">{\"@context\":\"https:\/\/schema.org\",\"@graph\":[{\"@type\":\"WebPage\",\"@id\":\"https:\/\/www.esolutions.free2move.com\/eu\/fr_lu\/\",\"url\":\"https:\/\/www.esolutions.free2move.com\/eu\/fr_lu\/\",\"name\":\"Free2move eSolutions: solutions recharge v\u00e9hicules \u00e9lectriques\",\"isPartOf\":{\"@id\":\"https:\/\/www.esolutions.free2move.com\/eu\/en_def\/#website\"},\"datePublished\":\"2024-03-18T10:10:23+00:00\",\"dateModified\":\"2024-06-12T14:24:25+00:00\",\"description\":\"Simplifiez la transition vers l'\u00e9lectrique: d\u00e9couvrez des bornes et infrastructures de recharge pour voitures \u00e9lectriques, pour les entreprises et particuliers\",\"breadcrumb\":{\"@id\":\"https:\/\/www.esolutions.free2move.com\/eu\/fr_lu\/#breadcrumb\"},\"inLanguage\":\"fr-lu\",\"potentialAction\":[{\"@type\":\"ReadAction\",\"target\":[\"https:\/\/www.esolutions.free2move.com\/eu\/fr_lu\/\"]}]},{\"@type\":\"BreadcrumbList\",\"@id\":\"https:\/\/www.esolutions.free2move.com\/eu\/fr_lu\/#breadcrumb\",\"itemListElement\":[{\"@type\":\"ListItem\",\"position\":1,\"name\":\"Home\",\"item\":\"https:\/\/www.esolutions.free2move.com\/eu\/fr_lu\/\"},{\"@type\":\"ListItem\",\"position\":2,\"name\":\"Accueil\"}]},{\"@type\":\"WebSite\",\"@id\":\"https:\/\/www.esolutions.free2move.com\/eu\/en_def\/#website\",\"url\":\"https:\/\/www.esolutions.free2move.com\/eu\/en_def\/\",\"name\":\"eSolutions europe\",\"description\":\"\",\"publisher\":{\"@id\":\"https:\/\/www.esolutions.free2move.com\/eu\/en_def\/#organization\"},\"potentialAction\":[{\"@type\":\"SearchAction\",\"target\":{\"@type\":\"EntryPoint\",\"urlTemplate\":\"https:\/\/www.esolutions.free2move.com\/eu\/en_def\/?s={search_term_string}\"},\"query-input\":{\"@type\":\"PropertyValueSpecification\",\"valueRequired\":true,\"valueName\":\"search_term_string\"}}],\"inLanguage\":\"fr-lu\"},{\"@type\":\"Organization\",\"@id\":\"https:\/\/www.esolutions.free2move.com\/eu\/en_def\/#organization\",\"name\":\"eSolutions europe\",\"url\":\"https:\/\/www.esolutions.free2move.com\/eu\/en_def\/\",\"logo\":{\"@type\":\"ImageObject\",\"inLanguage\":\"fr-lu\",\"@id\":\"https:\/\/www.esolutions.free2move.com\/eu\/en_def\/#\/schema\/logo\/image\/\",\"url\":\"https:\/\/www.esolutions.free2move.com\/eu\/wp-content\/uploads\/2024\/03\/logo-f2m-horizontal-1-1-1.png\",\"contentUrl\":\"https:\/\/www.esolutions.free2move.com\/eu\/wp-content\/uploads\/2024\/03\/logo-f2m-horizontal-1-1-1.png\",\"width\":865,\"height\":218,\"caption\":\"eSolutions europe\"},\"image\":{\"@id\":\"https:\/\/www.esolutions.free2move.com\/eu\/en_def\/#\/schema\/logo\/image\/\"}}]}<\/script>\n<!-- \/ Yoast SEO plugin. -->","yoast_head_json":{"title":"Free2move eSolutions: solutions recharge v\u00e9hicules \u00e9lectriques","description":"Simplifiez la transition vers l'\u00e9lectrique: d\u00e9couvrez des bornes et infrastructures de recharge pour voitures \u00e9lectriques, pour les entreprises et particuliers","robots":{"index":"index","follow":"follow","max-snippet":"max-snippet:-1","max-image-preview":"max-image-preview:large","max-video-preview":"max-video-preview:-1"},"canonical":"https:\/\/www.esolutions.free2move.com\/eu\/fr_lu\/","og_locale":"fr_FR","og_type":"article","og_title":"Free2move eSolutions: solutions recharge v\u00e9hicules \u00e9lectriques","og_description":"Simplifiez la transition vers l'\u00e9lectrique: d\u00e9couvrez des bornes et infrastructures de recharge pour voitures \u00e9lectriques, pour les entreprises et particuliers","og_url":"https:\/\/www.esolutions.free2move.com\/eu\/fr_lu\/","og_site_name":"eSolution europe","article_modified_time":"2024-06-12T14:24:25+00:00","twitter_card":"summary_large_image","twitter_misc":{"Est. reading time":"3 minutes"},"schema":{"@context":"https:\/\/schema.org","@graph":[{"@type":"WebPage","@id":"https:\/\/www.esolutions.free2move.com\/eu\/fr_lu\/","url":"https:\/\/www.esolutions.free2move.com\/eu\/fr_lu\/","name":"Free2move eSolutions: solutions recharge v\u00e9hicules \u00e9lectriques","isPartOf":{"@id":"https:\/\/www.esolutions.free2move.com\/eu\/en_def\/#website"},"datePublished":"2024-03-18T10:10:23+00:00","dateModified":"2024-06-12T14:24:25+00:00","description":"Simplifiez la transition vers l'\u00e9lectrique: d\u00e9couvrez des bornes et infrastructures de recharge pour voitures \u00e9lectriques, pour les entreprises et particuliers","breadcrumb":{"@id":"https:\/\/www.esolutions.free2move.com\/eu\/fr_lu\/#breadcrumb"},"inLanguage":"fr-lu","potentialAction":[{"@type":"ReadAction","target":["https:\/\/www.esolutions.free2move.com\/eu\/fr_lu\/"]}]},{"@type":"BreadcrumbList","@id":"https:\/\/www.esolutions.free2move.com\/eu\/fr_lu\/#breadcrumb","itemListElement":[{"@type":"ListItem","position":1,"name":"Home","item":"https:\/\/www.esolutions.free2move.com\/eu\/fr_lu\/"},{"@type":"ListItem","position":2,"name":"Accueil"}]},{"@type":"WebSite","@id":"https:\/\/www.esolutions.free2move.com\/eu\/en_def\/#website","url":"https:\/\/www.esolutions.free2move.com\/eu\/en_def\/","name":"eSolutions europe","description":"","publisher":{"@id":"https:\/\/www.esolutions.free2move.com\/eu\/en_def\/#organization"},"potentialAction":[{"@type":"SearchAction","target":{"@type":"EntryPoint","urlTemplate":"https:\/\/www.esolutions.free2move.com\/eu\/en_def\/?s={search_term_string}"},"query-input":{"@type":"PropertyValueSpecification","valueRequired":true,"valueName":"search_term_string"}}],"inLanguage":"fr-lu"},{"@type":"Organization","@id":"https:\/\/www.esolutions.free2move.com\/eu\/en_def\/#organization","name":"eSolutions europe","url":"https:\/\/www.esolutions.free2move.com\/eu\/en_def\/","logo":{"@type":"ImageObject","inLanguage":"fr-lu","@id":"https:\/\/www.esolutions.free2move.com\/eu\/en_def\/#\/schema\/logo\/image\/","url":"https:\/\/www.esolutions.free2move.com\/eu\/wp-content\/uploads\/2024\/03\/logo-f2m-horizontal-1-1-1.png","contentUrl":"https:\/\/www.esolutions.free2move.com\/eu\/wp-content\/uploads\/2024\/03\/logo-f2m-horizontal-1-1-1.png","width":865,"height":218,"caption":"eSolutions europe"},"image":{"@id":"https:\/\/www.esolutions.free2move.com\/eu\/en_def\/#\/schema\/logo\/image\/"}}]}},"_links":{"self":[{"href":"https:\/\/www.esolutions.free2move.com\/eu\/fr_lu\/wp-json\/wp\/v2\/pages\/22895","targetHints":{"allow":["GET"]}}],"collection":[{"href":"https:\/\/www.esolutions.free2move.com\/eu\/fr_lu\/wp-json\/wp\/v2\/pages"}],"about":[{"href":"https:\/\/www.esolutions.free2move.com\/eu\/fr_lu\/wp-json\/wp\/v2\/types\/page"}],"author":[{"embeddable":true,"href":"https:\/\/www.esolutions.free2move.com\/eu\/fr_lu\/wp-json\/wp\/v2\/users\/1"}],"replies":[{"embeddable":true,"href":"https:\/\/www.esolutions.free2move.com\/eu\/fr_lu\/wp-json\/wp\/v2\/comments?post=22895"}],"version-history":[{"count":0,"href":"https:\/\/www.esolutions.free2move.com\/eu\/fr_lu\/wp-json\/wp\/v2\/pages\/22895\/revisions"}],"wp:attachment":[{"href":"https:\/\/www.esolutions.free2move.com\/eu\/fr_lu\/wp-json\/wp\/v2\/media?parent=22895"}],"curies":[{"name":"wp","href":"https:\/\/api.w.org\/{rel}","templated":true}]}}