{"id":22841,"date":"2024-03-18T17:16:22","date_gmt":"2024-03-18T17:16:22","guid":{"rendered":"https:\/\/test.esolutions.free2move.com\/eu\/midcounter\/"},"modified":"2024-03-18T17:16:22","modified_gmt":"2024-03-18T17:16:22","slug":"midcounter","status":"publish","type":"page","link":"https:\/\/www.esolutions.free2move.com\/eu\/fr_lu\/recharge-vehicules-electriques-pour-les-entreprises\/midcounter\/","title":{"rendered":"MIDcounter"},"content":{"rendered":"<div id=\"cs-content\" class=\"cs-content\"><\/div>\n","protected":false},"excerpt":{"rendered":"<p>Home MIDcounterMIDcounter : Comptage efficace de l&#8217;\u00e9nergiePrenez le pouls de votre \u00e9nergie avec MIDcounter, le compteur d&#8217;\u00e9nergie certifi\u00e9 con\u00e7u pour surveiller la consommation de votre eProWallbox lors de chaque session de charge. Avec MIDcounter, vous disposez des informations n\u00e9cessaires pour prendre des d\u00e9cisions \u00e9clair\u00e9es sur votre consommation d&#8217;\u00e9nergie, garantissant ainsi l&#8217;efficacit\u00e9 et la rentabilit\u00e9.POUR LA CHARGE DE LA MAISON ET &#8230; <\/p>\n<div><a href=\"https:\/\/www.esolutions.free2move.com\/eu\/fr_lu\/recharge-vehicules-electriques-pour-les-entreprises\/midcounter\/\" class=\"more-link\">Read More<\/a><\/div>\n","protected":false},"author":1,"featured_media":0,"parent":22847,"menu_order":0,"comment_status":"closed","ping_status":"closed","template":"template-blank-4.php","meta":{"_acf_changed":false,"inline_featured_image":false,"footnotes":""},"class_list":["post-22841","page","type-page","status-publish","hentry","no-post-thumbnail"],"acf":[],"yoast_head":"<!-- This site is optimized with the Yoast SEO plugin v26.7 - https:\/\/yoast.com\/wordpress\/plugins\/seo\/ -->\n<title>MIDcounter | Free2move eSolutions<\/title>\n<meta name=\"description\" content=\"Acc\u00e9dez aux sp\u00e9cifications techniques, aux guides d&#039;installation et aux brochures pour les comptoirs interm\u00e9diaires dans notre biblioth\u00e8que compl\u00e8te.\" \/>\n<meta name=\"robots\" content=\"index, follow, max-snippet:-1, max-image-preview:large, max-video-preview:-1\" \/>\n<link rel=\"canonical\" href=\"https:\/\/www.esolutions.free2move.com\/eu\/fr_lu\/recharge-vehicules-electriques-pour-les-entreprises\/midcounter\/\" \/>\n<meta property=\"og:locale\" content=\"fr_FR\" \/>\n<meta property=\"og:type\" content=\"article\" \/>\n<meta property=\"og:title\" content=\"MIDcounter | Free2move eSolutions\" \/>\n<meta property=\"og:description\" content=\"Acc\u00e9dez aux sp\u00e9cifications techniques, aux guides d&#039;installation et aux brochures pour les comptoirs interm\u00e9diaires dans notre biblioth\u00e8que compl\u00e8te.\" \/>\n<meta property=\"og:url\" content=\"https:\/\/www.esolutions.free2move.com\/eu\/fr_lu\/recharge-vehicules-electriques-pour-les-entreprises\/midcounter\/\" \/>\n<meta property=\"og:site_name\" content=\"eSolution europe\" \/>\n<meta name=\"twitter:card\" content=\"summary_large_image\" \/>\n<meta name=\"twitter:label1\" content=\"Est. reading time\" \/>\n\t<meta name=\"twitter:data1\" content=\"10 minutes\" \/>\n<script type=\"application\/ld+json\" class=\"yoast-schema-graph\">{\"@context\":\"https:\/\/schema.org\",\"@graph\":[{\"@type\":\"WebPage\",\"@id\":\"https:\/\/www.esolutions.free2move.com\/eu\/fr_lu\/recharge-vehicules-electriques-pour-les-entreprises\/midcounter\/\",\"url\":\"https:\/\/www.esolutions.free2move.com\/eu\/fr_lu\/recharge-vehicules-electriques-pour-les-entreprises\/midcounter\/\",\"name\":\"MIDcounter | Free2move eSolutions\",\"isPartOf\":{\"@id\":\"https:\/\/www.esolutions.free2move.com\/eu\/en_def\/#website\"},\"datePublished\":\"2024-03-18T17:16:22+00:00\",\"description\":\"Acc\u00e9dez aux sp\u00e9cifications techniques, aux guides d'installation et aux brochures pour les comptoirs interm\u00e9diaires dans notre biblioth\u00e8que compl\u00e8te.\",\"breadcrumb\":{\"@id\":\"https:\/\/www.esolutions.free2move.com\/eu\/fr_lu\/recharge-vehicules-electriques-pour-les-entreprises\/midcounter\/#breadcrumb\"},\"inLanguage\":\"fr-lu\",\"potentialAction\":[{\"@type\":\"ReadAction\",\"target\":[\"https:\/\/www.esolutions.free2move.com\/eu\/fr_lu\/recharge-vehicules-electriques-pour-les-entreprises\/midcounter\/\"]}]},{\"@type\":\"BreadcrumbList\",\"@id\":\"https:\/\/www.esolutions.free2move.com\/eu\/fr_lu\/recharge-vehicules-electriques-pour-les-entreprises\/midcounter\/#breadcrumb\",\"itemListElement\":[{\"@type\":\"ListItem\",\"position\":1,\"name\":\"Home\",\"item\":\"https:\/\/www.esolutions.free2move.com\/eu\/fr_lu\/\"},{\"@type\":\"ListItem\",\"position\":2,\"name\":\"Chargement vehicules electriques entreprises\",\"item\":\"https:\/\/www.esolutions.free2move.com\/eu\/fr_lu\/recharge-vehicules-electriques-pour-les-entreprises\/\"},{\"@type\":\"ListItem\",\"position\":3,\"name\":\"MIDcounter\"}]},{\"@type\":\"WebSite\",\"@id\":\"https:\/\/www.esolutions.free2move.com\/eu\/en_def\/#website\",\"url\":\"https:\/\/www.esolutions.free2move.com\/eu\/en_def\/\",\"name\":\"eSolutions europe\",\"description\":\"\",\"publisher\":{\"@id\":\"https:\/\/www.esolutions.free2move.com\/eu\/en_def\/#organization\"},\"potentialAction\":[{\"@type\":\"SearchAction\",\"target\":{\"@type\":\"EntryPoint\",\"urlTemplate\":\"https:\/\/www.esolutions.free2move.com\/eu\/en_def\/?s={search_term_string}\"},\"query-input\":{\"@type\":\"PropertyValueSpecification\",\"valueRequired\":true,\"valueName\":\"search_term_string\"}}],\"inLanguage\":\"fr-lu\"},{\"@type\":\"Organization\",\"@id\":\"https:\/\/www.esolutions.free2move.com\/eu\/en_def\/#organization\",\"name\":\"eSolutions europe\",\"url\":\"https:\/\/www.esolutions.free2move.com\/eu\/en_def\/\",\"logo\":{\"@type\":\"ImageObject\",\"inLanguage\":\"fr-lu\",\"@id\":\"https:\/\/www.esolutions.free2move.com\/eu\/en_def\/#\/schema\/logo\/image\/\",\"url\":\"https:\/\/www.esolutions.free2move.com\/eu\/wp-content\/uploads\/2024\/03\/logo-f2m-horizontal-1-1-1.png\",\"contentUrl\":\"https:\/\/www.esolutions.free2move.com\/eu\/wp-content\/uploads\/2024\/03\/logo-f2m-horizontal-1-1-1.png\",\"width\":865,\"height\":218,\"caption\":\"eSolutions europe\"},\"image\":{\"@id\":\"https:\/\/www.esolutions.free2move.com\/eu\/en_def\/#\/schema\/logo\/image\/\"}}]}<\/script>\n<!-- \/ Yoast SEO plugin. -->","yoast_head_json":{"title":"MIDcounter | Free2move eSolutions","description":"Acc\u00e9dez aux sp\u00e9cifications techniques, aux guides d'installation et aux brochures pour les comptoirs interm\u00e9diaires dans notre biblioth\u00e8que compl\u00e8te.","robots":{"index":"index","follow":"follow","max-snippet":"max-snippet:-1","max-image-preview":"max-image-preview:large","max-video-preview":"max-video-preview:-1"},"canonical":"https:\/\/www.esolutions.free2move.com\/eu\/fr_lu\/recharge-vehicules-electriques-pour-les-entreprises\/midcounter\/","og_locale":"fr_FR","og_type":"article","og_title":"MIDcounter | Free2move eSolutions","og_description":"Acc\u00e9dez aux sp\u00e9cifications techniques, aux guides d'installation et aux brochures pour les comptoirs interm\u00e9diaires dans notre biblioth\u00e8que compl\u00e8te.","og_url":"https:\/\/www.esolutions.free2move.com\/eu\/fr_lu\/recharge-vehicules-electriques-pour-les-entreprises\/midcounter\/","og_site_name":"eSolution europe","twitter_card":"summary_large_image","twitter_misc":{"Est. reading time":"10 minutes"},"schema":{"@context":"https:\/\/schema.org","@graph":[{"@type":"WebPage","@id":"https:\/\/www.esolutions.free2move.com\/eu\/fr_lu\/recharge-vehicules-electriques-pour-les-entreprises\/midcounter\/","url":"https:\/\/www.esolutions.free2move.com\/eu\/fr_lu\/recharge-vehicules-electriques-pour-les-entreprises\/midcounter\/","name":"MIDcounter | Free2move eSolutions","isPartOf":{"@id":"https:\/\/www.esolutions.free2move.com\/eu\/en_def\/#website"},"datePublished":"2024-03-18T17:16:22+00:00","description":"Acc\u00e9dez aux sp\u00e9cifications techniques, aux guides d'installation et aux brochures pour les comptoirs interm\u00e9diaires dans notre biblioth\u00e8que compl\u00e8te.","breadcrumb":{"@id":"https:\/\/www.esolutions.free2move.com\/eu\/fr_lu\/recharge-vehicules-electriques-pour-les-entreprises\/midcounter\/#breadcrumb"},"inLanguage":"fr-lu","potentialAction":[{"@type":"ReadAction","target":["https:\/\/www.esolutions.free2move.com\/eu\/fr_lu\/recharge-vehicules-electriques-pour-les-entreprises\/midcounter\/"]}]},{"@type":"BreadcrumbList","@id":"https:\/\/www.esolutions.free2move.com\/eu\/fr_lu\/recharge-vehicules-electriques-pour-les-entreprises\/midcounter\/#breadcrumb","itemListElement":[{"@type":"ListItem","position":1,"name":"Home","item":"https:\/\/www.esolutions.free2move.com\/eu\/fr_lu\/"},{"@type":"ListItem","position":2,"name":"Chargement vehicules electriques entreprises","item":"https:\/\/www.esolutions.free2move.com\/eu\/fr_lu\/recharge-vehicules-electriques-pour-les-entreprises\/"},{"@type":"ListItem","position":3,"name":"MIDcounter"}]},{"@type":"WebSite","@id":"https:\/\/www.esolutions.free2move.com\/eu\/en_def\/#website","url":"https:\/\/www.esolutions.free2move.com\/eu\/en_def\/","name":"eSolutions europe","description":"","publisher":{"@id":"https:\/\/www.esolutions.free2move.com\/eu\/en_def\/#organization"},"potentialAction":[{"@type":"SearchAction","target":{"@type":"EntryPoint","urlTemplate":"https:\/\/www.esolutions.free2move.com\/eu\/en_def\/?s={search_term_string}"},"query-input":{"@type":"PropertyValueSpecification","valueRequired":true,"valueName":"search_term_string"}}],"inLanguage":"fr-lu"},{"@type":"Organization","@id":"https:\/\/www.esolutions.free2move.com\/eu\/en_def\/#organization","name":"eSolutions europe","url":"https:\/\/www.esolutions.free2move.com\/eu\/en_def\/","logo":{"@type":"ImageObject","inLanguage":"fr-lu","@id":"https:\/\/www.esolutions.free2move.com\/eu\/en_def\/#\/schema\/logo\/image\/","url":"https:\/\/www.esolutions.free2move.com\/eu\/wp-content\/uploads\/2024\/03\/logo-f2m-horizontal-1-1-1.png","contentUrl":"https:\/\/www.esolutions.free2move.com\/eu\/wp-content\/uploads\/2024\/03\/logo-f2m-horizontal-1-1-1.png","width":865,"height":218,"caption":"eSolutions europe"},"image":{"@id":"https:\/\/www.esolutions.free2move.com\/eu\/en_def\/#\/schema\/logo\/image\/"}}]}},"_links":{"self":[{"href":"https:\/\/www.esolutions.free2move.com\/eu\/fr_lu\/wp-json\/wp\/v2\/pages\/22841","targetHints":{"allow":["GET"]}}],"collection":[{"href":"https:\/\/www.esolutions.free2move.com\/eu\/fr_lu\/wp-json\/wp\/v2\/pages"}],"about":[{"href":"https:\/\/www.esolutions.free2move.com\/eu\/fr_lu\/wp-json\/wp\/v2\/types\/page"}],"author":[{"embeddable":true,"href":"https:\/\/www.esolutions.free2move.com\/eu\/fr_lu\/wp-json\/wp\/v2\/users\/1"}],"replies":[{"embeddable":true,"href":"https:\/\/www.esolutions.free2move.com\/eu\/fr_lu\/wp-json\/wp\/v2\/comments?post=22841"}],"version-history":[{"count":0,"href":"https:\/\/www.esolutions.free2move.com\/eu\/fr_lu\/wp-json\/wp\/v2\/pages\/22841\/revisions"}],"up":[{"embeddable":true,"href":"https:\/\/www.esolutions.free2move.com\/eu\/fr_lu\/wp-json\/wp\/v2\/pages\/22847"}],"wp:attachment":[{"href":"https:\/\/www.esolutions.free2move.com\/eu\/fr_lu\/wp-json\/wp\/v2\/media?parent=22841"}],"curies":[{"name":"wp","href":"https:\/\/api.w.org\/{rel}","templated":true}]}}