{"id":22835,"date":"2024-03-18T17:50:08","date_gmt":"2024-03-18T17:50:08","guid":{"rendered":"https:\/\/test.esolutions.free2move.com\/eu\/sgpc\/"},"modified":"2024-03-18T17:50:08","modified_gmt":"2024-03-18T17:50:08","slug":"sgpc","status":"publish","type":"page","link":"https:\/\/www.esolutions.free2move.com\/eu\/fr_lu\/chargement-vehicules-electriques-a-domicile\/sgpc\/","title":{"rendered":"SGPC"},"content":{"rendered":"<div id=\"cs-content\" class=\"cs-content\"><\/div>\n","protected":false},"excerpt":{"rendered":"<p>Home Syst\u00e8me de gestion des points de recharge eSolutionsTransformez la gestion de votre infrastructure de rechargeeSolutions CPMS (Charging Point Management System) est une solution innovante con\u00e7ue pour g\u00e9rer de mani\u00e8re transparente votre infrastructure de recharge connect\u00e9e depuis n&#8217;importe o\u00f9 dans le monde. Dot\u00e9 de fonctionnalit\u00e9s centr\u00e9es sur le client, cet outil de back-office avanc\u00e9 offre un soutien in\u00e9gal\u00e9 pour am\u00e9liorer &#8230; <\/p>\n<div><a href=\"https:\/\/www.esolutions.free2move.com\/eu\/fr_lu\/chargement-vehicules-electriques-a-domicile\/sgpc\/\" class=\"more-link\">Read More<\/a><\/div>\n","protected":false},"author":1,"featured_media":0,"parent":22892,"menu_order":0,"comment_status":"closed","ping_status":"closed","template":"template-blank-4.php","meta":{"_acf_changed":false,"inline_featured_image":false,"footnotes":""},"class_list":["post-22835","page","type-page","status-publish","hentry","no-post-thumbnail"],"acf":[],"yoast_head":"<!-- This site is optimized with the Yoast SEO plugin v26.7 - https:\/\/yoast.com\/wordpress\/plugins\/seo\/ -->\n<title>SGPC Ressources | Free2move eSolutions<\/title>\n<meta name=\"description\" content=\"Acc\u00e9dez \u00e0 la biblioth\u00e8que et retrouvez toutes les sp\u00e9cifications et informations sur CPMS, le portail pour surveiller vos chargeurs.\" \/>\n<meta name=\"robots\" content=\"index, follow, max-snippet:-1, max-image-preview:large, max-video-preview:-1\" \/>\n<link rel=\"canonical\" href=\"https:\/\/www.esolutions.free2move.com\/eu\/fr_lu\/chargement-vehicules-electriques-a-domicile\/sgpc\/\" \/>\n<meta property=\"og:locale\" content=\"fr_FR\" \/>\n<meta property=\"og:type\" content=\"article\" \/>\n<meta property=\"og:title\" content=\"SGPC Ressources | Free2move eSolutions\" \/>\n<meta property=\"og:description\" content=\"Acc\u00e9dez \u00e0 la biblioth\u00e8que et retrouvez toutes les sp\u00e9cifications et informations sur CPMS, le portail pour surveiller vos chargeurs.\" \/>\n<meta property=\"og:url\" content=\"https:\/\/www.esolutions.free2move.com\/eu\/fr_lu\/chargement-vehicules-electriques-a-domicile\/sgpc\/\" \/>\n<meta property=\"og:site_name\" content=\"eSolution europe\" \/>\n<meta name=\"twitter:card\" content=\"summary_large_image\" \/>\n<meta name=\"twitter:label1\" content=\"Est. reading time\" \/>\n\t<meta name=\"twitter:data1\" content=\"10 minutes\" \/>\n<script type=\"application\/ld+json\" class=\"yoast-schema-graph\">{\"@context\":\"https:\/\/schema.org\",\"@graph\":[{\"@type\":\"WebPage\",\"@id\":\"https:\/\/www.esolutions.free2move.com\/eu\/fr_lu\/chargement-vehicules-electriques-a-domicile\/sgpc\/\",\"url\":\"https:\/\/www.esolutions.free2move.com\/eu\/fr_lu\/chargement-vehicules-electriques-a-domicile\/sgpc\/\",\"name\":\"SGPC Ressources | Free2move eSolutions\",\"isPartOf\":{\"@id\":\"https:\/\/www.esolutions.free2move.com\/eu\/en_def\/#website\"},\"datePublished\":\"2024-03-18T17:50:08+00:00\",\"description\":\"Acc\u00e9dez \u00e0 la biblioth\u00e8que et retrouvez toutes les sp\u00e9cifications et informations sur CPMS, le portail pour surveiller vos chargeurs.\",\"breadcrumb\":{\"@id\":\"https:\/\/www.esolutions.free2move.com\/eu\/fr_lu\/chargement-vehicules-electriques-a-domicile\/sgpc\/#breadcrumb\"},\"inLanguage\":\"fr-lu\",\"potentialAction\":[{\"@type\":\"ReadAction\",\"target\":[\"https:\/\/www.esolutions.free2move.com\/eu\/fr_lu\/chargement-vehicules-electriques-a-domicile\/sgpc\/\"]}]},{\"@type\":\"BreadcrumbList\",\"@id\":\"https:\/\/www.esolutions.free2move.com\/eu\/fr_lu\/chargement-vehicules-electriques-a-domicile\/sgpc\/#breadcrumb\",\"itemListElement\":[{\"@type\":\"ListItem\",\"position\":1,\"name\":\"Home\",\"item\":\"https:\/\/www.esolutions.free2move.com\/eu\/fr_lu\/\"},{\"@type\":\"ListItem\",\"position\":2,\"name\":\"Recharge \u00e0 domicile\",\"item\":\"https:\/\/www.esolutions.free2move.com\/eu\/fr_lu\/chargement-vehicules-electriques-a-domicile\/\"},{\"@type\":\"ListItem\",\"position\":3,\"name\":\"SGPC\"}]},{\"@type\":\"WebSite\",\"@id\":\"https:\/\/www.esolutions.free2move.com\/eu\/en_def\/#website\",\"url\":\"https:\/\/www.esolutions.free2move.com\/eu\/en_def\/\",\"name\":\"eSolutions europe\",\"description\":\"\",\"publisher\":{\"@id\":\"https:\/\/www.esolutions.free2move.com\/eu\/en_def\/#organization\"},\"potentialAction\":[{\"@type\":\"SearchAction\",\"target\":{\"@type\":\"EntryPoint\",\"urlTemplate\":\"https:\/\/www.esolutions.free2move.com\/eu\/en_def\/?s={search_term_string}\"},\"query-input\":{\"@type\":\"PropertyValueSpecification\",\"valueRequired\":true,\"valueName\":\"search_term_string\"}}],\"inLanguage\":\"fr-lu\"},{\"@type\":\"Organization\",\"@id\":\"https:\/\/www.esolutions.free2move.com\/eu\/en_def\/#organization\",\"name\":\"eSolutions europe\",\"url\":\"https:\/\/www.esolutions.free2move.com\/eu\/en_def\/\",\"logo\":{\"@type\":\"ImageObject\",\"inLanguage\":\"fr-lu\",\"@id\":\"https:\/\/www.esolutions.free2move.com\/eu\/en_def\/#\/schema\/logo\/image\/\",\"url\":\"https:\/\/www.esolutions.free2move.com\/eu\/wp-content\/uploads\/2024\/03\/logo-f2m-horizontal-1-1-1.png\",\"contentUrl\":\"https:\/\/www.esolutions.free2move.com\/eu\/wp-content\/uploads\/2024\/03\/logo-f2m-horizontal-1-1-1.png\",\"width\":865,\"height\":218,\"caption\":\"eSolutions europe\"},\"image\":{\"@id\":\"https:\/\/www.esolutions.free2move.com\/eu\/en_def\/#\/schema\/logo\/image\/\"}}]}<\/script>\n<!-- \/ Yoast SEO plugin. -->","yoast_head_json":{"title":"SGPC Ressources | Free2move eSolutions","description":"Acc\u00e9dez \u00e0 la biblioth\u00e8que et retrouvez toutes les sp\u00e9cifications et informations sur CPMS, le portail pour surveiller vos chargeurs.","robots":{"index":"index","follow":"follow","max-snippet":"max-snippet:-1","max-image-preview":"max-image-preview:large","max-video-preview":"max-video-preview:-1"},"canonical":"https:\/\/www.esolutions.free2move.com\/eu\/fr_lu\/chargement-vehicules-electriques-a-domicile\/sgpc\/","og_locale":"fr_FR","og_type":"article","og_title":"SGPC Ressources | Free2move eSolutions","og_description":"Acc\u00e9dez \u00e0 la biblioth\u00e8que et retrouvez toutes les sp\u00e9cifications et informations sur CPMS, le portail pour surveiller vos chargeurs.","og_url":"https:\/\/www.esolutions.free2move.com\/eu\/fr_lu\/chargement-vehicules-electriques-a-domicile\/sgpc\/","og_site_name":"eSolution europe","twitter_card":"summary_large_image","twitter_misc":{"Est. reading time":"10 minutes"},"schema":{"@context":"https:\/\/schema.org","@graph":[{"@type":"WebPage","@id":"https:\/\/www.esolutions.free2move.com\/eu\/fr_lu\/chargement-vehicules-electriques-a-domicile\/sgpc\/","url":"https:\/\/www.esolutions.free2move.com\/eu\/fr_lu\/chargement-vehicules-electriques-a-domicile\/sgpc\/","name":"SGPC Ressources | Free2move eSolutions","isPartOf":{"@id":"https:\/\/www.esolutions.free2move.com\/eu\/en_def\/#website"},"datePublished":"2024-03-18T17:50:08+00:00","description":"Acc\u00e9dez \u00e0 la biblioth\u00e8que et retrouvez toutes les sp\u00e9cifications et informations sur CPMS, le portail pour surveiller vos chargeurs.","breadcrumb":{"@id":"https:\/\/www.esolutions.free2move.com\/eu\/fr_lu\/chargement-vehicules-electriques-a-domicile\/sgpc\/#breadcrumb"},"inLanguage":"fr-lu","potentialAction":[{"@type":"ReadAction","target":["https:\/\/www.esolutions.free2move.com\/eu\/fr_lu\/chargement-vehicules-electriques-a-domicile\/sgpc\/"]}]},{"@type":"BreadcrumbList","@id":"https:\/\/www.esolutions.free2move.com\/eu\/fr_lu\/chargement-vehicules-electriques-a-domicile\/sgpc\/#breadcrumb","itemListElement":[{"@type":"ListItem","position":1,"name":"Home","item":"https:\/\/www.esolutions.free2move.com\/eu\/fr_lu\/"},{"@type":"ListItem","position":2,"name":"Recharge \u00e0 domicile","item":"https:\/\/www.esolutions.free2move.com\/eu\/fr_lu\/chargement-vehicules-electriques-a-domicile\/"},{"@type":"ListItem","position":3,"name":"SGPC"}]},{"@type":"WebSite","@id":"https:\/\/www.esolutions.free2move.com\/eu\/en_def\/#website","url":"https:\/\/www.esolutions.free2move.com\/eu\/en_def\/","name":"eSolutions europe","description":"","publisher":{"@id":"https:\/\/www.esolutions.free2move.com\/eu\/en_def\/#organization"},"potentialAction":[{"@type":"SearchAction","target":{"@type":"EntryPoint","urlTemplate":"https:\/\/www.esolutions.free2move.com\/eu\/en_def\/?s={search_term_string}"},"query-input":{"@type":"PropertyValueSpecification","valueRequired":true,"valueName":"search_term_string"}}],"inLanguage":"fr-lu"},{"@type":"Organization","@id":"https:\/\/www.esolutions.free2move.com\/eu\/en_def\/#organization","name":"eSolutions europe","url":"https:\/\/www.esolutions.free2move.com\/eu\/en_def\/","logo":{"@type":"ImageObject","inLanguage":"fr-lu","@id":"https:\/\/www.esolutions.free2move.com\/eu\/en_def\/#\/schema\/logo\/image\/","url":"https:\/\/www.esolutions.free2move.com\/eu\/wp-content\/uploads\/2024\/03\/logo-f2m-horizontal-1-1-1.png","contentUrl":"https:\/\/www.esolutions.free2move.com\/eu\/wp-content\/uploads\/2024\/03\/logo-f2m-horizontal-1-1-1.png","width":865,"height":218,"caption":"eSolutions europe"},"image":{"@id":"https:\/\/www.esolutions.free2move.com\/eu\/en_def\/#\/schema\/logo\/image\/"}}]}},"_links":{"self":[{"href":"https:\/\/www.esolutions.free2move.com\/eu\/fr_lu\/wp-json\/wp\/v2\/pages\/22835","targetHints":{"allow":["GET"]}}],"collection":[{"href":"https:\/\/www.esolutions.free2move.com\/eu\/fr_lu\/wp-json\/wp\/v2\/pages"}],"about":[{"href":"https:\/\/www.esolutions.free2move.com\/eu\/fr_lu\/wp-json\/wp\/v2\/types\/page"}],"author":[{"embeddable":true,"href":"https:\/\/www.esolutions.free2move.com\/eu\/fr_lu\/wp-json\/wp\/v2\/users\/1"}],"replies":[{"embeddable":true,"href":"https:\/\/www.esolutions.free2move.com\/eu\/fr_lu\/wp-json\/wp\/v2\/comments?post=22835"}],"version-history":[{"count":0,"href":"https:\/\/www.esolutions.free2move.com\/eu\/fr_lu\/wp-json\/wp\/v2\/pages\/22835\/revisions"}],"up":[{"embeddable":true,"href":"https:\/\/www.esolutions.free2move.com\/eu\/fr_lu\/wp-json\/wp\/v2\/pages\/22892"}],"wp:attachment":[{"href":"https:\/\/www.esolutions.free2move.com\/eu\/fr_lu\/wp-json\/wp\/v2\/media?parent=22835"}],"curies":[{"name":"wp","href":"https:\/\/api.w.org\/{rel}","templated":true}]}}