{"id":21429,"date":"2024-03-18T14:43:47","date_gmt":"2024-03-18T14:43:47","guid":{"rendered":"https:\/\/test.esolutions.free2move.com\/eu\/carlalberto-guglielminotti\/"},"modified":"2024-12-04T15:47:26","modified_gmt":"2024-12-04T15:47:26","slug":"stefano-terranova","status":"publish","type":"page","link":"https:\/\/www.esolutions.free2move.com\/eu\/fr_fr\/gouvernance-et-ethique\/stefano-terranova\/","title":{"rendered":"Stefano Terranova"},"content":{"rendered":"<div id=\"cs-content\" class=\"cs-content\"><\/div>\n","protected":false},"excerpt":{"rendered":"<p>HomeStefano Terranova Pr\u00e9sident ex\u00e9cutif &nbsp; Stefano Terranova est le directeur g\u00e9n\u00e9ral d&#8217;Atlante, un acteur majeur de la mobilit\u00e9 \u00e9lectrique en Europe du Sud. Nomm\u00e9 en octobre 2021, Stefano a transform\u00e9 ce qui n&#8217;\u00e9tait \u00e0 l&#8217;\u00e9poque qu&#8217;un concept en une entreprise pleinement op\u00e9rationnelle dans quatre grands pays. Depuis lors, il a supervis\u00e9 la cr\u00e9ation d&#8217;Atlante en partant de z\u00e9ro, en d\u00e9veloppant &#8230; <\/p>\n<div><a href=\"https:\/\/www.esolutions.free2move.com\/eu\/fr_fr\/gouvernance-et-ethique\/stefano-terranova\/\" class=\"more-link\">Read More<\/a><\/div>\n","protected":false},"author":1,"featured_media":0,"parent":21433,"menu_order":0,"comment_status":"closed","ping_status":"closed","template":"template-blank-4.php","meta":{"_acf_changed":false,"inline_featured_image":false,"footnotes":""},"class_list":["post-21429","page","type-page","status-publish","hentry","no-post-thumbnail"],"acf":[],"yoast_head":"<!-- This site is optimized with the Yoast SEO plugin v26.7 - https:\/\/yoast.com\/wordpress\/plugins\/seo\/ -->\n<title>Stefano Terranova - eSolution europe<\/title>\n<meta name=\"robots\" content=\"index, follow, max-snippet:-1, max-image-preview:large, max-video-preview:-1\" \/>\n<link rel=\"canonical\" href=\"https:\/\/www.esolutions.free2move.com\/eu\/fr_fr\/gouvernance-et-ethique\/stefano-terranova\/\" \/>\n<meta property=\"og:locale\" content=\"fr_FR\" \/>\n<meta property=\"og:type\" content=\"article\" \/>\n<meta property=\"og:title\" content=\"Stefano Terranova - eSolution europe\" \/>\n<meta property=\"og:description\" content=\"HomeStefano Terranova Pr\u00e9sident ex\u00e9cutif &nbsp; Stefano Terranova est le directeur g\u00e9n\u00e9ral d&#039;Atlante, un acteur majeur de la mobilit\u00e9 \u00e9lectrique en Europe du Sud. Nomm\u00e9 en octobre 2021, Stefano a transform\u00e9 ce qui n&#039;\u00e9tait \u00e0 l&#039;\u00e9poque qu&#039;un concept en une entreprise pleinement op\u00e9rationnelle dans quatre grands pays. Depuis lors, il a supervis\u00e9 la cr\u00e9ation d&#039;Atlante en partant de z\u00e9ro, en d\u00e9veloppant ... Read More\" \/>\n<meta property=\"og:url\" content=\"https:\/\/www.esolutions.free2move.com\/eu\/fr_fr\/gouvernance-et-ethique\/stefano-terranova\/\" \/>\n<meta property=\"og:site_name\" content=\"eSolution europe\" \/>\n<meta property=\"article:modified_time\" content=\"2024-12-04T15:47:26+00:00\" \/>\n<meta name=\"twitter:card\" content=\"summary_large_image\" \/>\n<meta name=\"twitter:label1\" content=\"Est. reading time\" \/>\n\t<meta name=\"twitter:data1\" content=\"2 minutes\" \/>\n<script type=\"application\/ld+json\" class=\"yoast-schema-graph\">{\"@context\":\"https:\/\/schema.org\",\"@graph\":[{\"@type\":\"WebPage\",\"@id\":\"https:\/\/www.esolutions.free2move.com\/eu\/fr_fr\/gouvernance-et-ethique\/stefano-terranova\/\",\"url\":\"https:\/\/www.esolutions.free2move.com\/eu\/fr_fr\/gouvernance-et-ethique\/stefano-terranova\/\",\"name\":\"Stefano Terranova - eSolution europe\",\"isPartOf\":{\"@id\":\"https:\/\/www.esolutions.free2move.com\/eu\/en_def\/#website\"},\"datePublished\":\"2024-03-18T14:43:47+00:00\",\"dateModified\":\"2024-12-04T15:47:26+00:00\",\"breadcrumb\":{\"@id\":\"https:\/\/www.esolutions.free2move.com\/eu\/fr_fr\/gouvernance-et-ethique\/stefano-terranova\/#breadcrumb\"},\"inLanguage\":\"fr-fr\",\"potentialAction\":[{\"@type\":\"ReadAction\",\"target\":[\"https:\/\/www.esolutions.free2move.com\/eu\/fr_fr\/gouvernance-et-ethique\/stefano-terranova\/\"]}]},{\"@type\":\"BreadcrumbList\",\"@id\":\"https:\/\/www.esolutions.free2move.com\/eu\/fr_fr\/gouvernance-et-ethique\/stefano-terranova\/#breadcrumb\",\"itemListElement\":[{\"@type\":\"ListItem\",\"position\":1,\"name\":\"Home\",\"item\":\"https:\/\/www.esolutions.free2move.com\/eu\/fr_fr\/\"},{\"@type\":\"ListItem\",\"position\":2,\"name\":\"Gouvernance et \u00e9thique\",\"item\":\"https:\/\/www.esolutions.free2move.com\/eu\/fr_fr\/gouvernance-et-ethique\/\"},{\"@type\":\"ListItem\",\"position\":3,\"name\":\"Stefano Terranova\"}]},{\"@type\":\"WebSite\",\"@id\":\"https:\/\/www.esolutions.free2move.com\/eu\/en_def\/#website\",\"url\":\"https:\/\/www.esolutions.free2move.com\/eu\/en_def\/\",\"name\":\"eSolutions europe\",\"description\":\"\",\"publisher\":{\"@id\":\"https:\/\/www.esolutions.free2move.com\/eu\/en_def\/#organization\"},\"potentialAction\":[{\"@type\":\"SearchAction\",\"target\":{\"@type\":\"EntryPoint\",\"urlTemplate\":\"https:\/\/www.esolutions.free2move.com\/eu\/en_def\/?s={search_term_string}\"},\"query-input\":{\"@type\":\"PropertyValueSpecification\",\"valueRequired\":true,\"valueName\":\"search_term_string\"}}],\"inLanguage\":\"fr-fr\"},{\"@type\":\"Organization\",\"@id\":\"https:\/\/www.esolutions.free2move.com\/eu\/en_def\/#organization\",\"name\":\"eSolutions europe\",\"url\":\"https:\/\/www.esolutions.free2move.com\/eu\/en_def\/\",\"logo\":{\"@type\":\"ImageObject\",\"inLanguage\":\"fr-fr\",\"@id\":\"https:\/\/www.esolutions.free2move.com\/eu\/en_def\/#\/schema\/logo\/image\/\",\"url\":\"https:\/\/www.esolutions.free2move.com\/eu\/wp-content\/uploads\/2024\/03\/logo-f2m-horizontal-1-1-1.png\",\"contentUrl\":\"https:\/\/www.esolutions.free2move.com\/eu\/wp-content\/uploads\/2024\/03\/logo-f2m-horizontal-1-1-1.png\",\"width\":865,\"height\":218,\"caption\":\"eSolutions europe\"},\"image\":{\"@id\":\"https:\/\/www.esolutions.free2move.com\/eu\/en_def\/#\/schema\/logo\/image\/\"}}]}<\/script>\n<!-- \/ Yoast SEO plugin. -->","yoast_head_json":{"title":"Stefano Terranova - eSolution europe","robots":{"index":"index","follow":"follow","max-snippet":"max-snippet:-1","max-image-preview":"max-image-preview:large","max-video-preview":"max-video-preview:-1"},"canonical":"https:\/\/www.esolutions.free2move.com\/eu\/fr_fr\/gouvernance-et-ethique\/stefano-terranova\/","og_locale":"fr_FR","og_type":"article","og_title":"Stefano Terranova - eSolution europe","og_description":"HomeStefano Terranova Pr\u00e9sident ex\u00e9cutif &nbsp; Stefano Terranova est le directeur g\u00e9n\u00e9ral d'Atlante, un acteur majeur de la mobilit\u00e9 \u00e9lectrique en Europe du Sud. Nomm\u00e9 en octobre 2021, Stefano a transform\u00e9 ce qui n'\u00e9tait \u00e0 l'\u00e9poque qu'un concept en une entreprise pleinement op\u00e9rationnelle dans quatre grands pays. Depuis lors, il a supervis\u00e9 la cr\u00e9ation d'Atlante en partant de z\u00e9ro, en d\u00e9veloppant ... Read More","og_url":"https:\/\/www.esolutions.free2move.com\/eu\/fr_fr\/gouvernance-et-ethique\/stefano-terranova\/","og_site_name":"eSolution europe","article_modified_time":"2024-12-04T15:47:26+00:00","twitter_card":"summary_large_image","twitter_misc":{"Est. reading time":"2 minutes"},"schema":{"@context":"https:\/\/schema.org","@graph":[{"@type":"WebPage","@id":"https:\/\/www.esolutions.free2move.com\/eu\/fr_fr\/gouvernance-et-ethique\/stefano-terranova\/","url":"https:\/\/www.esolutions.free2move.com\/eu\/fr_fr\/gouvernance-et-ethique\/stefano-terranova\/","name":"Stefano Terranova - eSolution europe","isPartOf":{"@id":"https:\/\/www.esolutions.free2move.com\/eu\/en_def\/#website"},"datePublished":"2024-03-18T14:43:47+00:00","dateModified":"2024-12-04T15:47:26+00:00","breadcrumb":{"@id":"https:\/\/www.esolutions.free2move.com\/eu\/fr_fr\/gouvernance-et-ethique\/stefano-terranova\/#breadcrumb"},"inLanguage":"fr-fr","potentialAction":[{"@type":"ReadAction","target":["https:\/\/www.esolutions.free2move.com\/eu\/fr_fr\/gouvernance-et-ethique\/stefano-terranova\/"]}]},{"@type":"BreadcrumbList","@id":"https:\/\/www.esolutions.free2move.com\/eu\/fr_fr\/gouvernance-et-ethique\/stefano-terranova\/#breadcrumb","itemListElement":[{"@type":"ListItem","position":1,"name":"Home","item":"https:\/\/www.esolutions.free2move.com\/eu\/fr_fr\/"},{"@type":"ListItem","position":2,"name":"Gouvernance et \u00e9thique","item":"https:\/\/www.esolutions.free2move.com\/eu\/fr_fr\/gouvernance-et-ethique\/"},{"@type":"ListItem","position":3,"name":"Stefano Terranova"}]},{"@type":"WebSite","@id":"https:\/\/www.esolutions.free2move.com\/eu\/en_def\/#website","url":"https:\/\/www.esolutions.free2move.com\/eu\/en_def\/","name":"eSolutions europe","description":"","publisher":{"@id":"https:\/\/www.esolutions.free2move.com\/eu\/en_def\/#organization"},"potentialAction":[{"@type":"SearchAction","target":{"@type":"EntryPoint","urlTemplate":"https:\/\/www.esolutions.free2move.com\/eu\/en_def\/?s={search_term_string}"},"query-input":{"@type":"PropertyValueSpecification","valueRequired":true,"valueName":"search_term_string"}}],"inLanguage":"fr-fr"},{"@type":"Organization","@id":"https:\/\/www.esolutions.free2move.com\/eu\/en_def\/#organization","name":"eSolutions europe","url":"https:\/\/www.esolutions.free2move.com\/eu\/en_def\/","logo":{"@type":"ImageObject","inLanguage":"fr-fr","@id":"https:\/\/www.esolutions.free2move.com\/eu\/en_def\/#\/schema\/logo\/image\/","url":"https:\/\/www.esolutions.free2move.com\/eu\/wp-content\/uploads\/2024\/03\/logo-f2m-horizontal-1-1-1.png","contentUrl":"https:\/\/www.esolutions.free2move.com\/eu\/wp-content\/uploads\/2024\/03\/logo-f2m-horizontal-1-1-1.png","width":865,"height":218,"caption":"eSolutions europe"},"image":{"@id":"https:\/\/www.esolutions.free2move.com\/eu\/en_def\/#\/schema\/logo\/image\/"}}]}},"_links":{"self":[{"href":"https:\/\/www.esolutions.free2move.com\/eu\/fr_fr\/wp-json\/wp\/v2\/pages\/21429","targetHints":{"allow":["GET"]}}],"collection":[{"href":"https:\/\/www.esolutions.free2move.com\/eu\/fr_fr\/wp-json\/wp\/v2\/pages"}],"about":[{"href":"https:\/\/www.esolutions.free2move.com\/eu\/fr_fr\/wp-json\/wp\/v2\/types\/page"}],"author":[{"embeddable":true,"href":"https:\/\/www.esolutions.free2move.com\/eu\/fr_fr\/wp-json\/wp\/v2\/users\/1"}],"replies":[{"embeddable":true,"href":"https:\/\/www.esolutions.free2move.com\/eu\/fr_fr\/wp-json\/wp\/v2\/comments?post=21429"}],"version-history":[{"count":0,"href":"https:\/\/www.esolutions.free2move.com\/eu\/fr_fr\/wp-json\/wp\/v2\/pages\/21429\/revisions"}],"up":[{"embeddable":true,"href":"https:\/\/www.esolutions.free2move.com\/eu\/fr_fr\/wp-json\/wp\/v2\/pages\/21433"}],"wp:attachment":[{"href":"https:\/\/www.esolutions.free2move.com\/eu\/fr_fr\/wp-json\/wp\/v2\/media?parent=21429"}],"curies":[{"name":"wp","href":"https:\/\/api.w.org\/{rel}","templated":true}]}}