{"id":21419,"date":"2024-03-19T07:59:44","date_gmt":"2024-03-19T07:59:44","guid":{"rendered":"https:\/\/test.esolutions.free2move.com\/eu\/centre-dinformation\/"},"modified":"2026-03-20T12:00:24","modified_gmt":"2026-03-20T12:00:24","slug":"centre-dinformation","status":"publish","type":"page","link":"https:\/\/www.esolutions.free2move.com\/eu\/fr_fr\/centre-dinformation\/","title":{"rendered":"Centre d&#8217;information"},"content":{"rendered":"<div id=\"cs-content\" class=\"cs-content\"><\/div>\n","protected":false},"excerpt":{"rendered":"<p>Home Biblioth\u00e8que de documents et de ressourcesS\u00e9lectionnez le produit pour obtenir toutes les informations pertinenteseasyWallboxeasyWallboxUtilisateurManuel de l\u2019UtilisateurFiche TecnniqueLeaflet FranceHaut de pageeasyWallboxInstallateurManuel d\u2019installationLeaflet Ground CableHaut de pageeasyWallboxVideocomment installer easywallbox au murHaut de pageeasyWallboxDocumentationeasyWallbox _ 61851-1 Conformity CertificateeasyWallbox _ 61851-21-2 Conformity CertificateeasyWallbox _ EU Conformity DeclarationEU Reach StatementeasyWallbox _ Guarantee of ComplianceeasyWallbox _ Dichiarazione IK10easyWallbox _ Certificat de Conformit\u00e9 VDE-AR-N 4100Haut de &#8230; <\/p>\n<div><a href=\"https:\/\/www.esolutions.free2move.com\/eu\/fr_fr\/centre-dinformation\/\" class=\"more-link\">Read More<\/a><\/div>\n","protected":false},"author":1,"featured_media":0,"parent":0,"menu_order":0,"comment_status":"closed","ping_status":"closed","template":"template-blank-4.php","meta":{"_acf_changed":false,"inline_featured_image":false,"footnotes":""},"class_list":["post-21419","page","type-page","status-publish","hentry","no-post-thumbnail"],"acf":[],"yoast_head":"<!-- This site is optimized with the Yoast SEO plugin v26.7 - https:\/\/yoast.com\/wordpress\/plugins\/seo\/ -->\n<title>Centre d&#039;information | Free2move eSolutions<\/title>\n<meta name=\"description\" content=\"D\u00e9couvrez les incitations, les garanties de produits et l&#039;assistance d&#039;experts pour l&#039;installation des chargeurs de v\u00e9hicules \u00e9lectriques. Privil\u00e9giez la s\u00e9curit\u00e9 et la performance gr\u00e2ce \u00e0 nos services complets.\" \/>\n<meta name=\"robots\" content=\"index, follow, max-snippet:-1, max-image-preview:large, max-video-preview:-1\" \/>\n<link rel=\"canonical\" href=\"https:\/\/www.esolutions.free2move.com\/eu\/fr_fr\/centre-dinformation\/\" \/>\n<meta property=\"og:locale\" content=\"fr_FR\" \/>\n<meta property=\"og:type\" content=\"article\" \/>\n<meta property=\"og:title\" content=\"Centre d&#039;information | Free2move eSolutions\" \/>\n<meta property=\"og:description\" content=\"D\u00e9couvrez les incitations, les garanties de produits et l&#039;assistance d&#039;experts pour l&#039;installation des chargeurs de v\u00e9hicules \u00e9lectriques. Privil\u00e9giez la s\u00e9curit\u00e9 et la performance gr\u00e2ce \u00e0 nos services complets.\" \/>\n<meta property=\"og:url\" content=\"https:\/\/www.esolutions.free2move.com\/eu\/fr_fr\/centre-dinformation\/\" \/>\n<meta property=\"og:site_name\" content=\"eSolution europe\" \/>\n<meta property=\"article:modified_time\" content=\"2026-03-20T12:00:24+00:00\" \/>\n<meta name=\"twitter:card\" content=\"summary_large_image\" \/>\n<meta name=\"twitter:label1\" content=\"Est. reading time\" \/>\n\t<meta name=\"twitter:data1\" content=\"20 minutes\" \/>\n<script type=\"application\/ld+json\" class=\"yoast-schema-graph\">{\"@context\":\"https:\/\/schema.org\",\"@graph\":[{\"@type\":\"WebPage\",\"@id\":\"https:\/\/www.esolutions.free2move.com\/eu\/fr_fr\/centre-dinformation\/\",\"url\":\"https:\/\/www.esolutions.free2move.com\/eu\/fr_fr\/centre-dinformation\/\",\"name\":\"Centre d'information | Free2move eSolutions\",\"isPartOf\":{\"@id\":\"https:\/\/www.esolutions.free2move.com\/eu\/en_def\/#website\"},\"datePublished\":\"2024-03-19T07:59:44+00:00\",\"dateModified\":\"2026-03-20T12:00:24+00:00\",\"description\":\"D\u00e9couvrez les incitations, les garanties de produits et l'assistance d'experts pour l'installation des chargeurs de v\u00e9hicules \u00e9lectriques. Privil\u00e9giez la s\u00e9curit\u00e9 et la performance gr\u00e2ce \u00e0 nos services complets.\",\"breadcrumb\":{\"@id\":\"https:\/\/www.esolutions.free2move.com\/eu\/fr_fr\/centre-dinformation\/#breadcrumb\"},\"inLanguage\":\"fr-fr\",\"potentialAction\":[{\"@type\":\"ReadAction\",\"target\":[\"https:\/\/www.esolutions.free2move.com\/eu\/fr_fr\/centre-dinformation\/\"]}]},{\"@type\":\"BreadcrumbList\",\"@id\":\"https:\/\/www.esolutions.free2move.com\/eu\/fr_fr\/centre-dinformation\/#breadcrumb\",\"itemListElement\":[{\"@type\":\"ListItem\",\"position\":1,\"name\":\"Home\",\"item\":\"https:\/\/www.esolutions.free2move.com\/eu\/fr_fr\/\"},{\"@type\":\"ListItem\",\"position\":2,\"name\":\"Centre d&#8217;information\"}]},{\"@type\":\"WebSite\",\"@id\":\"https:\/\/www.esolutions.free2move.com\/eu\/en_def\/#website\",\"url\":\"https:\/\/www.esolutions.free2move.com\/eu\/en_def\/\",\"name\":\"eSolutions europe\",\"description\":\"\",\"publisher\":{\"@id\":\"https:\/\/www.esolutions.free2move.com\/eu\/en_def\/#organization\"},\"potentialAction\":[{\"@type\":\"SearchAction\",\"target\":{\"@type\":\"EntryPoint\",\"urlTemplate\":\"https:\/\/www.esolutions.free2move.com\/eu\/en_def\/?s={search_term_string}\"},\"query-input\":{\"@type\":\"PropertyValueSpecification\",\"valueRequired\":true,\"valueName\":\"search_term_string\"}}],\"inLanguage\":\"fr-fr\"},{\"@type\":\"Organization\",\"@id\":\"https:\/\/www.esolutions.free2move.com\/eu\/en_def\/#organization\",\"name\":\"eSolutions europe\",\"url\":\"https:\/\/www.esolutions.free2move.com\/eu\/en_def\/\",\"logo\":{\"@type\":\"ImageObject\",\"inLanguage\":\"fr-fr\",\"@id\":\"https:\/\/www.esolutions.free2move.com\/eu\/en_def\/#\/schema\/logo\/image\/\",\"url\":\"https:\/\/www.esolutions.free2move.com\/eu\/wp-content\/uploads\/2024\/03\/logo-f2m-horizontal-1-1-1.png\",\"contentUrl\":\"https:\/\/www.esolutions.free2move.com\/eu\/wp-content\/uploads\/2024\/03\/logo-f2m-horizontal-1-1-1.png\",\"width\":865,\"height\":218,\"caption\":\"eSolutions europe\"},\"image\":{\"@id\":\"https:\/\/www.esolutions.free2move.com\/eu\/en_def\/#\/schema\/logo\/image\/\"}}]}<\/script>\n<!-- \/ Yoast SEO plugin. -->","yoast_head_json":{"title":"Centre d'information | Free2move eSolutions","description":"D\u00e9couvrez les incitations, les garanties de produits et l'assistance d'experts pour l'installation des chargeurs de v\u00e9hicules \u00e9lectriques. Privil\u00e9giez la s\u00e9curit\u00e9 et la performance gr\u00e2ce \u00e0 nos services complets.","robots":{"index":"index","follow":"follow","max-snippet":"max-snippet:-1","max-image-preview":"max-image-preview:large","max-video-preview":"max-video-preview:-1"},"canonical":"https:\/\/www.esolutions.free2move.com\/eu\/fr_fr\/centre-dinformation\/","og_locale":"fr_FR","og_type":"article","og_title":"Centre d'information | Free2move eSolutions","og_description":"D\u00e9couvrez les incitations, les garanties de produits et l'assistance d'experts pour l'installation des chargeurs de v\u00e9hicules \u00e9lectriques. Privil\u00e9giez la s\u00e9curit\u00e9 et la performance gr\u00e2ce \u00e0 nos services complets.","og_url":"https:\/\/www.esolutions.free2move.com\/eu\/fr_fr\/centre-dinformation\/","og_site_name":"eSolution europe","article_modified_time":"2026-03-20T12:00:24+00:00","twitter_card":"summary_large_image","twitter_misc":{"Est. reading time":"20 minutes"},"schema":{"@context":"https:\/\/schema.org","@graph":[{"@type":"WebPage","@id":"https:\/\/www.esolutions.free2move.com\/eu\/fr_fr\/centre-dinformation\/","url":"https:\/\/www.esolutions.free2move.com\/eu\/fr_fr\/centre-dinformation\/","name":"Centre d'information | Free2move eSolutions","isPartOf":{"@id":"https:\/\/www.esolutions.free2move.com\/eu\/en_def\/#website"},"datePublished":"2024-03-19T07:59:44+00:00","dateModified":"2026-03-20T12:00:24+00:00","description":"D\u00e9couvrez les incitations, les garanties de produits et l'assistance d'experts pour l'installation des chargeurs de v\u00e9hicules \u00e9lectriques. Privil\u00e9giez la s\u00e9curit\u00e9 et la performance gr\u00e2ce \u00e0 nos services complets.","breadcrumb":{"@id":"https:\/\/www.esolutions.free2move.com\/eu\/fr_fr\/centre-dinformation\/#breadcrumb"},"inLanguage":"fr-fr","potentialAction":[{"@type":"ReadAction","target":["https:\/\/www.esolutions.free2move.com\/eu\/fr_fr\/centre-dinformation\/"]}]},{"@type":"BreadcrumbList","@id":"https:\/\/www.esolutions.free2move.com\/eu\/fr_fr\/centre-dinformation\/#breadcrumb","itemListElement":[{"@type":"ListItem","position":1,"name":"Home","item":"https:\/\/www.esolutions.free2move.com\/eu\/fr_fr\/"},{"@type":"ListItem","position":2,"name":"Centre d&#8217;information"}]},{"@type":"WebSite","@id":"https:\/\/www.esolutions.free2move.com\/eu\/en_def\/#website","url":"https:\/\/www.esolutions.free2move.com\/eu\/en_def\/","name":"eSolutions europe","description":"","publisher":{"@id":"https:\/\/www.esolutions.free2move.com\/eu\/en_def\/#organization"},"potentialAction":[{"@type":"SearchAction","target":{"@type":"EntryPoint","urlTemplate":"https:\/\/www.esolutions.free2move.com\/eu\/en_def\/?s={search_term_string}"},"query-input":{"@type":"PropertyValueSpecification","valueRequired":true,"valueName":"search_term_string"}}],"inLanguage":"fr-fr"},{"@type":"Organization","@id":"https:\/\/www.esolutions.free2move.com\/eu\/en_def\/#organization","name":"eSolutions europe","url":"https:\/\/www.esolutions.free2move.com\/eu\/en_def\/","logo":{"@type":"ImageObject","inLanguage":"fr-fr","@id":"https:\/\/www.esolutions.free2move.com\/eu\/en_def\/#\/schema\/logo\/image\/","url":"https:\/\/www.esolutions.free2move.com\/eu\/wp-content\/uploads\/2024\/03\/logo-f2m-horizontal-1-1-1.png","contentUrl":"https:\/\/www.esolutions.free2move.com\/eu\/wp-content\/uploads\/2024\/03\/logo-f2m-horizontal-1-1-1.png","width":865,"height":218,"caption":"eSolutions europe"},"image":{"@id":"https:\/\/www.esolutions.free2move.com\/eu\/en_def\/#\/schema\/logo\/image\/"}}]}},"_links":{"self":[{"href":"https:\/\/www.esolutions.free2move.com\/eu\/fr_fr\/wp-json\/wp\/v2\/pages\/21419","targetHints":{"allow":["GET"]}}],"collection":[{"href":"https:\/\/www.esolutions.free2move.com\/eu\/fr_fr\/wp-json\/wp\/v2\/pages"}],"about":[{"href":"https:\/\/www.esolutions.free2move.com\/eu\/fr_fr\/wp-json\/wp\/v2\/types\/page"}],"author":[{"embeddable":true,"href":"https:\/\/www.esolutions.free2move.com\/eu\/fr_fr\/wp-json\/wp\/v2\/users\/1"}],"replies":[{"embeddable":true,"href":"https:\/\/www.esolutions.free2move.com\/eu\/fr_fr\/wp-json\/wp\/v2\/comments?post=21419"}],"version-history":[{"count":11,"href":"https:\/\/www.esolutions.free2move.com\/eu\/fr_fr\/wp-json\/wp\/v2\/pages\/21419\/revisions"}],"predecessor-version":[{"id":64927,"href":"https:\/\/www.esolutions.free2move.com\/eu\/fr_fr\/wp-json\/wp\/v2\/pages\/21419\/revisions\/64927"}],"wp:attachment":[{"href":"https:\/\/www.esolutions.free2move.com\/eu\/fr_fr\/wp-json\/wp\/v2\/media?parent=21419"}],"curies":[{"name":"wp","href":"https:\/\/api.w.org\/{rel}","templated":true}]}}