{"id":22873,"date":"2024-03-18T13:33:25","date_gmt":"2024-03-18T13:33:25","guid":{"rendered":"https:\/\/test.esolutions.free2move.com\/eu\/gouvernance-et-ethique\/"},"modified":"2026-03-16T15:32:01","modified_gmt":"2026-03-16T15:32:01","slug":"gouvernance-et-ethique","status":"publish","type":"page","link":"https:\/\/www.esolutions.free2move.com\/eu\/fr_ch\/gouvernance-et-ethique\/","title":{"rendered":"Gouvernance et \u00e9thique"},"content":{"rendered":"<div id=\"cs-content\" class=\"cs-content\"><\/div>\n","protected":false},"excerpt":{"rendered":"<p>Home Gouvernance et \u00e9thiqueCode de d\u00e9ontologie Notre code d&#8217;\u00e9thique est fond\u00e9 sur l&#8217;int\u00e9grit\u00e9, qui guide tous nos choix, ce qui nous a permis d&#8217;int\u00e9grer, de personnaliser et d&#8217;am\u00e9liorer la conformit\u00e9, sans que la structure ne soit particuli\u00e8rement lourde.T\u00e9l\u00e9chargerFree2Move eSolutions S.p.A &#8220;Mod\u00e8le d&#8217;organisation, de gestion et de contr\u00f4le conform\u00e9ment au d\u00e9cret l\u00e9gislatif 231\/2001&#8221;. Le d\u00e9cret a \u00e9t\u00e9 pris le 8 juin &#8230; <\/p>\n<div><a href=\"https:\/\/www.esolutions.free2move.com\/eu\/fr_ch\/gouvernance-et-ethique\/\" class=\"more-link\">Read More<\/a><\/div>\n","protected":false},"author":1,"featured_media":0,"parent":0,"menu_order":0,"comment_status":"closed","ping_status":"closed","template":"template-blank-4.php","meta":{"_acf_changed":false,"inline_featured_image":false,"footnotes":""},"class_list":["post-22873","page","type-page","status-publish","hentry","no-post-thumbnail"],"acf":[],"yoast_head":"<!-- This site is optimized with the Yoast SEO plugin v26.7 - https:\/\/yoast.com\/wordpress\/plugins\/seo\/ -->\n<title>Gouvernance et \u00e9thique | Free2move eSolutions<\/title>\n<meta name=\"description\" content=\"D\u00e9couvrez notre conseil d\u2019administration engag\u00e9 qui supervise la strat\u00e9gie et respecte des normes \u00e9thiques \u00e9lev\u00e9es guid\u00e9es par l\u2019int\u00e9grit\u00e9 dans toutes les d\u00e9cisions.\" \/>\n<meta name=\"robots\" content=\"index, follow, max-snippet:-1, max-image-preview:large, max-video-preview:-1\" \/>\n<link rel=\"canonical\" href=\"https:\/\/www.esolutions.free2move.com\/eu\/fr_ch\/gouvernance-et-ethique\/\" \/>\n<meta property=\"og:locale\" content=\"fr_FR\" \/>\n<meta property=\"og:type\" content=\"article\" \/>\n<meta property=\"og:title\" content=\"Gouvernance et \u00e9thique | Free2move eSolutions\" \/>\n<meta property=\"og:description\" content=\"D\u00e9couvrez notre conseil d\u2019administration engag\u00e9 qui supervise la strat\u00e9gie et respecte des normes \u00e9thiques \u00e9lev\u00e9es guid\u00e9es par l\u2019int\u00e9grit\u00e9 dans toutes les d\u00e9cisions.\" \/>\n<meta property=\"og:url\" content=\"https:\/\/www.esolutions.free2move.com\/eu\/fr_ch\/gouvernance-et-ethique\/\" \/>\n<meta property=\"og:site_name\" content=\"eSolution europe\" \/>\n<meta property=\"article:modified_time\" content=\"2026-03-16T15:32:01+00:00\" \/>\n<meta name=\"twitter:card\" content=\"summary_large_image\" \/>\n<meta name=\"twitter:label1\" content=\"Est. reading time\" \/>\n\t<meta name=\"twitter:data1\" content=\"6 minutes\" \/>\n<script type=\"application\/ld+json\" class=\"yoast-schema-graph\">{\"@context\":\"https:\/\/schema.org\",\"@graph\":[{\"@type\":\"WebPage\",\"@id\":\"https:\/\/www.esolutions.free2move.com\/eu\/fr_ch\/gouvernance-et-ethique\/\",\"url\":\"https:\/\/www.esolutions.free2move.com\/eu\/fr_ch\/gouvernance-et-ethique\/\",\"name\":\"Gouvernance et \u00e9thique | Free2move eSolutions\",\"isPartOf\":{\"@id\":\"https:\/\/www.esolutions.free2move.com\/eu\/en_def\/#website\"},\"datePublished\":\"2024-03-18T13:33:25+00:00\",\"dateModified\":\"2026-03-16T15:32:01+00:00\",\"description\":\"D\u00e9couvrez notre conseil d\u2019administration engag\u00e9 qui supervise la strat\u00e9gie et respecte des normes \u00e9thiques \u00e9lev\u00e9es guid\u00e9es par l\u2019int\u00e9grit\u00e9 dans toutes les d\u00e9cisions.\",\"breadcrumb\":{\"@id\":\"https:\/\/www.esolutions.free2move.com\/eu\/fr_ch\/gouvernance-et-ethique\/#breadcrumb\"},\"inLanguage\":\"fr-ch\",\"potentialAction\":[{\"@type\":\"ReadAction\",\"target\":[\"https:\/\/www.esolutions.free2move.com\/eu\/fr_ch\/gouvernance-et-ethique\/\"]}]},{\"@type\":\"BreadcrumbList\",\"@id\":\"https:\/\/www.esolutions.free2move.com\/eu\/fr_ch\/gouvernance-et-ethique\/#breadcrumb\",\"itemListElement\":[{\"@type\":\"ListItem\",\"position\":1,\"name\":\"Home\",\"item\":\"https:\/\/www.esolutions.free2move.com\/eu\/fr_ch\/\"},{\"@type\":\"ListItem\",\"position\":2,\"name\":\"Gouvernance et \u00e9thique\"}]},{\"@type\":\"WebSite\",\"@id\":\"https:\/\/www.esolutions.free2move.com\/eu\/en_def\/#website\",\"url\":\"https:\/\/www.esolutions.free2move.com\/eu\/en_def\/\",\"name\":\"eSolutions europe\",\"description\":\"\",\"publisher\":{\"@id\":\"https:\/\/www.esolutions.free2move.com\/eu\/en_def\/#organization\"},\"potentialAction\":[{\"@type\":\"SearchAction\",\"target\":{\"@type\":\"EntryPoint\",\"urlTemplate\":\"https:\/\/www.esolutions.free2move.com\/eu\/en_def\/?s={search_term_string}\"},\"query-input\":{\"@type\":\"PropertyValueSpecification\",\"valueRequired\":true,\"valueName\":\"search_term_string\"}}],\"inLanguage\":\"fr-ch\"},{\"@type\":\"Organization\",\"@id\":\"https:\/\/www.esolutions.free2move.com\/eu\/en_def\/#organization\",\"name\":\"eSolutions europe\",\"url\":\"https:\/\/www.esolutions.free2move.com\/eu\/en_def\/\",\"logo\":{\"@type\":\"ImageObject\",\"inLanguage\":\"fr-ch\",\"@id\":\"https:\/\/www.esolutions.free2move.com\/eu\/en_def\/#\/schema\/logo\/image\/\",\"url\":\"https:\/\/www.esolutions.free2move.com\/eu\/wp-content\/uploads\/2024\/03\/logo-f2m-horizontal-1-1-1.png\",\"contentUrl\":\"https:\/\/www.esolutions.free2move.com\/eu\/wp-content\/uploads\/2024\/03\/logo-f2m-horizontal-1-1-1.png\",\"width\":865,\"height\":218,\"caption\":\"eSolutions europe\"},\"image\":{\"@id\":\"https:\/\/www.esolutions.free2move.com\/eu\/en_def\/#\/schema\/logo\/image\/\"}}]}<\/script>\n<!-- \/ Yoast SEO plugin. -->","yoast_head_json":{"title":"Gouvernance et \u00e9thique | Free2move eSolutions","description":"D\u00e9couvrez notre conseil d\u2019administration engag\u00e9 qui supervise la strat\u00e9gie et respecte des normes \u00e9thiques \u00e9lev\u00e9es guid\u00e9es par l\u2019int\u00e9grit\u00e9 dans toutes les d\u00e9cisions.","robots":{"index":"index","follow":"follow","max-snippet":"max-snippet:-1","max-image-preview":"max-image-preview:large","max-video-preview":"max-video-preview:-1"},"canonical":"https:\/\/www.esolutions.free2move.com\/eu\/fr_ch\/gouvernance-et-ethique\/","og_locale":"fr_FR","og_type":"article","og_title":"Gouvernance et \u00e9thique | Free2move eSolutions","og_description":"D\u00e9couvrez notre conseil d\u2019administration engag\u00e9 qui supervise la strat\u00e9gie et respecte des normes \u00e9thiques \u00e9lev\u00e9es guid\u00e9es par l\u2019int\u00e9grit\u00e9 dans toutes les d\u00e9cisions.","og_url":"https:\/\/www.esolutions.free2move.com\/eu\/fr_ch\/gouvernance-et-ethique\/","og_site_name":"eSolution europe","article_modified_time":"2026-03-16T15:32:01+00:00","twitter_card":"summary_large_image","twitter_misc":{"Est. reading time":"6 minutes"},"schema":{"@context":"https:\/\/schema.org","@graph":[{"@type":"WebPage","@id":"https:\/\/www.esolutions.free2move.com\/eu\/fr_ch\/gouvernance-et-ethique\/","url":"https:\/\/www.esolutions.free2move.com\/eu\/fr_ch\/gouvernance-et-ethique\/","name":"Gouvernance et \u00e9thique | Free2move eSolutions","isPartOf":{"@id":"https:\/\/www.esolutions.free2move.com\/eu\/en_def\/#website"},"datePublished":"2024-03-18T13:33:25+00:00","dateModified":"2026-03-16T15:32:01+00:00","description":"D\u00e9couvrez notre conseil d\u2019administration engag\u00e9 qui supervise la strat\u00e9gie et respecte des normes \u00e9thiques \u00e9lev\u00e9es guid\u00e9es par l\u2019int\u00e9grit\u00e9 dans toutes les d\u00e9cisions.","breadcrumb":{"@id":"https:\/\/www.esolutions.free2move.com\/eu\/fr_ch\/gouvernance-et-ethique\/#breadcrumb"},"inLanguage":"fr-ch","potentialAction":[{"@type":"ReadAction","target":["https:\/\/www.esolutions.free2move.com\/eu\/fr_ch\/gouvernance-et-ethique\/"]}]},{"@type":"BreadcrumbList","@id":"https:\/\/www.esolutions.free2move.com\/eu\/fr_ch\/gouvernance-et-ethique\/#breadcrumb","itemListElement":[{"@type":"ListItem","position":1,"name":"Home","item":"https:\/\/www.esolutions.free2move.com\/eu\/fr_ch\/"},{"@type":"ListItem","position":2,"name":"Gouvernance et \u00e9thique"}]},{"@type":"WebSite","@id":"https:\/\/www.esolutions.free2move.com\/eu\/en_def\/#website","url":"https:\/\/www.esolutions.free2move.com\/eu\/en_def\/","name":"eSolutions europe","description":"","publisher":{"@id":"https:\/\/www.esolutions.free2move.com\/eu\/en_def\/#organization"},"potentialAction":[{"@type":"SearchAction","target":{"@type":"EntryPoint","urlTemplate":"https:\/\/www.esolutions.free2move.com\/eu\/en_def\/?s={search_term_string}"},"query-input":{"@type":"PropertyValueSpecification","valueRequired":true,"valueName":"search_term_string"}}],"inLanguage":"fr-ch"},{"@type":"Organization","@id":"https:\/\/www.esolutions.free2move.com\/eu\/en_def\/#organization","name":"eSolutions europe","url":"https:\/\/www.esolutions.free2move.com\/eu\/en_def\/","logo":{"@type":"ImageObject","inLanguage":"fr-ch","@id":"https:\/\/www.esolutions.free2move.com\/eu\/en_def\/#\/schema\/logo\/image\/","url":"https:\/\/www.esolutions.free2move.com\/eu\/wp-content\/uploads\/2024\/03\/logo-f2m-horizontal-1-1-1.png","contentUrl":"https:\/\/www.esolutions.free2move.com\/eu\/wp-content\/uploads\/2024\/03\/logo-f2m-horizontal-1-1-1.png","width":865,"height":218,"caption":"eSolutions europe"},"image":{"@id":"https:\/\/www.esolutions.free2move.com\/eu\/en_def\/#\/schema\/logo\/image\/"}}]}},"_links":{"self":[{"href":"https:\/\/www.esolutions.free2move.com\/eu\/fr_ch\/wp-json\/wp\/v2\/pages\/22873","targetHints":{"allow":["GET"]}}],"collection":[{"href":"https:\/\/www.esolutions.free2move.com\/eu\/fr_ch\/wp-json\/wp\/v2\/pages"}],"about":[{"href":"https:\/\/www.esolutions.free2move.com\/eu\/fr_ch\/wp-json\/wp\/v2\/types\/page"}],"author":[{"embeddable":true,"href":"https:\/\/www.esolutions.free2move.com\/eu\/fr_ch\/wp-json\/wp\/v2\/users\/1"}],"replies":[{"embeddable":true,"href":"https:\/\/www.esolutions.free2move.com\/eu\/fr_ch\/wp-json\/wp\/v2\/comments?post=22873"}],"version-history":[{"count":3,"href":"https:\/\/www.esolutions.free2move.com\/eu\/fr_ch\/wp-json\/wp\/v2\/pages\/22873\/revisions"}],"predecessor-version":[{"id":64522,"href":"https:\/\/www.esolutions.free2move.com\/eu\/fr_ch\/wp-json\/wp\/v2\/pages\/22873\/revisions\/64522"}],"wp:attachment":[{"href":"https:\/\/www.esolutions.free2move.com\/eu\/fr_ch\/wp-json\/wp\/v2\/media?parent=22873"}],"curies":[{"name":"wp","href":"https:\/\/api.w.org\/{rel}","templated":true}]}}