{"id":22855,"date":"2024-03-18T14:46:46","date_gmt":"2024-03-18T14:46:46","guid":{"rendered":"https:\/\/test.esolutions.free2move.com\/eu\/luigi-michi\/"},"modified":"2024-03-18T14:46:46","modified_gmt":"2024-03-18T14:46:46","slug":"luigi-michi","status":"publish","type":"page","link":"https:\/\/www.esolutions.free2move.com\/eu\/fr_ch\/gouvernance-et-ethique\/luigi-michi\/","title":{"rendered":"Luigi Michi"},"content":{"rendered":"<div id=\"cs-content\" class=\"cs-content\"><\/div>\n","protected":false},"excerpt":{"rendered":"<p>HomeLuigi Michi Directeur &nbsp; Luigi Michi, n\u00e9 en Italie en 1958, est titulaire d&#8217;un dipl\u00f4me cum laudae en ing\u00e9nierie \u00e9lectrique. Il a r\u00e9cemment \u00e9t\u00e9 nomm\u00e9 conseiller principal aupr\u00e8s de &#8220;Key to energy&#8221;, une soci\u00e9t\u00e9 de conseil en \u00e9nergie comp\u00e9tente et bien implant\u00e9e, qui s&#8217;occupe d&#8217;un large \u00e9ventail de questions relatives \u00e0 l&#8217;\u00e9lectricit\u00e9 et au gaz dans le secteur de l&#8217;\u00e9nergie. &#8230; <\/p>\n<div><a href=\"https:\/\/www.esolutions.free2move.com\/eu\/fr_ch\/gouvernance-et-ethique\/luigi-michi\/\" class=\"more-link\">Read More<\/a><\/div>\n","protected":false},"author":1,"featured_media":0,"parent":22873,"menu_order":0,"comment_status":"closed","ping_status":"closed","template":"template-blank-4.php","meta":{"_acf_changed":false,"inline_featured_image":false,"footnotes":""},"class_list":["post-22855","page","type-page","status-publish","hentry","no-post-thumbnail"],"acf":[],"yoast_head":"<!-- This site is optimized with the Yoast SEO plugin v26.7 - https:\/\/yoast.com\/wordpress\/plugins\/seo\/ -->\n<title>Luigi Michi - eSolution europe<\/title>\n<meta name=\"robots\" content=\"index, follow, max-snippet:-1, max-image-preview:large, max-video-preview:-1\" \/>\n<link rel=\"canonical\" href=\"https:\/\/www.esolutions.free2move.com\/eu\/fr_ch\/gouvernance-et-ethique\/luigi-michi\/\" \/>\n<meta property=\"og:locale\" content=\"fr_FR\" \/>\n<meta property=\"og:type\" content=\"article\" \/>\n<meta property=\"og:title\" content=\"Luigi Michi - eSolution europe\" \/>\n<meta property=\"og:description\" content=\"HomeLuigi Michi Directeur &nbsp; Luigi Michi, n\u00e9 en Italie en 1958, est titulaire d&#039;un dipl\u00f4me cum laudae en ing\u00e9nierie \u00e9lectrique. Il a r\u00e9cemment \u00e9t\u00e9 nomm\u00e9 conseiller principal aupr\u00e8s de &quot;Key to energy&quot;, une soci\u00e9t\u00e9 de conseil en \u00e9nergie comp\u00e9tente et bien implant\u00e9e, qui s&#039;occupe d&#039;un large \u00e9ventail de questions relatives \u00e0 l&#039;\u00e9lectricit\u00e9 et au gaz dans le secteur de l&#039;\u00e9nergie. ... Read More\" \/>\n<meta property=\"og:url\" content=\"https:\/\/www.esolutions.free2move.com\/eu\/fr_ch\/gouvernance-et-ethique\/luigi-michi\/\" \/>\n<meta property=\"og:site_name\" content=\"eSolution europe\" \/>\n<meta name=\"twitter:card\" content=\"summary_large_image\" \/>\n<meta name=\"twitter:label1\" content=\"Est. reading time\" \/>\n\t<meta name=\"twitter:data1\" content=\"2 minutes\" \/>\n<script type=\"application\/ld+json\" class=\"yoast-schema-graph\">{\"@context\":\"https:\/\/schema.org\",\"@graph\":[{\"@type\":\"WebPage\",\"@id\":\"https:\/\/www.esolutions.free2move.com\/eu\/fr_ch\/gouvernance-et-ethique\/luigi-michi\/\",\"url\":\"https:\/\/www.esolutions.free2move.com\/eu\/fr_ch\/gouvernance-et-ethique\/luigi-michi\/\",\"name\":\"Luigi Michi - eSolution europe\",\"isPartOf\":{\"@id\":\"https:\/\/www.esolutions.free2move.com\/eu\/en_def\/#website\"},\"datePublished\":\"2024-03-18T14:46:46+00:00\",\"breadcrumb\":{\"@id\":\"https:\/\/www.esolutions.free2move.com\/eu\/fr_ch\/gouvernance-et-ethique\/luigi-michi\/#breadcrumb\"},\"inLanguage\":\"fr-ch\",\"potentialAction\":[{\"@type\":\"ReadAction\",\"target\":[\"https:\/\/www.esolutions.free2move.com\/eu\/fr_ch\/gouvernance-et-ethique\/luigi-michi\/\"]}]},{\"@type\":\"BreadcrumbList\",\"@id\":\"https:\/\/www.esolutions.free2move.com\/eu\/fr_ch\/gouvernance-et-ethique\/luigi-michi\/#breadcrumb\",\"itemListElement\":[{\"@type\":\"ListItem\",\"position\":1,\"name\":\"Home\",\"item\":\"https:\/\/www.esolutions.free2move.com\/eu\/fr_ch\/\"},{\"@type\":\"ListItem\",\"position\":2,\"name\":\"Gouvernance et \u00e9thique\",\"item\":\"https:\/\/www.esolutions.free2move.com\/eu\/fr_ch\/gouvernance-et-ethique\/\"},{\"@type\":\"ListItem\",\"position\":3,\"name\":\"Luigi Michi\"}]},{\"@type\":\"WebSite\",\"@id\":\"https:\/\/www.esolutions.free2move.com\/eu\/en_def\/#website\",\"url\":\"https:\/\/www.esolutions.free2move.com\/eu\/en_def\/\",\"name\":\"eSolutions europe\",\"description\":\"\",\"publisher\":{\"@id\":\"https:\/\/www.esolutions.free2move.com\/eu\/en_def\/#organization\"},\"potentialAction\":[{\"@type\":\"SearchAction\",\"target\":{\"@type\":\"EntryPoint\",\"urlTemplate\":\"https:\/\/www.esolutions.free2move.com\/eu\/en_def\/?s={search_term_string}\"},\"query-input\":{\"@type\":\"PropertyValueSpecification\",\"valueRequired\":true,\"valueName\":\"search_term_string\"}}],\"inLanguage\":\"fr-ch\"},{\"@type\":\"Organization\",\"@id\":\"https:\/\/www.esolutions.free2move.com\/eu\/en_def\/#organization\",\"name\":\"eSolutions europe\",\"url\":\"https:\/\/www.esolutions.free2move.com\/eu\/en_def\/\",\"logo\":{\"@type\":\"ImageObject\",\"inLanguage\":\"fr-ch\",\"@id\":\"https:\/\/www.esolutions.free2move.com\/eu\/en_def\/#\/schema\/logo\/image\/\",\"url\":\"https:\/\/www.esolutions.free2move.com\/eu\/wp-content\/uploads\/2024\/03\/logo-f2m-horizontal-1-1-1.png\",\"contentUrl\":\"https:\/\/www.esolutions.free2move.com\/eu\/wp-content\/uploads\/2024\/03\/logo-f2m-horizontal-1-1-1.png\",\"width\":865,\"height\":218,\"caption\":\"eSolutions europe\"},\"image\":{\"@id\":\"https:\/\/www.esolutions.free2move.com\/eu\/en_def\/#\/schema\/logo\/image\/\"}}]}<\/script>\n<!-- \/ Yoast SEO plugin. -->","yoast_head_json":{"title":"Luigi Michi - eSolution europe","robots":{"index":"index","follow":"follow","max-snippet":"max-snippet:-1","max-image-preview":"max-image-preview:large","max-video-preview":"max-video-preview:-1"},"canonical":"https:\/\/www.esolutions.free2move.com\/eu\/fr_ch\/gouvernance-et-ethique\/luigi-michi\/","og_locale":"fr_FR","og_type":"article","og_title":"Luigi Michi - eSolution europe","og_description":"HomeLuigi Michi Directeur &nbsp; Luigi Michi, n\u00e9 en Italie en 1958, est titulaire d'un dipl\u00f4me cum laudae en ing\u00e9nierie \u00e9lectrique. Il a r\u00e9cemment \u00e9t\u00e9 nomm\u00e9 conseiller principal aupr\u00e8s de \"Key to energy\", une soci\u00e9t\u00e9 de conseil en \u00e9nergie comp\u00e9tente et bien implant\u00e9e, qui s'occupe d'un large \u00e9ventail de questions relatives \u00e0 l'\u00e9lectricit\u00e9 et au gaz dans le secteur de l'\u00e9nergie. ... Read More","og_url":"https:\/\/www.esolutions.free2move.com\/eu\/fr_ch\/gouvernance-et-ethique\/luigi-michi\/","og_site_name":"eSolution europe","twitter_card":"summary_large_image","twitter_misc":{"Est. reading time":"2 minutes"},"schema":{"@context":"https:\/\/schema.org","@graph":[{"@type":"WebPage","@id":"https:\/\/www.esolutions.free2move.com\/eu\/fr_ch\/gouvernance-et-ethique\/luigi-michi\/","url":"https:\/\/www.esolutions.free2move.com\/eu\/fr_ch\/gouvernance-et-ethique\/luigi-michi\/","name":"Luigi Michi - eSolution europe","isPartOf":{"@id":"https:\/\/www.esolutions.free2move.com\/eu\/en_def\/#website"},"datePublished":"2024-03-18T14:46:46+00:00","breadcrumb":{"@id":"https:\/\/www.esolutions.free2move.com\/eu\/fr_ch\/gouvernance-et-ethique\/luigi-michi\/#breadcrumb"},"inLanguage":"fr-ch","potentialAction":[{"@type":"ReadAction","target":["https:\/\/www.esolutions.free2move.com\/eu\/fr_ch\/gouvernance-et-ethique\/luigi-michi\/"]}]},{"@type":"BreadcrumbList","@id":"https:\/\/www.esolutions.free2move.com\/eu\/fr_ch\/gouvernance-et-ethique\/luigi-michi\/#breadcrumb","itemListElement":[{"@type":"ListItem","position":1,"name":"Home","item":"https:\/\/www.esolutions.free2move.com\/eu\/fr_ch\/"},{"@type":"ListItem","position":2,"name":"Gouvernance et \u00e9thique","item":"https:\/\/www.esolutions.free2move.com\/eu\/fr_ch\/gouvernance-et-ethique\/"},{"@type":"ListItem","position":3,"name":"Luigi Michi"}]},{"@type":"WebSite","@id":"https:\/\/www.esolutions.free2move.com\/eu\/en_def\/#website","url":"https:\/\/www.esolutions.free2move.com\/eu\/en_def\/","name":"eSolutions europe","description":"","publisher":{"@id":"https:\/\/www.esolutions.free2move.com\/eu\/en_def\/#organization"},"potentialAction":[{"@type":"SearchAction","target":{"@type":"EntryPoint","urlTemplate":"https:\/\/www.esolutions.free2move.com\/eu\/en_def\/?s={search_term_string}"},"query-input":{"@type":"PropertyValueSpecification","valueRequired":true,"valueName":"search_term_string"}}],"inLanguage":"fr-ch"},{"@type":"Organization","@id":"https:\/\/www.esolutions.free2move.com\/eu\/en_def\/#organization","name":"eSolutions europe","url":"https:\/\/www.esolutions.free2move.com\/eu\/en_def\/","logo":{"@type":"ImageObject","inLanguage":"fr-ch","@id":"https:\/\/www.esolutions.free2move.com\/eu\/en_def\/#\/schema\/logo\/image\/","url":"https:\/\/www.esolutions.free2move.com\/eu\/wp-content\/uploads\/2024\/03\/logo-f2m-horizontal-1-1-1.png","contentUrl":"https:\/\/www.esolutions.free2move.com\/eu\/wp-content\/uploads\/2024\/03\/logo-f2m-horizontal-1-1-1.png","width":865,"height":218,"caption":"eSolutions europe"},"image":{"@id":"https:\/\/www.esolutions.free2move.com\/eu\/en_def\/#\/schema\/logo\/image\/"}}]}},"_links":{"self":[{"href":"https:\/\/www.esolutions.free2move.com\/eu\/fr_ch\/wp-json\/wp\/v2\/pages\/22855","targetHints":{"allow":["GET"]}}],"collection":[{"href":"https:\/\/www.esolutions.free2move.com\/eu\/fr_ch\/wp-json\/wp\/v2\/pages"}],"about":[{"href":"https:\/\/www.esolutions.free2move.com\/eu\/fr_ch\/wp-json\/wp\/v2\/types\/page"}],"author":[{"embeddable":true,"href":"https:\/\/www.esolutions.free2move.com\/eu\/fr_ch\/wp-json\/wp\/v2\/users\/1"}],"replies":[{"embeddable":true,"href":"https:\/\/www.esolutions.free2move.com\/eu\/fr_ch\/wp-json\/wp\/v2\/comments?post=22855"}],"version-history":[{"count":0,"href":"https:\/\/www.esolutions.free2move.com\/eu\/fr_ch\/wp-json\/wp\/v2\/pages\/22855\/revisions"}],"up":[{"embeddable":true,"href":"https:\/\/www.esolutions.free2move.com\/eu\/fr_ch\/wp-json\/wp\/v2\/pages\/22873"}],"wp:attachment":[{"href":"https:\/\/www.esolutions.free2move.com\/eu\/fr_ch\/wp-json\/wp\/v2\/media?parent=22855"}],"curies":[{"name":"wp","href":"https:\/\/api.w.org\/{rel}","templated":true}]}}