{"id":22849,"date":"2024-03-18T14:50:07","date_gmt":"2024-03-18T14:50:07","guid":{"rendered":"https:\/\/test.esolutions.free2move.com\/eu\/mathilde-lheureux\/"},"modified":"2024-03-18T14:50:07","modified_gmt":"2024-03-18T14:50:07","slug":"mathilde-lheureux","status":"publish","type":"page","link":"https:\/\/www.esolutions.free2move.com\/eu\/fr_ch\/gouvernance-et-ethique\/mathilde-lheureux\/","title":{"rendered":"Mathilde Lheureux"},"content":{"rendered":"<div id=\"cs-content\" class=\"cs-content\"><\/div>\n","protected":false},"excerpt":{"rendered":"<p>HomeMathilde Lheureux Directeur g\u00e9n\u00e9ral &nbsp; Mathilde Lheureux est PDG de Free2move eSolutions depuis le 1er novembre 2022. Elle a plus de 15 ans d&#8217;exp\u00e9rience dans le secteur automobile. Avant de rejoindre Stellantis, en janvier 2021, elle \u00e9tait responsable des talents et du top management au sein du Groupe PSA. Elle avait auparavant occup\u00e9 le poste de chef de cabinet de &#8230; <\/p>\n<div><a href=\"https:\/\/www.esolutions.free2move.com\/eu\/fr_ch\/gouvernance-et-ethique\/mathilde-lheureux\/\" class=\"more-link\">Read More<\/a><\/div>\n","protected":false},"author":1,"featured_media":0,"parent":22873,"menu_order":0,"comment_status":"closed","ping_status":"closed","template":"template-blank-4.php","meta":{"_acf_changed":false,"inline_featured_image":false,"footnotes":""},"class_list":["post-22849","page","type-page","status-publish","hentry","no-post-thumbnail"],"acf":[],"yoast_head":"<!-- This site is optimized with the Yoast SEO plugin v26.7 - https:\/\/yoast.com\/wordpress\/plugins\/seo\/ -->\n<title>Mathilde Lheureux - eSolution europe<\/title>\n<meta name=\"robots\" content=\"index, follow, max-snippet:-1, max-image-preview:large, max-video-preview:-1\" \/>\n<link rel=\"canonical\" href=\"https:\/\/www.esolutions.free2move.com\/eu\/fr_ch\/gouvernance-et-ethique\/mathilde-lheureux\/\" \/>\n<meta property=\"og:locale\" content=\"fr_FR\" \/>\n<meta property=\"og:type\" content=\"article\" \/>\n<meta property=\"og:title\" content=\"Mathilde Lheureux - eSolution europe\" \/>\n<meta property=\"og:description\" content=\"HomeMathilde Lheureux Directeur g\u00e9n\u00e9ral &nbsp; Mathilde Lheureux est PDG de Free2move eSolutions depuis le 1er novembre 2022. Elle a plus de 15 ans d&#039;exp\u00e9rience dans le secteur automobile. Avant de rejoindre Stellantis, en janvier 2021, elle \u00e9tait responsable des talents et du top management au sein du Groupe PSA. Elle avait auparavant occup\u00e9 le poste de chef de cabinet de ... Read More\" \/>\n<meta property=\"og:url\" content=\"https:\/\/www.esolutions.free2move.com\/eu\/fr_ch\/gouvernance-et-ethique\/mathilde-lheureux\/\" \/>\n<meta property=\"og:site_name\" content=\"eSolution europe\" \/>\n<meta name=\"twitter:card\" content=\"summary_large_image\" \/>\n<meta name=\"twitter:label1\" content=\"Est. reading time\" \/>\n\t<meta name=\"twitter:data1\" content=\"1 minute\" \/>\n<script type=\"application\/ld+json\" class=\"yoast-schema-graph\">{\"@context\":\"https:\/\/schema.org\",\"@graph\":[{\"@type\":\"WebPage\",\"@id\":\"https:\/\/www.esolutions.free2move.com\/eu\/fr_ch\/gouvernance-et-ethique\/mathilde-lheureux\/\",\"url\":\"https:\/\/www.esolutions.free2move.com\/eu\/fr_ch\/gouvernance-et-ethique\/mathilde-lheureux\/\",\"name\":\"Mathilde Lheureux - eSolution europe\",\"isPartOf\":{\"@id\":\"https:\/\/www.esolutions.free2move.com\/eu\/en_def\/#website\"},\"datePublished\":\"2024-03-18T14:50:07+00:00\",\"breadcrumb\":{\"@id\":\"https:\/\/www.esolutions.free2move.com\/eu\/fr_ch\/gouvernance-et-ethique\/mathilde-lheureux\/#breadcrumb\"},\"inLanguage\":\"fr-ch\",\"potentialAction\":[{\"@type\":\"ReadAction\",\"target\":[\"https:\/\/www.esolutions.free2move.com\/eu\/fr_ch\/gouvernance-et-ethique\/mathilde-lheureux\/\"]}]},{\"@type\":\"BreadcrumbList\",\"@id\":\"https:\/\/www.esolutions.free2move.com\/eu\/fr_ch\/gouvernance-et-ethique\/mathilde-lheureux\/#breadcrumb\",\"itemListElement\":[{\"@type\":\"ListItem\",\"position\":1,\"name\":\"Home\",\"item\":\"https:\/\/www.esolutions.free2move.com\/eu\/fr_ch\/\"},{\"@type\":\"ListItem\",\"position\":2,\"name\":\"Gouvernance et \u00e9thique\",\"item\":\"https:\/\/www.esolutions.free2move.com\/eu\/fr_ch\/gouvernance-et-ethique\/\"},{\"@type\":\"ListItem\",\"position\":3,\"name\":\"Mathilde Lheureux\"}]},{\"@type\":\"WebSite\",\"@id\":\"https:\/\/www.esolutions.free2move.com\/eu\/en_def\/#website\",\"url\":\"https:\/\/www.esolutions.free2move.com\/eu\/en_def\/\",\"name\":\"eSolutions europe\",\"description\":\"\",\"publisher\":{\"@id\":\"https:\/\/www.esolutions.free2move.com\/eu\/en_def\/#organization\"},\"potentialAction\":[{\"@type\":\"SearchAction\",\"target\":{\"@type\":\"EntryPoint\",\"urlTemplate\":\"https:\/\/www.esolutions.free2move.com\/eu\/en_def\/?s={search_term_string}\"},\"query-input\":{\"@type\":\"PropertyValueSpecification\",\"valueRequired\":true,\"valueName\":\"search_term_string\"}}],\"inLanguage\":\"fr-ch\"},{\"@type\":\"Organization\",\"@id\":\"https:\/\/www.esolutions.free2move.com\/eu\/en_def\/#organization\",\"name\":\"eSolutions europe\",\"url\":\"https:\/\/www.esolutions.free2move.com\/eu\/en_def\/\",\"logo\":{\"@type\":\"ImageObject\",\"inLanguage\":\"fr-ch\",\"@id\":\"https:\/\/www.esolutions.free2move.com\/eu\/en_def\/#\/schema\/logo\/image\/\",\"url\":\"https:\/\/www.esolutions.free2move.com\/eu\/wp-content\/uploads\/2024\/03\/logo-f2m-horizontal-1-1-1.png\",\"contentUrl\":\"https:\/\/www.esolutions.free2move.com\/eu\/wp-content\/uploads\/2024\/03\/logo-f2m-horizontal-1-1-1.png\",\"width\":865,\"height\":218,\"caption\":\"eSolutions europe\"},\"image\":{\"@id\":\"https:\/\/www.esolutions.free2move.com\/eu\/en_def\/#\/schema\/logo\/image\/\"}}]}<\/script>\n<!-- \/ Yoast SEO plugin. -->","yoast_head_json":{"title":"Mathilde Lheureux - eSolution europe","robots":{"index":"index","follow":"follow","max-snippet":"max-snippet:-1","max-image-preview":"max-image-preview:large","max-video-preview":"max-video-preview:-1"},"canonical":"https:\/\/www.esolutions.free2move.com\/eu\/fr_ch\/gouvernance-et-ethique\/mathilde-lheureux\/","og_locale":"fr_FR","og_type":"article","og_title":"Mathilde Lheureux - eSolution europe","og_description":"HomeMathilde Lheureux Directeur g\u00e9n\u00e9ral &nbsp; Mathilde Lheureux est PDG de Free2move eSolutions depuis le 1er novembre 2022. Elle a plus de 15 ans d'exp\u00e9rience dans le secteur automobile. Avant de rejoindre Stellantis, en janvier 2021, elle \u00e9tait responsable des talents et du top management au sein du Groupe PSA. Elle avait auparavant occup\u00e9 le poste de chef de cabinet de ... Read More","og_url":"https:\/\/www.esolutions.free2move.com\/eu\/fr_ch\/gouvernance-et-ethique\/mathilde-lheureux\/","og_site_name":"eSolution europe","twitter_card":"summary_large_image","twitter_misc":{"Est. reading time":"1 minute"},"schema":{"@context":"https:\/\/schema.org","@graph":[{"@type":"WebPage","@id":"https:\/\/www.esolutions.free2move.com\/eu\/fr_ch\/gouvernance-et-ethique\/mathilde-lheureux\/","url":"https:\/\/www.esolutions.free2move.com\/eu\/fr_ch\/gouvernance-et-ethique\/mathilde-lheureux\/","name":"Mathilde Lheureux - eSolution europe","isPartOf":{"@id":"https:\/\/www.esolutions.free2move.com\/eu\/en_def\/#website"},"datePublished":"2024-03-18T14:50:07+00:00","breadcrumb":{"@id":"https:\/\/www.esolutions.free2move.com\/eu\/fr_ch\/gouvernance-et-ethique\/mathilde-lheureux\/#breadcrumb"},"inLanguage":"fr-ch","potentialAction":[{"@type":"ReadAction","target":["https:\/\/www.esolutions.free2move.com\/eu\/fr_ch\/gouvernance-et-ethique\/mathilde-lheureux\/"]}]},{"@type":"BreadcrumbList","@id":"https:\/\/www.esolutions.free2move.com\/eu\/fr_ch\/gouvernance-et-ethique\/mathilde-lheureux\/#breadcrumb","itemListElement":[{"@type":"ListItem","position":1,"name":"Home","item":"https:\/\/www.esolutions.free2move.com\/eu\/fr_ch\/"},{"@type":"ListItem","position":2,"name":"Gouvernance et \u00e9thique","item":"https:\/\/www.esolutions.free2move.com\/eu\/fr_ch\/gouvernance-et-ethique\/"},{"@type":"ListItem","position":3,"name":"Mathilde Lheureux"}]},{"@type":"WebSite","@id":"https:\/\/www.esolutions.free2move.com\/eu\/en_def\/#website","url":"https:\/\/www.esolutions.free2move.com\/eu\/en_def\/","name":"eSolutions europe","description":"","publisher":{"@id":"https:\/\/www.esolutions.free2move.com\/eu\/en_def\/#organization"},"potentialAction":[{"@type":"SearchAction","target":{"@type":"EntryPoint","urlTemplate":"https:\/\/www.esolutions.free2move.com\/eu\/en_def\/?s={search_term_string}"},"query-input":{"@type":"PropertyValueSpecification","valueRequired":true,"valueName":"search_term_string"}}],"inLanguage":"fr-ch"},{"@type":"Organization","@id":"https:\/\/www.esolutions.free2move.com\/eu\/en_def\/#organization","name":"eSolutions europe","url":"https:\/\/www.esolutions.free2move.com\/eu\/en_def\/","logo":{"@type":"ImageObject","inLanguage":"fr-ch","@id":"https:\/\/www.esolutions.free2move.com\/eu\/en_def\/#\/schema\/logo\/image\/","url":"https:\/\/www.esolutions.free2move.com\/eu\/wp-content\/uploads\/2024\/03\/logo-f2m-horizontal-1-1-1.png","contentUrl":"https:\/\/www.esolutions.free2move.com\/eu\/wp-content\/uploads\/2024\/03\/logo-f2m-horizontal-1-1-1.png","width":865,"height":218,"caption":"eSolutions europe"},"image":{"@id":"https:\/\/www.esolutions.free2move.com\/eu\/en_def\/#\/schema\/logo\/image\/"}}]}},"_links":{"self":[{"href":"https:\/\/www.esolutions.free2move.com\/eu\/fr_ch\/wp-json\/wp\/v2\/pages\/22849","targetHints":{"allow":["GET"]}}],"collection":[{"href":"https:\/\/www.esolutions.free2move.com\/eu\/fr_ch\/wp-json\/wp\/v2\/pages"}],"about":[{"href":"https:\/\/www.esolutions.free2move.com\/eu\/fr_ch\/wp-json\/wp\/v2\/types\/page"}],"author":[{"embeddable":true,"href":"https:\/\/www.esolutions.free2move.com\/eu\/fr_ch\/wp-json\/wp\/v2\/users\/1"}],"replies":[{"embeddable":true,"href":"https:\/\/www.esolutions.free2move.com\/eu\/fr_ch\/wp-json\/wp\/v2\/comments?post=22849"}],"version-history":[{"count":0,"href":"https:\/\/www.esolutions.free2move.com\/eu\/fr_ch\/wp-json\/wp\/v2\/pages\/22849\/revisions"}],"up":[{"embeddable":true,"href":"https:\/\/www.esolutions.free2move.com\/eu\/fr_ch\/wp-json\/wp\/v2\/pages\/22873"}],"wp:attachment":[{"href":"https:\/\/www.esolutions.free2move.com\/eu\/fr_ch\/wp-json\/wp\/v2\/media?parent=22849"}],"curies":[{"name":"wp","href":"https:\/\/api.w.org\/{rel}","templated":true}]}}