{"id":62267,"date":"2025-04-08T10:25:47","date_gmt":"2025-04-08T10:25:47","guid":{"rendered":"https:\/\/www.esolutions.free2move.com\/eu\/gouvernance-et-ethique\/alessio-caruso\/"},"modified":"2025-04-09T12:53:33","modified_gmt":"2025-04-09T12:53:33","slug":"alessio-caruso","status":"publish","type":"page","link":"https:\/\/www.esolutions.free2move.com\/eu\/fr_be\/gouvernance-et-ethique\/alessio-caruso\/","title":{"rendered":"Alessio Caruso"},"content":{"rendered":"<div id=\"cs-content\" class=\"cs-content\"><\/div>\n","protected":false},"excerpt":{"rendered":"<p>HomeAlessio Caruso Directeur &nbsp; Alessio Caruso est actuellement Chief Financial Officer chez Atlante, op\u00e9rateur de bornes de recharge engag\u00e9 dans le d\u00e9veloppement du plus grand r\u00e9seau de recharge rapide et ultra-rapide du sud de l\u2019Europe, et pr\u00e9c\u00e9demment Chief Financial Officer chez NHOA Group, leader mondial du stockage d&#8217;\u00e9nergie, de la mobilit\u00e9 \u00e9lectrique et des solutions \u00e9nerg\u00e9tiques durables. Il d\u00e9tient un &#8230; <\/p>\n<div><a href=\"https:\/\/www.esolutions.free2move.com\/eu\/fr_be\/gouvernance-et-ethique\/alessio-caruso\/\" class=\"more-link\">Read More<\/a><\/div>\n","protected":false},"author":3,"featured_media":0,"parent":22872,"menu_order":0,"comment_status":"closed","ping_status":"closed","template":"template-blank-4.php","meta":{"_acf_changed":false,"inline_featured_image":false,"footnotes":""},"class_list":["post-62267","page","type-page","status-publish","hentry","no-post-thumbnail"],"acf":[],"yoast_head":"<!-- This site is optimized with the Yoast SEO plugin v26.7 - https:\/\/yoast.com\/wordpress\/plugins\/seo\/ -->\n<title>Alessio Caruso - eSolution europe<\/title>\n<meta name=\"robots\" content=\"index, follow, max-snippet:-1, max-image-preview:large, max-video-preview:-1\" \/>\n<link rel=\"canonical\" href=\"https:\/\/www.esolutions.free2move.com\/eu\/fr_be\/gouvernance-et-ethique\/alessio-caruso\/\" \/>\n<meta property=\"og:locale\" content=\"fr_FR\" \/>\n<meta property=\"og:type\" content=\"article\" \/>\n<meta property=\"og:title\" content=\"Alessio Caruso - eSolution europe\" \/>\n<meta property=\"og:description\" content=\"HomeAlessio Caruso Directeur &nbsp; Alessio Caruso est actuellement Chief Financial Officer chez Atlante, op\u00e9rateur de bornes de recharge engag\u00e9 dans le d\u00e9veloppement du plus grand r\u00e9seau de recharge rapide et ultra-rapide du sud de l\u2019Europe, et pr\u00e9c\u00e9demment Chief Financial Officer chez NHOA Group, leader mondial du stockage d&#039;\u00e9nergie, de la mobilit\u00e9 \u00e9lectrique et des solutions \u00e9nerg\u00e9tiques durables. Il d\u00e9tient un ... Read More\" \/>\n<meta property=\"og:url\" content=\"https:\/\/www.esolutions.free2move.com\/eu\/fr_be\/gouvernance-et-ethique\/alessio-caruso\/\" \/>\n<meta property=\"og:site_name\" content=\"eSolution europe\" \/>\n<meta property=\"article:modified_time\" content=\"2025-04-09T12:53:33+00:00\" \/>\n<meta name=\"twitter:card\" content=\"summary_large_image\" \/>\n<meta name=\"twitter:label1\" content=\"Est. reading time\" \/>\n\t<meta name=\"twitter:data1\" content=\"1 minute\" \/>\n<script type=\"application\/ld+json\" class=\"yoast-schema-graph\">{\"@context\":\"https:\/\/schema.org\",\"@graph\":[{\"@type\":\"WebPage\",\"@id\":\"https:\/\/www.esolutions.free2move.com\/eu\/fr_be\/gouvernance-et-ethique\/alessio-caruso\/\",\"url\":\"https:\/\/www.esolutions.free2move.com\/eu\/fr_be\/gouvernance-et-ethique\/alessio-caruso\/\",\"name\":\"Alessio Caruso - eSolution europe\",\"isPartOf\":{\"@id\":\"https:\/\/www.esolutions.free2move.com\/eu\/en_def\/#website\"},\"datePublished\":\"2025-04-08T10:25:47+00:00\",\"dateModified\":\"2025-04-09T12:53:33+00:00\",\"breadcrumb\":{\"@id\":\"https:\/\/www.esolutions.free2move.com\/eu\/fr_be\/gouvernance-et-ethique\/alessio-caruso\/#breadcrumb\"},\"inLanguage\":\"fr-be\",\"potentialAction\":[{\"@type\":\"ReadAction\",\"target\":[\"https:\/\/www.esolutions.free2move.com\/eu\/fr_be\/gouvernance-et-ethique\/alessio-caruso\/\"]}]},{\"@type\":\"BreadcrumbList\",\"@id\":\"https:\/\/www.esolutions.free2move.com\/eu\/fr_be\/gouvernance-et-ethique\/alessio-caruso\/#breadcrumb\",\"itemListElement\":[{\"@type\":\"ListItem\",\"position\":1,\"name\":\"Home\",\"item\":\"https:\/\/www.esolutions.free2move.com\/eu\/fr_be\/\"},{\"@type\":\"ListItem\",\"position\":2,\"name\":\"Gouvernance et \u00e9thique\",\"item\":\"https:\/\/www.esolutions.free2move.com\/eu\/fr_be\/gouvernance-et-ethique\/\"},{\"@type\":\"ListItem\",\"position\":3,\"name\":\"Alessio Caruso\"}]},{\"@type\":\"WebSite\",\"@id\":\"https:\/\/www.esolutions.free2move.com\/eu\/en_def\/#website\",\"url\":\"https:\/\/www.esolutions.free2move.com\/eu\/en_def\/\",\"name\":\"eSolutions europe\",\"description\":\"\",\"publisher\":{\"@id\":\"https:\/\/www.esolutions.free2move.com\/eu\/en_def\/#organization\"},\"potentialAction\":[{\"@type\":\"SearchAction\",\"target\":{\"@type\":\"EntryPoint\",\"urlTemplate\":\"https:\/\/www.esolutions.free2move.com\/eu\/en_def\/?s={search_term_string}\"},\"query-input\":{\"@type\":\"PropertyValueSpecification\",\"valueRequired\":true,\"valueName\":\"search_term_string\"}}],\"inLanguage\":\"fr-be\"},{\"@type\":\"Organization\",\"@id\":\"https:\/\/www.esolutions.free2move.com\/eu\/en_def\/#organization\",\"name\":\"eSolutions europe\",\"url\":\"https:\/\/www.esolutions.free2move.com\/eu\/en_def\/\",\"logo\":{\"@type\":\"ImageObject\",\"inLanguage\":\"fr-be\",\"@id\":\"https:\/\/www.esolutions.free2move.com\/eu\/en_def\/#\/schema\/logo\/image\/\",\"url\":\"https:\/\/www.esolutions.free2move.com\/eu\/wp-content\/uploads\/2024\/03\/logo-f2m-horizontal-1-1-1.png\",\"contentUrl\":\"https:\/\/www.esolutions.free2move.com\/eu\/wp-content\/uploads\/2024\/03\/logo-f2m-horizontal-1-1-1.png\",\"width\":865,\"height\":218,\"caption\":\"eSolutions europe\"},\"image\":{\"@id\":\"https:\/\/www.esolutions.free2move.com\/eu\/en_def\/#\/schema\/logo\/image\/\"}}]}<\/script>\n<!-- \/ Yoast SEO plugin. -->","yoast_head_json":{"title":"Alessio Caruso - eSolution europe","robots":{"index":"index","follow":"follow","max-snippet":"max-snippet:-1","max-image-preview":"max-image-preview:large","max-video-preview":"max-video-preview:-1"},"canonical":"https:\/\/www.esolutions.free2move.com\/eu\/fr_be\/gouvernance-et-ethique\/alessio-caruso\/","og_locale":"fr_FR","og_type":"article","og_title":"Alessio Caruso - eSolution europe","og_description":"HomeAlessio Caruso Directeur &nbsp; Alessio Caruso est actuellement Chief Financial Officer chez Atlante, op\u00e9rateur de bornes de recharge engag\u00e9 dans le d\u00e9veloppement du plus grand r\u00e9seau de recharge rapide et ultra-rapide du sud de l\u2019Europe, et pr\u00e9c\u00e9demment Chief Financial Officer chez NHOA Group, leader mondial du stockage d'\u00e9nergie, de la mobilit\u00e9 \u00e9lectrique et des solutions \u00e9nerg\u00e9tiques durables. Il d\u00e9tient un ... Read More","og_url":"https:\/\/www.esolutions.free2move.com\/eu\/fr_be\/gouvernance-et-ethique\/alessio-caruso\/","og_site_name":"eSolution europe","article_modified_time":"2025-04-09T12:53:33+00:00","twitter_card":"summary_large_image","twitter_misc":{"Est. reading time":"1 minute"},"schema":{"@context":"https:\/\/schema.org","@graph":[{"@type":"WebPage","@id":"https:\/\/www.esolutions.free2move.com\/eu\/fr_be\/gouvernance-et-ethique\/alessio-caruso\/","url":"https:\/\/www.esolutions.free2move.com\/eu\/fr_be\/gouvernance-et-ethique\/alessio-caruso\/","name":"Alessio Caruso - eSolution europe","isPartOf":{"@id":"https:\/\/www.esolutions.free2move.com\/eu\/en_def\/#website"},"datePublished":"2025-04-08T10:25:47+00:00","dateModified":"2025-04-09T12:53:33+00:00","breadcrumb":{"@id":"https:\/\/www.esolutions.free2move.com\/eu\/fr_be\/gouvernance-et-ethique\/alessio-caruso\/#breadcrumb"},"inLanguage":"fr-be","potentialAction":[{"@type":"ReadAction","target":["https:\/\/www.esolutions.free2move.com\/eu\/fr_be\/gouvernance-et-ethique\/alessio-caruso\/"]}]},{"@type":"BreadcrumbList","@id":"https:\/\/www.esolutions.free2move.com\/eu\/fr_be\/gouvernance-et-ethique\/alessio-caruso\/#breadcrumb","itemListElement":[{"@type":"ListItem","position":1,"name":"Home","item":"https:\/\/www.esolutions.free2move.com\/eu\/fr_be\/"},{"@type":"ListItem","position":2,"name":"Gouvernance et \u00e9thique","item":"https:\/\/www.esolutions.free2move.com\/eu\/fr_be\/gouvernance-et-ethique\/"},{"@type":"ListItem","position":3,"name":"Alessio Caruso"}]},{"@type":"WebSite","@id":"https:\/\/www.esolutions.free2move.com\/eu\/en_def\/#website","url":"https:\/\/www.esolutions.free2move.com\/eu\/en_def\/","name":"eSolutions europe","description":"","publisher":{"@id":"https:\/\/www.esolutions.free2move.com\/eu\/en_def\/#organization"},"potentialAction":[{"@type":"SearchAction","target":{"@type":"EntryPoint","urlTemplate":"https:\/\/www.esolutions.free2move.com\/eu\/en_def\/?s={search_term_string}"},"query-input":{"@type":"PropertyValueSpecification","valueRequired":true,"valueName":"search_term_string"}}],"inLanguage":"fr-be"},{"@type":"Organization","@id":"https:\/\/www.esolutions.free2move.com\/eu\/en_def\/#organization","name":"eSolutions europe","url":"https:\/\/www.esolutions.free2move.com\/eu\/en_def\/","logo":{"@type":"ImageObject","inLanguage":"fr-be","@id":"https:\/\/www.esolutions.free2move.com\/eu\/en_def\/#\/schema\/logo\/image\/","url":"https:\/\/www.esolutions.free2move.com\/eu\/wp-content\/uploads\/2024\/03\/logo-f2m-horizontal-1-1-1.png","contentUrl":"https:\/\/www.esolutions.free2move.com\/eu\/wp-content\/uploads\/2024\/03\/logo-f2m-horizontal-1-1-1.png","width":865,"height":218,"caption":"eSolutions europe"},"image":{"@id":"https:\/\/www.esolutions.free2move.com\/eu\/en_def\/#\/schema\/logo\/image\/"}}]}},"_links":{"self":[{"href":"https:\/\/www.esolutions.free2move.com\/eu\/fr_be\/wp-json\/wp\/v2\/pages\/62267","targetHints":{"allow":["GET"]}}],"collection":[{"href":"https:\/\/www.esolutions.free2move.com\/eu\/fr_be\/wp-json\/wp\/v2\/pages"}],"about":[{"href":"https:\/\/www.esolutions.free2move.com\/eu\/fr_be\/wp-json\/wp\/v2\/types\/page"}],"author":[{"embeddable":true,"href":"https:\/\/www.esolutions.free2move.com\/eu\/fr_be\/wp-json\/wp\/v2\/users\/3"}],"replies":[{"embeddable":true,"href":"https:\/\/www.esolutions.free2move.com\/eu\/fr_be\/wp-json\/wp\/v2\/comments?post=62267"}],"version-history":[{"count":0,"href":"https:\/\/www.esolutions.free2move.com\/eu\/fr_be\/wp-json\/wp\/v2\/pages\/62267\/revisions"}],"up":[{"embeddable":true,"href":"https:\/\/www.esolutions.free2move.com\/eu\/fr_be\/wp-json\/wp\/v2\/pages\/22872"}],"wp:attachment":[{"href":"https:\/\/www.esolutions.free2move.com\/eu\/fr_be\/wp-json\/wp\/v2\/media?parent=62267"}],"curies":[{"name":"wp","href":"https:\/\/api.w.org\/{rel}","templated":true}]}}