{"id":60684,"date":"2025-01-09T14:54:35","date_gmt":"2025-01-09T14:54:35","guid":{"rendered":"https:\/\/www.esolutions.free2move.com\/eu\/gouvernance-et-ethique\/thierry-koskas\/"},"modified":"2025-01-10T10:31:19","modified_gmt":"2025-01-10T10:31:19","slug":"thierry-koskas","status":"publish","type":"page","link":"https:\/\/www.esolutions.free2move.com\/eu\/fr_be\/gouvernance-et-ethique\/thierry-koskas\/","title":{"rendered":"Thierry Koskas"},"content":{"rendered":"<div id=\"cs-content\" class=\"cs-content\"><\/div>\n","protected":false},"excerpt":{"rendered":"<p>HomeThierry Koskas Directeur &nbsp; Thierry Koskas a \u00e9t\u00e9 nomm\u00e9 directeur g\u00e9n\u00e9ral de la marque Citro\u00ebn en mars 2023 et est membre du Top Executive Team de Stellantis depuis janvier 2021.Auparavant, il \u00e9tait directeur des ventes et du marketing, poste qu&#8217;il a occup\u00e9 de janvier 2021 \u00e0 mai 2024.Thierry a commenc\u00e9 sa carri\u00e8re en 1990 en tant que fonctionnaire au bureau &#8230; <\/p>\n<div><a href=\"https:\/\/www.esolutions.free2move.com\/eu\/fr_be\/gouvernance-et-ethique\/thierry-koskas\/\" class=\"more-link\">Read More<\/a><\/div>\n","protected":false},"author":3,"featured_media":0,"parent":22872,"menu_order":0,"comment_status":"closed","ping_status":"closed","template":"template-blank-4.php","meta":{"_acf_changed":false,"inline_featured_image":false,"footnotes":""},"class_list":["post-60684","page","type-page","status-publish","hentry","no-post-thumbnail"],"acf":[],"yoast_head":"<!-- This site is optimized with the Yoast SEO plugin v26.7 - https:\/\/yoast.com\/wordpress\/plugins\/seo\/ -->\n<title>Thierry Koskas - eSolution europe<\/title>\n<meta name=\"robots\" content=\"index, follow, max-snippet:-1, max-image-preview:large, max-video-preview:-1\" \/>\n<link rel=\"canonical\" href=\"https:\/\/www.esolutions.free2move.com\/eu\/fr_be\/gouvernance-et-ethique\/thierry-koskas\/\" \/>\n<meta property=\"og:locale\" content=\"fr_FR\" \/>\n<meta property=\"og:type\" content=\"article\" \/>\n<meta property=\"og:title\" content=\"Thierry Koskas - eSolution europe\" \/>\n<meta property=\"og:description\" content=\"HomeThierry Koskas Directeur &nbsp; Thierry Koskas a \u00e9t\u00e9 nomm\u00e9 directeur g\u00e9n\u00e9ral de la marque Citro\u00ebn en mars 2023 et est membre du Top Executive Team de Stellantis depuis janvier 2021.Auparavant, il \u00e9tait directeur des ventes et du marketing, poste qu&#039;il a occup\u00e9 de janvier 2021 \u00e0 mai 2024.Thierry a commenc\u00e9 sa carri\u00e8re en 1990 en tant que fonctionnaire au bureau ... Read More\" \/>\n<meta property=\"og:url\" content=\"https:\/\/www.esolutions.free2move.com\/eu\/fr_be\/gouvernance-et-ethique\/thierry-koskas\/\" \/>\n<meta property=\"og:site_name\" content=\"eSolution europe\" \/>\n<meta property=\"article:modified_time\" content=\"2025-01-10T10:31:19+00:00\" \/>\n<meta name=\"twitter:card\" content=\"summary_large_image\" \/>\n<meta name=\"twitter:label1\" content=\"Est. reading time\" \/>\n\t<meta name=\"twitter:data1\" content=\"2 minutes\" \/>\n<script type=\"application\/ld+json\" class=\"yoast-schema-graph\">{\"@context\":\"https:\/\/schema.org\",\"@graph\":[{\"@type\":\"WebPage\",\"@id\":\"https:\/\/www.esolutions.free2move.com\/eu\/fr_be\/gouvernance-et-ethique\/thierry-koskas\/\",\"url\":\"https:\/\/www.esolutions.free2move.com\/eu\/fr_be\/gouvernance-et-ethique\/thierry-koskas\/\",\"name\":\"Thierry Koskas - eSolution europe\",\"isPartOf\":{\"@id\":\"https:\/\/www.esolutions.free2move.com\/eu\/en_def\/#website\"},\"datePublished\":\"2025-01-09T14:54:35+00:00\",\"dateModified\":\"2025-01-10T10:31:19+00:00\",\"breadcrumb\":{\"@id\":\"https:\/\/www.esolutions.free2move.com\/eu\/fr_be\/gouvernance-et-ethique\/thierry-koskas\/#breadcrumb\"},\"inLanguage\":\"fr-be\",\"potentialAction\":[{\"@type\":\"ReadAction\",\"target\":[\"https:\/\/www.esolutions.free2move.com\/eu\/fr_be\/gouvernance-et-ethique\/thierry-koskas\/\"]}]},{\"@type\":\"BreadcrumbList\",\"@id\":\"https:\/\/www.esolutions.free2move.com\/eu\/fr_be\/gouvernance-et-ethique\/thierry-koskas\/#breadcrumb\",\"itemListElement\":[{\"@type\":\"ListItem\",\"position\":1,\"name\":\"Home\",\"item\":\"https:\/\/www.esolutions.free2move.com\/eu\/fr_be\/\"},{\"@type\":\"ListItem\",\"position\":2,\"name\":\"Gouvernance et \u00e9thique\",\"item\":\"https:\/\/www.esolutions.free2move.com\/eu\/fr_be\/gouvernance-et-ethique\/\"},{\"@type\":\"ListItem\",\"position\":3,\"name\":\"Thierry Koskas\"}]},{\"@type\":\"WebSite\",\"@id\":\"https:\/\/www.esolutions.free2move.com\/eu\/en_def\/#website\",\"url\":\"https:\/\/www.esolutions.free2move.com\/eu\/en_def\/\",\"name\":\"eSolutions europe\",\"description\":\"\",\"publisher\":{\"@id\":\"https:\/\/www.esolutions.free2move.com\/eu\/en_def\/#organization\"},\"potentialAction\":[{\"@type\":\"SearchAction\",\"target\":{\"@type\":\"EntryPoint\",\"urlTemplate\":\"https:\/\/www.esolutions.free2move.com\/eu\/en_def\/?s={search_term_string}\"},\"query-input\":{\"@type\":\"PropertyValueSpecification\",\"valueRequired\":true,\"valueName\":\"search_term_string\"}}],\"inLanguage\":\"fr-be\"},{\"@type\":\"Organization\",\"@id\":\"https:\/\/www.esolutions.free2move.com\/eu\/en_def\/#organization\",\"name\":\"eSolutions europe\",\"url\":\"https:\/\/www.esolutions.free2move.com\/eu\/en_def\/\",\"logo\":{\"@type\":\"ImageObject\",\"inLanguage\":\"fr-be\",\"@id\":\"https:\/\/www.esolutions.free2move.com\/eu\/en_def\/#\/schema\/logo\/image\/\",\"url\":\"https:\/\/www.esolutions.free2move.com\/eu\/wp-content\/uploads\/2024\/03\/logo-f2m-horizontal-1-1-1.png\",\"contentUrl\":\"https:\/\/www.esolutions.free2move.com\/eu\/wp-content\/uploads\/2024\/03\/logo-f2m-horizontal-1-1-1.png\",\"width\":865,\"height\":218,\"caption\":\"eSolutions europe\"},\"image\":{\"@id\":\"https:\/\/www.esolutions.free2move.com\/eu\/en_def\/#\/schema\/logo\/image\/\"}}]}<\/script>\n<!-- \/ Yoast SEO plugin. -->","yoast_head_json":{"title":"Thierry Koskas - eSolution europe","robots":{"index":"index","follow":"follow","max-snippet":"max-snippet:-1","max-image-preview":"max-image-preview:large","max-video-preview":"max-video-preview:-1"},"canonical":"https:\/\/www.esolutions.free2move.com\/eu\/fr_be\/gouvernance-et-ethique\/thierry-koskas\/","og_locale":"fr_FR","og_type":"article","og_title":"Thierry Koskas - eSolution europe","og_description":"HomeThierry Koskas Directeur &nbsp; Thierry Koskas a \u00e9t\u00e9 nomm\u00e9 directeur g\u00e9n\u00e9ral de la marque Citro\u00ebn en mars 2023 et est membre du Top Executive Team de Stellantis depuis janvier 2021.Auparavant, il \u00e9tait directeur des ventes et du marketing, poste qu'il a occup\u00e9 de janvier 2021 \u00e0 mai 2024.Thierry a commenc\u00e9 sa carri\u00e8re en 1990 en tant que fonctionnaire au bureau ... Read More","og_url":"https:\/\/www.esolutions.free2move.com\/eu\/fr_be\/gouvernance-et-ethique\/thierry-koskas\/","og_site_name":"eSolution europe","article_modified_time":"2025-01-10T10:31:19+00:00","twitter_card":"summary_large_image","twitter_misc":{"Est. reading time":"2 minutes"},"schema":{"@context":"https:\/\/schema.org","@graph":[{"@type":"WebPage","@id":"https:\/\/www.esolutions.free2move.com\/eu\/fr_be\/gouvernance-et-ethique\/thierry-koskas\/","url":"https:\/\/www.esolutions.free2move.com\/eu\/fr_be\/gouvernance-et-ethique\/thierry-koskas\/","name":"Thierry Koskas - eSolution europe","isPartOf":{"@id":"https:\/\/www.esolutions.free2move.com\/eu\/en_def\/#website"},"datePublished":"2025-01-09T14:54:35+00:00","dateModified":"2025-01-10T10:31:19+00:00","breadcrumb":{"@id":"https:\/\/www.esolutions.free2move.com\/eu\/fr_be\/gouvernance-et-ethique\/thierry-koskas\/#breadcrumb"},"inLanguage":"fr-be","potentialAction":[{"@type":"ReadAction","target":["https:\/\/www.esolutions.free2move.com\/eu\/fr_be\/gouvernance-et-ethique\/thierry-koskas\/"]}]},{"@type":"BreadcrumbList","@id":"https:\/\/www.esolutions.free2move.com\/eu\/fr_be\/gouvernance-et-ethique\/thierry-koskas\/#breadcrumb","itemListElement":[{"@type":"ListItem","position":1,"name":"Home","item":"https:\/\/www.esolutions.free2move.com\/eu\/fr_be\/"},{"@type":"ListItem","position":2,"name":"Gouvernance et \u00e9thique","item":"https:\/\/www.esolutions.free2move.com\/eu\/fr_be\/gouvernance-et-ethique\/"},{"@type":"ListItem","position":3,"name":"Thierry Koskas"}]},{"@type":"WebSite","@id":"https:\/\/www.esolutions.free2move.com\/eu\/en_def\/#website","url":"https:\/\/www.esolutions.free2move.com\/eu\/en_def\/","name":"eSolutions europe","description":"","publisher":{"@id":"https:\/\/www.esolutions.free2move.com\/eu\/en_def\/#organization"},"potentialAction":[{"@type":"SearchAction","target":{"@type":"EntryPoint","urlTemplate":"https:\/\/www.esolutions.free2move.com\/eu\/en_def\/?s={search_term_string}"},"query-input":{"@type":"PropertyValueSpecification","valueRequired":true,"valueName":"search_term_string"}}],"inLanguage":"fr-be"},{"@type":"Organization","@id":"https:\/\/www.esolutions.free2move.com\/eu\/en_def\/#organization","name":"eSolutions europe","url":"https:\/\/www.esolutions.free2move.com\/eu\/en_def\/","logo":{"@type":"ImageObject","inLanguage":"fr-be","@id":"https:\/\/www.esolutions.free2move.com\/eu\/en_def\/#\/schema\/logo\/image\/","url":"https:\/\/www.esolutions.free2move.com\/eu\/wp-content\/uploads\/2024\/03\/logo-f2m-horizontal-1-1-1.png","contentUrl":"https:\/\/www.esolutions.free2move.com\/eu\/wp-content\/uploads\/2024\/03\/logo-f2m-horizontal-1-1-1.png","width":865,"height":218,"caption":"eSolutions europe"},"image":{"@id":"https:\/\/www.esolutions.free2move.com\/eu\/en_def\/#\/schema\/logo\/image\/"}}]}},"_links":{"self":[{"href":"https:\/\/www.esolutions.free2move.com\/eu\/fr_be\/wp-json\/wp\/v2\/pages\/60684","targetHints":{"allow":["GET"]}}],"collection":[{"href":"https:\/\/www.esolutions.free2move.com\/eu\/fr_be\/wp-json\/wp\/v2\/pages"}],"about":[{"href":"https:\/\/www.esolutions.free2move.com\/eu\/fr_be\/wp-json\/wp\/v2\/types\/page"}],"author":[{"embeddable":true,"href":"https:\/\/www.esolutions.free2move.com\/eu\/fr_be\/wp-json\/wp\/v2\/users\/3"}],"replies":[{"embeddable":true,"href":"https:\/\/www.esolutions.free2move.com\/eu\/fr_be\/wp-json\/wp\/v2\/comments?post=60684"}],"version-history":[{"count":0,"href":"https:\/\/www.esolutions.free2move.com\/eu\/fr_be\/wp-json\/wp\/v2\/pages\/60684\/revisions"}],"up":[{"embeddable":true,"href":"https:\/\/www.esolutions.free2move.com\/eu\/fr_be\/wp-json\/wp\/v2\/pages\/22872"}],"wp:attachment":[{"href":"https:\/\/www.esolutions.free2move.com\/eu\/fr_be\/wp-json\/wp\/v2\/media?parent=60684"}],"curies":[{"name":"wp","href":"https:\/\/api.w.org\/{rel}","templated":true}]}}