{"id":22887,"date":"2024-03-18T11:19:35","date_gmt":"2024-03-18T11:19:35","guid":{"rendered":"https:\/\/test.esolutions.free2move.com\/eu\/a-propos-de-nous\/"},"modified":"2026-03-16T16:31:55","modified_gmt":"2026-03-16T16:31:55","slug":"a-propos-de-nous","status":"publish","type":"page","link":"https:\/\/www.esolutions.free2move.com\/eu\/fr_be\/a-propos-de-nous\/","title":{"rendered":"\u00c0 propos de nous"},"content":{"rendered":"<div id=\"cs-content\" class=\"cs-content\"><\/div>\n","protected":false},"excerpt":{"rendered":"<p>Home A propos de nousGr\u00e2ce \u00e0 notre passion pour le changement et \u00e0 notre innovation technologique continue, \u00e0 la num\u00e9risation et \u00e0 notre approche pionni\u00e8re du d\u00e9veloppement, de la production et de l&#8217;offre, nous simplifions l&#8217;approche et la transition vers la mobilit\u00e9 du futur en cr\u00e9ant des produits efficaces et simples \u00e0 utiliser.Libert\u00e9 de chargement Nous nous appuyons sur notre &#8230; <\/p>\n<div><a href=\"https:\/\/www.esolutions.free2move.com\/eu\/fr_be\/a-propos-de-nous\/\" class=\"more-link\">Read More<\/a><\/div>\n","protected":false},"author":1,"featured_media":0,"parent":0,"menu_order":0,"comment_status":"closed","ping_status":"closed","template":"template-blank-4.php","meta":{"_acf_changed":false,"inline_featured_image":false,"footnotes":""},"class_list":["post-22887","page","type-page","status-publish","hentry","no-post-thumbnail"],"acf":[],"yoast_head":"<!-- This site is optimized with the Yoast SEO plugin v26.7 - https:\/\/yoast.com\/wordpress\/plugins\/seo\/ -->\n<title>\u00c0 propos de nous | Free2move eSolutions<\/title>\n<meta name=\"description\" content=\"D\u00e9couvrez comment notre innovation constante et notre approche pionni\u00e8re simplifient la transition vers la mobilit\u00e9 du futur avec des produits efficaces et conviviaux.\" \/>\n<meta name=\"robots\" content=\"index, follow, max-snippet:-1, max-image-preview:large, max-video-preview:-1\" \/>\n<link rel=\"canonical\" href=\"https:\/\/www.esolutions.free2move.com\/eu\/fr_be\/a-propos-de-nous\/\" \/>\n<meta property=\"og:locale\" content=\"fr_FR\" \/>\n<meta property=\"og:type\" content=\"article\" \/>\n<meta property=\"og:title\" content=\"\u00c0 propos de nous | Free2move eSolutions\" \/>\n<meta property=\"og:description\" content=\"D\u00e9couvrez comment notre innovation constante et notre approche pionni\u00e8re simplifient la transition vers la mobilit\u00e9 du futur avec des produits efficaces et conviviaux.\" \/>\n<meta property=\"og:url\" content=\"https:\/\/www.esolutions.free2move.com\/eu\/fr_be\/a-propos-de-nous\/\" \/>\n<meta property=\"og:site_name\" content=\"eSolution europe\" \/>\n<meta property=\"article:modified_time\" content=\"2026-03-16T16:31:55+00:00\" \/>\n<meta name=\"twitter:card\" content=\"summary_large_image\" \/>\n<meta name=\"twitter:label1\" content=\"Est. reading time\" \/>\n\t<meta name=\"twitter:data1\" content=\"4 minutes\" \/>\n<script type=\"application\/ld+json\" class=\"yoast-schema-graph\">{\"@context\":\"https:\/\/schema.org\",\"@graph\":[{\"@type\":\"WebPage\",\"@id\":\"https:\/\/www.esolutions.free2move.com\/eu\/fr_be\/a-propos-de-nous\/\",\"url\":\"https:\/\/www.esolutions.free2move.com\/eu\/fr_be\/a-propos-de-nous\/\",\"name\":\"\u00c0 propos de nous | Free2move eSolutions\",\"isPartOf\":{\"@id\":\"https:\/\/www.esolutions.free2move.com\/eu\/en_def\/#website\"},\"datePublished\":\"2024-03-18T11:19:35+00:00\",\"dateModified\":\"2026-03-16T16:31:55+00:00\",\"description\":\"D\u00e9couvrez comment notre innovation constante et notre approche pionni\u00e8re simplifient la transition vers la mobilit\u00e9 du futur avec des produits efficaces et conviviaux.\",\"breadcrumb\":{\"@id\":\"https:\/\/www.esolutions.free2move.com\/eu\/fr_be\/a-propos-de-nous\/#breadcrumb\"},\"inLanguage\":\"fr-be\",\"potentialAction\":[{\"@type\":\"ReadAction\",\"target\":[\"https:\/\/www.esolutions.free2move.com\/eu\/fr_be\/a-propos-de-nous\/\"]}]},{\"@type\":\"BreadcrumbList\",\"@id\":\"https:\/\/www.esolutions.free2move.com\/eu\/fr_be\/a-propos-de-nous\/#breadcrumb\",\"itemListElement\":[{\"@type\":\"ListItem\",\"position\":1,\"name\":\"Home\",\"item\":\"https:\/\/www.esolutions.free2move.com\/eu\/fr_be\/\"},{\"@type\":\"ListItem\",\"position\":2,\"name\":\"\u00c0 propos de nous\"}]},{\"@type\":\"WebSite\",\"@id\":\"https:\/\/www.esolutions.free2move.com\/eu\/en_def\/#website\",\"url\":\"https:\/\/www.esolutions.free2move.com\/eu\/en_def\/\",\"name\":\"eSolutions europe\",\"description\":\"\",\"publisher\":{\"@id\":\"https:\/\/www.esolutions.free2move.com\/eu\/en_def\/#organization\"},\"potentialAction\":[{\"@type\":\"SearchAction\",\"target\":{\"@type\":\"EntryPoint\",\"urlTemplate\":\"https:\/\/www.esolutions.free2move.com\/eu\/en_def\/?s={search_term_string}\"},\"query-input\":{\"@type\":\"PropertyValueSpecification\",\"valueRequired\":true,\"valueName\":\"search_term_string\"}}],\"inLanguage\":\"fr-be\"},{\"@type\":\"Organization\",\"@id\":\"https:\/\/www.esolutions.free2move.com\/eu\/en_def\/#organization\",\"name\":\"eSolutions europe\",\"url\":\"https:\/\/www.esolutions.free2move.com\/eu\/en_def\/\",\"logo\":{\"@type\":\"ImageObject\",\"inLanguage\":\"fr-be\",\"@id\":\"https:\/\/www.esolutions.free2move.com\/eu\/en_def\/#\/schema\/logo\/image\/\",\"url\":\"https:\/\/www.esolutions.free2move.com\/eu\/wp-content\/uploads\/2024\/03\/logo-f2m-horizontal-1-1-1.png\",\"contentUrl\":\"https:\/\/www.esolutions.free2move.com\/eu\/wp-content\/uploads\/2024\/03\/logo-f2m-horizontal-1-1-1.png\",\"width\":865,\"height\":218,\"caption\":\"eSolutions europe\"},\"image\":{\"@id\":\"https:\/\/www.esolutions.free2move.com\/eu\/en_def\/#\/schema\/logo\/image\/\"}}]}<\/script>\n<!-- \/ Yoast SEO plugin. -->","yoast_head_json":{"title":"\u00c0 propos de nous | Free2move eSolutions","description":"D\u00e9couvrez comment notre innovation constante et notre approche pionni\u00e8re simplifient la transition vers la mobilit\u00e9 du futur avec des produits efficaces et conviviaux.","robots":{"index":"index","follow":"follow","max-snippet":"max-snippet:-1","max-image-preview":"max-image-preview:large","max-video-preview":"max-video-preview:-1"},"canonical":"https:\/\/www.esolutions.free2move.com\/eu\/fr_be\/a-propos-de-nous\/","og_locale":"fr_FR","og_type":"article","og_title":"\u00c0 propos de nous | Free2move eSolutions","og_description":"D\u00e9couvrez comment notre innovation constante et notre approche pionni\u00e8re simplifient la transition vers la mobilit\u00e9 du futur avec des produits efficaces et conviviaux.","og_url":"https:\/\/www.esolutions.free2move.com\/eu\/fr_be\/a-propos-de-nous\/","og_site_name":"eSolution europe","article_modified_time":"2026-03-16T16:31:55+00:00","twitter_card":"summary_large_image","twitter_misc":{"Est. reading time":"4 minutes"},"schema":{"@context":"https:\/\/schema.org","@graph":[{"@type":"WebPage","@id":"https:\/\/www.esolutions.free2move.com\/eu\/fr_be\/a-propos-de-nous\/","url":"https:\/\/www.esolutions.free2move.com\/eu\/fr_be\/a-propos-de-nous\/","name":"\u00c0 propos de nous | Free2move eSolutions","isPartOf":{"@id":"https:\/\/www.esolutions.free2move.com\/eu\/en_def\/#website"},"datePublished":"2024-03-18T11:19:35+00:00","dateModified":"2026-03-16T16:31:55+00:00","description":"D\u00e9couvrez comment notre innovation constante et notre approche pionni\u00e8re simplifient la transition vers la mobilit\u00e9 du futur avec des produits efficaces et conviviaux.","breadcrumb":{"@id":"https:\/\/www.esolutions.free2move.com\/eu\/fr_be\/a-propos-de-nous\/#breadcrumb"},"inLanguage":"fr-be","potentialAction":[{"@type":"ReadAction","target":["https:\/\/www.esolutions.free2move.com\/eu\/fr_be\/a-propos-de-nous\/"]}]},{"@type":"BreadcrumbList","@id":"https:\/\/www.esolutions.free2move.com\/eu\/fr_be\/a-propos-de-nous\/#breadcrumb","itemListElement":[{"@type":"ListItem","position":1,"name":"Home","item":"https:\/\/www.esolutions.free2move.com\/eu\/fr_be\/"},{"@type":"ListItem","position":2,"name":"\u00c0 propos de nous"}]},{"@type":"WebSite","@id":"https:\/\/www.esolutions.free2move.com\/eu\/en_def\/#website","url":"https:\/\/www.esolutions.free2move.com\/eu\/en_def\/","name":"eSolutions europe","description":"","publisher":{"@id":"https:\/\/www.esolutions.free2move.com\/eu\/en_def\/#organization"},"potentialAction":[{"@type":"SearchAction","target":{"@type":"EntryPoint","urlTemplate":"https:\/\/www.esolutions.free2move.com\/eu\/en_def\/?s={search_term_string}"},"query-input":{"@type":"PropertyValueSpecification","valueRequired":true,"valueName":"search_term_string"}}],"inLanguage":"fr-be"},{"@type":"Organization","@id":"https:\/\/www.esolutions.free2move.com\/eu\/en_def\/#organization","name":"eSolutions europe","url":"https:\/\/www.esolutions.free2move.com\/eu\/en_def\/","logo":{"@type":"ImageObject","inLanguage":"fr-be","@id":"https:\/\/www.esolutions.free2move.com\/eu\/en_def\/#\/schema\/logo\/image\/","url":"https:\/\/www.esolutions.free2move.com\/eu\/wp-content\/uploads\/2024\/03\/logo-f2m-horizontal-1-1-1.png","contentUrl":"https:\/\/www.esolutions.free2move.com\/eu\/wp-content\/uploads\/2024\/03\/logo-f2m-horizontal-1-1-1.png","width":865,"height":218,"caption":"eSolutions europe"},"image":{"@id":"https:\/\/www.esolutions.free2move.com\/eu\/en_def\/#\/schema\/logo\/image\/"}}]}},"_links":{"self":[{"href":"https:\/\/www.esolutions.free2move.com\/eu\/fr_be\/wp-json\/wp\/v2\/pages\/22887","targetHints":{"allow":["GET"]}}],"collection":[{"href":"https:\/\/www.esolutions.free2move.com\/eu\/fr_be\/wp-json\/wp\/v2\/pages"}],"about":[{"href":"https:\/\/www.esolutions.free2move.com\/eu\/fr_be\/wp-json\/wp\/v2\/types\/page"}],"author":[{"embeddable":true,"href":"https:\/\/www.esolutions.free2move.com\/eu\/fr_be\/wp-json\/wp\/v2\/users\/1"}],"replies":[{"embeddable":true,"href":"https:\/\/www.esolutions.free2move.com\/eu\/fr_be\/wp-json\/wp\/v2\/comments?post=22887"}],"version-history":[{"count":3,"href":"https:\/\/www.esolutions.free2move.com\/eu\/fr_be\/wp-json\/wp\/v2\/pages\/22887\/revisions"}],"predecessor-version":[{"id":64605,"href":"https:\/\/www.esolutions.free2move.com\/eu\/fr_be\/wp-json\/wp\/v2\/pages\/22887\/revisions\/64605"}],"wp:attachment":[{"href":"https:\/\/www.esolutions.free2move.com\/eu\/fr_be\/wp-json\/wp\/v2\/media?parent=22887"}],"curies":[{"name":"wp","href":"https:\/\/api.w.org\/{rel}","templated":true}]}}