{"id":22875,"date":"2024-03-18T13:17:47","date_gmt":"2024-03-18T13:17:47","guid":{"rendered":"https:\/\/test.esolutions.free2move.com\/eu\/projet-drossone-v2g\/"},"modified":"2024-03-18T13:17:47","modified_gmt":"2024-03-18T13:17:47","slug":"projet-drossone-v2g","status":"publish","type":"page","link":"https:\/\/www.esolutions.free2move.com\/eu\/fr_be\/projet-drossone-v2g\/","title":{"rendered":"PROJET DROSSONE V2G"},"content":{"rendered":"<div id=\"cs-content\" class=\"cs-content\"><\/div>\n","protected":false},"excerpt":{"rendered":"<p>Home PROJET DROSSONE V2GLe projet de parking V2G DrossOne est un syst\u00e8me v\u00e9hicule-r\u00e9seau (V2G) \u00e0 grande \u00e9chelle avec stockage d&#8217;\u00e9nergie int\u00e9gr\u00e9, d\u00e9velopp\u00e9 avec le soutien du Fonds pour l&#8217;innovation de la Commission europ\u00e9enne. Le projet DrossOne est situ\u00e9 \u00e0 Mirafiori, Turin, Italie et est d\u00e9velopp\u00e9 par Free2move eSolutions et Stellantis.Parking DrossOne V2GGA n \u00b0 101038849 &#8211; un projet financ\u00e9 par &#8230; <\/p>\n<div><a href=\"https:\/\/www.esolutions.free2move.com\/eu\/fr_be\/projet-drossone-v2g\/\" class=\"more-link\">Read More<\/a><\/div>\n","protected":false},"author":1,"featured_media":0,"parent":0,"menu_order":0,"comment_status":"closed","ping_status":"closed","template":"template-blank-4.php","meta":{"_acf_changed":false,"inline_featured_image":false,"footnotes":""},"class_list":["post-22875","page","type-page","status-publish","hentry","no-post-thumbnail"],"acf":[],"yoast_head":"<!-- This site is optimized with the Yoast SEO plugin v26.7 - https:\/\/yoast.com\/wordpress\/plugins\/seo\/ -->\n<title>PROJET DROSSONE V2G | Free2move eSolutions<\/title>\n<meta name=\"description\" content=\"Le projet de stationnement DrossOne V2G est un syst\u00e8me de v\u00e9hicule \u00e0 r\u00e9seau (V2G) \u00e0 grande \u00e9chelle avec stockage d&#039;\u00e9nergie int\u00e9gr\u00e9 d\u00e9velopp\u00e9 avec le soutien du Fonds d&#039;innovation de la Commission europ\u00e9enne. Le projet DrossOne est situ\u00e9 \u00e0 Mirafiori, Turin, Italie et est d\u00e9velopp\u00e9 par Free2move eSolutions et Stellantis.\" \/>\n<meta name=\"robots\" content=\"index, follow, max-snippet:-1, max-image-preview:large, max-video-preview:-1\" \/>\n<link rel=\"canonical\" href=\"https:\/\/www.esolutions.free2move.com\/eu\/fr_be\/projet-drossone-v2g\/\" \/>\n<meta property=\"og:locale\" content=\"fr_FR\" \/>\n<meta property=\"og:type\" content=\"article\" \/>\n<meta property=\"og:title\" content=\"PROJET DROSSONE V2G | Free2move eSolutions\" \/>\n<meta property=\"og:description\" content=\"Le projet de stationnement DrossOne V2G est un syst\u00e8me de v\u00e9hicule \u00e0 r\u00e9seau (V2G) \u00e0 grande \u00e9chelle avec stockage d&#039;\u00e9nergie int\u00e9gr\u00e9 d\u00e9velopp\u00e9 avec le soutien du Fonds d&#039;innovation de la Commission europ\u00e9enne. Le projet DrossOne est situ\u00e9 \u00e0 Mirafiori, Turin, Italie et est d\u00e9velopp\u00e9 par Free2move eSolutions et Stellantis.\" \/>\n<meta property=\"og:url\" content=\"https:\/\/www.esolutions.free2move.com\/eu\/fr_be\/projet-drossone-v2g\/\" \/>\n<meta property=\"og:site_name\" content=\"eSolution europe\" \/>\n<meta name=\"twitter:card\" content=\"summary_large_image\" \/>\n<meta name=\"twitter:label1\" content=\"Est. reading time\" \/>\n\t<meta name=\"twitter:data1\" content=\"4 minutes\" \/>\n<script type=\"application\/ld+json\" class=\"yoast-schema-graph\">{\"@context\":\"https:\/\/schema.org\",\"@graph\":[{\"@type\":\"WebPage\",\"@id\":\"https:\/\/www.esolutions.free2move.com\/eu\/fr_be\/projet-drossone-v2g\/\",\"url\":\"https:\/\/www.esolutions.free2move.com\/eu\/fr_be\/projet-drossone-v2g\/\",\"name\":\"PROJET DROSSONE V2G | Free2move eSolutions\",\"isPartOf\":{\"@id\":\"https:\/\/www.esolutions.free2move.com\/eu\/en_def\/#website\"},\"datePublished\":\"2024-03-18T13:17:47+00:00\",\"description\":\"Le projet de stationnement DrossOne V2G est un syst\u00e8me de v\u00e9hicule \u00e0 r\u00e9seau (V2G) \u00e0 grande \u00e9chelle avec stockage d'\u00e9nergie int\u00e9gr\u00e9 d\u00e9velopp\u00e9 avec le soutien du Fonds d'innovation de la Commission europ\u00e9enne. Le projet DrossOne est situ\u00e9 \u00e0 Mirafiori, Turin, Italie et est d\u00e9velopp\u00e9 par Free2move eSolutions et Stellantis.\",\"breadcrumb\":{\"@id\":\"https:\/\/www.esolutions.free2move.com\/eu\/fr_be\/projet-drossone-v2g\/#breadcrumb\"},\"inLanguage\":\"fr-be\",\"potentialAction\":[{\"@type\":\"ReadAction\",\"target\":[\"https:\/\/www.esolutions.free2move.com\/eu\/fr_be\/projet-drossone-v2g\/\"]}]},{\"@type\":\"BreadcrumbList\",\"@id\":\"https:\/\/www.esolutions.free2move.com\/eu\/fr_be\/projet-drossone-v2g\/#breadcrumb\",\"itemListElement\":[{\"@type\":\"ListItem\",\"position\":1,\"name\":\"Home\",\"item\":\"https:\/\/www.esolutions.free2move.com\/eu\/fr_be\/\"},{\"@type\":\"ListItem\",\"position\":2,\"name\":\"PROJET DROSSONE V2G\"}]},{\"@type\":\"WebSite\",\"@id\":\"https:\/\/www.esolutions.free2move.com\/eu\/en_def\/#website\",\"url\":\"https:\/\/www.esolutions.free2move.com\/eu\/en_def\/\",\"name\":\"eSolutions europe\",\"description\":\"\",\"publisher\":{\"@id\":\"https:\/\/www.esolutions.free2move.com\/eu\/en_def\/#organization\"},\"potentialAction\":[{\"@type\":\"SearchAction\",\"target\":{\"@type\":\"EntryPoint\",\"urlTemplate\":\"https:\/\/www.esolutions.free2move.com\/eu\/en_def\/?s={search_term_string}\"},\"query-input\":{\"@type\":\"PropertyValueSpecification\",\"valueRequired\":true,\"valueName\":\"search_term_string\"}}],\"inLanguage\":\"fr-be\"},{\"@type\":\"Organization\",\"@id\":\"https:\/\/www.esolutions.free2move.com\/eu\/en_def\/#organization\",\"name\":\"eSolutions europe\",\"url\":\"https:\/\/www.esolutions.free2move.com\/eu\/en_def\/\",\"logo\":{\"@type\":\"ImageObject\",\"inLanguage\":\"fr-be\",\"@id\":\"https:\/\/www.esolutions.free2move.com\/eu\/en_def\/#\/schema\/logo\/image\/\",\"url\":\"https:\/\/www.esolutions.free2move.com\/eu\/wp-content\/uploads\/2024\/03\/logo-f2m-horizontal-1-1-1.png\",\"contentUrl\":\"https:\/\/www.esolutions.free2move.com\/eu\/wp-content\/uploads\/2024\/03\/logo-f2m-horizontal-1-1-1.png\",\"width\":865,\"height\":218,\"caption\":\"eSolutions europe\"},\"image\":{\"@id\":\"https:\/\/www.esolutions.free2move.com\/eu\/en_def\/#\/schema\/logo\/image\/\"}}]}<\/script>\n<!-- \/ Yoast SEO plugin. -->","yoast_head_json":{"title":"PROJET DROSSONE V2G | Free2move eSolutions","description":"Le projet de stationnement DrossOne V2G est un syst\u00e8me de v\u00e9hicule \u00e0 r\u00e9seau (V2G) \u00e0 grande \u00e9chelle avec stockage d'\u00e9nergie int\u00e9gr\u00e9 d\u00e9velopp\u00e9 avec le soutien du Fonds d'innovation de la Commission europ\u00e9enne. Le projet DrossOne est situ\u00e9 \u00e0 Mirafiori, Turin, Italie et est d\u00e9velopp\u00e9 par Free2move eSolutions et Stellantis.","robots":{"index":"index","follow":"follow","max-snippet":"max-snippet:-1","max-image-preview":"max-image-preview:large","max-video-preview":"max-video-preview:-1"},"canonical":"https:\/\/www.esolutions.free2move.com\/eu\/fr_be\/projet-drossone-v2g\/","og_locale":"fr_FR","og_type":"article","og_title":"PROJET DROSSONE V2G | Free2move eSolutions","og_description":"Le projet de stationnement DrossOne V2G est un syst\u00e8me de v\u00e9hicule \u00e0 r\u00e9seau (V2G) \u00e0 grande \u00e9chelle avec stockage d'\u00e9nergie int\u00e9gr\u00e9 d\u00e9velopp\u00e9 avec le soutien du Fonds d'innovation de la Commission europ\u00e9enne. Le projet DrossOne est situ\u00e9 \u00e0 Mirafiori, Turin, Italie et est d\u00e9velopp\u00e9 par Free2move eSolutions et Stellantis.","og_url":"https:\/\/www.esolutions.free2move.com\/eu\/fr_be\/projet-drossone-v2g\/","og_site_name":"eSolution europe","twitter_card":"summary_large_image","twitter_misc":{"Est. reading time":"4 minutes"},"schema":{"@context":"https:\/\/schema.org","@graph":[{"@type":"WebPage","@id":"https:\/\/www.esolutions.free2move.com\/eu\/fr_be\/projet-drossone-v2g\/","url":"https:\/\/www.esolutions.free2move.com\/eu\/fr_be\/projet-drossone-v2g\/","name":"PROJET DROSSONE V2G | Free2move eSolutions","isPartOf":{"@id":"https:\/\/www.esolutions.free2move.com\/eu\/en_def\/#website"},"datePublished":"2024-03-18T13:17:47+00:00","description":"Le projet de stationnement DrossOne V2G est un syst\u00e8me de v\u00e9hicule \u00e0 r\u00e9seau (V2G) \u00e0 grande \u00e9chelle avec stockage d'\u00e9nergie int\u00e9gr\u00e9 d\u00e9velopp\u00e9 avec le soutien du Fonds d'innovation de la Commission europ\u00e9enne. Le projet DrossOne est situ\u00e9 \u00e0 Mirafiori, Turin, Italie et est d\u00e9velopp\u00e9 par Free2move eSolutions et Stellantis.","breadcrumb":{"@id":"https:\/\/www.esolutions.free2move.com\/eu\/fr_be\/projet-drossone-v2g\/#breadcrumb"},"inLanguage":"fr-be","potentialAction":[{"@type":"ReadAction","target":["https:\/\/www.esolutions.free2move.com\/eu\/fr_be\/projet-drossone-v2g\/"]}]},{"@type":"BreadcrumbList","@id":"https:\/\/www.esolutions.free2move.com\/eu\/fr_be\/projet-drossone-v2g\/#breadcrumb","itemListElement":[{"@type":"ListItem","position":1,"name":"Home","item":"https:\/\/www.esolutions.free2move.com\/eu\/fr_be\/"},{"@type":"ListItem","position":2,"name":"PROJET DROSSONE V2G"}]},{"@type":"WebSite","@id":"https:\/\/www.esolutions.free2move.com\/eu\/en_def\/#website","url":"https:\/\/www.esolutions.free2move.com\/eu\/en_def\/","name":"eSolutions europe","description":"","publisher":{"@id":"https:\/\/www.esolutions.free2move.com\/eu\/en_def\/#organization"},"potentialAction":[{"@type":"SearchAction","target":{"@type":"EntryPoint","urlTemplate":"https:\/\/www.esolutions.free2move.com\/eu\/en_def\/?s={search_term_string}"},"query-input":{"@type":"PropertyValueSpecification","valueRequired":true,"valueName":"search_term_string"}}],"inLanguage":"fr-be"},{"@type":"Organization","@id":"https:\/\/www.esolutions.free2move.com\/eu\/en_def\/#organization","name":"eSolutions europe","url":"https:\/\/www.esolutions.free2move.com\/eu\/en_def\/","logo":{"@type":"ImageObject","inLanguage":"fr-be","@id":"https:\/\/www.esolutions.free2move.com\/eu\/en_def\/#\/schema\/logo\/image\/","url":"https:\/\/www.esolutions.free2move.com\/eu\/wp-content\/uploads\/2024\/03\/logo-f2m-horizontal-1-1-1.png","contentUrl":"https:\/\/www.esolutions.free2move.com\/eu\/wp-content\/uploads\/2024\/03\/logo-f2m-horizontal-1-1-1.png","width":865,"height":218,"caption":"eSolutions europe"},"image":{"@id":"https:\/\/www.esolutions.free2move.com\/eu\/en_def\/#\/schema\/logo\/image\/"}}]}},"_links":{"self":[{"href":"https:\/\/www.esolutions.free2move.com\/eu\/fr_be\/wp-json\/wp\/v2\/pages\/22875","targetHints":{"allow":["GET"]}}],"collection":[{"href":"https:\/\/www.esolutions.free2move.com\/eu\/fr_be\/wp-json\/wp\/v2\/pages"}],"about":[{"href":"https:\/\/www.esolutions.free2move.com\/eu\/fr_be\/wp-json\/wp\/v2\/types\/page"}],"author":[{"embeddable":true,"href":"https:\/\/www.esolutions.free2move.com\/eu\/fr_be\/wp-json\/wp\/v2\/users\/1"}],"replies":[{"embeddable":true,"href":"https:\/\/www.esolutions.free2move.com\/eu\/fr_be\/wp-json\/wp\/v2\/comments?post=22875"}],"version-history":[{"count":0,"href":"https:\/\/www.esolutions.free2move.com\/eu\/fr_be\/wp-json\/wp\/v2\/pages\/22875\/revisions"}],"wp:attachment":[{"href":"https:\/\/www.esolutions.free2move.com\/eu\/fr_be\/wp-json\/wp\/v2\/media?parent=22875"}],"curies":[{"name":"wp","href":"https:\/\/api.w.org\/{rel}","templated":true}]}}