{"id":58743,"date":"2024-03-18T10:10:23","date_gmt":"2024-03-18T10:10:23","guid":{"rendered":"https:\/\/test.esolutions.free2move.com\/eu\/inicio\/"},"modified":"2024-06-11T13:29:01","modified_gmt":"2024-06-11T13:29:01","slug":"inicio","status":"publish","type":"page","link":"https:\/\/www.esolutions.free2move.com\/eu\/es_es\/","title":{"rendered":"Inicio"},"content":{"rendered":"<div id=\"cs-content\" class=\"cs-content\"><\/div>\n","protected":false},"excerpt":{"rendered":"<p>Charge ahead with Free2move eSolutions Simplifying the switch to electric. We are a global tech company dedicated to produce the next-generation charging stations and digital solutions to lead the way to an electryfying future. eProWallbox Smart and connected peace of mind charging eSolutions Charging Freedom of charging anywhere, anytime Productos destacadoseasyWallboxRecarga dom\u00e9stica de veh\u00edculos electricosCarga a casa sin esfuerzo\u00bfNecesitas mantener &#8230; <\/p>\n<div><a href=\"https:\/\/www.esolutions.free2move.com\/eu\/es_es\/\" class=\"more-link\">Read More<\/a><\/div>\n","protected":false},"author":1,"featured_media":0,"parent":0,"menu_order":0,"comment_status":"closed","ping_status":"closed","template":"template-blank-4.php","meta":{"_acf_changed":false,"inline_featured_image":false,"footnotes":""},"class_list":["post-58743","page","type-page","status-publish","hentry","no-post-thumbnail"],"acf":[],"yoast_head":"<!-- This site is optimized with the Yoast SEO plugin v26.7 - https:\/\/yoast.com\/wordpress\/plugins\/seo\/ -->\n<title>Free2move eSolutions: soluciones de carga de veh\u00edculos el\u00e9ctricos<\/title>\n<meta name=\"description\" content=\"Simplifica el cambio a el\u00e9ctrico: descubre estaciones de carga e infraestructura innovadoras para coches el\u00e9ctricos, tanto empresariales como dom\u00e9sticas\" \/>\n<meta name=\"robots\" content=\"index, follow, max-snippet:-1, max-image-preview:large, max-video-preview:-1\" \/>\n<link rel=\"canonical\" href=\"https:\/\/www.esolutions.free2move.com\/eu\/es_es\/\" \/>\n<meta property=\"og:locale\" content=\"es_ES\" \/>\n<meta property=\"og:type\" content=\"article\" \/>\n<meta property=\"og:title\" content=\"Free2move eSolutions: soluciones de carga de veh\u00edculos el\u00e9ctricos\" \/>\n<meta property=\"og:description\" content=\"Simplifica el cambio a el\u00e9ctrico: descubre estaciones de carga e infraestructura innovadoras para coches el\u00e9ctricos, tanto empresariales como dom\u00e9sticas\" \/>\n<meta property=\"og:url\" content=\"https:\/\/www.esolutions.free2move.com\/eu\/es_es\/\" \/>\n<meta property=\"og:site_name\" content=\"eSolution europe\" \/>\n<meta property=\"article:modified_time\" content=\"2024-06-11T13:29:01+00:00\" \/>\n<meta name=\"twitter:card\" content=\"summary_large_image\" \/>\n<meta name=\"twitter:label1\" content=\"Est. reading time\" \/>\n\t<meta name=\"twitter:data1\" content=\"3 minutes\" \/>\n<script type=\"application\/ld+json\" class=\"yoast-schema-graph\">{\"@context\":\"https:\/\/schema.org\",\"@graph\":[{\"@type\":\"WebPage\",\"@id\":\"https:\/\/www.esolutions.free2move.com\/eu\/es_es\/\",\"url\":\"https:\/\/www.esolutions.free2move.com\/eu\/es_es\/\",\"name\":\"Free2move eSolutions: soluciones de carga de veh\u00edculos el\u00e9ctricos\",\"isPartOf\":{\"@id\":\"https:\/\/www.esolutions.free2move.com\/eu\/en_def\/#website\"},\"datePublished\":\"2024-03-18T10:10:23+00:00\",\"dateModified\":\"2024-06-11T13:29:01+00:00\",\"description\":\"Simplifica el cambio a el\u00e9ctrico: descubre estaciones de carga e infraestructura innovadoras para coches el\u00e9ctricos, tanto empresariales como dom\u00e9sticas\",\"breadcrumb\":{\"@id\":\"https:\/\/www.esolutions.free2move.com\/eu\/es_es\/#breadcrumb\"},\"inLanguage\":\"es\",\"potentialAction\":[{\"@type\":\"ReadAction\",\"target\":[\"https:\/\/www.esolutions.free2move.com\/eu\/es_es\/\"]}]},{\"@type\":\"BreadcrumbList\",\"@id\":\"https:\/\/www.esolutions.free2move.com\/eu\/es_es\/#breadcrumb\",\"itemListElement\":[{\"@type\":\"ListItem\",\"position\":1,\"name\":\"Home\",\"item\":\"https:\/\/www.esolutions.free2move.com\/eu\/es_es\/\"},{\"@type\":\"ListItem\",\"position\":2,\"name\":\"Inicio\"}]},{\"@type\":\"WebSite\",\"@id\":\"https:\/\/www.esolutions.free2move.com\/eu\/en_def\/#website\",\"url\":\"https:\/\/www.esolutions.free2move.com\/eu\/en_def\/\",\"name\":\"eSolutions europe\",\"description\":\"\",\"publisher\":{\"@id\":\"https:\/\/www.esolutions.free2move.com\/eu\/en_def\/#organization\"},\"potentialAction\":[{\"@type\":\"SearchAction\",\"target\":{\"@type\":\"EntryPoint\",\"urlTemplate\":\"https:\/\/www.esolutions.free2move.com\/eu\/en_def\/?s={search_term_string}\"},\"query-input\":{\"@type\":\"PropertyValueSpecification\",\"valueRequired\":true,\"valueName\":\"search_term_string\"}}],\"inLanguage\":\"es\"},{\"@type\":\"Organization\",\"@id\":\"https:\/\/www.esolutions.free2move.com\/eu\/en_def\/#organization\",\"name\":\"eSolutions europe\",\"url\":\"https:\/\/www.esolutions.free2move.com\/eu\/en_def\/\",\"logo\":{\"@type\":\"ImageObject\",\"inLanguage\":\"es\",\"@id\":\"https:\/\/www.esolutions.free2move.com\/eu\/en_def\/#\/schema\/logo\/image\/\",\"url\":\"https:\/\/www.esolutions.free2move.com\/eu\/wp-content\/uploads\/2024\/03\/logo-f2m-horizontal-1-1-1.png\",\"contentUrl\":\"https:\/\/www.esolutions.free2move.com\/eu\/wp-content\/uploads\/2024\/03\/logo-f2m-horizontal-1-1-1.png\",\"width\":865,\"height\":218,\"caption\":\"eSolutions europe\"},\"image\":{\"@id\":\"https:\/\/www.esolutions.free2move.com\/eu\/en_def\/#\/schema\/logo\/image\/\"}}]}<\/script>\n<!-- \/ Yoast SEO plugin. -->","yoast_head_json":{"title":"Free2move eSolutions: soluciones de carga de veh\u00edculos el\u00e9ctricos","description":"Simplifica el cambio a el\u00e9ctrico: descubre estaciones de carga e infraestructura innovadoras para coches el\u00e9ctricos, tanto empresariales como dom\u00e9sticas","robots":{"index":"index","follow":"follow","max-snippet":"max-snippet:-1","max-image-preview":"max-image-preview:large","max-video-preview":"max-video-preview:-1"},"canonical":"https:\/\/www.esolutions.free2move.com\/eu\/es_es\/","og_locale":"es_ES","og_type":"article","og_title":"Free2move eSolutions: soluciones de carga de veh\u00edculos el\u00e9ctricos","og_description":"Simplifica el cambio a el\u00e9ctrico: descubre estaciones de carga e infraestructura innovadoras para coches el\u00e9ctricos, tanto empresariales como dom\u00e9sticas","og_url":"https:\/\/www.esolutions.free2move.com\/eu\/es_es\/","og_site_name":"eSolution europe","article_modified_time":"2024-06-11T13:29:01+00:00","twitter_card":"summary_large_image","twitter_misc":{"Est. reading time":"3 minutes"},"schema":{"@context":"https:\/\/schema.org","@graph":[{"@type":"WebPage","@id":"https:\/\/www.esolutions.free2move.com\/eu\/es_es\/","url":"https:\/\/www.esolutions.free2move.com\/eu\/es_es\/","name":"Free2move eSolutions: soluciones de carga de veh\u00edculos el\u00e9ctricos","isPartOf":{"@id":"https:\/\/www.esolutions.free2move.com\/eu\/en_def\/#website"},"datePublished":"2024-03-18T10:10:23+00:00","dateModified":"2024-06-11T13:29:01+00:00","description":"Simplifica el cambio a el\u00e9ctrico: descubre estaciones de carga e infraestructura innovadoras para coches el\u00e9ctricos, tanto empresariales como dom\u00e9sticas","breadcrumb":{"@id":"https:\/\/www.esolutions.free2move.com\/eu\/es_es\/#breadcrumb"},"inLanguage":"es","potentialAction":[{"@type":"ReadAction","target":["https:\/\/www.esolutions.free2move.com\/eu\/es_es\/"]}]},{"@type":"BreadcrumbList","@id":"https:\/\/www.esolutions.free2move.com\/eu\/es_es\/#breadcrumb","itemListElement":[{"@type":"ListItem","position":1,"name":"Home","item":"https:\/\/www.esolutions.free2move.com\/eu\/es_es\/"},{"@type":"ListItem","position":2,"name":"Inicio"}]},{"@type":"WebSite","@id":"https:\/\/www.esolutions.free2move.com\/eu\/en_def\/#website","url":"https:\/\/www.esolutions.free2move.com\/eu\/en_def\/","name":"eSolutions europe","description":"","publisher":{"@id":"https:\/\/www.esolutions.free2move.com\/eu\/en_def\/#organization"},"potentialAction":[{"@type":"SearchAction","target":{"@type":"EntryPoint","urlTemplate":"https:\/\/www.esolutions.free2move.com\/eu\/en_def\/?s={search_term_string}"},"query-input":{"@type":"PropertyValueSpecification","valueRequired":true,"valueName":"search_term_string"}}],"inLanguage":"es"},{"@type":"Organization","@id":"https:\/\/www.esolutions.free2move.com\/eu\/en_def\/#organization","name":"eSolutions europe","url":"https:\/\/www.esolutions.free2move.com\/eu\/en_def\/","logo":{"@type":"ImageObject","inLanguage":"es","@id":"https:\/\/www.esolutions.free2move.com\/eu\/en_def\/#\/schema\/logo\/image\/","url":"https:\/\/www.esolutions.free2move.com\/eu\/wp-content\/uploads\/2024\/03\/logo-f2m-horizontal-1-1-1.png","contentUrl":"https:\/\/www.esolutions.free2move.com\/eu\/wp-content\/uploads\/2024\/03\/logo-f2m-horizontal-1-1-1.png","width":865,"height":218,"caption":"eSolutions europe"},"image":{"@id":"https:\/\/www.esolutions.free2move.com\/eu\/en_def\/#\/schema\/logo\/image\/"}}]}},"_links":{"self":[{"href":"https:\/\/www.esolutions.free2move.com\/eu\/es_es\/wp-json\/wp\/v2\/pages\/58743","targetHints":{"allow":["GET"]}}],"collection":[{"href":"https:\/\/www.esolutions.free2move.com\/eu\/es_es\/wp-json\/wp\/v2\/pages"}],"about":[{"href":"https:\/\/www.esolutions.free2move.com\/eu\/es_es\/wp-json\/wp\/v2\/types\/page"}],"author":[{"embeddable":true,"href":"https:\/\/www.esolutions.free2move.com\/eu\/es_es\/wp-json\/wp\/v2\/users\/1"}],"replies":[{"embeddable":true,"href":"https:\/\/www.esolutions.free2move.com\/eu\/es_es\/wp-json\/wp\/v2\/comments?post=58743"}],"version-history":[{"count":0,"href":"https:\/\/www.esolutions.free2move.com\/eu\/es_es\/wp-json\/wp\/v2\/pages\/58743\/revisions"}],"wp:attachment":[{"href":"https:\/\/www.esolutions.free2move.com\/eu\/es_es\/wp-json\/wp\/v2\/media?parent=58743"}],"curies":[{"name":"wp","href":"https:\/\/api.w.org\/{rel}","templated":true}]}}