{"id":50269,"date":"2024-03-18T11:52:16","date_gmt":"2024-03-18T11:52:16","guid":{"rendered":"https:\/\/test.esolutions.free2move.com\/eu\/contactanos\/"},"modified":"2025-12-30T00:26:46","modified_gmt":"2025-12-30T00:26:46","slug":"contactanos","status":"publish","type":"page","link":"https:\/\/www.esolutions.free2move.com\/eu\/es_es\/contactanos\/","title":{"rendered":"Contacta con nosotros"},"content":{"rendered":"<div id=\"cs-content\" class=\"cs-content\"><\/div>\n","protected":false},"excerpt":{"rendered":"<p>Home Contacta con nosotrosSi tienes alguna pregunta o quieres recibir m\u00e1s informaci\u00f3n sobre Free2move eSolutions, \u00a1estamos deseando conocerte!S\u00f3lo tienes que enviarnos un correo electr\u00f3nico o llamarnos. Uno de nuestros empleados responder\u00e1 a todas tus preguntas. Contacta con nosotrosLocalizaciones MilanVia Varesina, 162, 20156 Mil\u00e1n ItaliaTur\u00ednMirafiori porta 12, C.so Orbassano 367 10137 Tur\u00edn Italia<\/p>\n","protected":false},"author":1,"featured_media":0,"parent":0,"menu_order":0,"comment_status":"closed","ping_status":"closed","template":"template-blank-4.php","meta":{"_acf_changed":false,"inline_featured_image":false,"footnotes":""},"class_list":["post-50269","page","type-page","status-publish","hentry","no-post-thumbnail"],"acf":[],"yoast_head":"<!-- This site is optimized with the Yoast SEO plugin v26.7 - https:\/\/yoast.com\/wordpress\/plugins\/seo\/ -->\n<title>Contacta con nosotros | Free2move eSolutions<\/title>\n<meta name=\"description\" content=\"Ponte en contacto con nosotros hoy mismo. Ponte en contacto con nosotros para consultas, apoyo o colaboraci\u00f3n. Estamos aqu\u00ed para ayudarte.\" \/>\n<meta name=\"robots\" content=\"index, follow, max-snippet:-1, max-image-preview:large, max-video-preview:-1\" \/>\n<link rel=\"canonical\" href=\"https:\/\/www.esolutions.free2move.com\/eu\/es_es\/contactanos\/\" \/>\n<meta property=\"og:locale\" content=\"es_ES\" \/>\n<meta property=\"og:type\" content=\"article\" \/>\n<meta property=\"og:title\" content=\"Contacta con nosotros | Free2move eSolutions\" \/>\n<meta property=\"og:description\" content=\"Ponte en contacto con nosotros hoy mismo. Ponte en contacto con nosotros para consultas, apoyo o colaboraci\u00f3n. Estamos aqu\u00ed para ayudarte.\" \/>\n<meta property=\"og:url\" content=\"https:\/\/www.esolutions.free2move.com\/eu\/es_es\/contactanos\/\" \/>\n<meta property=\"og:site_name\" content=\"eSolution europe\" \/>\n<meta property=\"article:modified_time\" content=\"2025-12-30T00:26:46+00:00\" \/>\n<meta name=\"twitter:card\" content=\"summary_large_image\" \/>\n<meta name=\"twitter:label1\" content=\"Est. reading time\" \/>\n\t<meta name=\"twitter:data1\" content=\"2 minutes\" \/>\n<script type=\"application\/ld+json\" class=\"yoast-schema-graph\">{\"@context\":\"https:\/\/schema.org\",\"@graph\":[{\"@type\":\"WebPage\",\"@id\":\"https:\/\/www.esolutions.free2move.com\/eu\/es_es\/contactanos\/\",\"url\":\"https:\/\/www.esolutions.free2move.com\/eu\/es_es\/contactanos\/\",\"name\":\"Contacta con nosotros | Free2move eSolutions\",\"isPartOf\":{\"@id\":\"https:\/\/www.esolutions.free2move.com\/eu\/en_def\/#website\"},\"datePublished\":\"2024-03-18T11:52:16+00:00\",\"dateModified\":\"2025-12-30T00:26:46+00:00\",\"description\":\"Ponte en contacto con nosotros hoy mismo. Ponte en contacto con nosotros para consultas, apoyo o colaboraci\u00f3n. Estamos aqu\u00ed para ayudarte.\",\"breadcrumb\":{\"@id\":\"https:\/\/www.esolutions.free2move.com\/eu\/es_es\/contactanos\/#breadcrumb\"},\"inLanguage\":\"es\",\"potentialAction\":[{\"@type\":\"ReadAction\",\"target\":[\"https:\/\/www.esolutions.free2move.com\/eu\/es_es\/contactanos\/\"]}]},{\"@type\":\"BreadcrumbList\",\"@id\":\"https:\/\/www.esolutions.free2move.com\/eu\/es_es\/contactanos\/#breadcrumb\",\"itemListElement\":[{\"@type\":\"ListItem\",\"position\":1,\"name\":\"Home\",\"item\":\"https:\/\/www.esolutions.free2move.com\/eu\/es_es\/\"},{\"@type\":\"ListItem\",\"position\":2,\"name\":\"Contacta con nosotros\"}]},{\"@type\":\"WebSite\",\"@id\":\"https:\/\/www.esolutions.free2move.com\/eu\/en_def\/#website\",\"url\":\"https:\/\/www.esolutions.free2move.com\/eu\/en_def\/\",\"name\":\"eSolutions europe\",\"description\":\"\",\"publisher\":{\"@id\":\"https:\/\/www.esolutions.free2move.com\/eu\/en_def\/#organization\"},\"potentialAction\":[{\"@type\":\"SearchAction\",\"target\":{\"@type\":\"EntryPoint\",\"urlTemplate\":\"https:\/\/www.esolutions.free2move.com\/eu\/en_def\/?s={search_term_string}\"},\"query-input\":{\"@type\":\"PropertyValueSpecification\",\"valueRequired\":true,\"valueName\":\"search_term_string\"}}],\"inLanguage\":\"es\"},{\"@type\":\"Organization\",\"@id\":\"https:\/\/www.esolutions.free2move.com\/eu\/en_def\/#organization\",\"name\":\"eSolutions europe\",\"url\":\"https:\/\/www.esolutions.free2move.com\/eu\/en_def\/\",\"logo\":{\"@type\":\"ImageObject\",\"inLanguage\":\"es\",\"@id\":\"https:\/\/www.esolutions.free2move.com\/eu\/en_def\/#\/schema\/logo\/image\/\",\"url\":\"https:\/\/www.esolutions.free2move.com\/eu\/wp-content\/uploads\/2024\/03\/logo-f2m-horizontal-1-1-1.png\",\"contentUrl\":\"https:\/\/www.esolutions.free2move.com\/eu\/wp-content\/uploads\/2024\/03\/logo-f2m-horizontal-1-1-1.png\",\"width\":865,\"height\":218,\"caption\":\"eSolutions europe\"},\"image\":{\"@id\":\"https:\/\/www.esolutions.free2move.com\/eu\/en_def\/#\/schema\/logo\/image\/\"}}]}<\/script>\n<!-- \/ Yoast SEO plugin. -->","yoast_head_json":{"title":"Contacta con nosotros | Free2move eSolutions","description":"Ponte en contacto con nosotros hoy mismo. Ponte en contacto con nosotros para consultas, apoyo o colaboraci\u00f3n. Estamos aqu\u00ed para ayudarte.","robots":{"index":"index","follow":"follow","max-snippet":"max-snippet:-1","max-image-preview":"max-image-preview:large","max-video-preview":"max-video-preview:-1"},"canonical":"https:\/\/www.esolutions.free2move.com\/eu\/es_es\/contactanos\/","og_locale":"es_ES","og_type":"article","og_title":"Contacta con nosotros | Free2move eSolutions","og_description":"Ponte en contacto con nosotros hoy mismo. Ponte en contacto con nosotros para consultas, apoyo o colaboraci\u00f3n. Estamos aqu\u00ed para ayudarte.","og_url":"https:\/\/www.esolutions.free2move.com\/eu\/es_es\/contactanos\/","og_site_name":"eSolution europe","article_modified_time":"2025-12-30T00:26:46+00:00","twitter_card":"summary_large_image","twitter_misc":{"Est. reading time":"2 minutes"},"schema":{"@context":"https:\/\/schema.org","@graph":[{"@type":"WebPage","@id":"https:\/\/www.esolutions.free2move.com\/eu\/es_es\/contactanos\/","url":"https:\/\/www.esolutions.free2move.com\/eu\/es_es\/contactanos\/","name":"Contacta con nosotros | Free2move eSolutions","isPartOf":{"@id":"https:\/\/www.esolutions.free2move.com\/eu\/en_def\/#website"},"datePublished":"2024-03-18T11:52:16+00:00","dateModified":"2025-12-30T00:26:46+00:00","description":"Ponte en contacto con nosotros hoy mismo. Ponte en contacto con nosotros para consultas, apoyo o colaboraci\u00f3n. Estamos aqu\u00ed para ayudarte.","breadcrumb":{"@id":"https:\/\/www.esolutions.free2move.com\/eu\/es_es\/contactanos\/#breadcrumb"},"inLanguage":"es","potentialAction":[{"@type":"ReadAction","target":["https:\/\/www.esolutions.free2move.com\/eu\/es_es\/contactanos\/"]}]},{"@type":"BreadcrumbList","@id":"https:\/\/www.esolutions.free2move.com\/eu\/es_es\/contactanos\/#breadcrumb","itemListElement":[{"@type":"ListItem","position":1,"name":"Home","item":"https:\/\/www.esolutions.free2move.com\/eu\/es_es\/"},{"@type":"ListItem","position":2,"name":"Contacta con nosotros"}]},{"@type":"WebSite","@id":"https:\/\/www.esolutions.free2move.com\/eu\/en_def\/#website","url":"https:\/\/www.esolutions.free2move.com\/eu\/en_def\/","name":"eSolutions europe","description":"","publisher":{"@id":"https:\/\/www.esolutions.free2move.com\/eu\/en_def\/#organization"},"potentialAction":[{"@type":"SearchAction","target":{"@type":"EntryPoint","urlTemplate":"https:\/\/www.esolutions.free2move.com\/eu\/en_def\/?s={search_term_string}"},"query-input":{"@type":"PropertyValueSpecification","valueRequired":true,"valueName":"search_term_string"}}],"inLanguage":"es"},{"@type":"Organization","@id":"https:\/\/www.esolutions.free2move.com\/eu\/en_def\/#organization","name":"eSolutions europe","url":"https:\/\/www.esolutions.free2move.com\/eu\/en_def\/","logo":{"@type":"ImageObject","inLanguage":"es","@id":"https:\/\/www.esolutions.free2move.com\/eu\/en_def\/#\/schema\/logo\/image\/","url":"https:\/\/www.esolutions.free2move.com\/eu\/wp-content\/uploads\/2024\/03\/logo-f2m-horizontal-1-1-1.png","contentUrl":"https:\/\/www.esolutions.free2move.com\/eu\/wp-content\/uploads\/2024\/03\/logo-f2m-horizontal-1-1-1.png","width":865,"height":218,"caption":"eSolutions europe"},"image":{"@id":"https:\/\/www.esolutions.free2move.com\/eu\/en_def\/#\/schema\/logo\/image\/"}}]}},"_links":{"self":[{"href":"https:\/\/www.esolutions.free2move.com\/eu\/es_es\/wp-json\/wp\/v2\/pages\/50269","targetHints":{"allow":["GET"]}}],"collection":[{"href":"https:\/\/www.esolutions.free2move.com\/eu\/es_es\/wp-json\/wp\/v2\/pages"}],"about":[{"href":"https:\/\/www.esolutions.free2move.com\/eu\/es_es\/wp-json\/wp\/v2\/types\/page"}],"author":[{"embeddable":true,"href":"https:\/\/www.esolutions.free2move.com\/eu\/es_es\/wp-json\/wp\/v2\/users\/1"}],"replies":[{"embeddable":true,"href":"https:\/\/www.esolutions.free2move.com\/eu\/es_es\/wp-json\/wp\/v2\/comments?post=50269"}],"version-history":[{"count":0,"href":"https:\/\/www.esolutions.free2move.com\/eu\/es_es\/wp-json\/wp\/v2\/pages\/50269\/revisions"}],"wp:attachment":[{"href":"https:\/\/www.esolutions.free2move.com\/eu\/es_es\/wp-json\/wp\/v2\/media?parent=50269"}],"curies":[{"name":"wp","href":"https:\/\/api.w.org\/{rel}","templated":true}]}}