{"id":50267,"date":"2024-03-18T13:17:47","date_gmt":"2024-03-18T13:17:47","guid":{"rendered":"https:\/\/test.esolutions.free2move.com\/eu\/proyecto-drossone-v2g\/"},"modified":"2024-03-18T13:17:47","modified_gmt":"2024-03-18T13:17:47","slug":"proyecto-drossone-v2g","status":"publish","type":"page","link":"https:\/\/www.esolutions.free2move.com\/eu\/es_es\/proyecto-drossone-v2g\/","title":{"rendered":"PROYECTO DROSSONE V2G"},"content":{"rendered":"<div id=\"cs-content\" class=\"cs-content\"><\/div>\n","protected":false},"excerpt":{"rendered":"<p>Home PROYECTO DROSSONE V2GEl proyecto DrossOne V2G Parking es un sistema de veh\u00edculo a red (V2G) a gran escala con almacenamiento de energ\u00eda integrado desarrollado con el apoyo del Fondo de Innovaci\u00f3n de la Comisi\u00f3n Europea. El proyecto DrossOne est\u00e1 situado en Mirafiori (Tur\u00edn, Italia) y ha sido desarrollado por Free2move eSolutions y Stellantis.Aparcamiento DrossOne V2GGA n \u00b0 101038849 &#8211; &#8230; <\/p>\n<div><a href=\"https:\/\/www.esolutions.free2move.com\/eu\/es_es\/proyecto-drossone-v2g\/\" class=\"more-link\">Read More<\/a><\/div>\n","protected":false},"author":1,"featured_media":0,"parent":0,"menu_order":0,"comment_status":"closed","ping_status":"closed","template":"template-blank-4.php","meta":{"_acf_changed":false,"inline_featured_image":false,"footnotes":""},"class_list":["post-50267","page","type-page","status-publish","hentry","no-post-thumbnail"],"acf":[],"yoast_head":"<!-- This site is optimized with the Yoast SEO plugin v26.7 - https:\/\/yoast.com\/wordpress\/plugins\/seo\/ -->\n<title>PROYECTO DROSSONE V2G | Free2move eSolutions<\/title>\n<meta name=\"description\" content=\"El proyecto DrossOne V2G Parking es un sistema de veh\u00edculo a red (V2G) a gran escala con almacenamiento de energ\u00eda integrado desarrollado con el apoyo del Fondo de Innovaci\u00f3n de la Comisi\u00f3n Europea. El proyecto DrossOne est\u00e1 ubicado en Mirafiori, Tur\u00edn, Italia y est\u00e1 desarrollado por Free2move eSolutions y Stellantis.\" \/>\n<meta name=\"robots\" content=\"index, follow, max-snippet:-1, max-image-preview:large, max-video-preview:-1\" \/>\n<link rel=\"canonical\" href=\"https:\/\/www.esolutions.free2move.com\/eu\/en_def\/drossone-v2g-project\/\" \/>\n<meta property=\"og:locale\" content=\"es_ES\" \/>\n<meta property=\"og:type\" content=\"article\" \/>\n<meta property=\"og:title\" content=\"PROYECTO DROSSONE V2G | Free2move eSolutions\" \/>\n<meta property=\"og:description\" content=\"El proyecto DrossOne V2G Parking es un sistema de veh\u00edculo a red (V2G) a gran escala con almacenamiento de energ\u00eda integrado desarrollado con el apoyo del Fondo de Innovaci\u00f3n de la Comisi\u00f3n Europea. El proyecto DrossOne est\u00e1 ubicado en Mirafiori, Tur\u00edn, Italia y est\u00e1 desarrollado por Free2move eSolutions y Stellantis.\" \/>\n<meta property=\"og:url\" content=\"https:\/\/www.esolutions.free2move.com\/eu\/en_def\/drossone-v2g-project\/\" \/>\n<meta property=\"og:site_name\" content=\"eSolution europe\" \/>\n<meta name=\"twitter:card\" content=\"summary_large_image\" \/>\n<meta name=\"twitter:label1\" content=\"Est. reading time\" \/>\n\t<meta name=\"twitter:data1\" content=\"4 minutes\" \/>\n<script type=\"application\/ld+json\" class=\"yoast-schema-graph\">{\"@context\":\"https:\/\/schema.org\",\"@graph\":[{\"@type\":\"WebPage\",\"@id\":\"https:\/\/www.esolutions.free2move.com\/eu\/en_def\/drossone-v2g-project\/\",\"url\":\"https:\/\/www.esolutions.free2move.com\/eu\/en_def\/drossone-v2g-project\/\",\"name\":\"PROYECTO DROSSONE V2G | Free2move eSolutions\",\"isPartOf\":{\"@id\":\"https:\/\/www.esolutions.free2move.com\/eu\/en_def\/#website\"},\"datePublished\":\"2024-03-18T13:17:47+00:00\",\"description\":\"El proyecto DrossOne V2G Parking es un sistema de veh\u00edculo a red (V2G) a gran escala con almacenamiento de energ\u00eda integrado desarrollado con el apoyo del Fondo de Innovaci\u00f3n de la Comisi\u00f3n Europea. El proyecto DrossOne est\u00e1 ubicado en Mirafiori, Tur\u00edn, Italia y est\u00e1 desarrollado por Free2move eSolutions y Stellantis.\",\"breadcrumb\":{\"@id\":\"https:\/\/www.esolutions.free2move.com\/eu\/en_def\/drossone-v2g-project\/#breadcrumb\"},\"inLanguage\":\"es\",\"potentialAction\":[{\"@type\":\"ReadAction\",\"target\":[\"https:\/\/www.esolutions.free2move.com\/eu\/en_def\/drossone-v2g-project\/\"]}]},{\"@type\":\"BreadcrumbList\",\"@id\":\"https:\/\/www.esolutions.free2move.com\/eu\/en_def\/drossone-v2g-project\/#breadcrumb\",\"itemListElement\":[{\"@type\":\"ListItem\",\"position\":1,\"name\":\"Home\",\"item\":\"https:\/\/www.esolutions.free2move.com\/eu\/es_es\/\"},{\"@type\":\"ListItem\",\"position\":2,\"name\":\"PROYECTO DROSSONE V2G\"}]},{\"@type\":\"WebSite\",\"@id\":\"https:\/\/www.esolutions.free2move.com\/eu\/en_def\/#website\",\"url\":\"https:\/\/www.esolutions.free2move.com\/eu\/en_def\/\",\"name\":\"eSolutions europe\",\"description\":\"\",\"publisher\":{\"@id\":\"https:\/\/www.esolutions.free2move.com\/eu\/en_def\/#organization\"},\"potentialAction\":[{\"@type\":\"SearchAction\",\"target\":{\"@type\":\"EntryPoint\",\"urlTemplate\":\"https:\/\/www.esolutions.free2move.com\/eu\/en_def\/?s={search_term_string}\"},\"query-input\":{\"@type\":\"PropertyValueSpecification\",\"valueRequired\":true,\"valueName\":\"search_term_string\"}}],\"inLanguage\":\"es\"},{\"@type\":\"Organization\",\"@id\":\"https:\/\/www.esolutions.free2move.com\/eu\/en_def\/#organization\",\"name\":\"eSolutions europe\",\"url\":\"https:\/\/www.esolutions.free2move.com\/eu\/en_def\/\",\"logo\":{\"@type\":\"ImageObject\",\"inLanguage\":\"es\",\"@id\":\"https:\/\/www.esolutions.free2move.com\/eu\/en_def\/#\/schema\/logo\/image\/\",\"url\":\"https:\/\/www.esolutions.free2move.com\/eu\/wp-content\/uploads\/2024\/03\/logo-f2m-horizontal-1-1-1.png\",\"contentUrl\":\"https:\/\/www.esolutions.free2move.com\/eu\/wp-content\/uploads\/2024\/03\/logo-f2m-horizontal-1-1-1.png\",\"width\":865,\"height\":218,\"caption\":\"eSolutions europe\"},\"image\":{\"@id\":\"https:\/\/www.esolutions.free2move.com\/eu\/en_def\/#\/schema\/logo\/image\/\"}}]}<\/script>\n<!-- \/ Yoast SEO plugin. -->","yoast_head_json":{"title":"PROYECTO DROSSONE V2G | Free2move eSolutions","description":"El proyecto DrossOne V2G Parking es un sistema de veh\u00edculo a red (V2G) a gran escala con almacenamiento de energ\u00eda integrado desarrollado con el apoyo del Fondo de Innovaci\u00f3n de la Comisi\u00f3n Europea. El proyecto DrossOne est\u00e1 ubicado en Mirafiori, Tur\u00edn, Italia y est\u00e1 desarrollado por Free2move eSolutions y Stellantis.","robots":{"index":"index","follow":"follow","max-snippet":"max-snippet:-1","max-image-preview":"max-image-preview:large","max-video-preview":"max-video-preview:-1"},"canonical":"https:\/\/www.esolutions.free2move.com\/eu\/en_def\/drossone-v2g-project\/","og_locale":"es_ES","og_type":"article","og_title":"PROYECTO DROSSONE V2G | Free2move eSolutions","og_description":"El proyecto DrossOne V2G Parking es un sistema de veh\u00edculo a red (V2G) a gran escala con almacenamiento de energ\u00eda integrado desarrollado con el apoyo del Fondo de Innovaci\u00f3n de la Comisi\u00f3n Europea. El proyecto DrossOne est\u00e1 ubicado en Mirafiori, Tur\u00edn, Italia y est\u00e1 desarrollado por Free2move eSolutions y Stellantis.","og_url":"https:\/\/www.esolutions.free2move.com\/eu\/en_def\/drossone-v2g-project\/","og_site_name":"eSolution europe","twitter_card":"summary_large_image","twitter_misc":{"Est. reading time":"4 minutes"},"schema":{"@context":"https:\/\/schema.org","@graph":[{"@type":"WebPage","@id":"https:\/\/www.esolutions.free2move.com\/eu\/en_def\/drossone-v2g-project\/","url":"https:\/\/www.esolutions.free2move.com\/eu\/en_def\/drossone-v2g-project\/","name":"PROYECTO DROSSONE V2G | Free2move eSolutions","isPartOf":{"@id":"https:\/\/www.esolutions.free2move.com\/eu\/en_def\/#website"},"datePublished":"2024-03-18T13:17:47+00:00","description":"El proyecto DrossOne V2G Parking es un sistema de veh\u00edculo a red (V2G) a gran escala con almacenamiento de energ\u00eda integrado desarrollado con el apoyo del Fondo de Innovaci\u00f3n de la Comisi\u00f3n Europea. El proyecto DrossOne est\u00e1 ubicado en Mirafiori, Tur\u00edn, Italia y est\u00e1 desarrollado por Free2move eSolutions y Stellantis.","breadcrumb":{"@id":"https:\/\/www.esolutions.free2move.com\/eu\/en_def\/drossone-v2g-project\/#breadcrumb"},"inLanguage":"es","potentialAction":[{"@type":"ReadAction","target":["https:\/\/www.esolutions.free2move.com\/eu\/en_def\/drossone-v2g-project\/"]}]},{"@type":"BreadcrumbList","@id":"https:\/\/www.esolutions.free2move.com\/eu\/en_def\/drossone-v2g-project\/#breadcrumb","itemListElement":[{"@type":"ListItem","position":1,"name":"Home","item":"https:\/\/www.esolutions.free2move.com\/eu\/es_es\/"},{"@type":"ListItem","position":2,"name":"PROYECTO DROSSONE V2G"}]},{"@type":"WebSite","@id":"https:\/\/www.esolutions.free2move.com\/eu\/en_def\/#website","url":"https:\/\/www.esolutions.free2move.com\/eu\/en_def\/","name":"eSolutions europe","description":"","publisher":{"@id":"https:\/\/www.esolutions.free2move.com\/eu\/en_def\/#organization"},"potentialAction":[{"@type":"SearchAction","target":{"@type":"EntryPoint","urlTemplate":"https:\/\/www.esolutions.free2move.com\/eu\/en_def\/?s={search_term_string}"},"query-input":{"@type":"PropertyValueSpecification","valueRequired":true,"valueName":"search_term_string"}}],"inLanguage":"es"},{"@type":"Organization","@id":"https:\/\/www.esolutions.free2move.com\/eu\/en_def\/#organization","name":"eSolutions europe","url":"https:\/\/www.esolutions.free2move.com\/eu\/en_def\/","logo":{"@type":"ImageObject","inLanguage":"es","@id":"https:\/\/www.esolutions.free2move.com\/eu\/en_def\/#\/schema\/logo\/image\/","url":"https:\/\/www.esolutions.free2move.com\/eu\/wp-content\/uploads\/2024\/03\/logo-f2m-horizontal-1-1-1.png","contentUrl":"https:\/\/www.esolutions.free2move.com\/eu\/wp-content\/uploads\/2024\/03\/logo-f2m-horizontal-1-1-1.png","width":865,"height":218,"caption":"eSolutions europe"},"image":{"@id":"https:\/\/www.esolutions.free2move.com\/eu\/en_def\/#\/schema\/logo\/image\/"}}]}},"_links":{"self":[{"href":"https:\/\/www.esolutions.free2move.com\/eu\/es_es\/wp-json\/wp\/v2\/pages\/50267","targetHints":{"allow":["GET"]}}],"collection":[{"href":"https:\/\/www.esolutions.free2move.com\/eu\/es_es\/wp-json\/wp\/v2\/pages"}],"about":[{"href":"https:\/\/www.esolutions.free2move.com\/eu\/es_es\/wp-json\/wp\/v2\/types\/page"}],"author":[{"embeddable":true,"href":"https:\/\/www.esolutions.free2move.com\/eu\/es_es\/wp-json\/wp\/v2\/users\/1"}],"replies":[{"embeddable":true,"href":"https:\/\/www.esolutions.free2move.com\/eu\/es_es\/wp-json\/wp\/v2\/comments?post=50267"}],"version-history":[{"count":0,"href":"https:\/\/www.esolutions.free2move.com\/eu\/es_es\/wp-json\/wp\/v2\/pages\/50267\/revisions"}],"wp:attachment":[{"href":"https:\/\/www.esolutions.free2move.com\/eu\/es_es\/wp-json\/wp\/v2\/media?parent=50267"}],"curies":[{"name":"wp","href":"https:\/\/api.w.org\/{rel}","templated":true}]}}