{"id":50257,"date":"2024-03-18T16:11:37","date_gmt":"2024-03-18T16:11:37","guid":{"rendered":"https:\/\/test.esolutions.free2move.com\/eu\/recarga-de-coches-electricos-para-empresas\/"},"modified":"2024-06-11T13:38:32","modified_gmt":"2024-06-11T13:38:32","slug":"recarga-de-coches-electricos-para-empresas","status":"publish","type":"page","link":"https:\/\/www.esolutions.free2move.com\/eu\/es_es\/recarga-de-coches-electricos-para-empresas\/","title":{"rendered":"Recarga para empresas"},"content":{"rendered":"<div id=\"cs-content\" class=\"cs-content\"><\/div>\n","protected":false},"excerpt":{"rendered":"<p>Home Recarga para empresasPotencie su negocio con soluciones de recarga de veh\u00edculos el\u00e9ctricos sin fisuras.Dise\u00f1amos, instalamos y gestionamos soluciones de carga de \u00faltima generaci\u00f3n para empresas, que le permiten ofrecer c\u00f3modas opciones de carga a sus empleados, clientes y veh\u00edculos de flota.Explore nuestra gama de productos para encontrar el que mejor se adapte a las necesidades de su empresa.Soluciones de &#8230; <\/p>\n<div><a href=\"https:\/\/www.esolutions.free2move.com\/eu\/es_es\/recarga-de-coches-electricos-para-empresas\/\" class=\"more-link\">Read More<\/a><\/div>\n","protected":false},"author":1,"featured_media":0,"parent":0,"menu_order":0,"comment_status":"closed","ping_status":"closed","template":"template-blank-4.php","meta":{"_acf_changed":false,"inline_featured_image":false,"footnotes":""},"class_list":["post-50257","page","type-page","status-publish","hentry","no-post-thumbnail"],"acf":[],"yoast_head":"<!-- This site is optimized with the Yoast SEO plugin v26.7 - https:\/\/yoast.com\/wordpress\/plugins\/seo\/ -->\n<title>Recarga para empresas | Free2move eSolution<\/title>\n<meta name=\"description\" content=\"Explora nuestras soluciones de recarga de VE para empresas. Instalaci\u00f3n f\u00e1cil, funciones inteligentes y rendimiento fiable. \u00a1Empieza hoy!\" \/>\n<meta name=\"robots\" content=\"index, follow, max-snippet:-1, max-image-preview:large, max-video-preview:-1\" \/>\n<link rel=\"canonical\" href=\"https:\/\/www.esolutions.free2move.com\/eu\/es_es\/recarga-de-coches-electricos-para-empresas\/\" \/>\n<meta property=\"og:locale\" content=\"es_ES\" \/>\n<meta property=\"og:type\" content=\"article\" \/>\n<meta property=\"og:title\" content=\"Recarga para empresas | Free2move eSolution\" \/>\n<meta property=\"og:description\" content=\"Explora nuestras soluciones de recarga de VE para empresas. Instalaci\u00f3n f\u00e1cil, funciones inteligentes y rendimiento fiable. \u00a1Empieza hoy!\" \/>\n<meta property=\"og:url\" content=\"https:\/\/www.esolutions.free2move.com\/eu\/es_es\/recarga-de-coches-electricos-para-empresas\/\" \/>\n<meta property=\"og:site_name\" content=\"eSolution europe\" \/>\n<meta property=\"article:modified_time\" content=\"2024-06-11T13:38:32+00:00\" \/>\n<meta name=\"twitter:card\" content=\"summary_large_image\" \/>\n<meta name=\"twitter:label1\" content=\"Est. reading time\" \/>\n\t<meta name=\"twitter:data1\" content=\"7 minutes\" \/>\n<script type=\"application\/ld+json\" class=\"yoast-schema-graph\">{\"@context\":\"https:\/\/schema.org\",\"@graph\":[{\"@type\":\"WebPage\",\"@id\":\"https:\/\/www.esolutions.free2move.com\/eu\/es_es\/recarga-de-coches-electricos-para-empresas\/\",\"url\":\"https:\/\/www.esolutions.free2move.com\/eu\/es_es\/recarga-de-coches-electricos-para-empresas\/\",\"name\":\"Recarga para empresas | Free2move eSolution\",\"isPartOf\":{\"@id\":\"https:\/\/www.esolutions.free2move.com\/eu\/en_def\/#website\"},\"datePublished\":\"2024-03-18T16:11:37+00:00\",\"dateModified\":\"2024-06-11T13:38:32+00:00\",\"description\":\"Explora nuestras soluciones de recarga de VE para empresas. Instalaci\u00f3n f\u00e1cil, funciones inteligentes y rendimiento fiable. \u00a1Empieza hoy!\",\"breadcrumb\":{\"@id\":\"https:\/\/www.esolutions.free2move.com\/eu\/es_es\/recarga-de-coches-electricos-para-empresas\/#breadcrumb\"},\"inLanguage\":\"es\",\"potentialAction\":[{\"@type\":\"ReadAction\",\"target\":[\"https:\/\/www.esolutions.free2move.com\/eu\/es_es\/recarga-de-coches-electricos-para-empresas\/\"]}]},{\"@type\":\"BreadcrumbList\",\"@id\":\"https:\/\/www.esolutions.free2move.com\/eu\/es_es\/recarga-de-coches-electricos-para-empresas\/#breadcrumb\",\"itemListElement\":[{\"@type\":\"ListItem\",\"position\":1,\"name\":\"Home\",\"item\":\"https:\/\/www.esolutions.free2move.com\/eu\/es_es\/\"},{\"@type\":\"ListItem\",\"position\":2,\"name\":\"Recarga para empresas\"}]},{\"@type\":\"WebSite\",\"@id\":\"https:\/\/www.esolutions.free2move.com\/eu\/en_def\/#website\",\"url\":\"https:\/\/www.esolutions.free2move.com\/eu\/en_def\/\",\"name\":\"eSolutions europe\",\"description\":\"\",\"publisher\":{\"@id\":\"https:\/\/www.esolutions.free2move.com\/eu\/en_def\/#organization\"},\"potentialAction\":[{\"@type\":\"SearchAction\",\"target\":{\"@type\":\"EntryPoint\",\"urlTemplate\":\"https:\/\/www.esolutions.free2move.com\/eu\/en_def\/?s={search_term_string}\"},\"query-input\":{\"@type\":\"PropertyValueSpecification\",\"valueRequired\":true,\"valueName\":\"search_term_string\"}}],\"inLanguage\":\"es\"},{\"@type\":\"Organization\",\"@id\":\"https:\/\/www.esolutions.free2move.com\/eu\/en_def\/#organization\",\"name\":\"eSolutions europe\",\"url\":\"https:\/\/www.esolutions.free2move.com\/eu\/en_def\/\",\"logo\":{\"@type\":\"ImageObject\",\"inLanguage\":\"es\",\"@id\":\"https:\/\/www.esolutions.free2move.com\/eu\/en_def\/#\/schema\/logo\/image\/\",\"url\":\"https:\/\/www.esolutions.free2move.com\/eu\/wp-content\/uploads\/2024\/03\/logo-f2m-horizontal-1-1-1.png\",\"contentUrl\":\"https:\/\/www.esolutions.free2move.com\/eu\/wp-content\/uploads\/2024\/03\/logo-f2m-horizontal-1-1-1.png\",\"width\":865,\"height\":218,\"caption\":\"eSolutions europe\"},\"image\":{\"@id\":\"https:\/\/www.esolutions.free2move.com\/eu\/en_def\/#\/schema\/logo\/image\/\"}}]}<\/script>\n<!-- \/ Yoast SEO plugin. -->","yoast_head_json":{"title":"Recarga para empresas | Free2move eSolution","description":"Explora nuestras soluciones de recarga de VE para empresas. Instalaci\u00f3n f\u00e1cil, funciones inteligentes y rendimiento fiable. \u00a1Empieza hoy!","robots":{"index":"index","follow":"follow","max-snippet":"max-snippet:-1","max-image-preview":"max-image-preview:large","max-video-preview":"max-video-preview:-1"},"canonical":"https:\/\/www.esolutions.free2move.com\/eu\/es_es\/recarga-de-coches-electricos-para-empresas\/","og_locale":"es_ES","og_type":"article","og_title":"Recarga para empresas | Free2move eSolution","og_description":"Explora nuestras soluciones de recarga de VE para empresas. Instalaci\u00f3n f\u00e1cil, funciones inteligentes y rendimiento fiable. \u00a1Empieza hoy!","og_url":"https:\/\/www.esolutions.free2move.com\/eu\/es_es\/recarga-de-coches-electricos-para-empresas\/","og_site_name":"eSolution europe","article_modified_time":"2024-06-11T13:38:32+00:00","twitter_card":"summary_large_image","twitter_misc":{"Est. reading time":"7 minutes"},"schema":{"@context":"https:\/\/schema.org","@graph":[{"@type":"WebPage","@id":"https:\/\/www.esolutions.free2move.com\/eu\/es_es\/recarga-de-coches-electricos-para-empresas\/","url":"https:\/\/www.esolutions.free2move.com\/eu\/es_es\/recarga-de-coches-electricos-para-empresas\/","name":"Recarga para empresas | Free2move eSolution","isPartOf":{"@id":"https:\/\/www.esolutions.free2move.com\/eu\/en_def\/#website"},"datePublished":"2024-03-18T16:11:37+00:00","dateModified":"2024-06-11T13:38:32+00:00","description":"Explora nuestras soluciones de recarga de VE para empresas. Instalaci\u00f3n f\u00e1cil, funciones inteligentes y rendimiento fiable. \u00a1Empieza hoy!","breadcrumb":{"@id":"https:\/\/www.esolutions.free2move.com\/eu\/es_es\/recarga-de-coches-electricos-para-empresas\/#breadcrumb"},"inLanguage":"es","potentialAction":[{"@type":"ReadAction","target":["https:\/\/www.esolutions.free2move.com\/eu\/es_es\/recarga-de-coches-electricos-para-empresas\/"]}]},{"@type":"BreadcrumbList","@id":"https:\/\/www.esolutions.free2move.com\/eu\/es_es\/recarga-de-coches-electricos-para-empresas\/#breadcrumb","itemListElement":[{"@type":"ListItem","position":1,"name":"Home","item":"https:\/\/www.esolutions.free2move.com\/eu\/es_es\/"},{"@type":"ListItem","position":2,"name":"Recarga para empresas"}]},{"@type":"WebSite","@id":"https:\/\/www.esolutions.free2move.com\/eu\/en_def\/#website","url":"https:\/\/www.esolutions.free2move.com\/eu\/en_def\/","name":"eSolutions europe","description":"","publisher":{"@id":"https:\/\/www.esolutions.free2move.com\/eu\/en_def\/#organization"},"potentialAction":[{"@type":"SearchAction","target":{"@type":"EntryPoint","urlTemplate":"https:\/\/www.esolutions.free2move.com\/eu\/en_def\/?s={search_term_string}"},"query-input":{"@type":"PropertyValueSpecification","valueRequired":true,"valueName":"search_term_string"}}],"inLanguage":"es"},{"@type":"Organization","@id":"https:\/\/www.esolutions.free2move.com\/eu\/en_def\/#organization","name":"eSolutions europe","url":"https:\/\/www.esolutions.free2move.com\/eu\/en_def\/","logo":{"@type":"ImageObject","inLanguage":"es","@id":"https:\/\/www.esolutions.free2move.com\/eu\/en_def\/#\/schema\/logo\/image\/","url":"https:\/\/www.esolutions.free2move.com\/eu\/wp-content\/uploads\/2024\/03\/logo-f2m-horizontal-1-1-1.png","contentUrl":"https:\/\/www.esolutions.free2move.com\/eu\/wp-content\/uploads\/2024\/03\/logo-f2m-horizontal-1-1-1.png","width":865,"height":218,"caption":"eSolutions europe"},"image":{"@id":"https:\/\/www.esolutions.free2move.com\/eu\/en_def\/#\/schema\/logo\/image\/"}}]}},"_links":{"self":[{"href":"https:\/\/www.esolutions.free2move.com\/eu\/es_es\/wp-json\/wp\/v2\/pages\/50257","targetHints":{"allow":["GET"]}}],"collection":[{"href":"https:\/\/www.esolutions.free2move.com\/eu\/es_es\/wp-json\/wp\/v2\/pages"}],"about":[{"href":"https:\/\/www.esolutions.free2move.com\/eu\/es_es\/wp-json\/wp\/v2\/types\/page"}],"author":[{"embeddable":true,"href":"https:\/\/www.esolutions.free2move.com\/eu\/es_es\/wp-json\/wp\/v2\/users\/1"}],"replies":[{"embeddable":true,"href":"https:\/\/www.esolutions.free2move.com\/eu\/es_es\/wp-json\/wp\/v2\/comments?post=50257"}],"version-history":[{"count":0,"href":"https:\/\/www.esolutions.free2move.com\/eu\/es_es\/wp-json\/wp\/v2\/pages\/50257\/revisions"}],"wp:attachment":[{"href":"https:\/\/www.esolutions.free2move.com\/eu\/es_es\/wp-json\/wp\/v2\/media?parent=50257"}],"curies":[{"name":"wp","href":"https:\/\/api.w.org\/{rel}","templated":true}]}}