{"id":50254,"date":"2024-03-18T17:33:34","date_gmt":"2024-03-18T17:33:34","guid":{"rendered":"https:\/\/test.esolutions.free2move.com\/eu\/eprowallbox\/"},"modified":"2024-03-18T17:33:34","modified_gmt":"2024-03-18T17:33:34","slug":"eprowallbox","status":"publish","type":"page","link":"https:\/\/www.esolutions.free2move.com\/eu\/es_es\/recarga-de-coches-electricos-para-empresas\/eprowallbox\/","title":{"rendered":"eProWallbox"},"content":{"rendered":"<div id=\"cs-content\" class=\"cs-content\"><\/div>\n","protected":false},"excerpt":{"rendered":"<p>Home eProWallbox MoveeProWallbox Move: carga eficaz y fiableActualiza la carga de tu VE con eProWallbox Move: eficiente, inteligente y adaptable a las necesidades del hogar o de la flota, con una potencia de hasta 22 kW. Sincroniza sin esfuerzo con la aplicaci\u00f3n eSolutions Charging para supervisar y gestionar sin problemas las sesiones de carga. Experimenta el futuro de la recarga &#8230; <\/p>\n<div><a href=\"https:\/\/www.esolutions.free2move.com\/eu\/es_es\/recarga-de-coches-electricos-para-empresas\/eprowallbox\/\" class=\"more-link\">Read More<\/a><\/div>\n","protected":false},"author":1,"featured_media":0,"parent":50257,"menu_order":0,"comment_status":"closed","ping_status":"closed","template":"template-blank-4.php","meta":{"_acf_changed":false,"inline_featured_image":false,"footnotes":""},"class_list":["post-50254","page","type-page","status-publish","hentry","no-post-thumbnail"],"acf":[],"yoast_head":"<!-- This site is optimized with the Yoast SEO plugin v26.7 - https:\/\/yoast.com\/wordpress\/plugins\/seo\/ -->\n<title>eProWallbox | Free2move eSolution<\/title>\n<meta name=\"description\" content=\"Accede a especificaciones t\u00e9cnicas, gu\u00edas de instalaci\u00f3n y folletos de nuestra eProWallbox Move en nuestra completa biblioteca.\" \/>\n<meta name=\"robots\" content=\"index, follow, max-snippet:-1, max-image-preview:large, max-video-preview:-1\" \/>\n<link rel=\"canonical\" href=\"https:\/\/www.esolutions.free2move.com\/eu\/es_es\/recarga-de-coches-electricos-para-empresas\/eprowallbox\/\" \/>\n<meta property=\"og:locale\" content=\"es_ES\" \/>\n<meta property=\"og:type\" content=\"article\" \/>\n<meta property=\"og:title\" content=\"eProWallbox | Free2move eSolution\" \/>\n<meta property=\"og:description\" content=\"Accede a especificaciones t\u00e9cnicas, gu\u00edas de instalaci\u00f3n y folletos de nuestra eProWallbox Move en nuestra completa biblioteca.\" \/>\n<meta property=\"og:url\" content=\"https:\/\/www.esolutions.free2move.com\/eu\/es_es\/recarga-de-coches-electricos-para-empresas\/eprowallbox\/\" \/>\n<meta property=\"og:site_name\" content=\"eSolution europe\" \/>\n<meta name=\"twitter:card\" content=\"summary_large_image\" \/>\n<meta name=\"twitter:label1\" content=\"Est. reading time\" \/>\n\t<meta name=\"twitter:data1\" content=\"9 minutes\" \/>\n<script type=\"application\/ld+json\" class=\"yoast-schema-graph\">{\"@context\":\"https:\/\/schema.org\",\"@graph\":[{\"@type\":\"WebPage\",\"@id\":\"https:\/\/www.esolutions.free2move.com\/eu\/es_es\/recarga-de-coches-electricos-para-empresas\/eprowallbox\/\",\"url\":\"https:\/\/www.esolutions.free2move.com\/eu\/es_es\/recarga-de-coches-electricos-para-empresas\/eprowallbox\/\",\"name\":\"eProWallbox | Free2move eSolution\",\"isPartOf\":{\"@id\":\"https:\/\/www.esolutions.free2move.com\/eu\/en_def\/#website\"},\"datePublished\":\"2024-03-18T17:33:34+00:00\",\"description\":\"Accede a especificaciones t\u00e9cnicas, gu\u00edas de instalaci\u00f3n y folletos de nuestra eProWallbox Move en nuestra completa biblioteca.\",\"breadcrumb\":{\"@id\":\"https:\/\/www.esolutions.free2move.com\/eu\/es_es\/recarga-de-coches-electricos-para-empresas\/eprowallbox\/#breadcrumb\"},\"inLanguage\":\"es\",\"potentialAction\":[{\"@type\":\"ReadAction\",\"target\":[\"https:\/\/www.esolutions.free2move.com\/eu\/es_es\/recarga-de-coches-electricos-para-empresas\/eprowallbox\/\"]}]},{\"@type\":\"BreadcrumbList\",\"@id\":\"https:\/\/www.esolutions.free2move.com\/eu\/es_es\/recarga-de-coches-electricos-para-empresas\/eprowallbox\/#breadcrumb\",\"itemListElement\":[{\"@type\":\"ListItem\",\"position\":1,\"name\":\"Home\",\"item\":\"https:\/\/www.esolutions.free2move.com\/eu\/es_es\/\"},{\"@type\":\"ListItem\",\"position\":2,\"name\":\"Recarga para empresas\",\"item\":\"https:\/\/www.esolutions.free2move.com\/eu\/es_es\/recarga-de-coches-electricos-para-empresas\/\"},{\"@type\":\"ListItem\",\"position\":3,\"name\":\"eProWallbox\"}]},{\"@type\":\"WebSite\",\"@id\":\"https:\/\/www.esolutions.free2move.com\/eu\/en_def\/#website\",\"url\":\"https:\/\/www.esolutions.free2move.com\/eu\/en_def\/\",\"name\":\"eSolutions europe\",\"description\":\"\",\"publisher\":{\"@id\":\"https:\/\/www.esolutions.free2move.com\/eu\/en_def\/#organization\"},\"potentialAction\":[{\"@type\":\"SearchAction\",\"target\":{\"@type\":\"EntryPoint\",\"urlTemplate\":\"https:\/\/www.esolutions.free2move.com\/eu\/en_def\/?s={search_term_string}\"},\"query-input\":{\"@type\":\"PropertyValueSpecification\",\"valueRequired\":true,\"valueName\":\"search_term_string\"}}],\"inLanguage\":\"es\"},{\"@type\":\"Organization\",\"@id\":\"https:\/\/www.esolutions.free2move.com\/eu\/en_def\/#organization\",\"name\":\"eSolutions europe\",\"url\":\"https:\/\/www.esolutions.free2move.com\/eu\/en_def\/\",\"logo\":{\"@type\":\"ImageObject\",\"inLanguage\":\"es\",\"@id\":\"https:\/\/www.esolutions.free2move.com\/eu\/en_def\/#\/schema\/logo\/image\/\",\"url\":\"https:\/\/www.esolutions.free2move.com\/eu\/wp-content\/uploads\/2024\/03\/logo-f2m-horizontal-1-1-1.png\",\"contentUrl\":\"https:\/\/www.esolutions.free2move.com\/eu\/wp-content\/uploads\/2024\/03\/logo-f2m-horizontal-1-1-1.png\",\"width\":865,\"height\":218,\"caption\":\"eSolutions europe\"},\"image\":{\"@id\":\"https:\/\/www.esolutions.free2move.com\/eu\/en_def\/#\/schema\/logo\/image\/\"}}]}<\/script>\n<!-- \/ Yoast SEO plugin. -->","yoast_head_json":{"title":"eProWallbox | Free2move eSolution","description":"Accede a especificaciones t\u00e9cnicas, gu\u00edas de instalaci\u00f3n y folletos de nuestra eProWallbox Move en nuestra completa biblioteca.","robots":{"index":"index","follow":"follow","max-snippet":"max-snippet:-1","max-image-preview":"max-image-preview:large","max-video-preview":"max-video-preview:-1"},"canonical":"https:\/\/www.esolutions.free2move.com\/eu\/es_es\/recarga-de-coches-electricos-para-empresas\/eprowallbox\/","og_locale":"es_ES","og_type":"article","og_title":"eProWallbox | Free2move eSolution","og_description":"Accede a especificaciones t\u00e9cnicas, gu\u00edas de instalaci\u00f3n y folletos de nuestra eProWallbox Move en nuestra completa biblioteca.","og_url":"https:\/\/www.esolutions.free2move.com\/eu\/es_es\/recarga-de-coches-electricos-para-empresas\/eprowallbox\/","og_site_name":"eSolution europe","twitter_card":"summary_large_image","twitter_misc":{"Est. reading time":"9 minutes"},"schema":{"@context":"https:\/\/schema.org","@graph":[{"@type":"WebPage","@id":"https:\/\/www.esolutions.free2move.com\/eu\/es_es\/recarga-de-coches-electricos-para-empresas\/eprowallbox\/","url":"https:\/\/www.esolutions.free2move.com\/eu\/es_es\/recarga-de-coches-electricos-para-empresas\/eprowallbox\/","name":"eProWallbox | Free2move eSolution","isPartOf":{"@id":"https:\/\/www.esolutions.free2move.com\/eu\/en_def\/#website"},"datePublished":"2024-03-18T17:33:34+00:00","description":"Accede a especificaciones t\u00e9cnicas, gu\u00edas de instalaci\u00f3n y folletos de nuestra eProWallbox Move en nuestra completa biblioteca.","breadcrumb":{"@id":"https:\/\/www.esolutions.free2move.com\/eu\/es_es\/recarga-de-coches-electricos-para-empresas\/eprowallbox\/#breadcrumb"},"inLanguage":"es","potentialAction":[{"@type":"ReadAction","target":["https:\/\/www.esolutions.free2move.com\/eu\/es_es\/recarga-de-coches-electricos-para-empresas\/eprowallbox\/"]}]},{"@type":"BreadcrumbList","@id":"https:\/\/www.esolutions.free2move.com\/eu\/es_es\/recarga-de-coches-electricos-para-empresas\/eprowallbox\/#breadcrumb","itemListElement":[{"@type":"ListItem","position":1,"name":"Home","item":"https:\/\/www.esolutions.free2move.com\/eu\/es_es\/"},{"@type":"ListItem","position":2,"name":"Recarga para empresas","item":"https:\/\/www.esolutions.free2move.com\/eu\/es_es\/recarga-de-coches-electricos-para-empresas\/"},{"@type":"ListItem","position":3,"name":"eProWallbox"}]},{"@type":"WebSite","@id":"https:\/\/www.esolutions.free2move.com\/eu\/en_def\/#website","url":"https:\/\/www.esolutions.free2move.com\/eu\/en_def\/","name":"eSolutions europe","description":"","publisher":{"@id":"https:\/\/www.esolutions.free2move.com\/eu\/en_def\/#organization"},"potentialAction":[{"@type":"SearchAction","target":{"@type":"EntryPoint","urlTemplate":"https:\/\/www.esolutions.free2move.com\/eu\/en_def\/?s={search_term_string}"},"query-input":{"@type":"PropertyValueSpecification","valueRequired":true,"valueName":"search_term_string"}}],"inLanguage":"es"},{"@type":"Organization","@id":"https:\/\/www.esolutions.free2move.com\/eu\/en_def\/#organization","name":"eSolutions europe","url":"https:\/\/www.esolutions.free2move.com\/eu\/en_def\/","logo":{"@type":"ImageObject","inLanguage":"es","@id":"https:\/\/www.esolutions.free2move.com\/eu\/en_def\/#\/schema\/logo\/image\/","url":"https:\/\/www.esolutions.free2move.com\/eu\/wp-content\/uploads\/2024\/03\/logo-f2m-horizontal-1-1-1.png","contentUrl":"https:\/\/www.esolutions.free2move.com\/eu\/wp-content\/uploads\/2024\/03\/logo-f2m-horizontal-1-1-1.png","width":865,"height":218,"caption":"eSolutions europe"},"image":{"@id":"https:\/\/www.esolutions.free2move.com\/eu\/en_def\/#\/schema\/logo\/image\/"}}]}},"_links":{"self":[{"href":"https:\/\/www.esolutions.free2move.com\/eu\/es_es\/wp-json\/wp\/v2\/pages\/50254","targetHints":{"allow":["GET"]}}],"collection":[{"href":"https:\/\/www.esolutions.free2move.com\/eu\/es_es\/wp-json\/wp\/v2\/pages"}],"about":[{"href":"https:\/\/www.esolutions.free2move.com\/eu\/es_es\/wp-json\/wp\/v2\/types\/page"}],"author":[{"embeddable":true,"href":"https:\/\/www.esolutions.free2move.com\/eu\/es_es\/wp-json\/wp\/v2\/users\/1"}],"replies":[{"embeddable":true,"href":"https:\/\/www.esolutions.free2move.com\/eu\/es_es\/wp-json\/wp\/v2\/comments?post=50254"}],"version-history":[{"count":0,"href":"https:\/\/www.esolutions.free2move.com\/eu\/es_es\/wp-json\/wp\/v2\/pages\/50254\/revisions"}],"up":[{"embeddable":true,"href":"https:\/\/www.esolutions.free2move.com\/eu\/es_es\/wp-json\/wp\/v2\/pages\/50257"}],"wp:attachment":[{"href":"https:\/\/www.esolutions.free2move.com\/eu\/es_es\/wp-json\/wp\/v2\/media?parent=50254"}],"curies":[{"name":"wp","href":"https:\/\/api.w.org\/{rel}","templated":true}]}}