{"id":50253,"date":"2024-03-18T17:50:08","date_gmt":"2024-03-18T17:50:08","guid":{"rendered":"https:\/\/test.esolutions.free2move.com\/eu\/cpms\/"},"modified":"2024-03-18T17:50:08","modified_gmt":"2024-03-18T17:50:08","slug":"cpms","status":"publish","type":"page","link":"https:\/\/www.esolutions.free2move.com\/eu\/es_es\/recarga-domestica-de-coches-electricos\/cpms\/","title":{"rendered":"CPMS"},"content":{"rendered":"<div id=\"cs-content\" class=\"cs-content\"><\/div>\n","protected":false},"excerpt":{"rendered":"<p>Home Sistema de Gesti\u00f3n de Puntos de Recarga eSolutionsTransforme la gesti\u00f3n de su infraestructura de recargaPresentamos eSolutions CPMS (Charging Point Management System), una soluci\u00f3n innovadora dise\u00f1ada para gestionar a la perfecci\u00f3n su infraestructura de recarga conectada desde cualquier lugar del mundo. Creada con funciones centradas en el cliente, esta avanzada herramienta de back-office proporciona una asistencia inigualable para mejorar su &#8230; <\/p>\n<div><a href=\"https:\/\/www.esolutions.free2move.com\/eu\/es_es\/recarga-domestica-de-coches-electricos\/cpms\/\" class=\"more-link\">Read More<\/a><\/div>\n","protected":false},"author":1,"featured_media":0,"parent":50272,"menu_order":0,"comment_status":"closed","ping_status":"closed","template":"template-blank-4.php","meta":{"_acf_changed":false,"inline_featured_image":false,"footnotes":""},"class_list":["post-50253","page","type-page","status-publish","hentry","no-post-thumbnail"],"acf":[],"yoast_head":"<!-- This site is optimized with the Yoast SEO plugin v26.7 - https:\/\/yoast.com\/wordpress\/plugins\/seo\/ -->\n<title>CPMS Recursos | Free2move eSolutions<\/title>\n<meta name=\"description\" content=\"Accede a la biblioteca y encuentra todas las especificaciones e informaci\u00f3n sobre CPMS, el portal para monitorear tus cargadores.\" \/>\n<meta name=\"robots\" content=\"index, follow, max-snippet:-1, max-image-preview:large, max-video-preview:-1\" \/>\n<link rel=\"canonical\" href=\"https:\/\/www.esolutions.free2move.com\/eu\/es_es\/recarga-domestica-de-coches-electricos\/cpms\/\" \/>\n<meta property=\"og:locale\" content=\"es_ES\" \/>\n<meta property=\"og:type\" content=\"article\" \/>\n<meta property=\"og:title\" content=\"CPMS Recursos | Free2move eSolutions\" \/>\n<meta property=\"og:description\" content=\"Accede a la biblioteca y encuentra todas las especificaciones e informaci\u00f3n sobre CPMS, el portal para monitorear tus cargadores.\" \/>\n<meta property=\"og:url\" content=\"https:\/\/www.esolutions.free2move.com\/eu\/es_es\/recarga-domestica-de-coches-electricos\/cpms\/\" \/>\n<meta property=\"og:site_name\" content=\"eSolution europe\" \/>\n<meta name=\"twitter:card\" content=\"summary_large_image\" \/>\n<meta name=\"twitter:label1\" content=\"Est. reading time\" \/>\n\t<meta name=\"twitter:data1\" content=\"10 minutes\" \/>\n<script type=\"application\/ld+json\" class=\"yoast-schema-graph\">{\"@context\":\"https:\/\/schema.org\",\"@graph\":[{\"@type\":\"WebPage\",\"@id\":\"https:\/\/www.esolutions.free2move.com\/eu\/es_es\/recarga-domestica-de-coches-electricos\/cpms\/\",\"url\":\"https:\/\/www.esolutions.free2move.com\/eu\/es_es\/recarga-domestica-de-coches-electricos\/cpms\/\",\"name\":\"CPMS Recursos | Free2move eSolutions\",\"isPartOf\":{\"@id\":\"https:\/\/www.esolutions.free2move.com\/eu\/en_def\/#website\"},\"datePublished\":\"2024-03-18T17:50:08+00:00\",\"description\":\"Accede a la biblioteca y encuentra todas las especificaciones e informaci\u00f3n sobre CPMS, el portal para monitorear tus cargadores.\",\"breadcrumb\":{\"@id\":\"https:\/\/www.esolutions.free2move.com\/eu\/es_es\/recarga-domestica-de-coches-electricos\/cpms\/#breadcrumb\"},\"inLanguage\":\"es\",\"potentialAction\":[{\"@type\":\"ReadAction\",\"target\":[\"https:\/\/www.esolutions.free2move.com\/eu\/es_es\/recarga-domestica-de-coches-electricos\/cpms\/\"]}]},{\"@type\":\"BreadcrumbList\",\"@id\":\"https:\/\/www.esolutions.free2move.com\/eu\/es_es\/recarga-domestica-de-coches-electricos\/cpms\/#breadcrumb\",\"itemListElement\":[{\"@type\":\"ListItem\",\"position\":1,\"name\":\"Home\",\"item\":\"https:\/\/www.esolutions.free2move.com\/eu\/es_es\/\"},{\"@type\":\"ListItem\",\"position\":2,\"name\":\"Recarga dom\u00e9stica de veh\u00edculos electricos\",\"item\":\"https:\/\/www.esolutions.free2move.com\/eu\/es_es\/recarga-domestica-de-coches-electricos\/\"},{\"@type\":\"ListItem\",\"position\":3,\"name\":\"CPMS\"}]},{\"@type\":\"WebSite\",\"@id\":\"https:\/\/www.esolutions.free2move.com\/eu\/en_def\/#website\",\"url\":\"https:\/\/www.esolutions.free2move.com\/eu\/en_def\/\",\"name\":\"eSolutions europe\",\"description\":\"\",\"publisher\":{\"@id\":\"https:\/\/www.esolutions.free2move.com\/eu\/en_def\/#organization\"},\"potentialAction\":[{\"@type\":\"SearchAction\",\"target\":{\"@type\":\"EntryPoint\",\"urlTemplate\":\"https:\/\/www.esolutions.free2move.com\/eu\/en_def\/?s={search_term_string}\"},\"query-input\":{\"@type\":\"PropertyValueSpecification\",\"valueRequired\":true,\"valueName\":\"search_term_string\"}}],\"inLanguage\":\"es\"},{\"@type\":\"Organization\",\"@id\":\"https:\/\/www.esolutions.free2move.com\/eu\/en_def\/#organization\",\"name\":\"eSolutions europe\",\"url\":\"https:\/\/www.esolutions.free2move.com\/eu\/en_def\/\",\"logo\":{\"@type\":\"ImageObject\",\"inLanguage\":\"es\",\"@id\":\"https:\/\/www.esolutions.free2move.com\/eu\/en_def\/#\/schema\/logo\/image\/\",\"url\":\"https:\/\/www.esolutions.free2move.com\/eu\/wp-content\/uploads\/2024\/03\/logo-f2m-horizontal-1-1-1.png\",\"contentUrl\":\"https:\/\/www.esolutions.free2move.com\/eu\/wp-content\/uploads\/2024\/03\/logo-f2m-horizontal-1-1-1.png\",\"width\":865,\"height\":218,\"caption\":\"eSolutions europe\"},\"image\":{\"@id\":\"https:\/\/www.esolutions.free2move.com\/eu\/en_def\/#\/schema\/logo\/image\/\"}}]}<\/script>\n<!-- \/ Yoast SEO plugin. -->","yoast_head_json":{"title":"CPMS Recursos | Free2move eSolutions","description":"Accede a la biblioteca y encuentra todas las especificaciones e informaci\u00f3n sobre CPMS, el portal para monitorear tus cargadores.","robots":{"index":"index","follow":"follow","max-snippet":"max-snippet:-1","max-image-preview":"max-image-preview:large","max-video-preview":"max-video-preview:-1"},"canonical":"https:\/\/www.esolutions.free2move.com\/eu\/es_es\/recarga-domestica-de-coches-electricos\/cpms\/","og_locale":"es_ES","og_type":"article","og_title":"CPMS Recursos | Free2move eSolutions","og_description":"Accede a la biblioteca y encuentra todas las especificaciones e informaci\u00f3n sobre CPMS, el portal para monitorear tus cargadores.","og_url":"https:\/\/www.esolutions.free2move.com\/eu\/es_es\/recarga-domestica-de-coches-electricos\/cpms\/","og_site_name":"eSolution europe","twitter_card":"summary_large_image","twitter_misc":{"Est. reading time":"10 minutes"},"schema":{"@context":"https:\/\/schema.org","@graph":[{"@type":"WebPage","@id":"https:\/\/www.esolutions.free2move.com\/eu\/es_es\/recarga-domestica-de-coches-electricos\/cpms\/","url":"https:\/\/www.esolutions.free2move.com\/eu\/es_es\/recarga-domestica-de-coches-electricos\/cpms\/","name":"CPMS Recursos | Free2move eSolutions","isPartOf":{"@id":"https:\/\/www.esolutions.free2move.com\/eu\/en_def\/#website"},"datePublished":"2024-03-18T17:50:08+00:00","description":"Accede a la biblioteca y encuentra todas las especificaciones e informaci\u00f3n sobre CPMS, el portal para monitorear tus cargadores.","breadcrumb":{"@id":"https:\/\/www.esolutions.free2move.com\/eu\/es_es\/recarga-domestica-de-coches-electricos\/cpms\/#breadcrumb"},"inLanguage":"es","potentialAction":[{"@type":"ReadAction","target":["https:\/\/www.esolutions.free2move.com\/eu\/es_es\/recarga-domestica-de-coches-electricos\/cpms\/"]}]},{"@type":"BreadcrumbList","@id":"https:\/\/www.esolutions.free2move.com\/eu\/es_es\/recarga-domestica-de-coches-electricos\/cpms\/#breadcrumb","itemListElement":[{"@type":"ListItem","position":1,"name":"Home","item":"https:\/\/www.esolutions.free2move.com\/eu\/es_es\/"},{"@type":"ListItem","position":2,"name":"Recarga dom\u00e9stica de veh\u00edculos electricos","item":"https:\/\/www.esolutions.free2move.com\/eu\/es_es\/recarga-domestica-de-coches-electricos\/"},{"@type":"ListItem","position":3,"name":"CPMS"}]},{"@type":"WebSite","@id":"https:\/\/www.esolutions.free2move.com\/eu\/en_def\/#website","url":"https:\/\/www.esolutions.free2move.com\/eu\/en_def\/","name":"eSolutions europe","description":"","publisher":{"@id":"https:\/\/www.esolutions.free2move.com\/eu\/en_def\/#organization"},"potentialAction":[{"@type":"SearchAction","target":{"@type":"EntryPoint","urlTemplate":"https:\/\/www.esolutions.free2move.com\/eu\/en_def\/?s={search_term_string}"},"query-input":{"@type":"PropertyValueSpecification","valueRequired":true,"valueName":"search_term_string"}}],"inLanguage":"es"},{"@type":"Organization","@id":"https:\/\/www.esolutions.free2move.com\/eu\/en_def\/#organization","name":"eSolutions europe","url":"https:\/\/www.esolutions.free2move.com\/eu\/en_def\/","logo":{"@type":"ImageObject","inLanguage":"es","@id":"https:\/\/www.esolutions.free2move.com\/eu\/en_def\/#\/schema\/logo\/image\/","url":"https:\/\/www.esolutions.free2move.com\/eu\/wp-content\/uploads\/2024\/03\/logo-f2m-horizontal-1-1-1.png","contentUrl":"https:\/\/www.esolutions.free2move.com\/eu\/wp-content\/uploads\/2024\/03\/logo-f2m-horizontal-1-1-1.png","width":865,"height":218,"caption":"eSolutions europe"},"image":{"@id":"https:\/\/www.esolutions.free2move.com\/eu\/en_def\/#\/schema\/logo\/image\/"}}]}},"_links":{"self":[{"href":"https:\/\/www.esolutions.free2move.com\/eu\/es_es\/wp-json\/wp\/v2\/pages\/50253","targetHints":{"allow":["GET"]}}],"collection":[{"href":"https:\/\/www.esolutions.free2move.com\/eu\/es_es\/wp-json\/wp\/v2\/pages"}],"about":[{"href":"https:\/\/www.esolutions.free2move.com\/eu\/es_es\/wp-json\/wp\/v2\/types\/page"}],"author":[{"embeddable":true,"href":"https:\/\/www.esolutions.free2move.com\/eu\/es_es\/wp-json\/wp\/v2\/users\/1"}],"replies":[{"embeddable":true,"href":"https:\/\/www.esolutions.free2move.com\/eu\/es_es\/wp-json\/wp\/v2\/comments?post=50253"}],"version-history":[{"count":0,"href":"https:\/\/www.esolutions.free2move.com\/eu\/es_es\/wp-json\/wp\/v2\/pages\/50253\/revisions"}],"up":[{"embeddable":true,"href":"https:\/\/www.esolutions.free2move.com\/eu\/es_es\/wp-json\/wp\/v2\/pages\/50272"}],"wp:attachment":[{"href":"https:\/\/www.esolutions.free2move.com\/eu\/es_es\/wp-json\/wp\/v2\/media?parent=50253"}],"curies":[{"name":"wp","href":"https:\/\/api.w.org\/{rel}","templated":true}]}}