{"id":50625,"date":"2024-03-18T10:25:25","date_gmt":"2024-03-18T10:25:25","guid":{"rendered":"https:\/\/test.esolutions.free2move.com\/eu\/laden-von-elektroautos-im-haushalt\/"},"modified":"2024-06-04T13:35:12","modified_gmt":"2024-06-04T13:35:12","slug":"laden-von-elektroautos-im-haushalt","status":"publish","type":"page","link":"https:\/\/www.esolutions.free2move.com\/eu\/de_lu\/laden-von-elektroautos-im-haushalt\/","title":{"rendered":"Laden Zuhause"},"content":{"rendered":"<div id=\"cs-content\" class=\"cs-content\"><\/div>\n","protected":false},"excerpt":{"rendered":"<p>Home Laden ZuhauseRevolutionieren Sie Ihr Ladeerlebnis zu HauseWir entwickeln, installieren und verwalten innovative Wallboxen f\u00fcr Ihr Zuhause, um Elektrofahrzeuge bequem und effizient aufladen zu k\u00f6nnen. Wir wollen Ihnen eine einzigartige Ladeerfahrung mit Elektrofahrzeugen erm\u00f6glichen. Entdecken Sie unsere Produkte und finden Sie die perfekte L\u00f6sung f\u00fcr Ihre Bed\u00fcrfnisse. Entdecken Sie unsere Produkte und finden Sie die perfekte L\u00f6sung f\u00fcr Ihre Bed\u00fcrfnisse.Ladel\u00f6sungenZubeh\u00f6reMobilit\u00e4tEinrichtungF\u00dcR &#8230; <\/p>\n<div><a href=\"https:\/\/www.esolutions.free2move.com\/eu\/de_lu\/laden-von-elektroautos-im-haushalt\/\" class=\"more-link\">Read More<\/a><\/div>\n","protected":false},"author":1,"featured_media":0,"parent":0,"menu_order":0,"comment_status":"closed","ping_status":"closed","template":"template-blank-4.php","meta":{"_acf_changed":false,"inline_featured_image":false,"footnotes":""},"class_list":["post-50625","page","type-page","status-publish","hentry","no-post-thumbnail"],"acf":[],"yoast_head":"<!-- This site is optimized with the Yoast SEO plugin v26.7 - https:\/\/yoast.com\/wordpress\/plugins\/seo\/ -->\n<title>Laden Zuhause | Free2move eSolutions<\/title>\n<meta name=\"description\" content=\"Entdecken Sie unsere innovativen EV-Ladeger\u00e4te f\u00fcr zu Hause. M\u00fchelose Installation, intelligente Funktionen und zuverl\u00e4ssige Leistung. Starten Sie noch heute!\" \/>\n<meta name=\"robots\" content=\"index, follow, max-snippet:-1, max-image-preview:large, max-video-preview:-1\" \/>\n<link rel=\"canonical\" href=\"https:\/\/www.esolutions.free2move.com\/eu\/en_def\/home-charging\/\" \/>\n<meta property=\"og:locale\" content=\"de_DE\" \/>\n<meta property=\"og:type\" content=\"article\" \/>\n<meta property=\"og:title\" content=\"Laden Zuhause | Free2move eSolutions\" \/>\n<meta property=\"og:description\" content=\"Entdecken Sie unsere innovativen EV-Ladeger\u00e4te f\u00fcr zu Hause. M\u00fchelose Installation, intelligente Funktionen und zuverl\u00e4ssige Leistung. Starten Sie noch heute!\" \/>\n<meta property=\"og:url\" content=\"https:\/\/www.esolutions.free2move.com\/eu\/en_def\/home-charging\/\" \/>\n<meta property=\"og:site_name\" content=\"eSolution europe\" \/>\n<meta property=\"article:modified_time\" content=\"2024-06-04T13:35:12+00:00\" \/>\n<meta name=\"twitter:card\" content=\"summary_large_image\" \/>\n<meta name=\"twitter:label1\" content=\"Est. reading time\" \/>\n\t<meta name=\"twitter:data1\" content=\"14 minutes\" \/>\n<script type=\"application\/ld+json\" class=\"yoast-schema-graph\">{\"@context\":\"https:\/\/schema.org\",\"@graph\":[{\"@type\":\"WebPage\",\"@id\":\"https:\/\/www.esolutions.free2move.com\/eu\/en_def\/home-charging\/\",\"url\":\"https:\/\/www.esolutions.free2move.com\/eu\/en_def\/home-charging\/\",\"name\":\"Laden Zuhause | Free2move eSolutions\",\"isPartOf\":{\"@id\":\"https:\/\/www.esolutions.free2move.com\/eu\/en_def\/#website\"},\"datePublished\":\"2024-03-18T10:25:25+00:00\",\"dateModified\":\"2024-06-04T13:35:12+00:00\",\"description\":\"Entdecken Sie unsere innovativen EV-Ladeger\u00e4te f\u00fcr zu Hause. M\u00fchelose Installation, intelligente Funktionen und zuverl\u00e4ssige Leistung. Starten Sie noch heute!\",\"breadcrumb\":{\"@id\":\"https:\/\/www.esolutions.free2move.com\/eu\/en_def\/home-charging\/#breadcrumb\"},\"inLanguage\":\"de-lu\",\"potentialAction\":[{\"@type\":\"ReadAction\",\"target\":[\"https:\/\/www.esolutions.free2move.com\/eu\/en_def\/home-charging\/\"]}]},{\"@type\":\"BreadcrumbList\",\"@id\":\"https:\/\/www.esolutions.free2move.com\/eu\/en_def\/home-charging\/#breadcrumb\",\"itemListElement\":[{\"@type\":\"ListItem\",\"position\":1,\"name\":\"Home\",\"item\":\"https:\/\/www.esolutions.free2move.com\/eu\/de_lu\/\"},{\"@type\":\"ListItem\",\"position\":2,\"name\":\"Laden Zuhause\"}]},{\"@type\":\"WebSite\",\"@id\":\"https:\/\/www.esolutions.free2move.com\/eu\/en_def\/#website\",\"url\":\"https:\/\/www.esolutions.free2move.com\/eu\/en_def\/\",\"name\":\"eSolutions europe\",\"description\":\"\",\"publisher\":{\"@id\":\"https:\/\/www.esolutions.free2move.com\/eu\/en_def\/#organization\"},\"potentialAction\":[{\"@type\":\"SearchAction\",\"target\":{\"@type\":\"EntryPoint\",\"urlTemplate\":\"https:\/\/www.esolutions.free2move.com\/eu\/en_def\/?s={search_term_string}\"},\"query-input\":{\"@type\":\"PropertyValueSpecification\",\"valueRequired\":true,\"valueName\":\"search_term_string\"}}],\"inLanguage\":\"de-lu\"},{\"@type\":\"Organization\",\"@id\":\"https:\/\/www.esolutions.free2move.com\/eu\/en_def\/#organization\",\"name\":\"eSolutions europe\",\"url\":\"https:\/\/www.esolutions.free2move.com\/eu\/en_def\/\",\"logo\":{\"@type\":\"ImageObject\",\"inLanguage\":\"de-lu\",\"@id\":\"https:\/\/www.esolutions.free2move.com\/eu\/en_def\/#\/schema\/logo\/image\/\",\"url\":\"https:\/\/www.esolutions.free2move.com\/eu\/wp-content\/uploads\/2024\/03\/logo-f2m-horizontal-1-1-1.png\",\"contentUrl\":\"https:\/\/www.esolutions.free2move.com\/eu\/wp-content\/uploads\/2024\/03\/logo-f2m-horizontal-1-1-1.png\",\"width\":865,\"height\":218,\"caption\":\"eSolutions europe\"},\"image\":{\"@id\":\"https:\/\/www.esolutions.free2move.com\/eu\/en_def\/#\/schema\/logo\/image\/\"}}]}<\/script>\n<!-- \/ Yoast SEO plugin. -->","yoast_head_json":{"title":"Laden Zuhause | Free2move eSolutions","description":"Entdecken Sie unsere innovativen EV-Ladeger\u00e4te f\u00fcr zu Hause. M\u00fchelose Installation, intelligente Funktionen und zuverl\u00e4ssige Leistung. Starten Sie noch heute!","robots":{"index":"index","follow":"follow","max-snippet":"max-snippet:-1","max-image-preview":"max-image-preview:large","max-video-preview":"max-video-preview:-1"},"canonical":"https:\/\/www.esolutions.free2move.com\/eu\/en_def\/home-charging\/","og_locale":"de_DE","og_type":"article","og_title":"Laden Zuhause | Free2move eSolutions","og_description":"Entdecken Sie unsere innovativen EV-Ladeger\u00e4te f\u00fcr zu Hause. M\u00fchelose Installation, intelligente Funktionen und zuverl\u00e4ssige Leistung. Starten Sie noch heute!","og_url":"https:\/\/www.esolutions.free2move.com\/eu\/en_def\/home-charging\/","og_site_name":"eSolution europe","article_modified_time":"2024-06-04T13:35:12+00:00","twitter_card":"summary_large_image","twitter_misc":{"Est. reading time":"14 minutes"},"schema":{"@context":"https:\/\/schema.org","@graph":[{"@type":"WebPage","@id":"https:\/\/www.esolutions.free2move.com\/eu\/en_def\/home-charging\/","url":"https:\/\/www.esolutions.free2move.com\/eu\/en_def\/home-charging\/","name":"Laden Zuhause | Free2move eSolutions","isPartOf":{"@id":"https:\/\/www.esolutions.free2move.com\/eu\/en_def\/#website"},"datePublished":"2024-03-18T10:25:25+00:00","dateModified":"2024-06-04T13:35:12+00:00","description":"Entdecken Sie unsere innovativen EV-Ladeger\u00e4te f\u00fcr zu Hause. M\u00fchelose Installation, intelligente Funktionen und zuverl\u00e4ssige Leistung. Starten Sie noch heute!","breadcrumb":{"@id":"https:\/\/www.esolutions.free2move.com\/eu\/en_def\/home-charging\/#breadcrumb"},"inLanguage":"de-lu","potentialAction":[{"@type":"ReadAction","target":["https:\/\/www.esolutions.free2move.com\/eu\/en_def\/home-charging\/"]}]},{"@type":"BreadcrumbList","@id":"https:\/\/www.esolutions.free2move.com\/eu\/en_def\/home-charging\/#breadcrumb","itemListElement":[{"@type":"ListItem","position":1,"name":"Home","item":"https:\/\/www.esolutions.free2move.com\/eu\/de_lu\/"},{"@type":"ListItem","position":2,"name":"Laden Zuhause"}]},{"@type":"WebSite","@id":"https:\/\/www.esolutions.free2move.com\/eu\/en_def\/#website","url":"https:\/\/www.esolutions.free2move.com\/eu\/en_def\/","name":"eSolutions europe","description":"","publisher":{"@id":"https:\/\/www.esolutions.free2move.com\/eu\/en_def\/#organization"},"potentialAction":[{"@type":"SearchAction","target":{"@type":"EntryPoint","urlTemplate":"https:\/\/www.esolutions.free2move.com\/eu\/en_def\/?s={search_term_string}"},"query-input":{"@type":"PropertyValueSpecification","valueRequired":true,"valueName":"search_term_string"}}],"inLanguage":"de-lu"},{"@type":"Organization","@id":"https:\/\/www.esolutions.free2move.com\/eu\/en_def\/#organization","name":"eSolutions europe","url":"https:\/\/www.esolutions.free2move.com\/eu\/en_def\/","logo":{"@type":"ImageObject","inLanguage":"de-lu","@id":"https:\/\/www.esolutions.free2move.com\/eu\/en_def\/#\/schema\/logo\/image\/","url":"https:\/\/www.esolutions.free2move.com\/eu\/wp-content\/uploads\/2024\/03\/logo-f2m-horizontal-1-1-1.png","contentUrl":"https:\/\/www.esolutions.free2move.com\/eu\/wp-content\/uploads\/2024\/03\/logo-f2m-horizontal-1-1-1.png","width":865,"height":218,"caption":"eSolutions europe"},"image":{"@id":"https:\/\/www.esolutions.free2move.com\/eu\/en_def\/#\/schema\/logo\/image\/"}}]}},"_links":{"self":[{"href":"https:\/\/www.esolutions.free2move.com\/eu\/de_lu\/wp-json\/wp\/v2\/pages\/50625","targetHints":{"allow":["GET"]}}],"collection":[{"href":"https:\/\/www.esolutions.free2move.com\/eu\/de_lu\/wp-json\/wp\/v2\/pages"}],"about":[{"href":"https:\/\/www.esolutions.free2move.com\/eu\/de_lu\/wp-json\/wp\/v2\/types\/page"}],"author":[{"embeddable":true,"href":"https:\/\/www.esolutions.free2move.com\/eu\/de_lu\/wp-json\/wp\/v2\/users\/1"}],"replies":[{"embeddable":true,"href":"https:\/\/www.esolutions.free2move.com\/eu\/de_lu\/wp-json\/wp\/v2\/comments?post=50625"}],"version-history":[{"count":0,"href":"https:\/\/www.esolutions.free2move.com\/eu\/de_lu\/wp-json\/wp\/v2\/pages\/50625\/revisions"}],"wp:attachment":[{"href":"https:\/\/www.esolutions.free2move.com\/eu\/de_lu\/wp-json\/wp\/v2\/media?parent=50625"}],"curies":[{"name":"wp","href":"https:\/\/api.w.org\/{rel}","templated":true}]}}