{"id":50615,"date":"2024-03-18T14:40:52","date_gmt":"2024-03-18T14:40:52","guid":{"rendered":"https:\/\/test.esolutions.free2move.com\/eu\/brigitte-courtehoux\/"},"modified":"2024-03-18T14:40:52","modified_gmt":"2024-03-18T14:40:52","slug":"brigitte-courtehoux","status":"publish","type":"page","link":"https:\/\/www.esolutions.free2move.com\/eu\/de_lu\/governance-und-ethik\/brigitte-courtehoux\/","title":{"rendered":"Brigitte Courtehoux"},"content":{"rendered":"<div id=\"cs-content\" class=\"cs-content\"><\/div>\n","protected":false},"excerpt":{"rendered":"<p>HomeBrigitte Courtehoux Direktor Brigitte Courtehoux ist Chief Executive Officer von Free2move und Mitglied des Stellantis Top Executive Teams. Ihre Karriere entwickelte sich zun\u00e4chst \u00fcber drei Jahre bei &#8220;Electricit\u00e9 de France&#8221;, bevor sie 1998 in die Automobilindustrie bei der Groupe PSA eintrat und in verschiedenen Automobilprojekten als Planungs- und Qualit\u00e4tsmanagerin t\u00e4tig war. In den Jahren 2008 und 2009 war sie als &#8230; <\/p>\n<div><a href=\"https:\/\/www.esolutions.free2move.com\/eu\/de_lu\/governance-und-ethik\/brigitte-courtehoux\/\" class=\"more-link\">Read More<\/a><\/div>\n","protected":false},"author":1,"featured_media":0,"parent":50618,"menu_order":0,"comment_status":"closed","ping_status":"closed","template":"template-blank-4.php","meta":{"_acf_changed":false,"inline_featured_image":false,"footnotes":""},"class_list":["post-50615","page","type-page","status-publish","hentry","no-post-thumbnail"],"acf":[],"yoast_head":"<!-- This site is optimized with the Yoast SEO plugin v26.7 - https:\/\/yoast.com\/wordpress\/plugins\/seo\/ -->\n<title>Brigitte Courtehoux - eSolution europe<\/title>\n<meta name=\"robots\" content=\"index, follow, max-snippet:-1, max-image-preview:large, max-video-preview:-1\" \/>\n<link rel=\"canonical\" href=\"https:\/\/www.esolutions.free2move.com\/eu\/en_def\/governance-ethics\/brigitte-courtehoux\/\" \/>\n<meta property=\"og:locale\" content=\"de_DE\" \/>\n<meta property=\"og:type\" content=\"article\" \/>\n<meta property=\"og:title\" content=\"Brigitte Courtehoux - eSolution europe\" \/>\n<meta property=\"og:description\" content=\"HomeBrigitte Courtehoux Direktor Brigitte Courtehoux ist Chief Executive Officer von Free2move und Mitglied des Stellantis Top Executive Teams. Ihre Karriere entwickelte sich zun\u00e4chst \u00fcber drei Jahre bei &quot;Electricit\u00e9 de France&quot;, bevor sie 1998 in die Automobilindustrie bei der Groupe PSA eintrat und in verschiedenen Automobilprojekten als Planungs- und Qualit\u00e4tsmanagerin t\u00e4tig war. In den Jahren 2008 und 2009 war sie als ... Read More\" \/>\n<meta property=\"og:url\" content=\"https:\/\/www.esolutions.free2move.com\/eu\/en_def\/governance-ethics\/brigitte-courtehoux\/\" \/>\n<meta property=\"og:site_name\" content=\"eSolution europe\" \/>\n<meta name=\"twitter:card\" content=\"summary_large_image\" \/>\n<meta name=\"twitter:label1\" content=\"Est. reading time\" \/>\n\t<meta name=\"twitter:data1\" content=\"1 minute\" \/>\n<script type=\"application\/ld+json\" class=\"yoast-schema-graph\">{\"@context\":\"https:\/\/schema.org\",\"@graph\":[{\"@type\":\"WebPage\",\"@id\":\"https:\/\/www.esolutions.free2move.com\/eu\/en_def\/governance-ethics\/brigitte-courtehoux\/\",\"url\":\"https:\/\/www.esolutions.free2move.com\/eu\/en_def\/governance-ethics\/brigitte-courtehoux\/\",\"name\":\"Brigitte Courtehoux - eSolution europe\",\"isPartOf\":{\"@id\":\"https:\/\/www.esolutions.free2move.com\/eu\/en_def\/#website\"},\"datePublished\":\"2024-03-18T14:40:52+00:00\",\"breadcrumb\":{\"@id\":\"https:\/\/www.esolutions.free2move.com\/eu\/en_def\/governance-ethics\/brigitte-courtehoux\/#breadcrumb\"},\"inLanguage\":\"de-lu\",\"potentialAction\":[{\"@type\":\"ReadAction\",\"target\":[\"https:\/\/www.esolutions.free2move.com\/eu\/en_def\/governance-ethics\/brigitte-courtehoux\/\"]}]},{\"@type\":\"BreadcrumbList\",\"@id\":\"https:\/\/www.esolutions.free2move.com\/eu\/en_def\/governance-ethics\/brigitte-courtehoux\/#breadcrumb\",\"itemListElement\":[{\"@type\":\"ListItem\",\"position\":1,\"name\":\"Home\",\"item\":\"https:\/\/www.esolutions.free2move.com\/eu\/de_lu\/\"},{\"@type\":\"ListItem\",\"position\":2,\"name\":\"Governance und Ethik\",\"item\":\"https:\/\/www.esolutions.free2move.com\/eu\/de_lu\/governance-und-ethik\/\"},{\"@type\":\"ListItem\",\"position\":3,\"name\":\"Brigitte Courtehoux\"}]},{\"@type\":\"WebSite\",\"@id\":\"https:\/\/www.esolutions.free2move.com\/eu\/en_def\/#website\",\"url\":\"https:\/\/www.esolutions.free2move.com\/eu\/en_def\/\",\"name\":\"eSolutions europe\",\"description\":\"\",\"publisher\":{\"@id\":\"https:\/\/www.esolutions.free2move.com\/eu\/en_def\/#organization\"},\"potentialAction\":[{\"@type\":\"SearchAction\",\"target\":{\"@type\":\"EntryPoint\",\"urlTemplate\":\"https:\/\/www.esolutions.free2move.com\/eu\/en_def\/?s={search_term_string}\"},\"query-input\":{\"@type\":\"PropertyValueSpecification\",\"valueRequired\":true,\"valueName\":\"search_term_string\"}}],\"inLanguage\":\"de-lu\"},{\"@type\":\"Organization\",\"@id\":\"https:\/\/www.esolutions.free2move.com\/eu\/en_def\/#organization\",\"name\":\"eSolutions europe\",\"url\":\"https:\/\/www.esolutions.free2move.com\/eu\/en_def\/\",\"logo\":{\"@type\":\"ImageObject\",\"inLanguage\":\"de-lu\",\"@id\":\"https:\/\/www.esolutions.free2move.com\/eu\/en_def\/#\/schema\/logo\/image\/\",\"url\":\"https:\/\/www.esolutions.free2move.com\/eu\/wp-content\/uploads\/2024\/03\/logo-f2m-horizontal-1-1-1.png\",\"contentUrl\":\"https:\/\/www.esolutions.free2move.com\/eu\/wp-content\/uploads\/2024\/03\/logo-f2m-horizontal-1-1-1.png\",\"width\":865,\"height\":218,\"caption\":\"eSolutions europe\"},\"image\":{\"@id\":\"https:\/\/www.esolutions.free2move.com\/eu\/en_def\/#\/schema\/logo\/image\/\"}}]}<\/script>\n<!-- \/ Yoast SEO plugin. -->","yoast_head_json":{"title":"Brigitte Courtehoux - eSolution europe","robots":{"index":"index","follow":"follow","max-snippet":"max-snippet:-1","max-image-preview":"max-image-preview:large","max-video-preview":"max-video-preview:-1"},"canonical":"https:\/\/www.esolutions.free2move.com\/eu\/en_def\/governance-ethics\/brigitte-courtehoux\/","og_locale":"de_DE","og_type":"article","og_title":"Brigitte Courtehoux - eSolution europe","og_description":"HomeBrigitte Courtehoux Direktor Brigitte Courtehoux ist Chief Executive Officer von Free2move und Mitglied des Stellantis Top Executive Teams. Ihre Karriere entwickelte sich zun\u00e4chst \u00fcber drei Jahre bei \"Electricit\u00e9 de France\", bevor sie 1998 in die Automobilindustrie bei der Groupe PSA eintrat und in verschiedenen Automobilprojekten als Planungs- und Qualit\u00e4tsmanagerin t\u00e4tig war. In den Jahren 2008 und 2009 war sie als ... Read More","og_url":"https:\/\/www.esolutions.free2move.com\/eu\/en_def\/governance-ethics\/brigitte-courtehoux\/","og_site_name":"eSolution europe","twitter_card":"summary_large_image","twitter_misc":{"Est. reading time":"1 minute"},"schema":{"@context":"https:\/\/schema.org","@graph":[{"@type":"WebPage","@id":"https:\/\/www.esolutions.free2move.com\/eu\/en_def\/governance-ethics\/brigitte-courtehoux\/","url":"https:\/\/www.esolutions.free2move.com\/eu\/en_def\/governance-ethics\/brigitte-courtehoux\/","name":"Brigitte Courtehoux - eSolution europe","isPartOf":{"@id":"https:\/\/www.esolutions.free2move.com\/eu\/en_def\/#website"},"datePublished":"2024-03-18T14:40:52+00:00","breadcrumb":{"@id":"https:\/\/www.esolutions.free2move.com\/eu\/en_def\/governance-ethics\/brigitte-courtehoux\/#breadcrumb"},"inLanguage":"de-lu","potentialAction":[{"@type":"ReadAction","target":["https:\/\/www.esolutions.free2move.com\/eu\/en_def\/governance-ethics\/brigitte-courtehoux\/"]}]},{"@type":"BreadcrumbList","@id":"https:\/\/www.esolutions.free2move.com\/eu\/en_def\/governance-ethics\/brigitte-courtehoux\/#breadcrumb","itemListElement":[{"@type":"ListItem","position":1,"name":"Home","item":"https:\/\/www.esolutions.free2move.com\/eu\/de_lu\/"},{"@type":"ListItem","position":2,"name":"Governance und Ethik","item":"https:\/\/www.esolutions.free2move.com\/eu\/de_lu\/governance-und-ethik\/"},{"@type":"ListItem","position":3,"name":"Brigitte Courtehoux"}]},{"@type":"WebSite","@id":"https:\/\/www.esolutions.free2move.com\/eu\/en_def\/#website","url":"https:\/\/www.esolutions.free2move.com\/eu\/en_def\/","name":"eSolutions europe","description":"","publisher":{"@id":"https:\/\/www.esolutions.free2move.com\/eu\/en_def\/#organization"},"potentialAction":[{"@type":"SearchAction","target":{"@type":"EntryPoint","urlTemplate":"https:\/\/www.esolutions.free2move.com\/eu\/en_def\/?s={search_term_string}"},"query-input":{"@type":"PropertyValueSpecification","valueRequired":true,"valueName":"search_term_string"}}],"inLanguage":"de-lu"},{"@type":"Organization","@id":"https:\/\/www.esolutions.free2move.com\/eu\/en_def\/#organization","name":"eSolutions europe","url":"https:\/\/www.esolutions.free2move.com\/eu\/en_def\/","logo":{"@type":"ImageObject","inLanguage":"de-lu","@id":"https:\/\/www.esolutions.free2move.com\/eu\/en_def\/#\/schema\/logo\/image\/","url":"https:\/\/www.esolutions.free2move.com\/eu\/wp-content\/uploads\/2024\/03\/logo-f2m-horizontal-1-1-1.png","contentUrl":"https:\/\/www.esolutions.free2move.com\/eu\/wp-content\/uploads\/2024\/03\/logo-f2m-horizontal-1-1-1.png","width":865,"height":218,"caption":"eSolutions europe"},"image":{"@id":"https:\/\/www.esolutions.free2move.com\/eu\/en_def\/#\/schema\/logo\/image\/"}}]}},"_links":{"self":[{"href":"https:\/\/www.esolutions.free2move.com\/eu\/de_lu\/wp-json\/wp\/v2\/pages\/50615","targetHints":{"allow":["GET"]}}],"collection":[{"href":"https:\/\/www.esolutions.free2move.com\/eu\/de_lu\/wp-json\/wp\/v2\/pages"}],"about":[{"href":"https:\/\/www.esolutions.free2move.com\/eu\/de_lu\/wp-json\/wp\/v2\/types\/page"}],"author":[{"embeddable":true,"href":"https:\/\/www.esolutions.free2move.com\/eu\/de_lu\/wp-json\/wp\/v2\/users\/1"}],"replies":[{"embeddable":true,"href":"https:\/\/www.esolutions.free2move.com\/eu\/de_lu\/wp-json\/wp\/v2\/comments?post=50615"}],"version-history":[{"count":0,"href":"https:\/\/www.esolutions.free2move.com\/eu\/de_lu\/wp-json\/wp\/v2\/pages\/50615\/revisions"}],"up":[{"embeddable":true,"href":"https:\/\/www.esolutions.free2move.com\/eu\/de_lu\/wp-json\/wp\/v2\/pages\/50618"}],"wp:attachment":[{"href":"https:\/\/www.esolutions.free2move.com\/eu\/de_lu\/wp-json\/wp\/v2\/media?parent=50615"}],"curies":[{"name":"wp","href":"https:\/\/api.w.org\/{rel}","templated":true}]}}