{"id":50604,"date":"2024-03-18T17:33:34","date_gmt":"2024-03-18T17:33:34","guid":{"rendered":"https:\/\/test.esolutions.free2move.com\/eu\/eprowallbox\/"},"modified":"2024-06-04T08:34:06","modified_gmt":"2024-06-04T08:34:06","slug":"eprowallbox","status":"publish","type":"page","link":"https:\/\/www.esolutions.free2move.com\/eu\/de_lu\/elektroauto-ladestation-fur-unternehmenn\/eprowallbox\/","title":{"rendered":"eProWallbox"},"content":{"rendered":"<div id=\"cs-content\" class=\"cs-content\"><\/div>\n","protected":false},"excerpt":{"rendered":"<p>Home eProWallbox MoveeProWallbox Move: Effizientes und zuverl\u00e4ssiges LadenErweitern Sie Ihr EV-Ladeger\u00e4t mit der eProWallbox Move: effizient, intelligent und anpassungsf\u00e4hig f\u00fcr den Heim- oder Fuhrparkbedarf mit einer Leistung von bis zu 22 kW. Synchronisieren Sie sich m\u00fchelos mit der eSolutions Charging App f\u00fcr eine nahtlose \u00dcberwachung und Verwaltung der Ladevorg\u00e4nge. Erleben Sie die Zukunft des intelligenten Ladens mit Zuversicht.F\u00dcR PRIVATE UND &#8230; <\/p>\n<div><a href=\"https:\/\/www.esolutions.free2move.com\/eu\/de_lu\/elektroauto-ladestation-fur-unternehmenn\/eprowallbox\/\" class=\"more-link\">Read More<\/a><\/div>\n","protected":false},"author":1,"featured_media":0,"parent":50608,"menu_order":0,"comment_status":"closed","ping_status":"closed","template":"template-blank-4.php","meta":{"_acf_changed":false,"inline_featured_image":false,"footnotes":""},"class_list":["post-50604","page","type-page","status-publish","hentry","no-post-thumbnail"],"acf":[],"yoast_head":"<!-- This site is optimized with the Yoast SEO plugin v26.7 - https:\/\/yoast.com\/wordpress\/plugins\/seo\/ -->\n<title>eProWallbox | Free2move eSolution<\/title>\n<meta name=\"description\" content=\"In unserer umfangreichen Bibliothek finden Sie technische Spezifikationen, Installationsanleitungen und Brosch\u00fcren f\u00fcr unsere eprowallbox.\" \/>\n<meta name=\"robots\" content=\"index, follow, max-snippet:-1, max-image-preview:large, max-video-preview:-1\" \/>\n<link rel=\"canonical\" href=\"https:\/\/www.esolutions.free2move.com\/eu\/de_lu\/elektroauto-ladestation-fur-unternehmenn\/eprowallbox\/\" \/>\n<meta property=\"og:locale\" content=\"de_DE\" \/>\n<meta property=\"og:type\" content=\"article\" \/>\n<meta property=\"og:title\" content=\"eProWallbox | Free2move eSolution\" \/>\n<meta property=\"og:description\" content=\"In unserer umfangreichen Bibliothek finden Sie technische Spezifikationen, Installationsanleitungen und Brosch\u00fcren f\u00fcr unsere eprowallbox.\" \/>\n<meta property=\"og:url\" content=\"https:\/\/www.esolutions.free2move.com\/eu\/de_lu\/elektroauto-ladestation-fur-unternehmenn\/eprowallbox\/\" \/>\n<meta property=\"og:site_name\" content=\"eSolution europe\" \/>\n<meta property=\"article:modified_time\" content=\"2024-06-04T08:34:06+00:00\" \/>\n<meta name=\"twitter:card\" content=\"summary_large_image\" \/>\n<meta name=\"twitter:label1\" content=\"Est. reading time\" \/>\n\t<meta name=\"twitter:data1\" content=\"8 minutes\" \/>\n<script type=\"application\/ld+json\" class=\"yoast-schema-graph\">{\"@context\":\"https:\/\/schema.org\",\"@graph\":[{\"@type\":\"WebPage\",\"@id\":\"https:\/\/www.esolutions.free2move.com\/eu\/de_lu\/elektroauto-ladestation-fur-unternehmenn\/eprowallbox\/\",\"url\":\"https:\/\/www.esolutions.free2move.com\/eu\/de_lu\/elektroauto-ladestation-fur-unternehmenn\/eprowallbox\/\",\"name\":\"eProWallbox | Free2move eSolution\",\"isPartOf\":{\"@id\":\"https:\/\/www.esolutions.free2move.com\/eu\/en_def\/#website\"},\"datePublished\":\"2024-03-18T17:33:34+00:00\",\"dateModified\":\"2024-06-04T08:34:06+00:00\",\"description\":\"In unserer umfangreichen Bibliothek finden Sie technische Spezifikationen, Installationsanleitungen und Brosch\u00fcren f\u00fcr unsere eprowallbox.\",\"breadcrumb\":{\"@id\":\"https:\/\/www.esolutions.free2move.com\/eu\/de_lu\/elektroauto-ladestation-fur-unternehmenn\/eprowallbox\/#breadcrumb\"},\"inLanguage\":\"de-lu\",\"potentialAction\":[{\"@type\":\"ReadAction\",\"target\":[\"https:\/\/www.esolutions.free2move.com\/eu\/de_lu\/elektroauto-ladestation-fur-unternehmenn\/eprowallbox\/\"]}]},{\"@type\":\"BreadcrumbList\",\"@id\":\"https:\/\/www.esolutions.free2move.com\/eu\/de_lu\/elektroauto-ladestation-fur-unternehmenn\/eprowallbox\/#breadcrumb\",\"itemListElement\":[{\"@type\":\"ListItem\",\"position\":1,\"name\":\"Home\",\"item\":\"https:\/\/www.esolutions.free2move.com\/eu\/de_lu\/\"},{\"@type\":\"ListItem\",\"position\":2,\"name\":\"Laden am Arbeitsplatz\",\"item\":\"https:\/\/www.esolutions.free2move.com\/eu\/de_lu\/elektroauto-ladestation-fur-unternehmenn\/\"},{\"@type\":\"ListItem\",\"position\":3,\"name\":\"eProWallbox\"}]},{\"@type\":\"WebSite\",\"@id\":\"https:\/\/www.esolutions.free2move.com\/eu\/en_def\/#website\",\"url\":\"https:\/\/www.esolutions.free2move.com\/eu\/en_def\/\",\"name\":\"eSolutions europe\",\"description\":\"\",\"publisher\":{\"@id\":\"https:\/\/www.esolutions.free2move.com\/eu\/en_def\/#organization\"},\"potentialAction\":[{\"@type\":\"SearchAction\",\"target\":{\"@type\":\"EntryPoint\",\"urlTemplate\":\"https:\/\/www.esolutions.free2move.com\/eu\/en_def\/?s={search_term_string}\"},\"query-input\":{\"@type\":\"PropertyValueSpecification\",\"valueRequired\":true,\"valueName\":\"search_term_string\"}}],\"inLanguage\":\"de-lu\"},{\"@type\":\"Organization\",\"@id\":\"https:\/\/www.esolutions.free2move.com\/eu\/en_def\/#organization\",\"name\":\"eSolutions europe\",\"url\":\"https:\/\/www.esolutions.free2move.com\/eu\/en_def\/\",\"logo\":{\"@type\":\"ImageObject\",\"inLanguage\":\"de-lu\",\"@id\":\"https:\/\/www.esolutions.free2move.com\/eu\/en_def\/#\/schema\/logo\/image\/\",\"url\":\"https:\/\/www.esolutions.free2move.com\/eu\/wp-content\/uploads\/2024\/03\/logo-f2m-horizontal-1-1-1.png\",\"contentUrl\":\"https:\/\/www.esolutions.free2move.com\/eu\/wp-content\/uploads\/2024\/03\/logo-f2m-horizontal-1-1-1.png\",\"width\":865,\"height\":218,\"caption\":\"eSolutions europe\"},\"image\":{\"@id\":\"https:\/\/www.esolutions.free2move.com\/eu\/en_def\/#\/schema\/logo\/image\/\"}}]}<\/script>\n<!-- \/ Yoast SEO plugin. -->","yoast_head_json":{"title":"eProWallbox | Free2move eSolution","description":"In unserer umfangreichen Bibliothek finden Sie technische Spezifikationen, Installationsanleitungen und Brosch\u00fcren f\u00fcr unsere eprowallbox.","robots":{"index":"index","follow":"follow","max-snippet":"max-snippet:-1","max-image-preview":"max-image-preview:large","max-video-preview":"max-video-preview:-1"},"canonical":"https:\/\/www.esolutions.free2move.com\/eu\/de_lu\/elektroauto-ladestation-fur-unternehmenn\/eprowallbox\/","og_locale":"de_DE","og_type":"article","og_title":"eProWallbox | Free2move eSolution","og_description":"In unserer umfangreichen Bibliothek finden Sie technische Spezifikationen, Installationsanleitungen und Brosch\u00fcren f\u00fcr unsere eprowallbox.","og_url":"https:\/\/www.esolutions.free2move.com\/eu\/de_lu\/elektroauto-ladestation-fur-unternehmenn\/eprowallbox\/","og_site_name":"eSolution europe","article_modified_time":"2024-06-04T08:34:06+00:00","twitter_card":"summary_large_image","twitter_misc":{"Est. reading time":"8 minutes"},"schema":{"@context":"https:\/\/schema.org","@graph":[{"@type":"WebPage","@id":"https:\/\/www.esolutions.free2move.com\/eu\/de_lu\/elektroauto-ladestation-fur-unternehmenn\/eprowallbox\/","url":"https:\/\/www.esolutions.free2move.com\/eu\/de_lu\/elektroauto-ladestation-fur-unternehmenn\/eprowallbox\/","name":"eProWallbox | Free2move eSolution","isPartOf":{"@id":"https:\/\/www.esolutions.free2move.com\/eu\/en_def\/#website"},"datePublished":"2024-03-18T17:33:34+00:00","dateModified":"2024-06-04T08:34:06+00:00","description":"In unserer umfangreichen Bibliothek finden Sie technische Spezifikationen, Installationsanleitungen und Brosch\u00fcren f\u00fcr unsere eprowallbox.","breadcrumb":{"@id":"https:\/\/www.esolutions.free2move.com\/eu\/de_lu\/elektroauto-ladestation-fur-unternehmenn\/eprowallbox\/#breadcrumb"},"inLanguage":"de-lu","potentialAction":[{"@type":"ReadAction","target":["https:\/\/www.esolutions.free2move.com\/eu\/de_lu\/elektroauto-ladestation-fur-unternehmenn\/eprowallbox\/"]}]},{"@type":"BreadcrumbList","@id":"https:\/\/www.esolutions.free2move.com\/eu\/de_lu\/elektroauto-ladestation-fur-unternehmenn\/eprowallbox\/#breadcrumb","itemListElement":[{"@type":"ListItem","position":1,"name":"Home","item":"https:\/\/www.esolutions.free2move.com\/eu\/de_lu\/"},{"@type":"ListItem","position":2,"name":"Laden am Arbeitsplatz","item":"https:\/\/www.esolutions.free2move.com\/eu\/de_lu\/elektroauto-ladestation-fur-unternehmenn\/"},{"@type":"ListItem","position":3,"name":"eProWallbox"}]},{"@type":"WebSite","@id":"https:\/\/www.esolutions.free2move.com\/eu\/en_def\/#website","url":"https:\/\/www.esolutions.free2move.com\/eu\/en_def\/","name":"eSolutions europe","description":"","publisher":{"@id":"https:\/\/www.esolutions.free2move.com\/eu\/en_def\/#organization"},"potentialAction":[{"@type":"SearchAction","target":{"@type":"EntryPoint","urlTemplate":"https:\/\/www.esolutions.free2move.com\/eu\/en_def\/?s={search_term_string}"},"query-input":{"@type":"PropertyValueSpecification","valueRequired":true,"valueName":"search_term_string"}}],"inLanguage":"de-lu"},{"@type":"Organization","@id":"https:\/\/www.esolutions.free2move.com\/eu\/en_def\/#organization","name":"eSolutions europe","url":"https:\/\/www.esolutions.free2move.com\/eu\/en_def\/","logo":{"@type":"ImageObject","inLanguage":"de-lu","@id":"https:\/\/www.esolutions.free2move.com\/eu\/en_def\/#\/schema\/logo\/image\/","url":"https:\/\/www.esolutions.free2move.com\/eu\/wp-content\/uploads\/2024\/03\/logo-f2m-horizontal-1-1-1.png","contentUrl":"https:\/\/www.esolutions.free2move.com\/eu\/wp-content\/uploads\/2024\/03\/logo-f2m-horizontal-1-1-1.png","width":865,"height":218,"caption":"eSolutions europe"},"image":{"@id":"https:\/\/www.esolutions.free2move.com\/eu\/en_def\/#\/schema\/logo\/image\/"}}]}},"_links":{"self":[{"href":"https:\/\/www.esolutions.free2move.com\/eu\/de_lu\/wp-json\/wp\/v2\/pages\/50604","targetHints":{"allow":["GET"]}}],"collection":[{"href":"https:\/\/www.esolutions.free2move.com\/eu\/de_lu\/wp-json\/wp\/v2\/pages"}],"about":[{"href":"https:\/\/www.esolutions.free2move.com\/eu\/de_lu\/wp-json\/wp\/v2\/types\/page"}],"author":[{"embeddable":true,"href":"https:\/\/www.esolutions.free2move.com\/eu\/de_lu\/wp-json\/wp\/v2\/users\/1"}],"replies":[{"embeddable":true,"href":"https:\/\/www.esolutions.free2move.com\/eu\/de_lu\/wp-json\/wp\/v2\/comments?post=50604"}],"version-history":[{"count":0,"href":"https:\/\/www.esolutions.free2move.com\/eu\/de_lu\/wp-json\/wp\/v2\/pages\/50604\/revisions"}],"up":[{"embeddable":true,"href":"https:\/\/www.esolutions.free2move.com\/eu\/de_lu\/wp-json\/wp\/v2\/pages\/50608"}],"wp:attachment":[{"href":"https:\/\/www.esolutions.free2move.com\/eu\/de_lu\/wp-json\/wp\/v2\/media?parent=50604"}],"curies":[{"name":"wp","href":"https:\/\/api.w.org\/{rel}","templated":true}]}}