{"id":22526,"date":"2024-03-18T11:34:21","date_gmt":"2024-03-18T11:34:21","guid":{"rendered":"https:\/\/test.esolutions.free2move.com\/eu\/unternehmen\/"},"modified":"2024-03-18T11:34:21","modified_gmt":"2024-03-18T11:34:21","slug":"unternehmen","status":"publish","type":"page","link":"https:\/\/www.esolutions.free2move.com\/eu\/de_de\/unternehmen\/","title":{"rendered":"Unternehmen"},"content":{"rendered":"<div id=\"cs-content\" class=\"cs-content\"><\/div>\n","protected":false},"excerpt":{"rendered":"<p>Home Free2move eSolutionsFreiheit aufladenWir widmen uns der Entwicklung und Herstellung intelligenter Ladestationen und digitaler Dienstleistungen, um das Leben von Elektroautofahrern zu vereinfachen. Wir unterst\u00fctzen den \u00dcbergang zu einer nachhaltigen Elektromobilit\u00e4t, indem wir einfach zu bedienende L\u00f6sungen anbieten, die diesen Wechsel intuitiv und nahtlos gestalten. \u00dcber unsDank unserer Leidenschaft f\u00fcr den Wandel und unserer kontinuierlichen technologischen Innovation, Digitalisierung und bahnbrechenden Herangehensweise &#8230; <\/p>\n<div><a href=\"https:\/\/www.esolutions.free2move.com\/eu\/de_de\/unternehmen\/\" class=\"more-link\">Read More<\/a><\/div>\n","protected":false},"author":1,"featured_media":0,"parent":0,"menu_order":0,"comment_status":"closed","ping_status":"closed","template":"template-blank-4.php","meta":{"_acf_changed":false,"inline_featured_image":false,"footnotes":""},"class_list":["post-22526","page","type-page","status-publish","hentry","no-post-thumbnail"],"acf":[],"yoast_head":"<!-- This site is optimized with the Yoast SEO plugin v26.7 - https:\/\/yoast.com\/wordpress\/plugins\/seo\/ -->\n<title>Our Unternehmen | Free2move eSolutions<\/title>\n<meta name=\"description\" content=\"Wir entwickeln innovative Technologien, um den \u00dcbergang zur Elektromobilit\u00e4t voranzutreiben, indem wir Ladel\u00f6sungen und Dienstleistungen anbieten, die diesen Wandel herbeif\u00fchren.\" \/>\n<meta name=\"robots\" content=\"index, follow, max-snippet:-1, max-image-preview:large, max-video-preview:-1\" \/>\n<link rel=\"canonical\" href=\"https:\/\/www.esolutions.free2move.com\/eu\/de_de\/unternehmen\/\" \/>\n<meta property=\"og:locale\" content=\"de_DE\" \/>\n<meta property=\"og:type\" content=\"article\" \/>\n<meta property=\"og:title\" content=\"Our Unternehmen | Free2move eSolutions\" \/>\n<meta property=\"og:description\" content=\"Wir entwickeln innovative Technologien, um den \u00dcbergang zur Elektromobilit\u00e4t voranzutreiben, indem wir Ladel\u00f6sungen und Dienstleistungen anbieten, die diesen Wandel herbeif\u00fchren.\" \/>\n<meta property=\"og:url\" content=\"https:\/\/www.esolutions.free2move.com\/eu\/de_de\/unternehmen\/\" \/>\n<meta property=\"og:site_name\" content=\"eSolution europe\" \/>\n<meta name=\"twitter:card\" content=\"summary_large_image\" \/>\n<meta name=\"twitter:label1\" content=\"Est. reading time\" \/>\n\t<meta name=\"twitter:data1\" content=\"3 minutes\" \/>\n<script type=\"application\/ld+json\" class=\"yoast-schema-graph\">{\"@context\":\"https:\/\/schema.org\",\"@graph\":[{\"@type\":\"WebPage\",\"@id\":\"https:\/\/www.esolutions.free2move.com\/eu\/de_de\/unternehmen\/\",\"url\":\"https:\/\/www.esolutions.free2move.com\/eu\/de_de\/unternehmen\/\",\"name\":\"Our Unternehmen | Free2move eSolutions\",\"isPartOf\":{\"@id\":\"https:\/\/www.esolutions.free2move.com\/eu\/en_def\/#website\"},\"datePublished\":\"2024-03-18T11:34:21+00:00\",\"description\":\"Wir entwickeln innovative Technologien, um den \u00dcbergang zur Elektromobilit\u00e4t voranzutreiben, indem wir Ladel\u00f6sungen und Dienstleistungen anbieten, die diesen Wandel herbeif\u00fchren.\",\"breadcrumb\":{\"@id\":\"https:\/\/www.esolutions.free2move.com\/eu\/de_de\/unternehmen\/#breadcrumb\"},\"inLanguage\":\"de-de\",\"potentialAction\":[{\"@type\":\"ReadAction\",\"target\":[\"https:\/\/www.esolutions.free2move.com\/eu\/de_de\/unternehmen\/\"]}]},{\"@type\":\"BreadcrumbList\",\"@id\":\"https:\/\/www.esolutions.free2move.com\/eu\/de_de\/unternehmen\/#breadcrumb\",\"itemListElement\":[{\"@type\":\"ListItem\",\"position\":1,\"name\":\"Home\",\"item\":\"https:\/\/www.esolutions.free2move.com\/eu\/de_de\/\"},{\"@type\":\"ListItem\",\"position\":2,\"name\":\"Unternehmen\"}]},{\"@type\":\"WebSite\",\"@id\":\"https:\/\/www.esolutions.free2move.com\/eu\/en_def\/#website\",\"url\":\"https:\/\/www.esolutions.free2move.com\/eu\/en_def\/\",\"name\":\"eSolutions europe\",\"description\":\"\",\"publisher\":{\"@id\":\"https:\/\/www.esolutions.free2move.com\/eu\/en_def\/#organization\"},\"potentialAction\":[{\"@type\":\"SearchAction\",\"target\":{\"@type\":\"EntryPoint\",\"urlTemplate\":\"https:\/\/www.esolutions.free2move.com\/eu\/en_def\/?s={search_term_string}\"},\"query-input\":{\"@type\":\"PropertyValueSpecification\",\"valueRequired\":true,\"valueName\":\"search_term_string\"}}],\"inLanguage\":\"de-de\"},{\"@type\":\"Organization\",\"@id\":\"https:\/\/www.esolutions.free2move.com\/eu\/en_def\/#organization\",\"name\":\"eSolutions europe\",\"url\":\"https:\/\/www.esolutions.free2move.com\/eu\/en_def\/\",\"logo\":{\"@type\":\"ImageObject\",\"inLanguage\":\"de-de\",\"@id\":\"https:\/\/www.esolutions.free2move.com\/eu\/en_def\/#\/schema\/logo\/image\/\",\"url\":\"https:\/\/www.esolutions.free2move.com\/eu\/wp-content\/uploads\/2024\/03\/logo-f2m-horizontal-1-1-1.png\",\"contentUrl\":\"https:\/\/www.esolutions.free2move.com\/eu\/wp-content\/uploads\/2024\/03\/logo-f2m-horizontal-1-1-1.png\",\"width\":865,\"height\":218,\"caption\":\"eSolutions europe\"},\"image\":{\"@id\":\"https:\/\/www.esolutions.free2move.com\/eu\/en_def\/#\/schema\/logo\/image\/\"}}]}<\/script>\n<!-- \/ Yoast SEO plugin. -->","yoast_head_json":{"title":"Our Unternehmen | Free2move eSolutions","description":"Wir entwickeln innovative Technologien, um den \u00dcbergang zur Elektromobilit\u00e4t voranzutreiben, indem wir Ladel\u00f6sungen und Dienstleistungen anbieten, die diesen Wandel herbeif\u00fchren.","robots":{"index":"index","follow":"follow","max-snippet":"max-snippet:-1","max-image-preview":"max-image-preview:large","max-video-preview":"max-video-preview:-1"},"canonical":"https:\/\/www.esolutions.free2move.com\/eu\/de_de\/unternehmen\/","og_locale":"de_DE","og_type":"article","og_title":"Our Unternehmen | Free2move eSolutions","og_description":"Wir entwickeln innovative Technologien, um den \u00dcbergang zur Elektromobilit\u00e4t voranzutreiben, indem wir Ladel\u00f6sungen und Dienstleistungen anbieten, die diesen Wandel herbeif\u00fchren.","og_url":"https:\/\/www.esolutions.free2move.com\/eu\/de_de\/unternehmen\/","og_site_name":"eSolution europe","twitter_card":"summary_large_image","twitter_misc":{"Est. reading time":"3 minutes"},"schema":{"@context":"https:\/\/schema.org","@graph":[{"@type":"WebPage","@id":"https:\/\/www.esolutions.free2move.com\/eu\/de_de\/unternehmen\/","url":"https:\/\/www.esolutions.free2move.com\/eu\/de_de\/unternehmen\/","name":"Our Unternehmen | Free2move eSolutions","isPartOf":{"@id":"https:\/\/www.esolutions.free2move.com\/eu\/en_def\/#website"},"datePublished":"2024-03-18T11:34:21+00:00","description":"Wir entwickeln innovative Technologien, um den \u00dcbergang zur Elektromobilit\u00e4t voranzutreiben, indem wir Ladel\u00f6sungen und Dienstleistungen anbieten, die diesen Wandel herbeif\u00fchren.","breadcrumb":{"@id":"https:\/\/www.esolutions.free2move.com\/eu\/de_de\/unternehmen\/#breadcrumb"},"inLanguage":"de-de","potentialAction":[{"@type":"ReadAction","target":["https:\/\/www.esolutions.free2move.com\/eu\/de_de\/unternehmen\/"]}]},{"@type":"BreadcrumbList","@id":"https:\/\/www.esolutions.free2move.com\/eu\/de_de\/unternehmen\/#breadcrumb","itemListElement":[{"@type":"ListItem","position":1,"name":"Home","item":"https:\/\/www.esolutions.free2move.com\/eu\/de_de\/"},{"@type":"ListItem","position":2,"name":"Unternehmen"}]},{"@type":"WebSite","@id":"https:\/\/www.esolutions.free2move.com\/eu\/en_def\/#website","url":"https:\/\/www.esolutions.free2move.com\/eu\/en_def\/","name":"eSolutions europe","description":"","publisher":{"@id":"https:\/\/www.esolutions.free2move.com\/eu\/en_def\/#organization"},"potentialAction":[{"@type":"SearchAction","target":{"@type":"EntryPoint","urlTemplate":"https:\/\/www.esolutions.free2move.com\/eu\/en_def\/?s={search_term_string}"},"query-input":{"@type":"PropertyValueSpecification","valueRequired":true,"valueName":"search_term_string"}}],"inLanguage":"de-de"},{"@type":"Organization","@id":"https:\/\/www.esolutions.free2move.com\/eu\/en_def\/#organization","name":"eSolutions europe","url":"https:\/\/www.esolutions.free2move.com\/eu\/en_def\/","logo":{"@type":"ImageObject","inLanguage":"de-de","@id":"https:\/\/www.esolutions.free2move.com\/eu\/en_def\/#\/schema\/logo\/image\/","url":"https:\/\/www.esolutions.free2move.com\/eu\/wp-content\/uploads\/2024\/03\/logo-f2m-horizontal-1-1-1.png","contentUrl":"https:\/\/www.esolutions.free2move.com\/eu\/wp-content\/uploads\/2024\/03\/logo-f2m-horizontal-1-1-1.png","width":865,"height":218,"caption":"eSolutions europe"},"image":{"@id":"https:\/\/www.esolutions.free2move.com\/eu\/en_def\/#\/schema\/logo\/image\/"}}]}},"_links":{"self":[{"href":"https:\/\/www.esolutions.free2move.com\/eu\/de_de\/wp-json\/wp\/v2\/pages\/22526","targetHints":{"allow":["GET"]}}],"collection":[{"href":"https:\/\/www.esolutions.free2move.com\/eu\/de_de\/wp-json\/wp\/v2\/pages"}],"about":[{"href":"https:\/\/www.esolutions.free2move.com\/eu\/de_de\/wp-json\/wp\/v2\/types\/page"}],"author":[{"embeddable":true,"href":"https:\/\/www.esolutions.free2move.com\/eu\/de_de\/wp-json\/wp\/v2\/users\/1"}],"replies":[{"embeddable":true,"href":"https:\/\/www.esolutions.free2move.com\/eu\/de_de\/wp-json\/wp\/v2\/comments?post=22526"}],"version-history":[{"count":0,"href":"https:\/\/www.esolutions.free2move.com\/eu\/de_de\/wp-json\/wp\/v2\/pages\/22526\/revisions"}],"wp:attachment":[{"href":"https:\/\/www.esolutions.free2move.com\/eu\/de_de\/wp-json\/wp\/v2\/media?parent=22526"}],"curies":[{"name":"wp","href":"https:\/\/api.w.org\/{rel}","templated":true}]}}